{"id":1439,"date":"2023-08-28T06:21:44","date_gmt":"2023-08-28T04:21:44","guid":{"rendered":"https:\/\/maestroiptv.org\/?page_id=1439"},"modified":"2023-08-28T06:21:45","modified_gmt":"2023-08-28T04:21:45","slug":"reset-sur-un-boitier-mag","status":"publish","type":"page","link":"https:\/\/maestroiptv.org\/index.php\/reset-sur-un-boitier-mag\/","title":{"rendered":"Reset sur un boitier MAG"},"content":{"rendered":"\n<h2 class=\"wp-block-heading\"><strong>Comment faire un reset sur un boitier MAG ? Tuto facile<\/strong><\/h2>\n\n\n\n<p>Dans cet article, je vais vous expliquer comment r\u00e9initialiser un MAG. Aussi appel\u00e9 factory reset, cela permet de remettre \u00e0 \u00ab&nbsp;l\u2019\u00e9tat d\u2019usine&nbsp;\u00bb tous les param\u00e8tres de l\u2019appareil MAG. ce tutoriel est valable pour les diff\u00e9rents MAG 250\/254\/256, et \u00e9galement pour les MAG322 et MAG 324. Avant de commencer ce tutoriel, il est important de comprendre que votre appareil va \u00eatre compl\u00e8tement effac\u00e9 et se retrouvera donc au m\u00eame point que si vous veniez de l\u2019acheter et de le d\u00e9ball\u00e9 de la bo\u00eete. Tous les r\u00e9glages et param\u00e8tres que vous aurez pr\u00e9alablement saisies seront remis \u00e0 zero.<\/p>\n\n\n\n<p>Cette proc\u00e9dure est donc \u00e0 utiliser uniquement si vous rencontrez un soucis sur votre MAG. En effet, de faire un reset complet de votre MAG permet de recommencer du d\u00e9but vos saisies. Cela est donc tr\u00e8s utile pour un MAG bloqu\u00e9 sur un \u00e9cran noir. Mais \u00e9galement en cas de changement de\u00a0<a href=\"https:\/\/maestroiptv.org\/index.php\/iptv-maestro-iptv\/\">fournisseur d\u2019abonnement IPTV<\/a>: si vous souhaitez retourner dans les param\u00e8tres usines alors que le MAG reste constamment sur une page sans pouvoir retourner dans le menu de saisie du portal par exemple.<\/p>\n\n\n\n<h2 class=\"wp-block-heading\">Faire un Factory Reset sur un MAG 250, 254 ou 256<\/h2>\n\n\n\n<p>Reset MAG 250 \/ 254 \/ 256<\/p>\n\n\n\n<ol class=\"wp-block-list\">\n<li><strong>D\u00e9branchez le c\u00e2ble d\u2019alimentation<\/strong><\/li>\n\n\n\n<li><strong>Appuyez sur la touche MENU de votre t\u00e9l\u00e9commande<\/strong><img decoding=\"async\" width=\"121\" height=\"38\" src=\"https:\/\/box-android-tv.fr\/wp-content\/uploads\/2020\/09\/MAG-MENU-Boutons.png\" alt=\"bouton menu t\u00e9l\u00e9commande MAG\"><\/li>\n\n\n\n<li><strong>Laissez appuy\u00e9 sur le bouton MENU et rebranchez le c\u00e2ble d\u2019alimentation<\/strong><\/li>\n\n\n\n<li><strong>Arriv\u00e9 sur un \u00e9cran bleu, vous pouvez rel\u00e2cher le bouton MENU<\/strong><\/li>\n\n\n\n<li><strong>Allez sur \u00ab&nbsp;Def. Settings&nbsp;\u00bb (fl\u00e8che de droite) et appuyez sur OK<\/strong><img fetchpriority=\"high\" decoding=\"async\" width=\"312\" height=\"230\" src=\"https:\/\/box-android-tv.fr\/wp-content\/uploads\/2020\/09\/Def-Settings.jpg\" alt=\"reset mag\" srcset=\"https:\/\/box-android-tv.fr\/wp-content\/uploads\/2020\/09\/Def-Settings.jpg 312w, https:\/\/box-android-tv.fr\/wp-content\/uploads\/2020\/09\/Def-Settings-300x221.jpg 300w\"><\/li>\n\n\n\n<li><strong>Allez ensuite sur \u00ab&nbsp;Exit &amp; Save&nbsp;\u00bb puis appuyez sur la fl\u00e8che de droite<\/strong><img decoding=\"async\" width=\"312\" height=\"230\" src=\"https:\/\/box-android-tv.fr\/wp-content\/uploads\/2020\/09\/Exit-Save.jpg\" alt=\"\" srcset=\"https:\/\/box-android-tv.fr\/wp-content\/uploads\/2020\/09\/Exit-Save.jpg 312w, https:\/\/box-android-tv.fr\/wp-content\/uploads\/2020\/09\/Exit-Save-300x221.jpg 300w\"><\/li>\n\n\n\n<li><strong>Votre MAG va red\u00e9marrer. Appuyer alors rapidement sur le bouton MENU jusqu\u2019\u00e0 voir de nouveau l\u2019\u00e9cran bleu<\/strong><\/li>\n<\/ol>\n\n\n\n<p><\/p>\n\n\n\n<p><\/p>\n\n\n\n<p><\/p>\n\n\n\n<p><\/p>\n\n\n\n<p><strong>Cette fois, allez sur \u00ab\u00a0Boot Mode\u00a0\u00bb et passez sur \u00ab\u00a0NAND2\u00a0\u00bb<\/strong><img loading=\"lazy\" decoding=\"async\" width=\"312\" height=\"230\" srcset=\"https:\/\/box-android-tv.fr\/wp-content\/uploads\/2020\/09\/Boot-Mode.jpg 312w, https:\/\/box-android-tv.fr\/wp-content\/uploads\/2020\/09\/Boot-Mode-300x221.jpg 300w\" src=\"https:\/\/box-android-tv.fr\/wp-content\/uploads\/2020\/09\/Boot-Mode.jpg\" alt=\"boot mode mag\"><\/p>\n\n\n\n<p><\/p>\n\n\n\n<ol class=\"wp-block-list\">\n<li><strong>Red\u00e9marrez le MAG comme avant avec l\u2019option \u00ab&nbsp;Exit &amp; Save&nbsp;\u00bb<\/strong>Note: si en red\u00e9marrant le MAG plante, pas de panique. cela arrive souvent. Il suffit de recommencer (d\u00e9brancher le cable, appuyer sur le bouton menu, rebrancher jusqu\u2019\u00e0 revenir sur l\u2019\u00e9cran bleu)<\/li>\n\n\n\n<li><strong>Encore une fois, il faut revenir sur l\u2019\u00e9cran bleu en appuyant longtemps sur la touche \u00ab&nbsp;Menu&nbsp;\u00bb<\/strong><\/li>\n\n\n\n<li><strong>Mettez l\u2019option \u00ab&nbsp;Boot Mode&nbsp;\u00bb sur \u00ab&nbsp;NAND&nbsp;\u00bb<\/strong><\/li>\n\n\n\n<li><strong>Red\u00e9marrez le MAG avec l\u2019option \u00ab&nbsp;Exit &amp; Save&nbsp;\u00bb. Vous devriez arriver sur l\u2019\u00e9cran suivant qui est l\u2019\u00e9cran par d\u00e9faut des MAG<\/strong><img loading=\"lazy\" decoding=\"async\" width=\"312\" height=\"230\" src=\"https:\/\/box-android-tv.fr\/wp-content\/uploads\/2020\/09\/Settings-MAG.jpg\" alt=\"ecran menu mag d'usine\" srcset=\"https:\/\/box-android-tv.fr\/wp-content\/uploads\/2020\/09\/Settings-MAG.jpg 312w, https:\/\/box-android-tv.fr\/wp-content\/uploads\/2020\/09\/Settings-MAG-300x221.jpg 300w\"><\/li>\n<\/ol>\n\n\n\n<h2 class=\"wp-block-heading\">R\u00e9initialiser un MAG 322 \/ 324<\/h2>\n\n\n\n<p>Op\u00e9ration un peu diff\u00e9rente et plus rapide.<\/p>\n\n\n\n<figure class=\"wp-block-image\"><img decoding=\"async\" src=\"https:\/\/box-android-tv.fr\/wp-content\/uploads\/2020\/09\/MAG-322-reset-bouton.jpg\" alt=\"bouton reset sur MAG322\" class=\"wp-image-5729\"\/><figcaption class=\"wp-element-caption\">MAG 322<\/figcaption><\/figure>\n\n\n\n<figure class=\"wp-block-image\"><img decoding=\"async\" src=\"https:\/\/box-android-tv.fr\/wp-content\/uploads\/2020\/09\/MAG-324-Rear-Panel.jpg\" alt=\"r\u00e9initialiser un mag 324\" class=\"wp-image-5731\"\/><figcaption class=\"wp-element-caption\">MAG 324<\/figcaption><\/figure>\n\n\n\n<p>Voici les \u00e9tapes:<\/p>\n\n\n\n<ol class=\"wp-block-list\">\n<li>Votre MAG doit \u00eatre allum\u00e9 et compl\u00e8tement d\u00e9marr\u00e9<\/li>\n\n\n\n<li>Si votre MAG est reli\u00e9 avec un c\u00e2ble ethernet, d\u00e9branchez le<\/li>\n\n\n\n<li>D\u00e9branchez le c\u00e2ble d\u2019alimentation, et attendez 2-3 secondes<\/li>\n\n\n\n<li>Rebranchez l\u2019alimentation et appuyez imm\u00e9diatement sur le bouton Reset \u00e0 l\u2019arri\u00e8re du boitier. Pour le MAG 324, utilisez un trombone par exemple.<\/li>\n\n\n\n<li>NE RELACHEZ PAS le bouton Reset<\/li>\n\n\n\n<li>Maintenant, continuez \u00e0 appuyer sur le bouton m\u00eame si vous voyez le logo Infomir sur votre \u00e9cran de t\u00e9l\u00e9vision et observez la lumi\u00e8re blanche sur le devant de la bo\u00eete.<\/li>\n\n\n\n<li>La lumi\u00e8re blanche devrait se mettre \u00e0 clignoter. Lorsque cela se produit, maintenez le bouton de r\u00e9initialisation enfonc\u00e9. Ne l\u00e2chez pas.<\/li>\n\n\n\n<li>Lorsque la lumi\u00e8re commence \u00e0 clignoter plus rapidement, l\u00e2chez le bouton de r\u00e9initialisation, puis appuyez \u00e0 nouveau imm\u00e9diatement sur ce bouton et maintenez-le enfonc\u00e9.<\/li>\n\n\n\n<li>Des indications vont appara\u00eetre sur un \u00e9cran bleu, continuez d\u2019appuyer sur le bouton Reset<\/li>\n\n\n\n<li>Continuez \u00e0 appuyer sur la touche jusqu\u2019\u00e0 ce que l\u2019\u00e9cran devienne bleu. Ensuite, vous pouvez l\u00e2cher prise.<\/li>\n\n\n\n<li>Votre MAG va se r\u00e9initialiser. Vous n\u2019avez plus qu\u2019\u00e0 attendre quelques minutes pour voir appara\u00eetre l\u2019\u00e9cran des param\u00e8tres initiaux<\/li>\n<\/ol>\n\n\n\n<h2 class=\"wp-block-heading\">Apres le reset du boitier MAG ?<\/h2>\n\n\n\n<p>Apres avoir suivi les \u00e9tapes pr\u00e9c\u00e9dentes, vous vous retrouvez sur l\u2019\u00e9cran appel\u00e9 \u00ab\u00a0inner portal\u00a0\u00bb. Depuis cet \u00e9cran, vous pouvez faire les mises \u00e0 jour de l\u2019appareil (fortement conseill\u00e9), r\u00e9gler les param\u00e8tres vid\u00e9o (pas utiles), r\u00e9gler le Wifi (pr\u00e9f\u00e9rez ethernet), et saisir les informations que de votre fournisseur IPTV. Concernant l\u2019installation de votre abonnement vid\u00e9o, je vous renvoie vers le tuto de\u00a0<a href=\"https:\/\/maestroiptv.org\/index.php\/iptv-maestro-iptv\/\">saisie des abonnements IPTV sur un MAG.<\/a><\/p>\n\n\n\n<p>Je vais par contre vous montrer comment param\u00e9trer le Wifi. N\u2019oubliez, il est pr\u00e9f\u00e9rable de connecter votre appareil avec un c\u00e2ble ethernet, c\u2019est bien plus fiable et de meilleur qualit\u00e9.<\/p>\n\n\n\n<h2 class=\"wp-block-heading\">Param\u00e9trer Wifi sur boitier MAG<\/h2>\n\n\n\n<ol class=\"wp-block-list\">\n<li>Depuis le menu \u00ab&nbsp;<strong>inner portal<\/strong>\u00ab&nbsp;, allez dans l\u2019option \u00ab&nbsp;<strong>System Settings<\/strong>\u00ab&nbsp;<\/li>\n\n\n\n<li>Entrez ensuite dans le menu \u00ab&nbsp;<strong>Network<\/strong>\u00ab&nbsp;<\/li>\n\n\n\n<li>Choisissez&nbsp;<strong>Wireless (Wi-Fi)<\/strong><\/li>\n\n\n\n<li>S\u00e9lectionnez \u00ab&nbsp;<strong>Auto (DHCP)<\/strong>\u00ab&nbsp;<\/li>\n\n\n\n<li>Vous devriez voir les r\u00e9seaux Wifi disponible (dont celui de votre domicile). Choisissez celui qui vous int\u00e9resse.<\/li>\n\n\n\n<li>Allez sur le bouton \u00ab&nbsp;<strong>Key or passphrase<\/strong>\u00ab&nbsp;, appuyer alors sur le&nbsp;<strong>bouton KB<\/strong>&nbsp;de votre t\u00e9l\u00e9commande.<\/li>\n\n\n\n<li>Saisissez le mot de passe de votre Wifi avec les&nbsp;<strong>fl\u00e8ches + le bouton Ok<\/strong>&nbsp;de votre t\u00e9l\u00e9commande.<\/li>\n\n\n\n<li>Appuyer de nouveau sur le&nbsp;<strong>bouton KB<\/strong>&nbsp;pour faire dispara\u00eetre le clavier de l\u2019\u00e9cran<\/li>\n\n\n\n<li>Validez et sauvegardez. Le message \u00ab&nbsp;<strong>Successfully saved<\/strong>&nbsp;\u00bb doit appara\u00eetre.<\/li>\n<\/ol>\n\n\n\n<h2 class=\"wp-block-heading\">Factory Reset pour un MAG sous Android<\/h2>\n\n\n\n<p>Je profite de ce tutoriel pour parler des MAG qui tournent sous Android. Les models d\u00e9j\u00e0 \u00e9voqu\u00e9s plus haut dans cet article fonctionne sous Linux et sont les plus r\u00e9pandus. Mais vous avez peut-\u00eatre, car vous n\u2019aviez pas lu mon comparatif de&nbsp;<a href=\"https:\/\/box-android-tv.fr\/comparatif-meilleur-box-android-tv-iptv\/\">boitier IPTV<\/a>, achet\u00e9 un MAG sous Android. Les r\u00e9f\u00e9rences sont, \u00e0 l\u2019heure o\u00f9 j\u2019\u00e9cris ce tutoriel les MAG 410 et 424. Je vais donc vous expliquer comment faire le Factory Reset. C\u2019est donc une r\u00e9initialisation qui efface absolument tout. Bien plus efficace que le Reset que l\u2019on peux faire depuis les param\u00e8tres du menu Android.<\/p>\n\n\n\n<h3 class=\"wp-block-heading\">Recovery Mode + Factory Reset sur MAG410<\/h3>\n\n\n\n<figure class=\"wp-block-image\"><img decoding=\"async\" src=\"https:\/\/box-android-tv.fr\/wp-content\/uploads\/2020\/09\/MAG410-RESET-BUTTON-1024x394.png\" alt=\"bouton reset arriere mag 410\" class=\"wp-image-5735\"\/><\/figure>\n\n\n\n<ol class=\"wp-block-list\">\n<li>Votre appareil doit \u00eatre allum\u00e9 et d\u00e9marr\u00e9. Appuyez sur le&nbsp;<strong>bouton RESET&nbsp;<\/strong>au dos de l\u2019appareil (avec un trombone)<\/li>\n\n\n\n<li>Attendez jusqu\u2019\u00e0 l\u2019apparition du&nbsp;<strong>menu Recovery<\/strong>&nbsp;(\u00e9cran noir avec du texte en jaune \/ bleu<\/li>\n\n\n\n<li>S\u00e9lectionnez&nbsp;<strong>Wipe data\/factory reset<\/strong><\/li>\n\n\n\n<li>Confirmez en choisissant&nbsp;<strong>Yes \u2013 delete all user data<\/strong><\/li>\n\n\n\n<li>Retournez sur&nbsp;<strong>Reboot system now<\/strong>.<\/li>\n\n\n\n<li>L\u2019appareil red\u00e9marre et est r\u00e9initialis\u00e9<\/li>\n<\/ol>\n\n\n\n<h3 class=\"wp-block-heading\">R\u00e9initialiser un MAG 424<\/h3>\n\n\n\n<p><em>RQ: c\u2019est le m\u00eame principe que pour le MAG324<\/em><\/p>\n\n\n\n<ol class=\"wp-block-list\">\n<li>Votre appareil doit \u00eatre allum\u00e9 et d\u00e9marr\u00e9. Appuyez sur le bouton Reset sur le devant de l\u2019appareil. (avec un trombone)<\/li>\n\n\n\n<li>La lumi\u00e8re blanche doit clignoter<\/li>\n\n\n\n<li>L\u2019appareil se r\u00e9initialise et red\u00e9marre.<\/li>\n<\/ol>\n","protected":false},"excerpt":{"rendered":"<p>Comment faire un reset sur un boitier MAG ? Tuto facile Dans cet article, je vais vous expliquer comment r\u00e9initialiser un MAG. Aussi appel\u00e9 factory reset, cela permet de remettre \u00e0 \u00ab&nbsp;l\u2019\u00e9tat d\u2019usine&nbsp;\u00bb tous les param\u00e8tres de l\u2019appareil MAG. ce tutoriel est valable pour les diff\u00e9rents MAG 250\/254\/256, et \u00e9galement pour les MAG322 et MAG [&hellip;]<\/p>\n","protected":false},"author":1,"featured_media":0,"parent":0,"menu_order":0,"comment_status":"closed","ping_status":"closed","template":"","meta":{"footnotes":""},"class_list":["post-1439","page","type-page","status-publish","hentry"],"blocksy_meta":[],"yoast_head":"<!-- This site is optimized with the Yoast SEO plugin v27.5 - https:\/\/yoast.com\/product\/yoast-seo-wordpress\/ -->\n<title>Reset sur un boitier MAG - maestrotv<\/title>\n<meta name=\"robots\" content=\"index, follow, max-snippet:-1, max-image-preview:large, max-video-preview:-1\" \/>\n<link rel=\"canonical\" href=\"https:\/\/maestroiptv.org\/index.php\/reset-sur-un-boitier-mag\/\" \/>\n<meta property=\"og:locale\" content=\"fr_FR\" \/>\n<meta property=\"og:type\" content=\"article\" \/>\n<meta property=\"og:title\" content=\"Reset sur un boitier MAG - maestrotv\" \/>\n<meta property=\"og:description\" content=\"Comment faire un reset sur un boitier MAG ? Tuto facile Dans cet article, je vais vous expliquer comment r\u00e9initialiser un MAG. Aussi appel\u00e9 factory reset, cela permet de remettre \u00e0 \u00ab&nbsp;l\u2019\u00e9tat d\u2019usine&nbsp;\u00bb tous les param\u00e8tres de l\u2019appareil MAG. ce tutoriel est valable pour les diff\u00e9rents MAG 250\/254\/256, et \u00e9galement pour les MAG322 et MAG [&hellip;]\" \/>\n<meta property=\"og:url\" content=\"https:\/\/maestroiptv.org\/index.php\/reset-sur-un-boitier-mag\/\" \/>\n<meta property=\"og:site_name\" content=\"maestrotv\" \/>\n<meta property=\"article:modified_time\" content=\"2023-08-28T04:21:45+00:00\" \/>\n<meta property=\"og:image\" content=\"https:\/\/box-android-tv.fr\/wp-content\/uploads\/2020\/09\/MAG-MENU-Boutons.png\" \/>\n<meta name=\"twitter:card\" content=\"summary_large_image\" \/>\n<meta name=\"twitter:label1\" content=\"Dur\u00e9e de lecture estim\u00e9e\" \/>\n\t<meta name=\"twitter:data1\" content=\"7 minutes\" \/>\n<script type=\"application\/ld+json\" class=\"yoast-schema-graph\">{\"@context\":\"https:\\\/\\\/schema.org\",\"@graph\":[{\"@type\":\"WebPage\",\"@id\":\"https:\\\/\\\/maestroiptv.org\\\/index.php\\\/reset-sur-un-boitier-mag\\\/\",\"url\":\"https:\\\/\\\/maestroiptv.org\\\/index.php\\\/reset-sur-un-boitier-mag\\\/\",\"name\":\"Reset sur un boitier MAG - maestrotv\",\"isPartOf\":{\"@id\":\"https:\\\/\\\/maestroiptv.org\\\/#website\"},\"primaryImageOfPage\":{\"@id\":\"https:\\\/\\\/maestroiptv.org\\\/index.php\\\/reset-sur-un-boitier-mag\\\/#primaryimage\"},\"image\":{\"@id\":\"https:\\\/\\\/maestroiptv.org\\\/index.php\\\/reset-sur-un-boitier-mag\\\/#primaryimage\"},\"thumbnailUrl\":\"https:\\\/\\\/box-android-tv.fr\\\/wp-content\\\/uploads\\\/2020\\\/09\\\/MAG-MENU-Boutons.png\",\"datePublished\":\"2023-08-28T04:21:44+00:00\",\"dateModified\":\"2023-08-28T04:21:45+00:00\",\"breadcrumb\":{\"@id\":\"https:\\\/\\\/maestroiptv.org\\\/index.php\\\/reset-sur-un-boitier-mag\\\/#breadcrumb\"},\"inLanguage\":\"fr-FR\",\"potentialAction\":[{\"@type\":\"ReadAction\",\"target\":[\"https:\\\/\\\/maestroiptv.org\\\/index.php\\\/reset-sur-un-boitier-mag\\\/\"]}]},{\"@type\":\"ImageObject\",\"inLanguage\":\"fr-FR\",\"@id\":\"https:\\\/\\\/maestroiptv.org\\\/index.php\\\/reset-sur-un-boitier-mag\\\/#primaryimage\",\"url\":\"https:\\\/\\\/box-android-tv.fr\\\/wp-content\\\/uploads\\\/2020\\\/09\\\/MAG-MENU-Boutons.png\",\"contentUrl\":\"https:\\\/\\\/box-android-tv.fr\\\/wp-content\\\/uploads\\\/2020\\\/09\\\/MAG-MENU-Boutons.png\"},{\"@type\":\"BreadcrumbList\",\"@id\":\"https:\\\/\\\/maestroiptv.org\\\/index.php\\\/reset-sur-un-boitier-mag\\\/#breadcrumb\",\"itemListElement\":[{\"@type\":\"ListItem\",\"position\":1,\"name\":\"Home\",\"item\":\"https:\\\/\\\/maestroiptv.org\\\/\"},{\"@type\":\"ListItem\",\"position\":2,\"name\":\"Reset sur un boitier MAG\"}]},{\"@type\":\"WebSite\",\"@id\":\"https:\\\/\\\/maestroiptv.org\\\/#website\",\"url\":\"https:\\\/\\\/maestroiptv.org\\\/\",\"name\":\"maestrotv\",\"description\":\"\",\"publisher\":{\"@id\":\"https:\\\/\\\/maestroiptv.org\\\/#organization\"},\"potentialAction\":[{\"@type\":\"SearchAction\",\"target\":{\"@type\":\"EntryPoint\",\"urlTemplate\":\"https:\\\/\\\/maestroiptv.org\\\/?s={search_term_string}\"},\"query-input\":{\"@type\":\"PropertyValueSpecification\",\"valueRequired\":true,\"valueName\":\"search_term_string\"}}],\"inLanguage\":\"fr-FR\"},{\"@type\":\"Organization\",\"@id\":\"https:\\\/\\\/maestroiptv.org\\\/#organization\",\"name\":\"maestrotv\",\"url\":\"https:\\\/\\\/maestroiptv.org\\\/\",\"logo\":{\"@type\":\"ImageObject\",\"inLanguage\":\"fr-FR\",\"@id\":\"https:\\\/\\\/maestroiptv.org\\\/#\\\/schema\\\/logo\\\/image\\\/\",\"url\":\"https:\\\/\\\/maestroiptv.org\\\/wp-content\\\/uploads\\\/2023\\\/07\\\/Logo.png\",\"contentUrl\":\"https:\\\/\\\/maestroiptv.org\\\/wp-content\\\/uploads\\\/2023\\\/07\\\/Logo.png\",\"width\":114,\"height\":114,\"caption\":\"maestrotv\"},\"image\":{\"@id\":\"https:\\\/\\\/maestroiptv.org\\\/#\\\/schema\\\/logo\\\/image\\\/\"}}]}<\/script>\n<!-- \/ Yoast SEO plugin. -->","yoast_head_json":{"title":"Reset sur un boitier MAG - maestrotv","robots":{"index":"index","follow":"follow","max-snippet":"max-snippet:-1","max-image-preview":"max-image-preview:large","max-video-preview":"max-video-preview:-1"},"canonical":"https:\/\/maestroiptv.org\/index.php\/reset-sur-un-boitier-mag\/","og_locale":"fr_FR","og_type":"article","og_title":"Reset sur un boitier MAG - maestrotv","og_description":"Comment faire un reset sur un boitier MAG ? Tuto facile Dans cet article, je vais vous expliquer comment r\u00e9initialiser un MAG. Aussi appel\u00e9 factory reset, cela permet de remettre \u00e0 \u00ab&nbsp;l\u2019\u00e9tat d\u2019usine&nbsp;\u00bb tous les param\u00e8tres de l\u2019appareil MAG. ce tutoriel est valable pour les diff\u00e9rents MAG 250\/254\/256, et \u00e9galement pour les MAG322 et MAG [&hellip;]","og_url":"https:\/\/maestroiptv.org\/index.php\/reset-sur-un-boitier-mag\/","og_site_name":"maestrotv","article_modified_time":"2023-08-28T04:21:45+00:00","og_image":[{"url":"https:\/\/box-android-tv.fr\/wp-content\/uploads\/2020\/09\/MAG-MENU-Boutons.png","type":"","width":"","height":""}],"twitter_card":"summary_large_image","twitter_misc":{"Dur\u00e9e de lecture estim\u00e9e":"7 minutes"},"schema":{"@context":"https:\/\/schema.org","@graph":[{"@type":"WebPage","@id":"https:\/\/maestroiptv.org\/index.php\/reset-sur-un-boitier-mag\/","url":"https:\/\/maestroiptv.org\/index.php\/reset-sur-un-boitier-mag\/","name":"Reset sur un boitier MAG - maestrotv","isPartOf":{"@id":"https:\/\/maestroiptv.org\/#website"},"primaryImageOfPage":{"@id":"https:\/\/maestroiptv.org\/index.php\/reset-sur-un-boitier-mag\/#primaryimage"},"image":{"@id":"https:\/\/maestroiptv.org\/index.php\/reset-sur-un-boitier-mag\/#primaryimage"},"thumbnailUrl":"https:\/\/box-android-tv.fr\/wp-content\/uploads\/2020\/09\/MAG-MENU-Boutons.png","datePublished":"2023-08-28T04:21:44+00:00","dateModified":"2023-08-28T04:21:45+00:00","breadcrumb":{"@id":"https:\/\/maestroiptv.org\/index.php\/reset-sur-un-boitier-mag\/#breadcrumb"},"inLanguage":"fr-FR","potentialAction":[{"@type":"ReadAction","target":["https:\/\/maestroiptv.org\/index.php\/reset-sur-un-boitier-mag\/"]}]},{"@type":"ImageObject","inLanguage":"fr-FR","@id":"https:\/\/maestroiptv.org\/index.php\/reset-sur-un-boitier-mag\/#primaryimage","url":"https:\/\/box-android-tv.fr\/wp-content\/uploads\/2020\/09\/MAG-MENU-Boutons.png","contentUrl":"https:\/\/box-android-tv.fr\/wp-content\/uploads\/2020\/09\/MAG-MENU-Boutons.png"},{"@type":"BreadcrumbList","@id":"https:\/\/maestroiptv.org\/index.php\/reset-sur-un-boitier-mag\/#breadcrumb","itemListElement":[{"@type":"ListItem","position":1,"name":"Home","item":"https:\/\/maestroiptv.org\/"},{"@type":"ListItem","position":2,"name":"Reset sur un boitier MAG"}]},{"@type":"WebSite","@id":"https:\/\/maestroiptv.org\/#website","url":"https:\/\/maestroiptv.org\/","name":"maestrotv","description":"","publisher":{"@id":"https:\/\/maestroiptv.org\/#organization"},"potentialAction":[{"@type":"SearchAction","target":{"@type":"EntryPoint","urlTemplate":"https:\/\/maestroiptv.org\/?s={search_term_string}"},"query-input":{"@type":"PropertyValueSpecification","valueRequired":true,"valueName":"search_term_string"}}],"inLanguage":"fr-FR"},{"@type":"Organization","@id":"https:\/\/maestroiptv.org\/#organization","name":"maestrotv","url":"https:\/\/maestroiptv.org\/","logo":{"@type":"ImageObject","inLanguage":"fr-FR","@id":"https:\/\/maestroiptv.org\/#\/schema\/logo\/image\/","url":"https:\/\/maestroiptv.org\/wp-content\/uploads\/2023\/07\/Logo.png","contentUrl":"https:\/\/maestroiptv.org\/wp-content\/uploads\/2023\/07\/Logo.png","width":114,"height":114,"caption":"maestrotv"},"image":{"@id":"https:\/\/maestroiptv.org\/#\/schema\/logo\/image\/"}}]}},"_links":{"self":[{"href":"https:\/\/maestroiptv.org\/index.php\/wp-json\/wp\/v2\/pages\/1439","targetHints":{"allow":["GET"]}}],"collection":[{"href":"https:\/\/maestroiptv.org\/index.php\/wp-json\/wp\/v2\/pages"}],"about":[{"href":"https:\/\/maestroiptv.org\/index.php\/wp-json\/wp\/v2\/types\/page"}],"author":[{"embeddable":true,"href":"https:\/\/maestroiptv.org\/index.php\/wp-json\/wp\/v2\/users\/1"}],"replies":[{"embeddable":true,"href":"https:\/\/maestroiptv.org\/index.php\/wp-json\/wp\/v2\/comments?post=1439"}],"version-history":[{"count":1,"href":"https:\/\/maestroiptv.org\/index.php\/wp-json\/wp\/v2\/pages\/1439\/revisions"}],"predecessor-version":[{"id":1440,"href":"https:\/\/maestroiptv.org\/index.php\/wp-json\/wp\/v2\/pages\/1439\/revisions\/1440"}],"wp:attachment":[{"href":"https:\/\/maestroiptv.org\/index.php\/wp-json\/wp\/v2\/media?parent=1439"}],"curies":[{"name":"wp","href":"https:\/\/api.w.org\/{rel}","templated":true}]}}