{"id":1525,"date":"2023-08-29T06:04:47","date_gmt":"2023-08-29T04:04:47","guid":{"rendered":"https:\/\/maestroiptv.org\/?page_id=1525"},"modified":"2023-08-29T06:04:47","modified_gmt":"2023-08-29T04:04:47","slug":"lazyiptv-deluxe-comment-configurer-et-installer-lapplication","status":"publish","type":"page","link":"https:\/\/maestroiptv.org\/index.php\/lazyiptv-deluxe-comment-configurer-et-installer-lapplication\/","title":{"rendered":"LazyIptv Deluxe : COMMENT CONFIGURER ET INSTALLER L\u2019APPLICATION"},"content":{"rendered":"\n<figure class=\"wp-block-image\"><img decoding=\"async\" src=\"https:\/\/abonnement-iptv4u.b-cdn.net\/wp-content\/uploads\/2023\/06\/unnamed-4-1024x576.webp\" alt=\"LazyIptv Deluxe lazy iptv\"\/><\/figure>\n\n\n\n<p>Les possibilit\u00e9s offertes LazyIptv Deluxe aujourd\u2019hui par les diff\u00e9rentes plates-formes IPTV sont quasiment infinies, surtout lorsqu\u2019il s\u2019agit de divertissement LazyIptv Deluxe.<\/p>\n\n\n\n<figure class=\"wp-block-image\"><img decoding=\"async\" src=\"https:\/\/abonnement-iptv4u.b-cdn.net\/wp-content\/uploads\/2023\/06\/unnamed-1.png?is-pending-load=1\" alt=\"LazyIptv Deluxe lazy iptv\" class=\"wp-image-6590699\"\/><\/figure>\n\n\n\n<p>Avec un appareil Android, que ce soit un t\u00e9l\u00e9phone portable, une tablette ou m\u00eame une TV Box connect\u00e9e \u00e0 notre t\u00e9l\u00e9viseur, nous avons maintenant acc\u00e8s \u00e0 une multitude de contenus audiovisuels.<\/p>\n\n\n\n<p>Parmi les nombreuses applications IPTV disponibles sur le Play Store de Google, l\u2019une des plus populaires est LazyIptv Deluxe. Dans cet article, nous expliquerons pr\u00e9cis\u00e9ment son fonctionnement et comment la configurer.<\/p>\n\n\n\n<figure class=\"wp-block-image\"><img decoding=\"async\" src=\"https:\/\/abonnement-iptv4u.b-cdn.net\/wp-content\/uploads\/2023\/06\/lazy-iptv-24257-1-1024x492.jpg?is-pending-load=1\" alt=\"\" class=\"wp-image-6590700\"\/><\/figure>\n\n\n\n<p>T\u00e9l\u00e9chargement de Lazy IPTV Pour utiliser l\u2019application LazyIptv Deluxe sur notre appareil Android, nous devons t\u00e9l\u00e9charger l\u2019outil qui sera ensuite install\u00e9 sur le smartphone ou la tablette. Cette proc\u00e9dure peut \u00eatre effectu\u00e9e de deux mani\u00e8res diff\u00e9rentes.<\/p>\n\n\n\n<p><strong>La m\u00e9thode classique&nbsp;<\/strong>consiste \u00e0 se rendre sur<strong>&nbsp;le Play Store de Google :&nbsp;<a href=\"https:\/\/play.google.com\/store\/apps\/details?id=com.lcs.lazyiptvdeluxe&amp;hl=fr&amp;gl=US\" rel=\"noreferrer noopener\" target=\"_blank\">https:\/\/play.google.com\/store\/apps\/details?id=com.lcs.lazyiptvdeluxe&amp;hl=fr&amp;gl=US<\/a>,<\/strong>&nbsp;rechercher l\u2019application, puis cliquer sur le bouton \u00ab&nbsp;Installer&nbsp;\u00bb, comme pour toute autre application que nous souhaitons t\u00e9l\u00e9charger et installer sur notre appareil Android.<\/p>\n\n\n\n<p>L\u2019autre option, si nous rencontrons un probl\u00e8me avec la premi\u00e8re m\u00e9thode, est de t\u00e9l\u00e9charger le fichier APK de LazyIptv Deluxe \u00e0 partir du site officiel de l\u2019application.<\/p>\n\n\n\n<p>Dans ce cas, le processus d\u2019installation diff\u00e8re l\u00e9g\u00e8rement, comme expliqu\u00e9 ci-dessous.<\/p>\n\n\n\n<figure class=\"wp-block-image\"><img decoding=\"async\" src=\"https:\/\/abonnement-iptv4u.b-cdn.net\/wp-content\/uploads\/2023\/06\/unnamed-1024x576.webp?is-pending-load=1\" alt=\"\" class=\"wp-image-6590701\"\/><\/figure>\n\n\n\n<p><strong>Installation de Lazy IPTV<\/strong>&nbsp;Si nous avons choisi d\u2019installer LazyIptv Deluxe via le fichier APK en raison d\u2019un probl\u00e8me lors de l\u2019installation de l\u2019outil via le Play Store de Google, nous devons suivre la proc\u00e9dure suivante :<\/p>\n\n\n\n<p><strong>\u00c9tape 1<\/strong>&nbsp;: T\u00e9l\u00e9chargement du fichier APK de LazyIptv Deluxe<\/p>\n\n\n\n<p>T\u00e9l\u00e9chargez le fichier APK de Lazy IPTV \u00e0 partir du site du d\u00e9veloppeur.<\/p>\n\n\n\n<p><strong>\u00c9tape 2<\/strong><\/p>\n\n\n\n<p>Sur notre appareil Android, acc\u00e9dez \u00e0 \u00ab&nbsp;Param\u00e8tres&nbsp;\u00bb et cliquez sur la section \u00ab&nbsp;S\u00e9curit\u00e9&nbsp;\u00bb.<\/p>\n\n\n\n<p><strong>\u00c9tape 3<\/strong><\/p>\n\n\n\n<p>Une fois l\u00e0, recherchez l\u2019option \u00ab&nbsp;Sources inconnues&nbsp;\u00bb et cochez-la pour l\u2019activer, ce qui nous permettra d\u2019installer l\u2019application \u00e0 partir du fichier APK que nous avons t\u00e9l\u00e9charg\u00e9.<\/p>\n\n\n\n<p><strong>\u00c9tape 4<\/strong><\/p>\n\n\n\n<p>Recherchez le fichier APK \u00e0 l\u2019aide de l\u2019explorateur de fichiers de notre appareil et cliquez dessus. L\u2019installation de Lazy IPTV via le fichier APK commencera alors sans probl\u00e8me.<\/p>\n\n\n\n<p><strong>Utilisation et configuration de Lazy IPTV<\/strong>&nbsp;sur Android Une fois que nous avons t\u00e9l\u00e9charg\u00e9 et install\u00e9 Lazy IPTV sur notre appareil Android, nous pouvons commencer \u00e0 utiliser l\u2019application pour profiter de centaines de cha\u00eenes de t\u00e9l\u00e9vision gratuitement. Pour ce faire, nous devons suivre les \u00e9tapes suivantes :<\/p>\n\n\n\n<figure class=\"wp-block-image\"><img decoding=\"async\" src=\"https:\/\/abonnement-iptv4u.b-cdn.net\/wp-content\/uploads\/2023\/06\/unnamed-1-1024x576.webp?is-pending-load=1\" alt=\"\" class=\"wp-image-6590702\"\/><\/figure>\n\n\n\n<p><strong>\u00c9tape 1<\/strong><\/p>\n\n\n\n<p>Ex\u00e9cutez l\u2019application Lazy IPTV.<\/p>\n\n\n\n<p><strong>\u00c9tape 2<\/strong><\/p>\n\n\n\n<p>Dans un premier temps, nous allons ajouter une liste de cha\u00eenes. Pour ce faire, nous pouvons cliquer sur l\u2019ic\u00f4ne \u00ab&nbsp;+&nbsp;\u00bb situ\u00e9e dans le coin sup\u00e9rieur droit de l\u2019\u00e9cran ou utiliser le menu d\u00e9roulant en cliquant sur \u00ab&nbsp;Ajouter une liste de lecture&nbsp;\u00bb.<\/p>\n\n\n\n<p><strong>\u00c9tape 3<\/strong><\/p>\n\n\n\n<p>Une fen\u00eatre appara\u00eetra, dans laquelle nous devrons cliquer sur l\u2019option \u00ab&nbsp;Depuis Internet (en lien)&nbsp;\u00bb pour indiquer \u00e0 l\u2019application d\u2019o\u00f9 nous allons obtenir la nouvelle liste de cha\u00eenes.<\/p>\n\n\n\n<p><strong>\u00c9tape 4<\/strong><\/p>\n\n\n\n<p>Sur l\u2019\u00e9cran suivant, nous verrons plusieurs options pour cr\u00e9er la nouvelle liste de cha\u00eenes de<\/p>\n\n\n\n<p>t\u00e9l\u00e9vision. Dans le premier champ, nous pouvons donner un nom \u00e0 la nouvelle liste de lecture, puis dans le champ suivant, nous devons saisir le chemin vers la liste de lecture.<\/p>\n\n\n\n<p>Ces listes de lecture avec des URL peuvent \u00eatre obtenues en effectuant une simple recherche sur Internet. Il est important de noter que les URL des listes de lecture peuvent expirer ou changer, il est donc n\u00e9cessaire de les mettre \u00e0 jour r\u00e9guli\u00e8rement dans l\u2019application Lazy IPTV.<\/p>\n\n\n\n<p>Il convient de mentionner que les listes de lecture ont une extension .m3u.<\/p>\n\n\n\n<figure class=\"wp-block-image\"><img decoding=\"async\" src=\"https:\/\/abonnement-iptv4u.b-cdn.net\/wp-content\/uploads\/2023\/06\/unnamed-2-1024x478.webp?is-pending-load=1\" alt=\"\" class=\"wp-image-6590703\"\/><\/figure>\n\n\n\n<p><strong>\u00c9tape 5<\/strong><\/p>\n\n\n\n<p>Cochez l\u2019option \u00ab&nbsp;Mise \u00e0 jour \u00e0 l\u2019ouverture&nbsp;\u00bb (Update on open) et cliquez sur le bouton \u00ab&nbsp;Enregistrer&nbsp;\u00bb (Save).<\/p>\n\n\n\n<p><strong>\u00c9tape 6<\/strong><\/p>\n\n\n\n<p>Une fois la liste de lecture ajout\u00e9e, nous pouvons commencer \u00e0 regarder la t\u00e9l\u00e9vision sur notre appareil Android gr\u00e2ce \u00e0 l\u2019application Lazy IPTV. Pour ce faire, nous devons localiser les cha\u00eenes. Pour cela, retournez \u00e0 l\u2019\u00e9cran principal de Lazy IPTV, cliquez sur l\u2019ic\u00f4ne \u00ab&nbsp;+&nbsp;\u00bb puis sur \u00ab&nbsp;Liste de lecture&nbsp;\u00bb (Playlist).<\/p>\n\n\n\n<p><strong>\u00c9tape 7<\/strong><\/p>\n\n\n\n<p>Une bo\u00eete s\u2019affichera, vous permettant de choisir la liste de lecture que vous avez ajout\u00e9e. Cliquez sur la liste correspondante pour l\u2019ajouter \u00e0 l\u2019\u00e9cran principal de l\u2019application.<\/p>\n\n\n\n<p><strong>\u00c9tape 8<\/strong><\/p>\n\n\n\n<p>\u00c0 partir de l\u2019\u00e9cran principal de Lazy IPTV, vous pouvez ouvrir la liste des cha\u00eenes en cliquant sur la case correspondant \u00e0 la nouvelle liste que vous avez ajout\u00e9e.<\/p>\n\n\n\n<p><strong>\u00c9tape 9<\/strong><\/p>\n\n\n\n<p>Cela affichera un nouvel \u00e9cran montrant toutes les cha\u00eenes contenues dans la liste de lecture.<\/p>\n\n\n\n<p><strong>\u00c9tape 10<\/strong><\/p>\n\n\n\n<h3 class=\"wp-block-heading\">LazyIptv Deluxe<\/h3>\n\n\n\n<p>Il vous suffit de cliquer sur la cha\u00eene que vous souhaitez regarder, et le flux en direct de cette cha\u00eene s\u2019affichera \u00e0 l\u2019\u00e9cran.<\/p>\n\n\n\n<p>Configuration de Lazy IPTV sur un PC Windows Si vous souhaitez profiter du service Lazy IPTV sur un PC Windows, vous devrez t\u00e9l\u00e9charger un \u00e9mulateur Android sur votre PC, de pr\u00e9f\u00e9rence BlueStacks.<\/p>\n\n\n\n<p>Une fois que vous avez t\u00e9l\u00e9charg\u00e9 l\u2019\u00e9mulateur, installez-le et acc\u00e9dez \u00e0 la boutique d\u2019applications. Recherchez \u00ab&nbsp;Lazy IPTV&nbsp;\u00bb et cliquez sur \u00ab&nbsp;Installer&nbsp;\u00bb puis sur \u00ab&nbsp;Ouvrir&nbsp;\u00bb.<\/p>\n\n\n\n<p>Une fois l\u2019application install\u00e9e, vous serez sur l\u2019\u00e9cran d\u2019accueil de Lazy IPTV. Cliquez sur l\u2019ic\u00f4ne des trois barres pour acc\u00e9der au menu. Dans le menu, vous trouverez une option appel\u00e9e \u00ab&nbsp;Nouvelle liste de lecture&nbsp;\u00bb (New Playlist). Cliquez dessus et remplissez les champs qui apparaissent.<\/p>\n\n\n\n<p>Une fois que vous avez ajout\u00e9 une liste de lecture, vous pourrez profiter de toutes les cha\u00eenes qu\u2019elle propose.<\/p>\n","protected":false},"excerpt":{"rendered":"<p>Les possibilit\u00e9s offertes LazyIptv Deluxe aujourd\u2019hui par les diff\u00e9rentes plates-formes IPTV sont quasiment infinies, surtout lorsqu\u2019il s\u2019agit de divertissement LazyIptv Deluxe. Avec un appareil Android, que ce soit un t\u00e9l\u00e9phone portable, une tablette ou m\u00eame une TV Box connect\u00e9e \u00e0 notre t\u00e9l\u00e9viseur, nous avons maintenant acc\u00e8s \u00e0 une multitude de contenus audiovisuels. Parmi les nombreuses [&hellip;]<\/p>\n","protected":false},"author":1,"featured_media":0,"parent":0,"menu_order":0,"comment_status":"closed","ping_status":"closed","template":"","meta":{"footnotes":""},"class_list":["post-1525","page","type-page","status-publish","hentry"],"blocksy_meta":[],"yoast_head":"<!-- This site is optimized with the Yoast SEO plugin v27.5 - https:\/\/yoast.com\/product\/yoast-seo-wordpress\/ -->\n<title>LazyIptv Deluxe : COMMENT CONFIGURER ET INSTALLER L\u2019APPLICATION - maestrotv<\/title>\n<meta name=\"robots\" content=\"index, follow, max-snippet:-1, max-image-preview:large, max-video-preview:-1\" \/>\n<link rel=\"canonical\" href=\"https:\/\/maestroiptv.org\/index.php\/lazyiptv-deluxe-comment-configurer-et-installer-lapplication\/\" \/>\n<meta property=\"og:locale\" content=\"fr_FR\" \/>\n<meta property=\"og:type\" content=\"article\" \/>\n<meta property=\"og:title\" content=\"LazyIptv Deluxe : COMMENT CONFIGURER ET INSTALLER L\u2019APPLICATION - maestrotv\" \/>\n<meta property=\"og:description\" content=\"Les possibilit\u00e9s offertes LazyIptv Deluxe aujourd\u2019hui par les diff\u00e9rentes plates-formes IPTV sont quasiment infinies, surtout lorsqu\u2019il s\u2019agit de divertissement LazyIptv Deluxe. Avec un appareil Android, que ce soit un t\u00e9l\u00e9phone portable, une tablette ou m\u00eame une TV Box connect\u00e9e \u00e0 notre t\u00e9l\u00e9viseur, nous avons maintenant acc\u00e8s \u00e0 une multitude de contenus audiovisuels. Parmi les nombreuses [&hellip;]\" \/>\n<meta property=\"og:url\" content=\"https:\/\/maestroiptv.org\/index.php\/lazyiptv-deluxe-comment-configurer-et-installer-lapplication\/\" \/>\n<meta property=\"og:site_name\" content=\"maestrotv\" \/>\n<meta property=\"og:image\" content=\"https:\/\/abonnement-iptv4u.b-cdn.net\/wp-content\/uploads\/2023\/06\/unnamed-4-1024x576.webp\" \/>\n<meta name=\"twitter:card\" content=\"summary_large_image\" \/>\n<meta name=\"twitter:label1\" content=\"Dur\u00e9e de lecture estim\u00e9e\" \/>\n\t<meta name=\"twitter:data1\" content=\"6 minutes\" \/>\n<script type=\"application\/ld+json\" class=\"yoast-schema-graph\">{\"@context\":\"https:\\\/\\\/schema.org\",\"@graph\":[{\"@type\":\"WebPage\",\"@id\":\"https:\\\/\\\/maestroiptv.org\\\/index.php\\\/lazyiptv-deluxe-comment-configurer-et-installer-lapplication\\\/\",\"url\":\"https:\\\/\\\/maestroiptv.org\\\/index.php\\\/lazyiptv-deluxe-comment-configurer-et-installer-lapplication\\\/\",\"name\":\"LazyIptv Deluxe : COMMENT CONFIGURER ET INSTALLER L\u2019APPLICATION - maestrotv\",\"isPartOf\":{\"@id\":\"https:\\\/\\\/maestroiptv.org\\\/#website\"},\"primaryImageOfPage\":{\"@id\":\"https:\\\/\\\/maestroiptv.org\\\/index.php\\\/lazyiptv-deluxe-comment-configurer-et-installer-lapplication\\\/#primaryimage\"},\"image\":{\"@id\":\"https:\\\/\\\/maestroiptv.org\\\/index.php\\\/lazyiptv-deluxe-comment-configurer-et-installer-lapplication\\\/#primaryimage\"},\"thumbnailUrl\":\"https:\\\/\\\/abonnement-iptv4u.b-cdn.net\\\/wp-content\\\/uploads\\\/2023\\\/06\\\/unnamed-4-1024x576.webp\",\"datePublished\":\"2023-08-29T04:04:47+00:00\",\"breadcrumb\":{\"@id\":\"https:\\\/\\\/maestroiptv.org\\\/index.php\\\/lazyiptv-deluxe-comment-configurer-et-installer-lapplication\\\/#breadcrumb\"},\"inLanguage\":\"fr-FR\",\"potentialAction\":[{\"@type\":\"ReadAction\",\"target\":[\"https:\\\/\\\/maestroiptv.org\\\/index.php\\\/lazyiptv-deluxe-comment-configurer-et-installer-lapplication\\\/\"]}]},{\"@type\":\"ImageObject\",\"inLanguage\":\"fr-FR\",\"@id\":\"https:\\\/\\\/maestroiptv.org\\\/index.php\\\/lazyiptv-deluxe-comment-configurer-et-installer-lapplication\\\/#primaryimage\",\"url\":\"https:\\\/\\\/abonnement-iptv4u.b-cdn.net\\\/wp-content\\\/uploads\\\/2023\\\/06\\\/unnamed-4-1024x576.webp\",\"contentUrl\":\"https:\\\/\\\/abonnement-iptv4u.b-cdn.net\\\/wp-content\\\/uploads\\\/2023\\\/06\\\/unnamed-4-1024x576.webp\"},{\"@type\":\"BreadcrumbList\",\"@id\":\"https:\\\/\\\/maestroiptv.org\\\/index.php\\\/lazyiptv-deluxe-comment-configurer-et-installer-lapplication\\\/#breadcrumb\",\"itemListElement\":[{\"@type\":\"ListItem\",\"position\":1,\"name\":\"Home\",\"item\":\"https:\\\/\\\/maestroiptv.org\\\/\"},{\"@type\":\"ListItem\",\"position\":2,\"name\":\"LazyIptv Deluxe : COMMENT CONFIGURER ET INSTALLER L\u2019APPLICATION\"}]},{\"@type\":\"WebSite\",\"@id\":\"https:\\\/\\\/maestroiptv.org\\\/#website\",\"url\":\"https:\\\/\\\/maestroiptv.org\\\/\",\"name\":\"maestrotv\",\"description\":\"\",\"publisher\":{\"@id\":\"https:\\\/\\\/maestroiptv.org\\\/#organization\"},\"potentialAction\":[{\"@type\":\"SearchAction\",\"target\":{\"@type\":\"EntryPoint\",\"urlTemplate\":\"https:\\\/\\\/maestroiptv.org\\\/?s={search_term_string}\"},\"query-input\":{\"@type\":\"PropertyValueSpecification\",\"valueRequired\":true,\"valueName\":\"search_term_string\"}}],\"inLanguage\":\"fr-FR\"},{\"@type\":\"Organization\",\"@id\":\"https:\\\/\\\/maestroiptv.org\\\/#organization\",\"name\":\"maestrotv\",\"url\":\"https:\\\/\\\/maestroiptv.org\\\/\",\"logo\":{\"@type\":\"ImageObject\",\"inLanguage\":\"fr-FR\",\"@id\":\"https:\\\/\\\/maestroiptv.org\\\/#\\\/schema\\\/logo\\\/image\\\/\",\"url\":\"https:\\\/\\\/maestroiptv.org\\\/wp-content\\\/uploads\\\/2023\\\/07\\\/Logo.png\",\"contentUrl\":\"https:\\\/\\\/maestroiptv.org\\\/wp-content\\\/uploads\\\/2023\\\/07\\\/Logo.png\",\"width\":114,\"height\":114,\"caption\":\"maestrotv\"},\"image\":{\"@id\":\"https:\\\/\\\/maestroiptv.org\\\/#\\\/schema\\\/logo\\\/image\\\/\"}}]}<\/script>\n<!-- \/ Yoast SEO plugin. -->","yoast_head_json":{"title":"LazyIptv Deluxe : COMMENT CONFIGURER ET INSTALLER L\u2019APPLICATION - maestrotv","robots":{"index":"index","follow":"follow","max-snippet":"max-snippet:-1","max-image-preview":"max-image-preview:large","max-video-preview":"max-video-preview:-1"},"canonical":"https:\/\/maestroiptv.org\/index.php\/lazyiptv-deluxe-comment-configurer-et-installer-lapplication\/","og_locale":"fr_FR","og_type":"article","og_title":"LazyIptv Deluxe : COMMENT CONFIGURER ET INSTALLER L\u2019APPLICATION - maestrotv","og_description":"Les possibilit\u00e9s offertes LazyIptv Deluxe aujourd\u2019hui par les diff\u00e9rentes plates-formes IPTV sont quasiment infinies, surtout lorsqu\u2019il s\u2019agit de divertissement LazyIptv Deluxe. Avec un appareil Android, que ce soit un t\u00e9l\u00e9phone portable, une tablette ou m\u00eame une TV Box connect\u00e9e \u00e0 notre t\u00e9l\u00e9viseur, nous avons maintenant acc\u00e8s \u00e0 une multitude de contenus audiovisuels. Parmi les nombreuses [&hellip;]","og_url":"https:\/\/maestroiptv.org\/index.php\/lazyiptv-deluxe-comment-configurer-et-installer-lapplication\/","og_site_name":"maestrotv","og_image":[{"url":"https:\/\/abonnement-iptv4u.b-cdn.net\/wp-content\/uploads\/2023\/06\/unnamed-4-1024x576.webp","type":"","width":"","height":""}],"twitter_card":"summary_large_image","twitter_misc":{"Dur\u00e9e de lecture estim\u00e9e":"6 minutes"},"schema":{"@context":"https:\/\/schema.org","@graph":[{"@type":"WebPage","@id":"https:\/\/maestroiptv.org\/index.php\/lazyiptv-deluxe-comment-configurer-et-installer-lapplication\/","url":"https:\/\/maestroiptv.org\/index.php\/lazyiptv-deluxe-comment-configurer-et-installer-lapplication\/","name":"LazyIptv Deluxe : COMMENT CONFIGURER ET INSTALLER L\u2019APPLICATION - maestrotv","isPartOf":{"@id":"https:\/\/maestroiptv.org\/#website"},"primaryImageOfPage":{"@id":"https:\/\/maestroiptv.org\/index.php\/lazyiptv-deluxe-comment-configurer-et-installer-lapplication\/#primaryimage"},"image":{"@id":"https:\/\/maestroiptv.org\/index.php\/lazyiptv-deluxe-comment-configurer-et-installer-lapplication\/#primaryimage"},"thumbnailUrl":"https:\/\/abonnement-iptv4u.b-cdn.net\/wp-content\/uploads\/2023\/06\/unnamed-4-1024x576.webp","datePublished":"2023-08-29T04:04:47+00:00","breadcrumb":{"@id":"https:\/\/maestroiptv.org\/index.php\/lazyiptv-deluxe-comment-configurer-et-installer-lapplication\/#breadcrumb"},"inLanguage":"fr-FR","potentialAction":[{"@type":"ReadAction","target":["https:\/\/maestroiptv.org\/index.php\/lazyiptv-deluxe-comment-configurer-et-installer-lapplication\/"]}]},{"@type":"ImageObject","inLanguage":"fr-FR","@id":"https:\/\/maestroiptv.org\/index.php\/lazyiptv-deluxe-comment-configurer-et-installer-lapplication\/#primaryimage","url":"https:\/\/abonnement-iptv4u.b-cdn.net\/wp-content\/uploads\/2023\/06\/unnamed-4-1024x576.webp","contentUrl":"https:\/\/abonnement-iptv4u.b-cdn.net\/wp-content\/uploads\/2023\/06\/unnamed-4-1024x576.webp"},{"@type":"BreadcrumbList","@id":"https:\/\/maestroiptv.org\/index.php\/lazyiptv-deluxe-comment-configurer-et-installer-lapplication\/#breadcrumb","itemListElement":[{"@type":"ListItem","position":1,"name":"Home","item":"https:\/\/maestroiptv.org\/"},{"@type":"ListItem","position":2,"name":"LazyIptv Deluxe : COMMENT CONFIGURER ET INSTALLER L\u2019APPLICATION"}]},{"@type":"WebSite","@id":"https:\/\/maestroiptv.org\/#website","url":"https:\/\/maestroiptv.org\/","name":"maestrotv","description":"","publisher":{"@id":"https:\/\/maestroiptv.org\/#organization"},"potentialAction":[{"@type":"SearchAction","target":{"@type":"EntryPoint","urlTemplate":"https:\/\/maestroiptv.org\/?s={search_term_string}"},"query-input":{"@type":"PropertyValueSpecification","valueRequired":true,"valueName":"search_term_string"}}],"inLanguage":"fr-FR"},{"@type":"Organization","@id":"https:\/\/maestroiptv.org\/#organization","name":"maestrotv","url":"https:\/\/maestroiptv.org\/","logo":{"@type":"ImageObject","inLanguage":"fr-FR","@id":"https:\/\/maestroiptv.org\/#\/schema\/logo\/image\/","url":"https:\/\/maestroiptv.org\/wp-content\/uploads\/2023\/07\/Logo.png","contentUrl":"https:\/\/maestroiptv.org\/wp-content\/uploads\/2023\/07\/Logo.png","width":114,"height":114,"caption":"maestrotv"},"image":{"@id":"https:\/\/maestroiptv.org\/#\/schema\/logo\/image\/"}}]}},"_links":{"self":[{"href":"https:\/\/maestroiptv.org\/index.php\/wp-json\/wp\/v2\/pages\/1525","targetHints":{"allow":["GET"]}}],"collection":[{"href":"https:\/\/maestroiptv.org\/index.php\/wp-json\/wp\/v2\/pages"}],"about":[{"href":"https:\/\/maestroiptv.org\/index.php\/wp-json\/wp\/v2\/types\/page"}],"author":[{"embeddable":true,"href":"https:\/\/maestroiptv.org\/index.php\/wp-json\/wp\/v2\/users\/1"}],"replies":[{"embeddable":true,"href":"https:\/\/maestroiptv.org\/index.php\/wp-json\/wp\/v2\/comments?post=1525"}],"version-history":[{"count":1,"href":"https:\/\/maestroiptv.org\/index.php\/wp-json\/wp\/v2\/pages\/1525\/revisions"}],"predecessor-version":[{"id":1526,"href":"https:\/\/maestroiptv.org\/index.php\/wp-json\/wp\/v2\/pages\/1525\/revisions\/1526"}],"wp:attachment":[{"href":"https:\/\/maestroiptv.org\/index.php\/wp-json\/wp\/v2\/media?parent=1525"}],"curies":[{"name":"wp","href":"https:\/\/api.w.org\/{rel}","templated":true}]}}