{"id":1547,"date":"2023-08-29T06:26:54","date_gmt":"2023-08-29T04:26:54","guid":{"rendered":"https:\/\/maestroiptv.org\/?page_id=1547"},"modified":"2023-08-29T06:26:54","modified_gmt":"2023-08-29T04:26:54","slug":"application-iptv-smarters-pro-lite-avec-fonction-denregistrement","status":"publish","type":"page","link":"https:\/\/maestroiptv.org\/index.php\/application-iptv-smarters-pro-lite-avec-fonction-denregistrement\/","title":{"rendered":"Application IPTV Smarters Pro\/LITE avec fonction d\u2019enregistrement."},"content":{"rendered":"\n<figure class=\"wp-block-image\"><img decoding=\"async\" src=\"https:\/\/abonnement-iptv4u.b-cdn.net\/wp-content\/uploads\/2023\/06\/reco2023.png\" alt=\"\"\/><\/figure>\n\n\n\n<p>De nos jours, l\u2019enregistrement de contenu est devenu une fonctionnalit\u00e9 essentielle pour les utilisateurs d\u2019IPTV, mais toutes les applications ne la proposent pas. Heureusement, l\u2019application IPTV Smarters Pro offre la fonction d\u2019enregistrement parmi ses nombreuses fonctionnalit\u00e9s. Dans cet article, nous allons explorer le fonctionnement de cette fonctionnalit\u00e9.<\/p>\n\n\n\n<p>La fonction d\u2019enregistrement d\u2019IPTV Smarters Pro n\u2019est disponible que pour les appareils Android en raison d\u2019un acc\u00e8s plus ouvert que le syst\u00e8me d\u2019exploitation Android offre \u00e0 cette application.<\/p>\n\n\n\n<p>Une autre chose \u00e0 garder \u00e0 l\u2019esprit est que cette application n\u2019offre pas encore d\u2019enregistrement programm\u00e9.&nbsp;Donc, pour enregistrer, comme vous le verrez ci-dessous, vous devez lancer le processus d\u2019enregistrement manuellement.<\/p>\n\n\n\n<p>Dans cet article nous passons en revue :<\/p>\n\n\n\n<ul class=\"wp-block-list\">\n<li>Pr\u00e9requis d\u2019enregistrement<\/li>\n\n\n\n<li>\u00c0 quoi s\u2019attendre de la fonction d\u2019enregistrement d\u2019IPTV Smarters Pro<\/li>\n\n\n\n<li>Enregistrer du contenu avec IPTV Smarters Pro<\/li>\n\n\n\n<li>V\u00e9rification du fichier de contenu enregistr\u00e9<\/li>\n<\/ul>\n\n\n\n<h2 class=\"wp-block-heading\">Pr\u00e9requis d\u2019enregistrement<\/h2>\n\n\n\n<p>Avant de proc\u00e9der \u00e0 la fonction d\u2019enregistrement IPTV Smarters Pro, il y a des choses \u00e0 v\u00e9rifier d\u2019abord :<\/p>\n\n\n\n<h3 class=\"wp-block-heading\">-Suffisamment d\u2019espace pour stocker le fichier d\u2019enregistrement<\/h3>\n\n\n\n<p>Avant de commencer \u00e0 enregistrer quoi que ce soit, assurez-vous que la destination o\u00f9 vous allez enregistrer le fichier d\u2019enregistrement est suffisamment grande pour stocker le fichier.&nbsp;Si l\u2019espace r\u00e9el sur l\u2019appareil lui-m\u00eame est suffisant et que vous ne jouez pas pour quelque chose d\u2019\u00e9norme, alors \u00e7a va.&nbsp;Sinon, pr\u00e9parez un disque externe ou un lecteur flash pour y d\u00e9finir le dossier d\u2019enregistrement.&nbsp;Vous ne voulez pas que votre enregistrement soit interrompu.<\/p>\n\n\n\n<h2 class=\"wp-block-heading\">\u00c0 quoi s\u2019attendre de la fonction d\u2019enregistrement d\u2019IPTV Smarters Pro<\/h2>\n\n\n\n<p>IPTV Smarters Pro n\u2019est pas et ne doit pas \u00eatre consid\u00e9r\u00e9 comme l\u2019application IPTV ultime, bien qu\u2019il poss\u00e8de de nombreux attributs dont les utilisateurs peuvent b\u00e9n\u00e9ficier.&nbsp;La capacit\u00e9 d\u2019enregistrement IPTV Smarters Pro, \u00e0 partir de 2023, n\u2019est pas encore \u00e0 la meilleure perfection.&nbsp;Il ne peut fonctionner que manuellement, ce qui signifie que l\u2019enregistrement programm\u00e9 n\u2019est pas une option.&nbsp;<a href=\"https:\/\/www.iptvsmarters.com\/\" rel=\"noreferrer noopener\" target=\"_blank\">WHMCS Smarters<\/a>&nbsp;dit qu\u2019ils travaillent sur l\u2019ajout de cette fonctionnalit\u00e9 ainsi que d\u2019autres fonctionnalit\u00e9s.<\/p>\n\n\n\n<h2 class=\"wp-block-heading\">Enregistrer du contenu avec IPTV Smarters Pro<\/h2>\n\n\n\n<figure class=\"wp-block-image\"><img decoding=\"async\" src=\"https:\/\/abonnement-iptv4u.b-cdn.net\/wp-content\/uploads\/2023\/06\/images_ArticlesPics_iptv-smarters-pro-recording-function_1-iptv-smarters-pro-recording.webp?is-pending-load=1\" alt=\"enregistrement IPTV\" class=\"wp-image-6590511\" title=\"commencer \u00e0 enregistrer smarters pro\"\/><\/figure>\n\n\n\n<p>1-Lorsque vous \u00eates sur la page de la liste des cha\u00eenes, maintenez la touche tactile ou le bouton du milieu de la t\u00e9l\u00e9commande sur n\u2019importe quelle cha\u00eene que vous souhaitez enregistrer.&nbsp;Cliquez ensuite sur D\u00e9marrer l\u2019enregistrement.<\/p>\n\n\n\n<figure class=\"wp-block-image\"><img decoding=\"async\" src=\"https:\/\/abonnement-iptv4u.b-cdn.net\/wp-content\/uploads\/2023\/06\/images_ArticlesPics_iptv-smarters-pro-recording-function_2-iptv-smarters-pro-recording.webp?is-pending-load=1\" alt=\"\" class=\"wp-image-6590512\" title=\"parcourir l'enregistrement\"\/><\/figure>\n\n\n\n<p>2-C\u2019est ici que vous pouvez d\u00e9finir les param\u00e8tres d\u2019enregistrement.&nbsp;Pour l\u2019instant, cliquez sur Parcourir et trions le chemin du dossier d\u2019enregistrement.&nbsp;Plus tard, nous reviendrons ici et peaufinerons quelques petites choses.<\/p>\n\n\n\n<figure class=\"wp-block-image\"><img decoding=\"async\" src=\"https:\/\/abonnement-iptv4u.b-cdn.net\/wp-content\/uploads\/2023\/06\/images_ArticlesPics_iptv-smarters-pro-recording-function_3-iptv-smarters-pro-recording.webp?is-pending-load=1\" alt=\"\" class=\"wp-image-6590513\" title=\"d\u00e9finir le dossier de t\u00e9l\u00e9chargement pour l'enregistrement\"\/><\/figure>\n\n\n\n<p>3-Vous pouvez cr\u00e9er le chemin d\u2019enregistrement dans presque tous les dossiers de votre appareil Android.&nbsp;Faisons cela dans le dossier de t\u00e9l\u00e9chargement.<\/p>\n\n\n\n<figure class=\"wp-block-image\"><img decoding=\"async\" src=\"https:\/\/abonnement-iptv4u.b-cdn.net\/wp-content\/uploads\/2023\/06\/images_ArticlesPics_iptv-smarters-pro-recording-function_4-iptv-smarters-pro-recording.webp?is-pending-load=1\" alt=\"\" class=\"wp-image-6590514\" title=\"ajouter le dossier\"\/><\/figure>\n\n\n\n<p>4-Cliquez sur le signe Ajouter un dossier en haut pour cr\u00e9er un nouveau dossier dans le dossier de t\u00e9l\u00e9chargement \u2013 dans lequel nous nous trouvons actuellement.<\/p>\n\n\n\n<figure class=\"wp-block-image\"><img decoding=\"async\" src=\"https:\/\/abonnement-iptv4u.b-cdn.net\/wp-content\/uploads\/2023\/06\/images_ArticlesPics_iptv-smarters-pro-recording-function_5-iptv-smarters-pro-recording.webp?is-pending-load=1\" alt=\"\" class=\"wp-image-6590515\" title=\"nom du dossier d'enregistrement\"\/><\/figure>\n\n\n\n<p>5-Choisissez-lui un nom et cliquez sur OK.<\/p>\n\n\n\n<figure class=\"wp-block-image\"><img decoding=\"async\" src=\"https:\/\/abonnement-iptv4u.b-cdn.net\/wp-content\/uploads\/2023\/06\/images_ArticlesPics_iptv-smarters-pro-recording-function_6-iptv-smarters-pro-recording.webp\" alt=\"\" class=\"wp-image-6590516\" title=\"mon jeu de noms d'enregistrement\"\/><\/figure>\n\n\n\n<p>6-Le nouveau dossier est cr\u00e9\u00e9.&nbsp;Ouvrez-le.<\/p>\n\n\n\n<figure class=\"wp-block-image\"><img decoding=\"async\" src=\"https:\/\/abonnement-iptv4u.b-cdn.net\/wp-content\/uploads\/2023\/06\/images_ArticlesPics_iptv-smarters-pro-recording-function_7-iptv-smarters-pro-recording.webp?is-pending-load=1\" alt=\"\" class=\"wp-image-6590517\" title=\"choisir le r\u00e9pertoire pour l'enregistrement\"\/><\/figure>\n\n\n\n<p>7-En cliquant sur OK ici, le chemin d\u2019enregistrement sera d\u00e9fini sur le nouveau dossier que nous venons de cr\u00e9er.<\/p>\n\n\n\n<figure class=\"wp-block-image\"><img decoding=\"async\" src=\"https:\/\/abonnement-iptv4u.b-cdn.net\/wp-content\/uploads\/2023\/06\/images_ArticlesPics_iptv-smarters-pro-recording-function_8-iptv-smarters-pro-recording.webp\" alt=\"\" class=\"wp-image-6590518\" title=\"commencer \u00e0 enregistrer iptv smarters pro\"\/><\/figure>\n\n\n\n<p>8-Message en bas de l\u2019\u00e9cran le confirme.<\/p>\n\n\n\n<p>Si vous le souhaitez, vous pouvez renommer le nom du fichier d\u2019enregistrement (premier champ ci-dessus) mais assurez-vous que .ts reste \u00e0 la fin.<\/p>\n\n\n\n<p>La dur\u00e9e de l\u2019enregistrement est d\u00e9termin\u00e9e par le nombre dans le champ sous le nom.&nbsp;Je l\u2019ai r\u00e9gl\u00e9 sur 1, ce qui signifie 1 minute d\u2019enregistrement.<\/p>\n\n\n\n<p>Ainsi, si je clique sur D\u00e9marrer l\u2019enregistrement, les cha\u00eenes choisies \u00e0 l\u2019\u00e9tape 1 seront enregistr\u00e9es pendant 1 minute et le contenu enregistr\u00e9 sera sauvegard\u00e9 dans un fichier appel\u00e9 mygolf1.ts<\/p>\n\n\n\n<p>Cliquez sur D\u00e9marrer l\u2019enregistrement.<\/p>\n\n\n\n<figure class=\"wp-block-image\"><img decoding=\"async\" src=\"https:\/\/abonnement-iptv4u.b-cdn.net\/wp-content\/uploads\/2023\/06\/images_ArticlesPics_iptv-smarters-pro-recording-function_9-iptv-smarters-pro-recording.webp?is-pending-load=1\" alt=\"\" class=\"wp-image-6590519\" title=\"enregistrement iptv smarters pro commenc\u00e9\"\/><\/figure>\n\n\n\n<p>9-Un message en bas de l\u2019\u00e9cran confirme le d\u00e9but du processus d\u2019enregistrement.<\/p>\n\n\n\n<figure class=\"wp-block-image\"><img decoding=\"async\" src=\"https:\/\/abonnement-iptv4u.b-cdn.net\/wp-content\/uploads\/2023\/06\/images_ArticlesPics_iptv-smarters-pro-recording-function_10-iptv-smarters-pro-recording.webp?is-pending-load=1\" alt=\"\" class=\"wp-image-6590520\" title=\"enregistrement iptv smarters pro termin\u00e9\"\/><\/figure>\n\n\n\n<p>10-Une fois l\u2019enregistrement termin\u00e9, vous devriez voir le message suivant.&nbsp;Revenez maintenant au tableau de bord d\u2019IPTV Smarters Pro.<\/p>\n\n\n\n<h2 class=\"wp-block-heading\">V\u00e9rification du fichier de contenu enregistr\u00e9<\/h2>\n\n\n\n<figure class=\"wp-block-image\"><img decoding=\"async\" src=\"https:\/\/abonnement-iptv4u.b-cdn.net\/wp-content\/uploads\/2023\/06\/images_ArticlesPics_iptv-smarters-pro-recording-function_2-1-iptv-smarters-pro-recording.webp?is-pending-load=1\" alt=\"\" class=\"wp-image-6590521\" title=\"ic\u00f4ne d'enregistrement sur le tableau de bord\"\/><\/figure>\n\n\n\n<p>1-En haut \u00e0 droite, cliquez sur l\u2019ic\u00f4ne de l\u2019appareil photo pour ouvrir la section d\u2019enregistrement.<\/p>\n\n\n\n<figure class=\"wp-block-image\"><img decoding=\"async\" src=\"https:\/\/abonnement-iptv4u.b-cdn.net\/wp-content\/uploads\/2023\/06\/images_ArticlesPics_iptv-smarters-pro-recording-function_2-2-iptv-smarters-pro-recording.webp?is-pending-load=1\" alt=\"\" class=\"wp-image-6590522\" title=\"fichier enregistr\u00e9 dans la liste\"\/><\/figure>\n\n\n\n<p>2-Le fichier enregistr\u00e9 est disponible ici et vous pouvez le lire en cliquant dessus.\u00a0Vous pouvez modifier le chemin d\u2019enregistrement pour les enregistrements futurs si vous le souhaitez.\u00a0De plus, \u00e0 l\u2019aide d\u2019un explorateur de feu, vous pouvez obtenir le fichier de contenu enregistr\u00e9, le d\u00e9placer vers un autre appareil et le lire l\u00e0-bas.<\/p>\n\n\n\n<h2 class=\"wp-block-heading\">Conclusion<\/h2>\n\n\n\n<p>La fonction d\u2019enregistrement de l\u2019IPTV Smarters Pro est l\u2019une des nombreuses fonctionnalit\u00e9s offertes par cette application exceptionnelle. Cependant, il convient de noter que cette fonctionnalit\u00e9 est actuellement manuelle et l\u2019enregistrement programm\u00e9 n\u2019a pas encore \u00e9t\u00e9 impl\u00e9ment\u00e9. Avant de commencer le processus d\u2019enregistrement, il est important de v\u00e9rifier deux facteurs essentiels : disposer d\u2019un espace suffisant sur le p\u00e9riph\u00e9rique de destination et disposer d\u2019une connexion suppl\u00e9mentaire sur vos comptes IPTV.<\/p>\n","protected":false},"excerpt":{"rendered":"<p>De nos jours, l\u2019enregistrement de contenu est devenu une fonctionnalit\u00e9 essentielle pour les utilisateurs d\u2019IPTV, mais toutes les applications ne la proposent pas. Heureusement, l\u2019application IPTV Smarters Pro offre la fonction d\u2019enregistrement parmi ses nombreuses fonctionnalit\u00e9s. Dans cet article, nous allons explorer le fonctionnement de cette fonctionnalit\u00e9. La fonction d\u2019enregistrement d\u2019IPTV Smarters Pro n\u2019est disponible [&hellip;]<\/p>\n","protected":false},"author":1,"featured_media":0,"parent":0,"menu_order":0,"comment_status":"closed","ping_status":"closed","template":"","meta":{"footnotes":""},"class_list":["post-1547","page","type-page","status-publish","hentry"],"blocksy_meta":[],"yoast_head":"<!-- This site is optimized with the Yoast SEO plugin v27.5 - https:\/\/yoast.com\/product\/yoast-seo-wordpress\/ -->\n<title>Application IPTV Smarters Pro\/LITE avec fonction d\u2019enregistrement. - maestrotv<\/title>\n<meta name=\"robots\" content=\"index, follow, max-snippet:-1, max-image-preview:large, max-video-preview:-1\" \/>\n<link rel=\"canonical\" href=\"https:\/\/maestroiptv.org\/index.php\/application-iptv-smarters-pro-lite-avec-fonction-denregistrement\/\" \/>\n<meta property=\"og:locale\" content=\"fr_FR\" \/>\n<meta property=\"og:type\" content=\"article\" \/>\n<meta property=\"og:title\" content=\"Application IPTV Smarters Pro\/LITE avec fonction d\u2019enregistrement. - maestrotv\" \/>\n<meta property=\"og:description\" content=\"De nos jours, l\u2019enregistrement de contenu est devenu une fonctionnalit\u00e9 essentielle pour les utilisateurs d\u2019IPTV, mais toutes les applications ne la proposent pas. Heureusement, l\u2019application IPTV Smarters Pro offre la fonction d\u2019enregistrement parmi ses nombreuses fonctionnalit\u00e9s. Dans cet article, nous allons explorer le fonctionnement de cette fonctionnalit\u00e9. La fonction d\u2019enregistrement d\u2019IPTV Smarters Pro n\u2019est disponible [&hellip;]\" \/>\n<meta property=\"og:url\" content=\"https:\/\/maestroiptv.org\/index.php\/application-iptv-smarters-pro-lite-avec-fonction-denregistrement\/\" \/>\n<meta property=\"og:site_name\" content=\"maestrotv\" \/>\n<meta property=\"og:image\" content=\"https:\/\/abonnement-iptv4u.b-cdn.net\/wp-content\/uploads\/2023\/06\/reco2023.png\" \/>\n<meta name=\"twitter:card\" content=\"summary_large_image\" \/>\n<meta name=\"twitter:label1\" content=\"Dur\u00e9e de lecture estim\u00e9e\" \/>\n\t<meta name=\"twitter:data1\" content=\"7 minutes\" \/>\n<script type=\"application\/ld+json\" class=\"yoast-schema-graph\">{\"@context\":\"https:\\\/\\\/schema.org\",\"@graph\":[{\"@type\":\"WebPage\",\"@id\":\"https:\\\/\\\/maestroiptv.org\\\/index.php\\\/application-iptv-smarters-pro-lite-avec-fonction-denregistrement\\\/\",\"url\":\"https:\\\/\\\/maestroiptv.org\\\/index.php\\\/application-iptv-smarters-pro-lite-avec-fonction-denregistrement\\\/\",\"name\":\"Application IPTV Smarters Pro\\\/LITE avec fonction d\u2019enregistrement. - maestrotv\",\"isPartOf\":{\"@id\":\"https:\\\/\\\/maestroiptv.org\\\/#website\"},\"primaryImageOfPage\":{\"@id\":\"https:\\\/\\\/maestroiptv.org\\\/index.php\\\/application-iptv-smarters-pro-lite-avec-fonction-denregistrement\\\/#primaryimage\"},\"image\":{\"@id\":\"https:\\\/\\\/maestroiptv.org\\\/index.php\\\/application-iptv-smarters-pro-lite-avec-fonction-denregistrement\\\/#primaryimage\"},\"thumbnailUrl\":\"https:\\\/\\\/abonnement-iptv4u.b-cdn.net\\\/wp-content\\\/uploads\\\/2023\\\/06\\\/reco2023.png\",\"datePublished\":\"2023-08-29T04:26:54+00:00\",\"breadcrumb\":{\"@id\":\"https:\\\/\\\/maestroiptv.org\\\/index.php\\\/application-iptv-smarters-pro-lite-avec-fonction-denregistrement\\\/#breadcrumb\"},\"inLanguage\":\"fr-FR\",\"potentialAction\":[{\"@type\":\"ReadAction\",\"target\":[\"https:\\\/\\\/maestroiptv.org\\\/index.php\\\/application-iptv-smarters-pro-lite-avec-fonction-denregistrement\\\/\"]}]},{\"@type\":\"ImageObject\",\"inLanguage\":\"fr-FR\",\"@id\":\"https:\\\/\\\/maestroiptv.org\\\/index.php\\\/application-iptv-smarters-pro-lite-avec-fonction-denregistrement\\\/#primaryimage\",\"url\":\"https:\\\/\\\/abonnement-iptv4u.b-cdn.net\\\/wp-content\\\/uploads\\\/2023\\\/06\\\/reco2023.png\",\"contentUrl\":\"https:\\\/\\\/abonnement-iptv4u.b-cdn.net\\\/wp-content\\\/uploads\\\/2023\\\/06\\\/reco2023.png\"},{\"@type\":\"BreadcrumbList\",\"@id\":\"https:\\\/\\\/maestroiptv.org\\\/index.php\\\/application-iptv-smarters-pro-lite-avec-fonction-denregistrement\\\/#breadcrumb\",\"itemListElement\":[{\"@type\":\"ListItem\",\"position\":1,\"name\":\"Home\",\"item\":\"https:\\\/\\\/maestroiptv.org\\\/\"},{\"@type\":\"ListItem\",\"position\":2,\"name\":\"Application IPTV Smarters Pro\\\/LITE avec fonction d\u2019enregistrement.\"}]},{\"@type\":\"WebSite\",\"@id\":\"https:\\\/\\\/maestroiptv.org\\\/#website\",\"url\":\"https:\\\/\\\/maestroiptv.org\\\/\",\"name\":\"maestrotv\",\"description\":\"\",\"publisher\":{\"@id\":\"https:\\\/\\\/maestroiptv.org\\\/#organization\"},\"potentialAction\":[{\"@type\":\"SearchAction\",\"target\":{\"@type\":\"EntryPoint\",\"urlTemplate\":\"https:\\\/\\\/maestroiptv.org\\\/?s={search_term_string}\"},\"query-input\":{\"@type\":\"PropertyValueSpecification\",\"valueRequired\":true,\"valueName\":\"search_term_string\"}}],\"inLanguage\":\"fr-FR\"},{\"@type\":\"Organization\",\"@id\":\"https:\\\/\\\/maestroiptv.org\\\/#organization\",\"name\":\"maestrotv\",\"url\":\"https:\\\/\\\/maestroiptv.org\\\/\",\"logo\":{\"@type\":\"ImageObject\",\"inLanguage\":\"fr-FR\",\"@id\":\"https:\\\/\\\/maestroiptv.org\\\/#\\\/schema\\\/logo\\\/image\\\/\",\"url\":\"https:\\\/\\\/maestroiptv.org\\\/wp-content\\\/uploads\\\/2023\\\/07\\\/Logo.png\",\"contentUrl\":\"https:\\\/\\\/maestroiptv.org\\\/wp-content\\\/uploads\\\/2023\\\/07\\\/Logo.png\",\"width\":114,\"height\":114,\"caption\":\"maestrotv\"},\"image\":{\"@id\":\"https:\\\/\\\/maestroiptv.org\\\/#\\\/schema\\\/logo\\\/image\\\/\"}}]}<\/script>\n<!-- \/ Yoast SEO plugin. -->","yoast_head_json":{"title":"Application IPTV Smarters Pro\/LITE avec fonction d\u2019enregistrement. - maestrotv","robots":{"index":"index","follow":"follow","max-snippet":"max-snippet:-1","max-image-preview":"max-image-preview:large","max-video-preview":"max-video-preview:-1"},"canonical":"https:\/\/maestroiptv.org\/index.php\/application-iptv-smarters-pro-lite-avec-fonction-denregistrement\/","og_locale":"fr_FR","og_type":"article","og_title":"Application IPTV Smarters Pro\/LITE avec fonction d\u2019enregistrement. - maestrotv","og_description":"De nos jours, l\u2019enregistrement de contenu est devenu une fonctionnalit\u00e9 essentielle pour les utilisateurs d\u2019IPTV, mais toutes les applications ne la proposent pas. Heureusement, l\u2019application IPTV Smarters Pro offre la fonction d\u2019enregistrement parmi ses nombreuses fonctionnalit\u00e9s. Dans cet article, nous allons explorer le fonctionnement de cette fonctionnalit\u00e9. La fonction d\u2019enregistrement d\u2019IPTV Smarters Pro n\u2019est disponible [&hellip;]","og_url":"https:\/\/maestroiptv.org\/index.php\/application-iptv-smarters-pro-lite-avec-fonction-denregistrement\/","og_site_name":"maestrotv","og_image":[{"url":"https:\/\/abonnement-iptv4u.b-cdn.net\/wp-content\/uploads\/2023\/06\/reco2023.png","type":"","width":"","height":""}],"twitter_card":"summary_large_image","twitter_misc":{"Dur\u00e9e de lecture estim\u00e9e":"7 minutes"},"schema":{"@context":"https:\/\/schema.org","@graph":[{"@type":"WebPage","@id":"https:\/\/maestroiptv.org\/index.php\/application-iptv-smarters-pro-lite-avec-fonction-denregistrement\/","url":"https:\/\/maestroiptv.org\/index.php\/application-iptv-smarters-pro-lite-avec-fonction-denregistrement\/","name":"Application IPTV Smarters Pro\/LITE avec fonction d\u2019enregistrement. - maestrotv","isPartOf":{"@id":"https:\/\/maestroiptv.org\/#website"},"primaryImageOfPage":{"@id":"https:\/\/maestroiptv.org\/index.php\/application-iptv-smarters-pro-lite-avec-fonction-denregistrement\/#primaryimage"},"image":{"@id":"https:\/\/maestroiptv.org\/index.php\/application-iptv-smarters-pro-lite-avec-fonction-denregistrement\/#primaryimage"},"thumbnailUrl":"https:\/\/abonnement-iptv4u.b-cdn.net\/wp-content\/uploads\/2023\/06\/reco2023.png","datePublished":"2023-08-29T04:26:54+00:00","breadcrumb":{"@id":"https:\/\/maestroiptv.org\/index.php\/application-iptv-smarters-pro-lite-avec-fonction-denregistrement\/#breadcrumb"},"inLanguage":"fr-FR","potentialAction":[{"@type":"ReadAction","target":["https:\/\/maestroiptv.org\/index.php\/application-iptv-smarters-pro-lite-avec-fonction-denregistrement\/"]}]},{"@type":"ImageObject","inLanguage":"fr-FR","@id":"https:\/\/maestroiptv.org\/index.php\/application-iptv-smarters-pro-lite-avec-fonction-denregistrement\/#primaryimage","url":"https:\/\/abonnement-iptv4u.b-cdn.net\/wp-content\/uploads\/2023\/06\/reco2023.png","contentUrl":"https:\/\/abonnement-iptv4u.b-cdn.net\/wp-content\/uploads\/2023\/06\/reco2023.png"},{"@type":"BreadcrumbList","@id":"https:\/\/maestroiptv.org\/index.php\/application-iptv-smarters-pro-lite-avec-fonction-denregistrement\/#breadcrumb","itemListElement":[{"@type":"ListItem","position":1,"name":"Home","item":"https:\/\/maestroiptv.org\/"},{"@type":"ListItem","position":2,"name":"Application IPTV Smarters Pro\/LITE avec fonction d\u2019enregistrement."}]},{"@type":"WebSite","@id":"https:\/\/maestroiptv.org\/#website","url":"https:\/\/maestroiptv.org\/","name":"maestrotv","description":"","publisher":{"@id":"https:\/\/maestroiptv.org\/#organization"},"potentialAction":[{"@type":"SearchAction","target":{"@type":"EntryPoint","urlTemplate":"https:\/\/maestroiptv.org\/?s={search_term_string}"},"query-input":{"@type":"PropertyValueSpecification","valueRequired":true,"valueName":"search_term_string"}}],"inLanguage":"fr-FR"},{"@type":"Organization","@id":"https:\/\/maestroiptv.org\/#organization","name":"maestrotv","url":"https:\/\/maestroiptv.org\/","logo":{"@type":"ImageObject","inLanguage":"fr-FR","@id":"https:\/\/maestroiptv.org\/#\/schema\/logo\/image\/","url":"https:\/\/maestroiptv.org\/wp-content\/uploads\/2023\/07\/Logo.png","contentUrl":"https:\/\/maestroiptv.org\/wp-content\/uploads\/2023\/07\/Logo.png","width":114,"height":114,"caption":"maestrotv"},"image":{"@id":"https:\/\/maestroiptv.org\/#\/schema\/logo\/image\/"}}]}},"_links":{"self":[{"href":"https:\/\/maestroiptv.org\/index.php\/wp-json\/wp\/v2\/pages\/1547","targetHints":{"allow":["GET"]}}],"collection":[{"href":"https:\/\/maestroiptv.org\/index.php\/wp-json\/wp\/v2\/pages"}],"about":[{"href":"https:\/\/maestroiptv.org\/index.php\/wp-json\/wp\/v2\/types\/page"}],"author":[{"embeddable":true,"href":"https:\/\/maestroiptv.org\/index.php\/wp-json\/wp\/v2\/users\/1"}],"replies":[{"embeddable":true,"href":"https:\/\/maestroiptv.org\/index.php\/wp-json\/wp\/v2\/comments?post=1547"}],"version-history":[{"count":1,"href":"https:\/\/maestroiptv.org\/index.php\/wp-json\/wp\/v2\/pages\/1547\/revisions"}],"predecessor-version":[{"id":1548,"href":"https:\/\/maestroiptv.org\/index.php\/wp-json\/wp\/v2\/pages\/1547\/revisions\/1548"}],"wp:attachment":[{"href":"https:\/\/maestroiptv.org\/index.php\/wp-json\/wp\/v2\/media?parent=1547"}],"curies":[{"name":"wp","href":"https:\/\/api.w.org\/{rel}","templated":true}]}}