{"id":1551,"date":"2023-08-29T06:31:16","date_gmt":"2023-08-29T04:31:16","guid":{"rendered":"https:\/\/maestroiptv.org\/?page_id=1551"},"modified":"2023-08-29T06:31:17","modified_gmt":"2023-08-29T04:31:17","slug":"comment-activer-le-mode-developpeur-sur-amazon-fire-tv","status":"publish","type":"page","link":"https:\/\/maestroiptv.org\/index.php\/comment-activer-le-mode-developpeur-sur-amazon-fire-tv\/","title":{"rendered":"Comment activer le mode d\u00e9veloppeur sur Amazon Fire TV ?"},"content":{"rendered":"\n<figure class=\"wp-block-image\"><img decoding=\"async\" src=\"https:\/\/abonnement-iptv4u.b-cdn.net\/wp-content\/uploads\/2023\/03\/amazon-removes-developer-options-5.webp?is-pending-load=1\" alt=\"Amazon Fire TV\"\/><\/figure>\n\n\n\n<p>Cet\u00a0<a href=\"https:\/\/maestroiptv.org\/index.php\/iptv-maestro-iptv\/\">article<\/a>\u00a0traite de la probl\u00e9matique de la suppression ou du masquage des options de d\u00e9veloppement sur les appareils FireStick\/Fire TV. Depuis qu\u2019Amazon a rendu ce param\u00e8tre moins accessible, les utilisateurs ne peuvent plus autoriser l\u2019installation de fichiers APK tiers provenant de sources inconnues<a href=\"https:\/\/codecanyon.net\/\" target=\"_blank\" rel=\"noreferrer noopener\">.<\/a><\/p>\n\n\n\n<p>Ce guide est destin\u00e9 \u00e0 tous les utilisateurs d\u2019appareils Fire TV Stick, y compris FireStick 4K Max et FireStick Lite. Pour faire r\u00e9appara\u00eetre les options pour les d\u00e9veloppeurs, suivez ces \u00e9tapes simples.<\/p>\n\n\n\n<p>Les options de d\u00e9veloppement ont \u00e9t\u00e9 supprim\u00e9es sur certains appareils suite \u00e0 la mise \u00e0 jour du syst\u00e8me d\u2019exploitation Fire TV en version 7.2.8.5, mais vous pouvez facilement les r\u00e9cup\u00e9rer en suivant les \u00e9tapes d\u00e9crites dans cet article et continuer \u00e0 installer vos applications de streaming pr\u00e9f\u00e9r\u00e9es.<\/p>\n\n\n\n<h4 class=\"wp-block-heading\">1. S\u00e9lectionnez Param\u00e8tres FireStick<\/h4>\n\n\n\n<figure class=\"wp-block-image\"><img decoding=\"async\" src=\"https:\/\/abonnement-iptv4u.b-cdn.net\/wp-content\/uploads\/2023\/03\/amazon-removes-developer-options-5.webp?is-pending-load=1\" alt=\"\" class=\"wp-image-6590283\"\/><\/figure>\n\n\n\n<h4 class=\"wp-block-heading\">2. Cliquez sur Mon Fire TV<\/h4>\n\n\n\n<figure class=\"wp-block-image\"><img decoding=\"async\" src=\"https:\/\/abonnement-iptv4u.b-cdn.net\/wp-content\/uploads\/2023\/03\/amazon-removes-developer-options-3.webp?is-pending-load=1\" alt=\"\" class=\"wp-image-6590281\"\/><\/figure>\n\n\n\n<h4 class=\"wp-block-heading\">3. Cliquez sur \u00c0 propos de (uniquement si vous NE voyez PAS les options pour les d\u00e9veloppeurs sur cet \u00e9cran).<\/h4>\n\n\n\n<figure class=\"wp-block-image\"><img decoding=\"async\" src=\"https:\/\/abonnement-iptv4u.b-cdn.net\/wp-content\/uploads\/2023\/03\/amazon-removes-developer-options-4.webp?is-pending-load=1\" alt=\"\" class=\"wp-image-6590282\"\/><\/figure>\n\n\n\n<h4 class=\"wp-block-heading\">4. Cliquez rapidement 7 fois sur votre Fire TV Stick.<\/h4>\n\n\n\n<figure class=\"wp-block-image\"><img decoding=\"async\" src=\"https:\/\/abonnement-iptv4u.b-cdn.net\/wp-content\/uploads\/2023\/03\/amazon-removes-developer-options-1-1.webp?is-pending-load=1\" alt=\"\" class=\"wp-image-6590279\"\/><\/figure>\n\n\n\n<h4 class=\"wp-block-heading\">5. Vous verrez une notification en bas disant \u201cPas besoin, vous \u00eates d\u00e9j\u00e0 d\u00e9veloppeur\u201d. \u00c7a y est, vous avez activ\u00e9 les options pour les d\u00e9veloppeurs.<\/h4>\n\n\n\n<figure class=\"wp-block-image\"><img decoding=\"async\" src=\"https:\/\/abonnement-iptv4u.b-cdn.net\/wp-content\/uploads\/2023\/03\/amazon-removes-developer-options-2-1.webp?is-pending-load=1\" alt=\"\" class=\"wp-image-6590280\"\/><\/figure>\n\n\n\n<h4 class=\"wp-block-heading\">6. Appuyez une fois sur le bouton de retour ou revenez \u00e0 Param\u00e8tres&gt; My Fire TV et vous verrez maintenant les options du d\u00e9veloppeur.<\/h4>\n\n\n\n<figure class=\"wp-block-image\"><img decoding=\"async\" src=\"https:\/\/abonnement-iptv4u.b-cdn.net\/wp-content\/uploads\/2023\/03\/amazon-removes-developer-options-6.webp?is-pending-load=1\" alt=\"\" class=\"wp-image-6590284\"\/><\/figure>\n\n\n\n<p>Vous pouvez maintenant acc\u00e9der aux options du d\u00e9veloppeur et activer les applications de sources inconnues pour charger les fichiers APK sur votre appareil FireStick.<\/p>\n","protected":false},"excerpt":{"rendered":"<p>Cet\u00a0article\u00a0traite de la probl\u00e9matique de la suppression ou du masquage des options de d\u00e9veloppement sur les appareils FireStick\/Fire TV. Depuis qu\u2019Amazon a rendu ce param\u00e8tre moins accessible, les utilisateurs ne peuvent plus autoriser l\u2019installation de fichiers APK tiers provenant de sources inconnues. Ce guide est destin\u00e9 \u00e0 tous les utilisateurs d\u2019appareils Fire TV Stick, y [&hellip;]<\/p>\n","protected":false},"author":1,"featured_media":0,"parent":0,"menu_order":0,"comment_status":"closed","ping_status":"closed","template":"","meta":{"footnotes":""},"class_list":["post-1551","page","type-page","status-publish","hentry"],"blocksy_meta":[],"yoast_head":"<!-- This site is optimized with the Yoast SEO plugin v27.5 - https:\/\/yoast.com\/product\/yoast-seo-wordpress\/ -->\n<title>Comment activer le mode d\u00e9veloppeur sur Amazon Fire TV ? - maestrotv<\/title>\n<meta name=\"robots\" content=\"index, follow, max-snippet:-1, max-image-preview:large, max-video-preview:-1\" \/>\n<link rel=\"canonical\" href=\"https:\/\/maestroiptv.org\/index.php\/comment-activer-le-mode-developpeur-sur-amazon-fire-tv\/\" \/>\n<meta property=\"og:locale\" content=\"fr_FR\" \/>\n<meta property=\"og:type\" content=\"article\" \/>\n<meta property=\"og:title\" content=\"Comment activer le mode d\u00e9veloppeur sur Amazon Fire TV ? - maestrotv\" \/>\n<meta property=\"og:description\" content=\"Cet\u00a0article\u00a0traite de la probl\u00e9matique de la suppression ou du masquage des options de d\u00e9veloppement sur les appareils FireStick\/Fire TV. Depuis qu\u2019Amazon a rendu ce param\u00e8tre moins accessible, les utilisateurs ne peuvent plus autoriser l\u2019installation de fichiers APK tiers provenant de sources inconnues. Ce guide est destin\u00e9 \u00e0 tous les utilisateurs d\u2019appareils Fire TV Stick, y [&hellip;]\" \/>\n<meta property=\"og:url\" content=\"https:\/\/maestroiptv.org\/index.php\/comment-activer-le-mode-developpeur-sur-amazon-fire-tv\/\" \/>\n<meta property=\"og:site_name\" content=\"maestrotv\" \/>\n<meta property=\"article:modified_time\" content=\"2023-08-29T04:31:17+00:00\" \/>\n<meta property=\"og:image\" content=\"https:\/\/abonnement-iptv4u.b-cdn.net\/wp-content\/uploads\/2023\/03\/amazon-removes-developer-options-5.webp?is-pending-load=1\" \/>\n<meta name=\"twitter:card\" content=\"summary_large_image\" \/>\n<meta name=\"twitter:label1\" content=\"Dur\u00e9e de lecture estim\u00e9e\" \/>\n\t<meta name=\"twitter:data1\" content=\"3 minutes\" \/>\n<script type=\"application\/ld+json\" class=\"yoast-schema-graph\">{\"@context\":\"https:\\\/\\\/schema.org\",\"@graph\":[{\"@type\":\"WebPage\",\"@id\":\"https:\\\/\\\/maestroiptv.org\\\/index.php\\\/comment-activer-le-mode-developpeur-sur-amazon-fire-tv\\\/\",\"url\":\"https:\\\/\\\/maestroiptv.org\\\/index.php\\\/comment-activer-le-mode-developpeur-sur-amazon-fire-tv\\\/\",\"name\":\"Comment activer le mode d\u00e9veloppeur sur Amazon Fire TV ? - maestrotv\",\"isPartOf\":{\"@id\":\"https:\\\/\\\/maestroiptv.org\\\/#website\"},\"primaryImageOfPage\":{\"@id\":\"https:\\\/\\\/maestroiptv.org\\\/index.php\\\/comment-activer-le-mode-developpeur-sur-amazon-fire-tv\\\/#primaryimage\"},\"image\":{\"@id\":\"https:\\\/\\\/maestroiptv.org\\\/index.php\\\/comment-activer-le-mode-developpeur-sur-amazon-fire-tv\\\/#primaryimage\"},\"thumbnailUrl\":\"https:\\\/\\\/abonnement-iptv4u.b-cdn.net\\\/wp-content\\\/uploads\\\/2023\\\/03\\\/amazon-removes-developer-options-5.webp?is-pending-load=1\",\"datePublished\":\"2023-08-29T04:31:16+00:00\",\"dateModified\":\"2023-08-29T04:31:17+00:00\",\"breadcrumb\":{\"@id\":\"https:\\\/\\\/maestroiptv.org\\\/index.php\\\/comment-activer-le-mode-developpeur-sur-amazon-fire-tv\\\/#breadcrumb\"},\"inLanguage\":\"fr-FR\",\"potentialAction\":[{\"@type\":\"ReadAction\",\"target\":[\"https:\\\/\\\/maestroiptv.org\\\/index.php\\\/comment-activer-le-mode-developpeur-sur-amazon-fire-tv\\\/\"]}]},{\"@type\":\"ImageObject\",\"inLanguage\":\"fr-FR\",\"@id\":\"https:\\\/\\\/maestroiptv.org\\\/index.php\\\/comment-activer-le-mode-developpeur-sur-amazon-fire-tv\\\/#primaryimage\",\"url\":\"https:\\\/\\\/abonnement-iptv4u.b-cdn.net\\\/wp-content\\\/uploads\\\/2023\\\/03\\\/amazon-removes-developer-options-5.webp?is-pending-load=1\",\"contentUrl\":\"https:\\\/\\\/abonnement-iptv4u.b-cdn.net\\\/wp-content\\\/uploads\\\/2023\\\/03\\\/amazon-removes-developer-options-5.webp?is-pending-load=1\"},{\"@type\":\"BreadcrumbList\",\"@id\":\"https:\\\/\\\/maestroiptv.org\\\/index.php\\\/comment-activer-le-mode-developpeur-sur-amazon-fire-tv\\\/#breadcrumb\",\"itemListElement\":[{\"@type\":\"ListItem\",\"position\":1,\"name\":\"Home\",\"item\":\"https:\\\/\\\/maestroiptv.org\\\/\"},{\"@type\":\"ListItem\",\"position\":2,\"name\":\"Comment activer le mode d\u00e9veloppeur sur Amazon Fire TV ?\"}]},{\"@type\":\"WebSite\",\"@id\":\"https:\\\/\\\/maestroiptv.org\\\/#website\",\"url\":\"https:\\\/\\\/maestroiptv.org\\\/\",\"name\":\"maestrotv\",\"description\":\"\",\"publisher\":{\"@id\":\"https:\\\/\\\/maestroiptv.org\\\/#organization\"},\"potentialAction\":[{\"@type\":\"SearchAction\",\"target\":{\"@type\":\"EntryPoint\",\"urlTemplate\":\"https:\\\/\\\/maestroiptv.org\\\/?s={search_term_string}\"},\"query-input\":{\"@type\":\"PropertyValueSpecification\",\"valueRequired\":true,\"valueName\":\"search_term_string\"}}],\"inLanguage\":\"fr-FR\"},{\"@type\":\"Organization\",\"@id\":\"https:\\\/\\\/maestroiptv.org\\\/#organization\",\"name\":\"maestrotv\",\"url\":\"https:\\\/\\\/maestroiptv.org\\\/\",\"logo\":{\"@type\":\"ImageObject\",\"inLanguage\":\"fr-FR\",\"@id\":\"https:\\\/\\\/maestroiptv.org\\\/#\\\/schema\\\/logo\\\/image\\\/\",\"url\":\"https:\\\/\\\/maestroiptv.org\\\/wp-content\\\/uploads\\\/2023\\\/07\\\/Logo.png\",\"contentUrl\":\"https:\\\/\\\/maestroiptv.org\\\/wp-content\\\/uploads\\\/2023\\\/07\\\/Logo.png\",\"width\":114,\"height\":114,\"caption\":\"maestrotv\"},\"image\":{\"@id\":\"https:\\\/\\\/maestroiptv.org\\\/#\\\/schema\\\/logo\\\/image\\\/\"}}]}<\/script>\n<!-- \/ Yoast SEO plugin. -->","yoast_head_json":{"title":"Comment activer le mode d\u00e9veloppeur sur Amazon Fire TV ? - maestrotv","robots":{"index":"index","follow":"follow","max-snippet":"max-snippet:-1","max-image-preview":"max-image-preview:large","max-video-preview":"max-video-preview:-1"},"canonical":"https:\/\/maestroiptv.org\/index.php\/comment-activer-le-mode-developpeur-sur-amazon-fire-tv\/","og_locale":"fr_FR","og_type":"article","og_title":"Comment activer le mode d\u00e9veloppeur sur Amazon Fire TV ? - maestrotv","og_description":"Cet\u00a0article\u00a0traite de la probl\u00e9matique de la suppression ou du masquage des options de d\u00e9veloppement sur les appareils FireStick\/Fire TV. Depuis qu\u2019Amazon a rendu ce param\u00e8tre moins accessible, les utilisateurs ne peuvent plus autoriser l\u2019installation de fichiers APK tiers provenant de sources inconnues. Ce guide est destin\u00e9 \u00e0 tous les utilisateurs d\u2019appareils Fire TV Stick, y [&hellip;]","og_url":"https:\/\/maestroiptv.org\/index.php\/comment-activer-le-mode-developpeur-sur-amazon-fire-tv\/","og_site_name":"maestrotv","article_modified_time":"2023-08-29T04:31:17+00:00","og_image":[{"url":"https:\/\/abonnement-iptv4u.b-cdn.net\/wp-content\/uploads\/2023\/03\/amazon-removes-developer-options-5.webp?is-pending-load=1","type":"","width":"","height":""}],"twitter_card":"summary_large_image","twitter_misc":{"Dur\u00e9e de lecture estim\u00e9e":"3 minutes"},"schema":{"@context":"https:\/\/schema.org","@graph":[{"@type":"WebPage","@id":"https:\/\/maestroiptv.org\/index.php\/comment-activer-le-mode-developpeur-sur-amazon-fire-tv\/","url":"https:\/\/maestroiptv.org\/index.php\/comment-activer-le-mode-developpeur-sur-amazon-fire-tv\/","name":"Comment activer le mode d\u00e9veloppeur sur Amazon Fire TV ? - maestrotv","isPartOf":{"@id":"https:\/\/maestroiptv.org\/#website"},"primaryImageOfPage":{"@id":"https:\/\/maestroiptv.org\/index.php\/comment-activer-le-mode-developpeur-sur-amazon-fire-tv\/#primaryimage"},"image":{"@id":"https:\/\/maestroiptv.org\/index.php\/comment-activer-le-mode-developpeur-sur-amazon-fire-tv\/#primaryimage"},"thumbnailUrl":"https:\/\/abonnement-iptv4u.b-cdn.net\/wp-content\/uploads\/2023\/03\/amazon-removes-developer-options-5.webp?is-pending-load=1","datePublished":"2023-08-29T04:31:16+00:00","dateModified":"2023-08-29T04:31:17+00:00","breadcrumb":{"@id":"https:\/\/maestroiptv.org\/index.php\/comment-activer-le-mode-developpeur-sur-amazon-fire-tv\/#breadcrumb"},"inLanguage":"fr-FR","potentialAction":[{"@type":"ReadAction","target":["https:\/\/maestroiptv.org\/index.php\/comment-activer-le-mode-developpeur-sur-amazon-fire-tv\/"]}]},{"@type":"ImageObject","inLanguage":"fr-FR","@id":"https:\/\/maestroiptv.org\/index.php\/comment-activer-le-mode-developpeur-sur-amazon-fire-tv\/#primaryimage","url":"https:\/\/abonnement-iptv4u.b-cdn.net\/wp-content\/uploads\/2023\/03\/amazon-removes-developer-options-5.webp?is-pending-load=1","contentUrl":"https:\/\/abonnement-iptv4u.b-cdn.net\/wp-content\/uploads\/2023\/03\/amazon-removes-developer-options-5.webp?is-pending-load=1"},{"@type":"BreadcrumbList","@id":"https:\/\/maestroiptv.org\/index.php\/comment-activer-le-mode-developpeur-sur-amazon-fire-tv\/#breadcrumb","itemListElement":[{"@type":"ListItem","position":1,"name":"Home","item":"https:\/\/maestroiptv.org\/"},{"@type":"ListItem","position":2,"name":"Comment activer le mode d\u00e9veloppeur sur Amazon Fire TV ?"}]},{"@type":"WebSite","@id":"https:\/\/maestroiptv.org\/#website","url":"https:\/\/maestroiptv.org\/","name":"maestrotv","description":"","publisher":{"@id":"https:\/\/maestroiptv.org\/#organization"},"potentialAction":[{"@type":"SearchAction","target":{"@type":"EntryPoint","urlTemplate":"https:\/\/maestroiptv.org\/?s={search_term_string}"},"query-input":{"@type":"PropertyValueSpecification","valueRequired":true,"valueName":"search_term_string"}}],"inLanguage":"fr-FR"},{"@type":"Organization","@id":"https:\/\/maestroiptv.org\/#organization","name":"maestrotv","url":"https:\/\/maestroiptv.org\/","logo":{"@type":"ImageObject","inLanguage":"fr-FR","@id":"https:\/\/maestroiptv.org\/#\/schema\/logo\/image\/","url":"https:\/\/maestroiptv.org\/wp-content\/uploads\/2023\/07\/Logo.png","contentUrl":"https:\/\/maestroiptv.org\/wp-content\/uploads\/2023\/07\/Logo.png","width":114,"height":114,"caption":"maestrotv"},"image":{"@id":"https:\/\/maestroiptv.org\/#\/schema\/logo\/image\/"}}]}},"_links":{"self":[{"href":"https:\/\/maestroiptv.org\/index.php\/wp-json\/wp\/v2\/pages\/1551","targetHints":{"allow":["GET"]}}],"collection":[{"href":"https:\/\/maestroiptv.org\/index.php\/wp-json\/wp\/v2\/pages"}],"about":[{"href":"https:\/\/maestroiptv.org\/index.php\/wp-json\/wp\/v2\/types\/page"}],"author":[{"embeddable":true,"href":"https:\/\/maestroiptv.org\/index.php\/wp-json\/wp\/v2\/users\/1"}],"replies":[{"embeddable":true,"href":"https:\/\/maestroiptv.org\/index.php\/wp-json\/wp\/v2\/comments?post=1551"}],"version-history":[{"count":1,"href":"https:\/\/maestroiptv.org\/index.php\/wp-json\/wp\/v2\/pages\/1551\/revisions"}],"predecessor-version":[{"id":1552,"href":"https:\/\/maestroiptv.org\/index.php\/wp-json\/wp\/v2\/pages\/1551\/revisions\/1552"}],"wp:attachment":[{"href":"https:\/\/maestroiptv.org\/index.php\/wp-json\/wp\/v2\/media?parent=1551"}],"curies":[{"name":"wp","href":"https:\/\/api.w.org\/{rel}","templated":true}]}}