{"id":1573,"date":"2023-08-30T00:58:19","date_gmt":"2023-08-29T22:58:19","guid":{"rendered":"https:\/\/maestroiptv.org\/?page_id=1573"},"modified":"2023-08-30T00:58:19","modified_gmt":"2023-08-29T22:58:19","slug":"configurer-et-installer-lapplication-smartone-iptv-sur-les-televiseurs-samsung-et-lg","status":"publish","type":"page","link":"https:\/\/maestroiptv.org\/index.php\/configurer-et-installer-lapplication-smartone-iptv-sur-les-televiseurs-samsung-et-lg\/","title":{"rendered":"Configurer et Installer l\u2019Application SmartOne IPTV sur les t\u00e9l\u00e9viseurs Samsung et LG"},"content":{"rendered":"\n<figure class=\"wp-block-image\"><img decoding=\"async\" src=\"https:\/\/abonnement-iptv4u.b-cdn.net\/wp-content\/uploads\/2022\/08\/smartone_iptv.webp\" alt=\"SMARTONE IPTV\"\/><\/figure>\n\n\n\n<p>Profitez de nos<a href=\"https:\/\/maestroiptv.org\/index.php\/abonnement-vip-iptv\/\">\u00a0cha\u00eenes IPTV<\/a>\u00a0directement sur vos smart TV gr\u00e2ce \u00e0 l\u2019application\u00a0<a href=\"https:\/\/smartone-iptv.com\/\" target=\"_blank\" rel=\"noreferrer noopener\">SmartOne IPTV<\/a>. L\u2019application peut \u00eatre activ\u00e9e avec une licence annuelle ou \u00e0 vie, pour l\u2019activer vous devez vous rendre dans la section\u00a0<a href=\"https:\/\/maestroiptv.org\/index.php\/abonnement-vip-iptv\/\" target=\"_blank\" rel=\"noreferrer noopener\">Activation<\/a>.<\/p>\n\n\n\n<h3 class=\"wp-block-heading\">Ce tutoriel vous montrera comment installer SmartOne IPTV sur votre nouvelle Smart TV<\/h3>\n\n\n\n<h2 class=\"wp-block-heading\"><a href=\"https:\/\/maestroiptv.org\/index.php\/abonnement-vip-iptv\/\"><span style=\"color: var(--theme-palette-color-3, #ff1a1a);\" class=\"stk-highlight\"><strong>VOTRE ABONNEMENT IPTV EN 5 MINUTE ? CLIQUEZ ICI !<\/strong><\/span><\/a><\/h2>\n\n\n\n<p>.<\/p>\n\n\n\n<p>1- Allez dans&nbsp;APPS (pour Samsung) ou LG content store (pour LG) et appuiez sur l\u2019icone de recheche.<\/p>\n\n\n\n<figure class=\"wp-block-image\"><img decoding=\"async\" src=\"https:\/\/abonnement-iptv4u.b-cdn.net\/wp-content\/uploads\/2022\/08\/rgYdxlp-1024x574.jpg?is-pending-load=1\" alt=\"SMARTONE IPTV\" class=\"wp-image-5450912\"\/><\/figure>\n\n\n\n<p>2-Cherche l\u2019application SMARTONE IPTV et installez-la<\/p>\n\n\n\n<figure class=\"wp-block-image\"><img decoding=\"async\" src=\"https:\/\/abonnement-iptv4u.b-cdn.net\/wp-content\/uploads\/2022\/08\/7u6jMzk-1-1024x576.jpg?is-pending-load=1\" alt=\"\" class=\"wp-image-5450943\"\/><\/figure>\n\n\n\n<p>3-Ouvrez l\u2019application Smartone Iptv<\/p>\n\n\n\n<p>4-(Vous lisez sur votre \u00e9cran que vous avez un test gratuit de cette application pour seulement&nbsp;14 jours). Alors vous devrez faire un don de&nbsp;2.5\u20ac \/ an&nbsp;\u00e0 ce lien&nbsp;<a href=\"https:\/\/smartone-iptv.com\/plugin\/smart_one\/main_activate\" rel=\"noreferrer noopener\" target=\"_blank\">https:\/\/smartone-iptv.com\/plugin\/smart_one\/main_activate<\/a>&nbsp; pour obtenir une Activation&nbsp;d\u2019un an d\u2019utilisation de l\u2019application.<\/p>\n\n\n\n<p>5-Copier&nbsp;<strong>l\u2019adressse MAC<\/strong>&nbsp;de votre application.<\/p>\n\n\n\n<figure class=\"wp-block-image\"><img decoding=\"async\" src=\"https:\/\/abonnement-iptv4u.b-cdn.net\/wp-content\/uploads\/2022\/08\/G9pwoLH.png?is-pending-load=1\" alt=\"\" class=\"wp-image-5450999\"\/><\/figure>\n\n\n\n<p>6. Saisir l\u2019adresse MAC<\/p>\n\n\n\n<p>7. Ajouter le lien m3u et cliquer sur I\u2019m not a robot<\/p>\n\n\n\n<figure class=\"wp-block-image\"><img decoding=\"async\" src=\"https:\/\/abonnement-iptv4u.b-cdn.net\/wp-content\/uploads\/2022\/08\/2-768x290-1.png?is-pending-load=1\" alt=\"\" class=\"wp-image-5451023\"\/><\/figure>\n\n\n\n<p>8 Cliquer sur le bouton \u00ab&nbsp;Generate Smart Key&nbsp;\u00bb<\/p>\n\n\n\n<p>9-Apr\u00e8s configuration appuiez sur Reload pour chargez votre playlist<\/p>\n","protected":false},"excerpt":{"rendered":"<p>Profitez de nos\u00a0cha\u00eenes IPTV\u00a0directement sur vos smart TV gr\u00e2ce \u00e0 l\u2019application\u00a0SmartOne IPTV. L\u2019application peut \u00eatre activ\u00e9e avec une licence annuelle ou \u00e0 vie, pour l\u2019activer vous devez vous rendre dans la section\u00a0Activation. Ce tutoriel vous montrera comment installer SmartOne IPTV sur votre nouvelle Smart TV VOTRE ABONNEMENT IPTV EN 5 MINUTE ? CLIQUEZ ICI ! [&hellip;]<\/p>\n","protected":false},"author":1,"featured_media":0,"parent":0,"menu_order":0,"comment_status":"closed","ping_status":"closed","template":"","meta":{"footnotes":""},"class_list":["post-1573","page","type-page","status-publish","hentry"],"blocksy_meta":[],"yoast_head":"<!-- This site is optimized with the Yoast SEO plugin v27.5 - https:\/\/yoast.com\/product\/yoast-seo-wordpress\/ -->\n<title>Configurer et Installer l\u2019Application SmartOne IPTV sur les t\u00e9l\u00e9viseurs Samsung et LG - maestrotv<\/title>\n<meta name=\"robots\" content=\"index, follow, max-snippet:-1, max-image-preview:large, max-video-preview:-1\" \/>\n<link rel=\"canonical\" href=\"https:\/\/maestroiptv.org\/index.php\/configurer-et-installer-lapplication-smartone-iptv-sur-les-televiseurs-samsung-et-lg\/\" \/>\n<meta property=\"og:locale\" content=\"fr_FR\" \/>\n<meta property=\"og:type\" content=\"article\" \/>\n<meta property=\"og:title\" content=\"Configurer et Installer l\u2019Application SmartOne IPTV sur les t\u00e9l\u00e9viseurs Samsung et LG - maestrotv\" \/>\n<meta property=\"og:description\" content=\"Profitez de nos\u00a0cha\u00eenes IPTV\u00a0directement sur vos smart TV gr\u00e2ce \u00e0 l\u2019application\u00a0SmartOne IPTV. L\u2019application peut \u00eatre activ\u00e9e avec une licence annuelle ou \u00e0 vie, pour l\u2019activer vous devez vous rendre dans la section\u00a0Activation. Ce tutoriel vous montrera comment installer SmartOne IPTV sur votre nouvelle Smart TV VOTRE ABONNEMENT IPTV EN 5 MINUTE ? CLIQUEZ ICI ! [&hellip;]\" \/>\n<meta property=\"og:url\" content=\"https:\/\/maestroiptv.org\/index.php\/configurer-et-installer-lapplication-smartone-iptv-sur-les-televiseurs-samsung-et-lg\/\" \/>\n<meta property=\"og:site_name\" content=\"maestrotv\" \/>\n<meta property=\"og:image\" content=\"https:\/\/abonnement-iptv4u.b-cdn.net\/wp-content\/uploads\/2022\/08\/smartone_iptv.webp\" \/>\n<meta name=\"twitter:card\" content=\"summary_large_image\" \/>\n<meta name=\"twitter:label1\" content=\"Dur\u00e9e de lecture estim\u00e9e\" \/>\n\t<meta name=\"twitter:data1\" content=\"2 minutes\" \/>\n<script type=\"application\/ld+json\" class=\"yoast-schema-graph\">{\"@context\":\"https:\\\/\\\/schema.org\",\"@graph\":[{\"@type\":\"WebPage\",\"@id\":\"https:\\\/\\\/maestroiptv.org\\\/index.php\\\/configurer-et-installer-lapplication-smartone-iptv-sur-les-televiseurs-samsung-et-lg\\\/\",\"url\":\"https:\\\/\\\/maestroiptv.org\\\/index.php\\\/configurer-et-installer-lapplication-smartone-iptv-sur-les-televiseurs-samsung-et-lg\\\/\",\"name\":\"Configurer et Installer l\u2019Application SmartOne IPTV sur les t\u00e9l\u00e9viseurs Samsung et LG - maestrotv\",\"isPartOf\":{\"@id\":\"https:\\\/\\\/maestroiptv.org\\\/#website\"},\"primaryImageOfPage\":{\"@id\":\"https:\\\/\\\/maestroiptv.org\\\/index.php\\\/configurer-et-installer-lapplication-smartone-iptv-sur-les-televiseurs-samsung-et-lg\\\/#primaryimage\"},\"image\":{\"@id\":\"https:\\\/\\\/maestroiptv.org\\\/index.php\\\/configurer-et-installer-lapplication-smartone-iptv-sur-les-televiseurs-samsung-et-lg\\\/#primaryimage\"},\"thumbnailUrl\":\"https:\\\/\\\/abonnement-iptv4u.b-cdn.net\\\/wp-content\\\/uploads\\\/2022\\\/08\\\/smartone_iptv.webp\",\"datePublished\":\"2023-08-29T22:58:19+00:00\",\"breadcrumb\":{\"@id\":\"https:\\\/\\\/maestroiptv.org\\\/index.php\\\/configurer-et-installer-lapplication-smartone-iptv-sur-les-televiseurs-samsung-et-lg\\\/#breadcrumb\"},\"inLanguage\":\"fr-FR\",\"potentialAction\":[{\"@type\":\"ReadAction\",\"target\":[\"https:\\\/\\\/maestroiptv.org\\\/index.php\\\/configurer-et-installer-lapplication-smartone-iptv-sur-les-televiseurs-samsung-et-lg\\\/\"]}]},{\"@type\":\"ImageObject\",\"inLanguage\":\"fr-FR\",\"@id\":\"https:\\\/\\\/maestroiptv.org\\\/index.php\\\/configurer-et-installer-lapplication-smartone-iptv-sur-les-televiseurs-samsung-et-lg\\\/#primaryimage\",\"url\":\"https:\\\/\\\/abonnement-iptv4u.b-cdn.net\\\/wp-content\\\/uploads\\\/2022\\\/08\\\/smartone_iptv.webp\",\"contentUrl\":\"https:\\\/\\\/abonnement-iptv4u.b-cdn.net\\\/wp-content\\\/uploads\\\/2022\\\/08\\\/smartone_iptv.webp\"},{\"@type\":\"BreadcrumbList\",\"@id\":\"https:\\\/\\\/maestroiptv.org\\\/index.php\\\/configurer-et-installer-lapplication-smartone-iptv-sur-les-televiseurs-samsung-et-lg\\\/#breadcrumb\",\"itemListElement\":[{\"@type\":\"ListItem\",\"position\":1,\"name\":\"Home\",\"item\":\"https:\\\/\\\/maestroiptv.org\\\/\"},{\"@type\":\"ListItem\",\"position\":2,\"name\":\"Configurer et Installer l\u2019Application SmartOne IPTV sur les t\u00e9l\u00e9viseurs Samsung et LG\"}]},{\"@type\":\"WebSite\",\"@id\":\"https:\\\/\\\/maestroiptv.org\\\/#website\",\"url\":\"https:\\\/\\\/maestroiptv.org\\\/\",\"name\":\"maestrotv\",\"description\":\"\",\"publisher\":{\"@id\":\"https:\\\/\\\/maestroiptv.org\\\/#organization\"},\"potentialAction\":[{\"@type\":\"SearchAction\",\"target\":{\"@type\":\"EntryPoint\",\"urlTemplate\":\"https:\\\/\\\/maestroiptv.org\\\/?s={search_term_string}\"},\"query-input\":{\"@type\":\"PropertyValueSpecification\",\"valueRequired\":true,\"valueName\":\"search_term_string\"}}],\"inLanguage\":\"fr-FR\"},{\"@type\":\"Organization\",\"@id\":\"https:\\\/\\\/maestroiptv.org\\\/#organization\",\"name\":\"maestrotv\",\"url\":\"https:\\\/\\\/maestroiptv.org\\\/\",\"logo\":{\"@type\":\"ImageObject\",\"inLanguage\":\"fr-FR\",\"@id\":\"https:\\\/\\\/maestroiptv.org\\\/#\\\/schema\\\/logo\\\/image\\\/\",\"url\":\"https:\\\/\\\/maestroiptv.org\\\/wp-content\\\/uploads\\\/2023\\\/07\\\/Logo.png\",\"contentUrl\":\"https:\\\/\\\/maestroiptv.org\\\/wp-content\\\/uploads\\\/2023\\\/07\\\/Logo.png\",\"width\":114,\"height\":114,\"caption\":\"maestrotv\"},\"image\":{\"@id\":\"https:\\\/\\\/maestroiptv.org\\\/#\\\/schema\\\/logo\\\/image\\\/\"}}]}<\/script>\n<!-- \/ Yoast SEO plugin. -->","yoast_head_json":{"title":"Configurer et Installer l\u2019Application SmartOne IPTV sur les t\u00e9l\u00e9viseurs Samsung et LG - maestrotv","robots":{"index":"index","follow":"follow","max-snippet":"max-snippet:-1","max-image-preview":"max-image-preview:large","max-video-preview":"max-video-preview:-1"},"canonical":"https:\/\/maestroiptv.org\/index.php\/configurer-et-installer-lapplication-smartone-iptv-sur-les-televiseurs-samsung-et-lg\/","og_locale":"fr_FR","og_type":"article","og_title":"Configurer et Installer l\u2019Application SmartOne IPTV sur les t\u00e9l\u00e9viseurs Samsung et LG - maestrotv","og_description":"Profitez de nos\u00a0cha\u00eenes IPTV\u00a0directement sur vos smart TV gr\u00e2ce \u00e0 l\u2019application\u00a0SmartOne IPTV. L\u2019application peut \u00eatre activ\u00e9e avec une licence annuelle ou \u00e0 vie, pour l\u2019activer vous devez vous rendre dans la section\u00a0Activation. Ce tutoriel vous montrera comment installer SmartOne IPTV sur votre nouvelle Smart TV VOTRE ABONNEMENT IPTV EN 5 MINUTE ? CLIQUEZ ICI ! [&hellip;]","og_url":"https:\/\/maestroiptv.org\/index.php\/configurer-et-installer-lapplication-smartone-iptv-sur-les-televiseurs-samsung-et-lg\/","og_site_name":"maestrotv","og_image":[{"url":"https:\/\/abonnement-iptv4u.b-cdn.net\/wp-content\/uploads\/2022\/08\/smartone_iptv.webp","type":"","width":"","height":""}],"twitter_card":"summary_large_image","twitter_misc":{"Dur\u00e9e de lecture estim\u00e9e":"2 minutes"},"schema":{"@context":"https:\/\/schema.org","@graph":[{"@type":"WebPage","@id":"https:\/\/maestroiptv.org\/index.php\/configurer-et-installer-lapplication-smartone-iptv-sur-les-televiseurs-samsung-et-lg\/","url":"https:\/\/maestroiptv.org\/index.php\/configurer-et-installer-lapplication-smartone-iptv-sur-les-televiseurs-samsung-et-lg\/","name":"Configurer et Installer l\u2019Application SmartOne IPTV sur les t\u00e9l\u00e9viseurs Samsung et LG - maestrotv","isPartOf":{"@id":"https:\/\/maestroiptv.org\/#website"},"primaryImageOfPage":{"@id":"https:\/\/maestroiptv.org\/index.php\/configurer-et-installer-lapplication-smartone-iptv-sur-les-televiseurs-samsung-et-lg\/#primaryimage"},"image":{"@id":"https:\/\/maestroiptv.org\/index.php\/configurer-et-installer-lapplication-smartone-iptv-sur-les-televiseurs-samsung-et-lg\/#primaryimage"},"thumbnailUrl":"https:\/\/abonnement-iptv4u.b-cdn.net\/wp-content\/uploads\/2022\/08\/smartone_iptv.webp","datePublished":"2023-08-29T22:58:19+00:00","breadcrumb":{"@id":"https:\/\/maestroiptv.org\/index.php\/configurer-et-installer-lapplication-smartone-iptv-sur-les-televiseurs-samsung-et-lg\/#breadcrumb"},"inLanguage":"fr-FR","potentialAction":[{"@type":"ReadAction","target":["https:\/\/maestroiptv.org\/index.php\/configurer-et-installer-lapplication-smartone-iptv-sur-les-televiseurs-samsung-et-lg\/"]}]},{"@type":"ImageObject","inLanguage":"fr-FR","@id":"https:\/\/maestroiptv.org\/index.php\/configurer-et-installer-lapplication-smartone-iptv-sur-les-televiseurs-samsung-et-lg\/#primaryimage","url":"https:\/\/abonnement-iptv4u.b-cdn.net\/wp-content\/uploads\/2022\/08\/smartone_iptv.webp","contentUrl":"https:\/\/abonnement-iptv4u.b-cdn.net\/wp-content\/uploads\/2022\/08\/smartone_iptv.webp"},{"@type":"BreadcrumbList","@id":"https:\/\/maestroiptv.org\/index.php\/configurer-et-installer-lapplication-smartone-iptv-sur-les-televiseurs-samsung-et-lg\/#breadcrumb","itemListElement":[{"@type":"ListItem","position":1,"name":"Home","item":"https:\/\/maestroiptv.org\/"},{"@type":"ListItem","position":2,"name":"Configurer et Installer l\u2019Application SmartOne IPTV sur les t\u00e9l\u00e9viseurs Samsung et LG"}]},{"@type":"WebSite","@id":"https:\/\/maestroiptv.org\/#website","url":"https:\/\/maestroiptv.org\/","name":"maestrotv","description":"","publisher":{"@id":"https:\/\/maestroiptv.org\/#organization"},"potentialAction":[{"@type":"SearchAction","target":{"@type":"EntryPoint","urlTemplate":"https:\/\/maestroiptv.org\/?s={search_term_string}"},"query-input":{"@type":"PropertyValueSpecification","valueRequired":true,"valueName":"search_term_string"}}],"inLanguage":"fr-FR"},{"@type":"Organization","@id":"https:\/\/maestroiptv.org\/#organization","name":"maestrotv","url":"https:\/\/maestroiptv.org\/","logo":{"@type":"ImageObject","inLanguage":"fr-FR","@id":"https:\/\/maestroiptv.org\/#\/schema\/logo\/image\/","url":"https:\/\/maestroiptv.org\/wp-content\/uploads\/2023\/07\/Logo.png","contentUrl":"https:\/\/maestroiptv.org\/wp-content\/uploads\/2023\/07\/Logo.png","width":114,"height":114,"caption":"maestrotv"},"image":{"@id":"https:\/\/maestroiptv.org\/#\/schema\/logo\/image\/"}}]}},"_links":{"self":[{"href":"https:\/\/maestroiptv.org\/index.php\/wp-json\/wp\/v2\/pages\/1573","targetHints":{"allow":["GET"]}}],"collection":[{"href":"https:\/\/maestroiptv.org\/index.php\/wp-json\/wp\/v2\/pages"}],"about":[{"href":"https:\/\/maestroiptv.org\/index.php\/wp-json\/wp\/v2\/types\/page"}],"author":[{"embeddable":true,"href":"https:\/\/maestroiptv.org\/index.php\/wp-json\/wp\/v2\/users\/1"}],"replies":[{"embeddable":true,"href":"https:\/\/maestroiptv.org\/index.php\/wp-json\/wp\/v2\/comments?post=1573"}],"version-history":[{"count":1,"href":"https:\/\/maestroiptv.org\/index.php\/wp-json\/wp\/v2\/pages\/1573\/revisions"}],"predecessor-version":[{"id":1574,"href":"https:\/\/maestroiptv.org\/index.php\/wp-json\/wp\/v2\/pages\/1573\/revisions\/1574"}],"wp:attachment":[{"href":"https:\/\/maestroiptv.org\/index.php\/wp-json\/wp\/v2\/media?parent=1573"}],"curies":[{"name":"wp","href":"https:\/\/api.w.org\/{rel}","templated":true}]}}