{"id":1575,"date":"2023-08-30T01:00:23","date_gmt":"2023-08-29T23:00:23","guid":{"rendered":"https:\/\/maestroiptv.org\/?page_id=1575"},"modified":"2023-08-30T01:00:23","modified_gmt":"2023-08-29T23:00:23","slug":"room-iptv-installation-et-configuration-sur-votre-televiseur-samsung-tv-gratuit","status":"publish","type":"page","link":"https:\/\/maestroiptv.org\/index.php\/room-iptv-installation-et-configuration-sur-votre-televiseur-samsung-tv-gratuit\/","title":{"rendered":"Room IPTV: Installation Et Configuration Sur votre t\u00e9l\u00e9viseur Samsung TV [GRATUIT]"},"content":{"rendered":"\n<figure class=\"wp-block-image\"><img decoding=\"async\" src=\"https:\/\/abonnement-iptv4u.b-cdn.net\/wp-content\/uploads\/2022\/03\/Subir-Lista-Room-IPTV.jpg?is-pending-load=1\" alt=\"\"\/><\/figure>\n\n\n\n<h3 class=\"wp-block-heading\"><strong>comment installer et configurer Room iptv&nbsp;sur votre smart tv Samsung&nbsp;<\/strong><\/h3>\n\n\n\n<p>L\u2019application Room iptv est l\u2019un des meilleurs lecteurs de fichiers lien et m3u, dans ce tutoriel, vous apprendrez facilement comment installer et configurer Room iptv sur Samsung Smart TV en quelques \u00e9tapes<\/p>\n\n\n\n<p><a href=\"https:\/\/maestroiptv.org\/index.php\/abonnement-vip-iptv\/\"><strong>OBTENIR UN ABONNEMENT<\/strong><\/a><\/p>\n\n\n\n<p><strong>NB :<\/strong>&nbsp;L\u2019application est disponible sur les SMART TV Samsung, mais lors de la conversion du t\u00e9l\u00e9viseur en magasin am\u00e9ricain<\/p>\n\n\n\n<ul class=\"wp-block-list\">\n<li><strong>Allumez votre Smart TV Samsung.<\/strong>&nbsp;N\u2019oubliez pas que votre t\u00e9l\u00e9vision doit \u00eatre connect\u00e9e \u00e0 internet, si vous voulez t\u00e9l\u00e9charger des applications<\/li>\n\n\n\n<li><strong>Cliquez sur&nbsp;Smart Hub.<\/strong>&nbsp;Sur votre t\u00e9l\u00e9commande, pressez le bouton de plusieurs couleurs, au milieu. Ce bouton s\u2019appelle&nbsp;<em><strong>Smart Hub<\/strong><\/em>. Avec certaines t\u00e9l\u00e9commandes, c\u2019est un bouton avec le dessin d\u2019une maison. Vous arrivez sur&nbsp;<em><strong>Mes programmes<\/strong><\/em>.<\/li>\n\n\n\n<li><strong>S\u00e9lectionnez&nbsp;Samsung Apps.<\/strong>&nbsp;Avec les fl\u00e8ches de votre t\u00e9l\u00e9commande, dirigez-vous sur&nbsp;<em><strong>Mes applications<\/strong><\/em>, puis s\u00e9lectionnez&nbsp;<em><strong>Samsung Apps<\/strong><\/em>&nbsp;en cliquant sur le bouton au milieu des fl\u00e8ches.<\/li>\n\n\n\n<li><strong>cherchez ROOM IPTV&nbsp;<\/strong><\/li>\n<\/ul>\n\n\n\n<figure class=\"wp-block-image\"><img decoding=\"async\" src=\"https:\/\/abonnement-iptv4u.b-cdn.net\/wp-content\/uploads\/2022\/03\/1-1.jpg?is-pending-load=1\" alt=\"ROOM IPTV\" class=\"wp-image-4838668\"\/><\/figure>\n\n\n\n<p>Cliquez sur Installer. Sur la page de l\u2019application, cliquez sur T\u00e9l\u00e9charger, puis sur Installer et enfin sur Ex\u00e9cuter. Vous avez donc restaur\u00e9 l\u2019application Smart IPTV sur votre t\u00e9l\u00e9viseur Samsung.<\/p>\n\n\n\n<figure class=\"wp-block-image\"><img decoding=\"async\" src=\"https:\/\/abonnement-iptv4u.b-cdn.net\/wp-content\/uploads\/2022\/03\/2.jpg?is-pending-load=1\" alt=\"\" class=\"wp-image-4838672\"\/><\/figure>\n\n\n\n<h2 class=\"wp-block-heading\">COMMENT CONFIGURER&nbsp;ROOM IPTV&nbsp; pour SMART TV Samsung<\/h2>\n\n\n\n<p>Dans ce qui suit, vous apprendrez comment mettre le lien m3u de votre abonnement iptv dans l\u2019application Roomiptv gr\u00e2ce \u00e0 votre adresse MAC depuis n\u2019importe quel navigateur , c\u2019est facile .<\/p>\n\n\n\n<p><strong>Suivez ces \u00e9tapes :<\/strong><\/p>\n\n\n\n<p><strong>Rendez vous sur cette page :<\/strong>&nbsp;<a href=\"https:\/\/manage.roomiptv.com\/add_playlist\/\" rel=\"noreferrer noopener\" target=\"_blank\">https:\/\/manage.roomiptv.com\/add_playlist\/<\/a><\/p>\n\n\n\n<ul class=\"wp-block-list\">\n<li><strong>Saisissez<\/strong>&nbsp;votre adresse MAC dans le champ&nbsp;<strong>\u201cMAC\u201d<\/strong><\/li>\n\n\n\n<li><strong>Collez<\/strong>&nbsp;le lien m3u sur le champ&nbsp;<strong>\u201cURL\u201d<\/strong>&nbsp;<em>(faites exactement comme la photo ci-dessous)<\/em><\/li>\n<\/ul>\n\n\n\n<figure class=\"wp-block-image\"><img decoding=\"async\" src=\"https:\/\/abonnement-iptv4u.b-cdn.net\/wp-content\/uploads\/2022\/03\/4.jpg?is-pending-load=1\" alt=\"\" class=\"wp-image-4838697\"\/><\/figure>\n\n\n\n<ul class=\"wp-block-list\">\n<li><strong><\/strong><strong>Attendez<\/strong>\u00a0le chargement du lien , le message suivant apparaitra :\u201d\u00a0<strong>Playlist added successfuly<\/strong><em><strong>.\u201d<\/strong><\/em>\n<ul class=\"wp-block-list\">\n<li><strong>Revenez<\/strong>&nbsp;sur votre Smart TV et red\u00e9marrez l\u2019application Smart IPTV(appuyez&nbsp; sur le bouton bleu ), si la liste des chaines ne se charge pas automatiquement , red\u00e9marrez le t\u00e9l\u00e9 et relancez l\u2019application .<\/li>\n<\/ul>\n<\/li>\n<\/ul>\n\n\n\n<p><strong>Rendez vous sur cette page :&nbsp;<a href=\"https:\/\/manage.roomiptv.com\/multi\/login.php\" rel=\"noreferrer noopener\" target=\"_blank\">https:\/\/manage.roomiptv.com\/multi\/login.php<\/a><\/strong><\/p>\n\n\n\n<ul class=\"wp-block-list\">\n<li><strong>Saisissez<\/strong>&nbsp;votre&nbsp; ID et Mot de passe&nbsp;<\/li>\n<\/ul>\n\n\n\n<figure class=\"wp-block-image\"><img decoding=\"async\" src=\"https:\/\/abonnement-iptv4u.b-cdn.net\/wp-content\/uploads\/2022\/03\/WhatsApp-Image-2022-02-02-at-13.25.45-1-768x1024.jpeg?is-pending-load=1\" alt=\"\" class=\"wp-image-4838742\"\/><\/figure>\n","protected":false},"excerpt":{"rendered":"<p>comment installer et configurer Room iptv&nbsp;sur votre smart tv Samsung&nbsp; L\u2019application Room iptv est l\u2019un des meilleurs lecteurs de fichiers lien et m3u, dans ce tutoriel, vous apprendrez facilement comment installer et configurer Room iptv sur Samsung Smart TV en quelques \u00e9tapes OBTENIR UN ABONNEMENT NB :&nbsp;L\u2019application est disponible sur les SMART TV Samsung, mais [&hellip;]<\/p>\n","protected":false},"author":1,"featured_media":0,"parent":0,"menu_order":0,"comment_status":"closed","ping_status":"closed","template":"","meta":{"footnotes":""},"class_list":["post-1575","page","type-page","status-publish","hentry"],"blocksy_meta":[],"yoast_head":"<!-- This site is optimized with the Yoast SEO plugin v27.5 - https:\/\/yoast.com\/product\/yoast-seo-wordpress\/ -->\n<title>Room IPTV: Installation Et Configuration Sur votre t\u00e9l\u00e9viseur Samsung TV [GRATUIT] - maestrotv<\/title>\n<meta name=\"robots\" content=\"index, follow, max-snippet:-1, max-image-preview:large, max-video-preview:-1\" \/>\n<link rel=\"canonical\" href=\"https:\/\/maestroiptv.org\/index.php\/room-iptv-installation-et-configuration-sur-votre-televiseur-samsung-tv-gratuit\/\" \/>\n<meta property=\"og:locale\" content=\"fr_FR\" \/>\n<meta property=\"og:type\" content=\"article\" \/>\n<meta property=\"og:title\" content=\"Room IPTV: Installation Et Configuration Sur votre t\u00e9l\u00e9viseur Samsung TV [GRATUIT] - maestrotv\" \/>\n<meta property=\"og:description\" content=\"comment installer et configurer Room iptv&nbsp;sur votre smart tv Samsung&nbsp; L\u2019application Room iptv est l\u2019un des meilleurs lecteurs de fichiers lien et m3u, dans ce tutoriel, vous apprendrez facilement comment installer et configurer Room iptv sur Samsung Smart TV en quelques \u00e9tapes OBTENIR UN ABONNEMENT NB :&nbsp;L\u2019application est disponible sur les SMART TV Samsung, mais [&hellip;]\" \/>\n<meta property=\"og:url\" content=\"https:\/\/maestroiptv.org\/index.php\/room-iptv-installation-et-configuration-sur-votre-televiseur-samsung-tv-gratuit\/\" \/>\n<meta property=\"og:site_name\" content=\"maestrotv\" \/>\n<meta property=\"og:image\" content=\"https:\/\/abonnement-iptv4u.b-cdn.net\/wp-content\/uploads\/2022\/03\/Subir-Lista-Room-IPTV.jpg?is-pending-load=1\" \/>\n<meta name=\"twitter:card\" content=\"summary_large_image\" \/>\n<meta name=\"twitter:label1\" content=\"Dur\u00e9e de lecture estim\u00e9e\" \/>\n\t<meta name=\"twitter:data1\" content=\"3 minutes\" \/>\n<script type=\"application\/ld+json\" class=\"yoast-schema-graph\">{\"@context\":\"https:\\\/\\\/schema.org\",\"@graph\":[{\"@type\":\"WebPage\",\"@id\":\"https:\\\/\\\/maestroiptv.org\\\/index.php\\\/room-iptv-installation-et-configuration-sur-votre-televiseur-samsung-tv-gratuit\\\/\",\"url\":\"https:\\\/\\\/maestroiptv.org\\\/index.php\\\/room-iptv-installation-et-configuration-sur-votre-televiseur-samsung-tv-gratuit\\\/\",\"name\":\"Room IPTV: Installation Et Configuration Sur votre t\u00e9l\u00e9viseur Samsung TV [GRATUIT] - maestrotv\",\"isPartOf\":{\"@id\":\"https:\\\/\\\/maestroiptv.org\\\/#website\"},\"primaryImageOfPage\":{\"@id\":\"https:\\\/\\\/maestroiptv.org\\\/index.php\\\/room-iptv-installation-et-configuration-sur-votre-televiseur-samsung-tv-gratuit\\\/#primaryimage\"},\"image\":{\"@id\":\"https:\\\/\\\/maestroiptv.org\\\/index.php\\\/room-iptv-installation-et-configuration-sur-votre-televiseur-samsung-tv-gratuit\\\/#primaryimage\"},\"thumbnailUrl\":\"https:\\\/\\\/abonnement-iptv4u.b-cdn.net\\\/wp-content\\\/uploads\\\/2022\\\/03\\\/Subir-Lista-Room-IPTV.jpg?is-pending-load=1\",\"datePublished\":\"2023-08-29T23:00:23+00:00\",\"breadcrumb\":{\"@id\":\"https:\\\/\\\/maestroiptv.org\\\/index.php\\\/room-iptv-installation-et-configuration-sur-votre-televiseur-samsung-tv-gratuit\\\/#breadcrumb\"},\"inLanguage\":\"fr-FR\",\"potentialAction\":[{\"@type\":\"ReadAction\",\"target\":[\"https:\\\/\\\/maestroiptv.org\\\/index.php\\\/room-iptv-installation-et-configuration-sur-votre-televiseur-samsung-tv-gratuit\\\/\"]}]},{\"@type\":\"ImageObject\",\"inLanguage\":\"fr-FR\",\"@id\":\"https:\\\/\\\/maestroiptv.org\\\/index.php\\\/room-iptv-installation-et-configuration-sur-votre-televiseur-samsung-tv-gratuit\\\/#primaryimage\",\"url\":\"https:\\\/\\\/abonnement-iptv4u.b-cdn.net\\\/wp-content\\\/uploads\\\/2022\\\/03\\\/Subir-Lista-Room-IPTV.jpg?is-pending-load=1\",\"contentUrl\":\"https:\\\/\\\/abonnement-iptv4u.b-cdn.net\\\/wp-content\\\/uploads\\\/2022\\\/03\\\/Subir-Lista-Room-IPTV.jpg?is-pending-load=1\"},{\"@type\":\"BreadcrumbList\",\"@id\":\"https:\\\/\\\/maestroiptv.org\\\/index.php\\\/room-iptv-installation-et-configuration-sur-votre-televiseur-samsung-tv-gratuit\\\/#breadcrumb\",\"itemListElement\":[{\"@type\":\"ListItem\",\"position\":1,\"name\":\"Home\",\"item\":\"https:\\\/\\\/maestroiptv.org\\\/\"},{\"@type\":\"ListItem\",\"position\":2,\"name\":\"Room IPTV: Installation Et Configuration Sur votre t\u00e9l\u00e9viseur Samsung TV [GRATUIT]\"}]},{\"@type\":\"WebSite\",\"@id\":\"https:\\\/\\\/maestroiptv.org\\\/#website\",\"url\":\"https:\\\/\\\/maestroiptv.org\\\/\",\"name\":\"maestrotv\",\"description\":\"\",\"publisher\":{\"@id\":\"https:\\\/\\\/maestroiptv.org\\\/#organization\"},\"potentialAction\":[{\"@type\":\"SearchAction\",\"target\":{\"@type\":\"EntryPoint\",\"urlTemplate\":\"https:\\\/\\\/maestroiptv.org\\\/?s={search_term_string}\"},\"query-input\":{\"@type\":\"PropertyValueSpecification\",\"valueRequired\":true,\"valueName\":\"search_term_string\"}}],\"inLanguage\":\"fr-FR\"},{\"@type\":\"Organization\",\"@id\":\"https:\\\/\\\/maestroiptv.org\\\/#organization\",\"name\":\"maestrotv\",\"url\":\"https:\\\/\\\/maestroiptv.org\\\/\",\"logo\":{\"@type\":\"ImageObject\",\"inLanguage\":\"fr-FR\",\"@id\":\"https:\\\/\\\/maestroiptv.org\\\/#\\\/schema\\\/logo\\\/image\\\/\",\"url\":\"https:\\\/\\\/maestroiptv.org\\\/wp-content\\\/uploads\\\/2023\\\/07\\\/Logo.png\",\"contentUrl\":\"https:\\\/\\\/maestroiptv.org\\\/wp-content\\\/uploads\\\/2023\\\/07\\\/Logo.png\",\"width\":114,\"height\":114,\"caption\":\"maestrotv\"},\"image\":{\"@id\":\"https:\\\/\\\/maestroiptv.org\\\/#\\\/schema\\\/logo\\\/image\\\/\"}}]}<\/script>\n<!-- \/ Yoast SEO plugin. -->","yoast_head_json":{"title":"Room IPTV: Installation Et Configuration Sur votre t\u00e9l\u00e9viseur Samsung TV [GRATUIT] - maestrotv","robots":{"index":"index","follow":"follow","max-snippet":"max-snippet:-1","max-image-preview":"max-image-preview:large","max-video-preview":"max-video-preview:-1"},"canonical":"https:\/\/maestroiptv.org\/index.php\/room-iptv-installation-et-configuration-sur-votre-televiseur-samsung-tv-gratuit\/","og_locale":"fr_FR","og_type":"article","og_title":"Room IPTV: Installation Et Configuration Sur votre t\u00e9l\u00e9viseur Samsung TV [GRATUIT] - maestrotv","og_description":"comment installer et configurer Room iptv&nbsp;sur votre smart tv Samsung&nbsp; L\u2019application Room iptv est l\u2019un des meilleurs lecteurs de fichiers lien et m3u, dans ce tutoriel, vous apprendrez facilement comment installer et configurer Room iptv sur Samsung Smart TV en quelques \u00e9tapes OBTENIR UN ABONNEMENT NB :&nbsp;L\u2019application est disponible sur les SMART TV Samsung, mais [&hellip;]","og_url":"https:\/\/maestroiptv.org\/index.php\/room-iptv-installation-et-configuration-sur-votre-televiseur-samsung-tv-gratuit\/","og_site_name":"maestrotv","og_image":[{"url":"https:\/\/abonnement-iptv4u.b-cdn.net\/wp-content\/uploads\/2022\/03\/Subir-Lista-Room-IPTV.jpg?is-pending-load=1","type":"","width":"","height":""}],"twitter_card":"summary_large_image","twitter_misc":{"Dur\u00e9e de lecture estim\u00e9e":"3 minutes"},"schema":{"@context":"https:\/\/schema.org","@graph":[{"@type":"WebPage","@id":"https:\/\/maestroiptv.org\/index.php\/room-iptv-installation-et-configuration-sur-votre-televiseur-samsung-tv-gratuit\/","url":"https:\/\/maestroiptv.org\/index.php\/room-iptv-installation-et-configuration-sur-votre-televiseur-samsung-tv-gratuit\/","name":"Room IPTV: Installation Et Configuration Sur votre t\u00e9l\u00e9viseur Samsung TV [GRATUIT] - maestrotv","isPartOf":{"@id":"https:\/\/maestroiptv.org\/#website"},"primaryImageOfPage":{"@id":"https:\/\/maestroiptv.org\/index.php\/room-iptv-installation-et-configuration-sur-votre-televiseur-samsung-tv-gratuit\/#primaryimage"},"image":{"@id":"https:\/\/maestroiptv.org\/index.php\/room-iptv-installation-et-configuration-sur-votre-televiseur-samsung-tv-gratuit\/#primaryimage"},"thumbnailUrl":"https:\/\/abonnement-iptv4u.b-cdn.net\/wp-content\/uploads\/2022\/03\/Subir-Lista-Room-IPTV.jpg?is-pending-load=1","datePublished":"2023-08-29T23:00:23+00:00","breadcrumb":{"@id":"https:\/\/maestroiptv.org\/index.php\/room-iptv-installation-et-configuration-sur-votre-televiseur-samsung-tv-gratuit\/#breadcrumb"},"inLanguage":"fr-FR","potentialAction":[{"@type":"ReadAction","target":["https:\/\/maestroiptv.org\/index.php\/room-iptv-installation-et-configuration-sur-votre-televiseur-samsung-tv-gratuit\/"]}]},{"@type":"ImageObject","inLanguage":"fr-FR","@id":"https:\/\/maestroiptv.org\/index.php\/room-iptv-installation-et-configuration-sur-votre-televiseur-samsung-tv-gratuit\/#primaryimage","url":"https:\/\/abonnement-iptv4u.b-cdn.net\/wp-content\/uploads\/2022\/03\/Subir-Lista-Room-IPTV.jpg?is-pending-load=1","contentUrl":"https:\/\/abonnement-iptv4u.b-cdn.net\/wp-content\/uploads\/2022\/03\/Subir-Lista-Room-IPTV.jpg?is-pending-load=1"},{"@type":"BreadcrumbList","@id":"https:\/\/maestroiptv.org\/index.php\/room-iptv-installation-et-configuration-sur-votre-televiseur-samsung-tv-gratuit\/#breadcrumb","itemListElement":[{"@type":"ListItem","position":1,"name":"Home","item":"https:\/\/maestroiptv.org\/"},{"@type":"ListItem","position":2,"name":"Room IPTV: Installation Et Configuration Sur votre t\u00e9l\u00e9viseur Samsung TV [GRATUIT]"}]},{"@type":"WebSite","@id":"https:\/\/maestroiptv.org\/#website","url":"https:\/\/maestroiptv.org\/","name":"maestrotv","description":"","publisher":{"@id":"https:\/\/maestroiptv.org\/#organization"},"potentialAction":[{"@type":"SearchAction","target":{"@type":"EntryPoint","urlTemplate":"https:\/\/maestroiptv.org\/?s={search_term_string}"},"query-input":{"@type":"PropertyValueSpecification","valueRequired":true,"valueName":"search_term_string"}}],"inLanguage":"fr-FR"},{"@type":"Organization","@id":"https:\/\/maestroiptv.org\/#organization","name":"maestrotv","url":"https:\/\/maestroiptv.org\/","logo":{"@type":"ImageObject","inLanguage":"fr-FR","@id":"https:\/\/maestroiptv.org\/#\/schema\/logo\/image\/","url":"https:\/\/maestroiptv.org\/wp-content\/uploads\/2023\/07\/Logo.png","contentUrl":"https:\/\/maestroiptv.org\/wp-content\/uploads\/2023\/07\/Logo.png","width":114,"height":114,"caption":"maestrotv"},"image":{"@id":"https:\/\/maestroiptv.org\/#\/schema\/logo\/image\/"}}]}},"_links":{"self":[{"href":"https:\/\/maestroiptv.org\/index.php\/wp-json\/wp\/v2\/pages\/1575","targetHints":{"allow":["GET"]}}],"collection":[{"href":"https:\/\/maestroiptv.org\/index.php\/wp-json\/wp\/v2\/pages"}],"about":[{"href":"https:\/\/maestroiptv.org\/index.php\/wp-json\/wp\/v2\/types\/page"}],"author":[{"embeddable":true,"href":"https:\/\/maestroiptv.org\/index.php\/wp-json\/wp\/v2\/users\/1"}],"replies":[{"embeddable":true,"href":"https:\/\/maestroiptv.org\/index.php\/wp-json\/wp\/v2\/comments?post=1575"}],"version-history":[{"count":1,"href":"https:\/\/maestroiptv.org\/index.php\/wp-json\/wp\/v2\/pages\/1575\/revisions"}],"predecessor-version":[{"id":1576,"href":"https:\/\/maestroiptv.org\/index.php\/wp-json\/wp\/v2\/pages\/1575\/revisions\/1576"}],"wp:attachment":[{"href":"https:\/\/maestroiptv.org\/index.php\/wp-json\/wp\/v2\/media?parent=1575"}],"curies":[{"name":"wp","href":"https:\/\/api.w.org\/{rel}","templated":true}]}}