{"id":1577,"date":"2023-08-30T01:02:50","date_gmt":"2023-08-29T23:02:50","guid":{"rendered":"https:\/\/maestroiptv.org\/?page_id=1577"},"modified":"2023-08-30T01:34:17","modified_gmt":"2023-08-29T23:34:17","slug":"plex-iptv-comment-installer-et-configurer-votre-iptv-sur-plex-player-2021","status":"publish","type":"page","link":"https:\/\/maestroiptv.org\/index.php\/plex-iptv-comment-installer-et-configurer-votre-iptv-sur-plex-player-2021\/","title":{"rendered":"Plex IPTV | Comment installer et Configurer votre IPTV sur Plex Player (2023)"},"content":{"rendered":"\n<figure class=\"wp-block-image\"><img decoding=\"async\" src=\"https:\/\/abonnement-iptv4u.b-cdn.net\/wp-content\/uploads\/2021\/03\/maxresdefault-1024x576.jpg\" alt=\"plex iptv\"\/><\/figure>\n\n\n\n<p>Cet article est d\u00e9di\u00e9 \u00e0 tous les utilisateurs de&nbsp;<a href=\"https:\/\/www.plex.tv\/fr\/media-server-downloads\/\" rel=\"noreferrer noopener\" target=\"_blank\">Plex<\/a>&nbsp;IPTV. Aujourd\u2019hui, nous allons partager comment installer et regarder l\u2019IPTV sur&nbsp;<a href=\"https:\/\/www.plex.tv\/fr\/media-server-downloads\/\" rel=\"noreferrer noopener\" target=\"_blank\">Plex<\/a>.La plupart d\u2019entre vous connaissent d\u00e9j\u00e0&nbsp;<a href=\"https:\/\/www.plex.tv\/fr\/media-server-downloads\/\" rel=\"noreferrer noopener\" target=\"_blank\">Plex ipt<\/a>v, y compris comment l\u2019utiliser, et ceux qui ne le connaissent pas le sauront apr\u00e8s avoir lu cet article. Fondamentalement, il s\u2019agit d\u2019une application de lecteur multim\u00e9dia num\u00e9rique d\u00e9velopp\u00e9e par Plex IPTV, Inc.<\/p>\n\n\n\n<p><a href=\"https:\/\/maestroiptv.org\/index.php\/abonnement-vip-iptv\/\">ACHETER MAINTENANT<\/a><\/p>\n\n\n\n<p>Plex iptv vous permet d\u2019acc\u00e9der \u00e0 la musique, aux images et aux vid\u00e9os d\u2019un ordinateur \u00e0 un autre. Il peut \u00eatre utilis\u00e9 sur de nombreuses plates-formes, telles que Amazon Fire TV, Roku, Android TV, Apple TV, PlayStation 3, Microsoft Windows, Xbox, 360, Xbox One, etc. Comme il est utilis\u00e9 dans le monde entier, il propose 43 langues diff\u00e9rentes pour les personnes qui parlent diff\u00e9rentes langues maternelles. Maintenant, vous pensez \u00e0 ce que le lecteur multim\u00e9dia&nbsp;<a href=\"https:\/\/www.plex.tv\/fr\/media-server-downloads\/\" rel=\"noreferrer noopener\" target=\"_blank\">Plex iptv<\/a>&nbsp;peut faire et \u00e0 quel point il nous est utile. J\u2019ai \u00e9galement r\u00e9pondu \u00e0 cet article, continuez \u00e0 lire pour en savoir plus.<\/p>\n\n\n\n<p>En utilisant IPTV sur&nbsp;<a href=\"https:\/\/www.plex.tv\/fr\/media-server-downloads\/\" rel=\"noreferrer noopener\" target=\"_blank\">Plex iptv,<\/a>&nbsp;vous pouvez acc\u00e9der \u00e0 des films, des chansons, des photos, etc. Favoris stock\u00e9s sur l\u2019ordinateur. La condition pour cela est que le PC ou l\u2019ordinateur doit avoir un serveur multim\u00e9dia Plex iptv actif. Vous pouvez \u00e9galement autoriser d\u2019autres proches \u00e0 regarder des films ou d\u2019autres m\u00e9dias stock\u00e9s sur votre ordinateur.<\/p>\n\n\n\n<p>Cela signifie qu\u2019ils ne peuvent en profiter qu\u2019\u00e0 la maison, sans avoir \u00e0 retourner chez vous en personne. Ceci est utile lorsqu\u2019ils sont trop loin de vous et veulent vous contacter.<\/p>\n\n\n\n<h3 class=\"wp-block-heading\">Comment installer IPTV sur&nbsp;<a href=\"https:\/\/www.plex.tv\/fr\/media-server-downloads\/\" rel=\"noreferrer noopener\" target=\"_blank\">Plex<\/a>&nbsp;:<\/h3>\n\n\n\n<p>Il existe deux fa\u00e7ons principales de regarder l\u2019IPTV sur Plex. Nous allons pr\u00e9senter ces deux plug-ins plex IPTV. Le premier consiste \u00e0 utiliser la playlist m3u, qui n\u00e9cessite l\u2019URL de playlist fournie par le fournisseur IPTV.<\/p>\n\n\n\n<p>L\u2019autre est la m\u00e9thode du lecteur pr\u00e9charg\u00e9, qui vous permet de regarder du contenu charg\u00e9 sans vous abonner \u00e0 un service IPTV sp\u00e9cifique. Dans cet article, nous discuterons de deux fa\u00e7ons de regarder l\u2019IPTV sur Plex. Si vous voulez en savoir plus, continuez \u00e0 lire.<\/p>\n\n\n\n<h3 class=\"wp-block-heading\">M\u00e9thode 1: M\u00e9thode de liste de lecture M3U<\/h3>\n\n\n\n<p>Il s\u2019agit d\u2019une m\u00e9thode tr\u00e8s g\u00e9n\u00e9rale et la plus courante \u00e0 cet effet. Les instructions pour apprendre \u00e0 diffuser IPTV sur Plex sont donn\u00e9es ci-dessous:<\/p>\n\n\n\n<ul class=\"wp-block-list\">\n<li>Commencez par installer Cigaras IPTV Channel, puis acc\u00e9dez \u00e0 la section&nbsp;<strong>Cha\u00eenes<\/strong>&nbsp;du lecteur multim\u00e9dia Plex.<\/li>\n\n\n\n<li>Maintenant, sur l\u2019addon IPTV, cliquez sur l\u2019ic\u00f4ne&nbsp;<strong>Param\u00e8tres<\/strong>&nbsp;pour continuer.<\/li>\n\n\n\n<li>Une nouvelle fen\u00eatre appara\u00eetra o\u00f9 vous verrez deux champs. Si vous avez une liste de lecture de type IPTV&nbsp;<strong>.m3u<\/strong>, entrez-la dans la premi\u00e8re et si elle est de type&nbsp;<strong>XMLTV<\/strong>&nbsp;ou&nbsp;<strong>EPG<\/strong>, dans la seconde.<\/li>\n<\/ul>\n\n\n\n<p><a href=\"https:\/\/maestroiptv.org\/index.php\/abonnement-vip-iptv\/\">ACHETER MAINTENANT<\/a><\/p>\n\n\n\n<figure class=\"wp-block-image\"><img decoding=\"async\" src=\"https:\/\/abonnement-iptv4u.b-cdn.net\/wp-content\/uploads\/2021\/03\/plex1.jpg?is-pending-load=1\" alt=\"Plex iptv\" class=\"wp-image-205327\"\/><\/figure>\n\n\n\n<ul class=\"wp-block-list\">\n<li>Maintenant, jetez un coup d\u2019\u0153il aux autres&nbsp;<strong>param\u00e8tres<\/strong>&nbsp;et cliquez sur le bouton ENREGISTRER pr\u00e9sent dans la fen\u00eatre<\/li>\n\n\n\n<li>Apr\u00e8s cela, ouvrez le&nbsp;<strong>plugin IPTV<\/strong>&nbsp;et ouvrez la section&nbsp;<strong>Afficher la liste de lecture<\/strong>.<\/li>\n\n\n\n<li>Une liste de&nbsp;<strong>cha\u00eenes<\/strong>&nbsp;s\u2019ouvrira et s\u00e9lectionnera celle que vous souhaitez diffuser.<\/li>\n<\/ul>\n\n\n\n<figure class=\"wp-block-image is-resized\"><img fetchpriority=\"high\" decoding=\"async\" src=\"https:\/\/abonnement-iptv4u.b-cdn.net\/wp-content\/uploads\/2021\/03\/plex2.jpg?is-pending-load=1\" alt=\"\" class=\"wp-image-205345\" style=\"width:498px;height:258px\" width=\"498\" height=\"258\"\/><\/figure>\n\n\n\n<h3 class=\"wp-block-heading\">M\u00e9thode: 2 lecteur&nbsp;<a href=\"https:\/\/www.plex.tv\/fr\/media-server-downloads\/\" rel=\"noreferrer noopener\" target=\"_blank\">Plex IPTV<\/a>&nbsp;pr\u00e9charg\u00e9<\/h3>\n\n\n\n<p>Nous arrivons maintenant \u00e0 cette m\u00e9thode de streaming IPTV dans laquelle vous obtiendrez du contenu pr\u00e9charg\u00e9 \u00e0 partir de plusieurs applications. Vous n\u2019avez pas besoin d\u2019un fournisseur de services IPTV dans cette m\u00e9thode, ce qui signifie que cette m\u00e9thode de streaming est totalement gratuite. Bien que vous ayez moins de contenu \u00e0 regarder, l\u2019installation de ces applications ne pr\u00e9sente aucun inconv\u00e9nient, car quelque chose vaut mieux que rien. Pour regarder IPTV sur plex iptv \u00e0 l\u2019aide du lecteur IPTV Plex pr\u00e9charg\u00e9, suivez le guide par \u00e9tapes ci-dessous<\/p>\n\n\n\n<ul class=\"wp-block-list\">\n<li>Tout d\u2019abord, t\u00e9l\u00e9chargez et installez&nbsp;<strong>CCloud TV<\/strong>&nbsp;\u00e0 partir de l\u2019App Store ou de l\u2019application de t\u00e9l\u00e9chargement.<\/li>\n\n\n\n<li>Apr\u00e8s cela, lancez l\u2019application install\u00e9e \u00e0 partir de la section&nbsp;<strong>chaines<\/strong>&nbsp;du Plex.<\/li>\n\n\n\n<li>Maintenant, retrouvez l\u2019option Cha\u00eenes et ouvrez-la.<\/li>\n\n\n\n<li>Maintenant,&nbsp;<strong>s\u00e9lectionnez<\/strong>&nbsp;la vue Page pour voir toutes les cha\u00eenes fournies par cette application dans les groupes de 10.<\/li>\n\n\n\n<li>Ici, vous pouvez \u00e9galement utiliser la fonction&nbsp;<strong>Signet<\/strong>&nbsp;pour diffuser plus rapidement votre contenu r\u00e9cemment regard\u00e9.<\/li>\n<\/ul>\n\n\n\n<p><strong>REMARQUE:&nbsp;<\/strong>vous pouvez \u00e9galement diffuser en utilisant l\u2019URL de la liste de lecture m3u. Entrez simplement les param\u00e8tres de CCloud et entrez l\u2019URL dans le champ requis pour profiter du streaming. Une autre chose \u00e0 vous dire est que CCloud n\u2019est pas aussi performant que Cigaras IPTV pour fonctionner. Donc, si vous souhaitez diffuser la liste de lecture m3u, prenez la priorit\u00e9 Cigaras IPTV.<\/p>\n\n\n\n<h4 class=\"wp-block-heading\">Conclusion<\/h4>\n\n\n\n<p>Vous connaissez Plex iptv, ses caract\u00e9ristiques et ses avantages. Dans cet article, vous trouverez \u00e9galement des m\u00e9thodes pour regarder IPTV sur Plex iptv avec et sans fournisseur de services IPTV. Le plex iptv est une chose \u00e9tonnante s\u2019il est utilis\u00e9 correctement.<\/p>\n\n\n\n<p>J\u2019esp\u00e8re que vous trouverez cet article utile et satisfaisable. Maintenant, vous connaissez la proc\u00e9dure pour&nbsp;<strong>configurer IPTV sur Plex<\/strong>&nbsp;et le faire vous-m\u00eame. Si vous avez des doutes ou des suggestions concernant les informations fournies, veuillez nous en informer.&nbsp;<\/p>\n","protected":false},"excerpt":{"rendered":"<p>Cet article est d\u00e9di\u00e9 \u00e0 tous les utilisateurs de&nbsp;Plex&nbsp;IPTV. Aujourd\u2019hui, nous allons partager comment installer et regarder l\u2019IPTV sur&nbsp;Plex.La plupart d\u2019entre vous connaissent d\u00e9j\u00e0&nbsp;Plex iptv, y compris comment l\u2019utiliser, et ceux qui ne le connaissent pas le sauront apr\u00e8s avoir lu cet article. Fondamentalement, il s\u2019agit d\u2019une application de lecteur multim\u00e9dia num\u00e9rique d\u00e9velopp\u00e9e par Plex [&hellip;]<\/p>\n","protected":false},"author":1,"featured_media":0,"parent":0,"menu_order":0,"comment_status":"closed","ping_status":"closed","template":"","meta":{"footnotes":""},"class_list":["post-1577","page","type-page","status-publish","hentry"],"blocksy_meta":[],"yoast_head":"<!-- This site is optimized with the Yoast SEO plugin v27.5 - https:\/\/yoast.com\/product\/yoast-seo-wordpress\/ -->\n<title>Plex IPTV | Comment installer et Configurer votre IPTV sur Plex Player (2023) - maestrotv<\/title>\n<meta name=\"robots\" content=\"index, follow, max-snippet:-1, max-image-preview:large, max-video-preview:-1\" \/>\n<link rel=\"canonical\" href=\"https:\/\/maestroiptv.org\/index.php\/plex-iptv-comment-installer-et-configurer-votre-iptv-sur-plex-player-2021\/\" \/>\n<meta property=\"og:locale\" content=\"fr_FR\" \/>\n<meta property=\"og:type\" content=\"article\" \/>\n<meta property=\"og:title\" content=\"Plex IPTV | Comment installer et Configurer votre IPTV sur Plex Player (2023) - maestrotv\" \/>\n<meta property=\"og:description\" content=\"Cet article est d\u00e9di\u00e9 \u00e0 tous les utilisateurs de&nbsp;Plex&nbsp;IPTV. Aujourd\u2019hui, nous allons partager comment installer et regarder l\u2019IPTV sur&nbsp;Plex.La plupart d\u2019entre vous connaissent d\u00e9j\u00e0&nbsp;Plex iptv, y compris comment l\u2019utiliser, et ceux qui ne le connaissent pas le sauront apr\u00e8s avoir lu cet article. Fondamentalement, il s\u2019agit d\u2019une application de lecteur multim\u00e9dia num\u00e9rique d\u00e9velopp\u00e9e par Plex [&hellip;]\" \/>\n<meta property=\"og:url\" content=\"https:\/\/maestroiptv.org\/index.php\/plex-iptv-comment-installer-et-configurer-votre-iptv-sur-plex-player-2021\/\" \/>\n<meta property=\"og:site_name\" content=\"maestrotv\" \/>\n<meta property=\"article:modified_time\" content=\"2023-08-29T23:34:17+00:00\" \/>\n<meta property=\"og:image\" content=\"https:\/\/abonnement-iptv4u.b-cdn.net\/wp-content\/uploads\/2021\/03\/maxresdefault-1024x576.jpg\" \/>\n<meta name=\"twitter:card\" content=\"summary_large_image\" \/>\n<meta name=\"twitter:label1\" content=\"Dur\u00e9e de lecture estim\u00e9e\" \/>\n\t<meta name=\"twitter:data1\" content=\"5 minutes\" \/>\n<script type=\"application\/ld+json\" class=\"yoast-schema-graph\">{\"@context\":\"https:\\\/\\\/schema.org\",\"@graph\":[{\"@type\":\"WebPage\",\"@id\":\"https:\\\/\\\/maestroiptv.org\\\/index.php\\\/plex-iptv-comment-installer-et-configurer-votre-iptv-sur-plex-player-2021\\\/\",\"url\":\"https:\\\/\\\/maestroiptv.org\\\/index.php\\\/plex-iptv-comment-installer-et-configurer-votre-iptv-sur-plex-player-2021\\\/\",\"name\":\"Plex IPTV | Comment installer et Configurer votre IPTV sur Plex Player (2023) - maestrotv\",\"isPartOf\":{\"@id\":\"https:\\\/\\\/maestroiptv.org\\\/#website\"},\"primaryImageOfPage\":{\"@id\":\"https:\\\/\\\/maestroiptv.org\\\/index.php\\\/plex-iptv-comment-installer-et-configurer-votre-iptv-sur-plex-player-2021\\\/#primaryimage\"},\"image\":{\"@id\":\"https:\\\/\\\/maestroiptv.org\\\/index.php\\\/plex-iptv-comment-installer-et-configurer-votre-iptv-sur-plex-player-2021\\\/#primaryimage\"},\"thumbnailUrl\":\"https:\\\/\\\/abonnement-iptv4u.b-cdn.net\\\/wp-content\\\/uploads\\\/2021\\\/03\\\/maxresdefault-1024x576.jpg\",\"datePublished\":\"2023-08-29T23:02:50+00:00\",\"dateModified\":\"2023-08-29T23:34:17+00:00\",\"breadcrumb\":{\"@id\":\"https:\\\/\\\/maestroiptv.org\\\/index.php\\\/plex-iptv-comment-installer-et-configurer-votre-iptv-sur-plex-player-2021\\\/#breadcrumb\"},\"inLanguage\":\"fr-FR\",\"potentialAction\":[{\"@type\":\"ReadAction\",\"target\":[\"https:\\\/\\\/maestroiptv.org\\\/index.php\\\/plex-iptv-comment-installer-et-configurer-votre-iptv-sur-plex-player-2021\\\/\"]}]},{\"@type\":\"ImageObject\",\"inLanguage\":\"fr-FR\",\"@id\":\"https:\\\/\\\/maestroiptv.org\\\/index.php\\\/plex-iptv-comment-installer-et-configurer-votre-iptv-sur-plex-player-2021\\\/#primaryimage\",\"url\":\"https:\\\/\\\/abonnement-iptv4u.b-cdn.net\\\/wp-content\\\/uploads\\\/2021\\\/03\\\/maxresdefault-1024x576.jpg\",\"contentUrl\":\"https:\\\/\\\/abonnement-iptv4u.b-cdn.net\\\/wp-content\\\/uploads\\\/2021\\\/03\\\/maxresdefault-1024x576.jpg\"},{\"@type\":\"BreadcrumbList\",\"@id\":\"https:\\\/\\\/maestroiptv.org\\\/index.php\\\/plex-iptv-comment-installer-et-configurer-votre-iptv-sur-plex-player-2021\\\/#breadcrumb\",\"itemListElement\":[{\"@type\":\"ListItem\",\"position\":1,\"name\":\"Home\",\"item\":\"https:\\\/\\\/maestroiptv.org\\\/\"},{\"@type\":\"ListItem\",\"position\":2,\"name\":\"Plex IPTV | Comment installer et Configurer votre IPTV sur Plex Player (2023)\"}]},{\"@type\":\"WebSite\",\"@id\":\"https:\\\/\\\/maestroiptv.org\\\/#website\",\"url\":\"https:\\\/\\\/maestroiptv.org\\\/\",\"name\":\"maestrotv\",\"description\":\"\",\"publisher\":{\"@id\":\"https:\\\/\\\/maestroiptv.org\\\/#organization\"},\"potentialAction\":[{\"@type\":\"SearchAction\",\"target\":{\"@type\":\"EntryPoint\",\"urlTemplate\":\"https:\\\/\\\/maestroiptv.org\\\/?s={search_term_string}\"},\"query-input\":{\"@type\":\"PropertyValueSpecification\",\"valueRequired\":true,\"valueName\":\"search_term_string\"}}],\"inLanguage\":\"fr-FR\"},{\"@type\":\"Organization\",\"@id\":\"https:\\\/\\\/maestroiptv.org\\\/#organization\",\"name\":\"maestrotv\",\"url\":\"https:\\\/\\\/maestroiptv.org\\\/\",\"logo\":{\"@type\":\"ImageObject\",\"inLanguage\":\"fr-FR\",\"@id\":\"https:\\\/\\\/maestroiptv.org\\\/#\\\/schema\\\/logo\\\/image\\\/\",\"url\":\"https:\\\/\\\/maestroiptv.org\\\/wp-content\\\/uploads\\\/2023\\\/07\\\/Logo.png\",\"contentUrl\":\"https:\\\/\\\/maestroiptv.org\\\/wp-content\\\/uploads\\\/2023\\\/07\\\/Logo.png\",\"width\":114,\"height\":114,\"caption\":\"maestrotv\"},\"image\":{\"@id\":\"https:\\\/\\\/maestroiptv.org\\\/#\\\/schema\\\/logo\\\/image\\\/\"}}]}<\/script>\n<!-- \/ Yoast SEO plugin. -->","yoast_head_json":{"title":"Plex IPTV | Comment installer et Configurer votre IPTV sur Plex Player (2023) - maestrotv","robots":{"index":"index","follow":"follow","max-snippet":"max-snippet:-1","max-image-preview":"max-image-preview:large","max-video-preview":"max-video-preview:-1"},"canonical":"https:\/\/maestroiptv.org\/index.php\/plex-iptv-comment-installer-et-configurer-votre-iptv-sur-plex-player-2021\/","og_locale":"fr_FR","og_type":"article","og_title":"Plex IPTV | Comment installer et Configurer votre IPTV sur Plex Player (2023) - maestrotv","og_description":"Cet article est d\u00e9di\u00e9 \u00e0 tous les utilisateurs de&nbsp;Plex&nbsp;IPTV. Aujourd\u2019hui, nous allons partager comment installer et regarder l\u2019IPTV sur&nbsp;Plex.La plupart d\u2019entre vous connaissent d\u00e9j\u00e0&nbsp;Plex iptv, y compris comment l\u2019utiliser, et ceux qui ne le connaissent pas le sauront apr\u00e8s avoir lu cet article. Fondamentalement, il s\u2019agit d\u2019une application de lecteur multim\u00e9dia num\u00e9rique d\u00e9velopp\u00e9e par Plex [&hellip;]","og_url":"https:\/\/maestroiptv.org\/index.php\/plex-iptv-comment-installer-et-configurer-votre-iptv-sur-plex-player-2021\/","og_site_name":"maestrotv","article_modified_time":"2023-08-29T23:34:17+00:00","og_image":[{"url":"https:\/\/abonnement-iptv4u.b-cdn.net\/wp-content\/uploads\/2021\/03\/maxresdefault-1024x576.jpg","type":"","width":"","height":""}],"twitter_card":"summary_large_image","twitter_misc":{"Dur\u00e9e de lecture estim\u00e9e":"5 minutes"},"schema":{"@context":"https:\/\/schema.org","@graph":[{"@type":"WebPage","@id":"https:\/\/maestroiptv.org\/index.php\/plex-iptv-comment-installer-et-configurer-votre-iptv-sur-plex-player-2021\/","url":"https:\/\/maestroiptv.org\/index.php\/plex-iptv-comment-installer-et-configurer-votre-iptv-sur-plex-player-2021\/","name":"Plex IPTV | Comment installer et Configurer votre IPTV sur Plex Player (2023) - maestrotv","isPartOf":{"@id":"https:\/\/maestroiptv.org\/#website"},"primaryImageOfPage":{"@id":"https:\/\/maestroiptv.org\/index.php\/plex-iptv-comment-installer-et-configurer-votre-iptv-sur-plex-player-2021\/#primaryimage"},"image":{"@id":"https:\/\/maestroiptv.org\/index.php\/plex-iptv-comment-installer-et-configurer-votre-iptv-sur-plex-player-2021\/#primaryimage"},"thumbnailUrl":"https:\/\/abonnement-iptv4u.b-cdn.net\/wp-content\/uploads\/2021\/03\/maxresdefault-1024x576.jpg","datePublished":"2023-08-29T23:02:50+00:00","dateModified":"2023-08-29T23:34:17+00:00","breadcrumb":{"@id":"https:\/\/maestroiptv.org\/index.php\/plex-iptv-comment-installer-et-configurer-votre-iptv-sur-plex-player-2021\/#breadcrumb"},"inLanguage":"fr-FR","potentialAction":[{"@type":"ReadAction","target":["https:\/\/maestroiptv.org\/index.php\/plex-iptv-comment-installer-et-configurer-votre-iptv-sur-plex-player-2021\/"]}]},{"@type":"ImageObject","inLanguage":"fr-FR","@id":"https:\/\/maestroiptv.org\/index.php\/plex-iptv-comment-installer-et-configurer-votre-iptv-sur-plex-player-2021\/#primaryimage","url":"https:\/\/abonnement-iptv4u.b-cdn.net\/wp-content\/uploads\/2021\/03\/maxresdefault-1024x576.jpg","contentUrl":"https:\/\/abonnement-iptv4u.b-cdn.net\/wp-content\/uploads\/2021\/03\/maxresdefault-1024x576.jpg"},{"@type":"BreadcrumbList","@id":"https:\/\/maestroiptv.org\/index.php\/plex-iptv-comment-installer-et-configurer-votre-iptv-sur-plex-player-2021\/#breadcrumb","itemListElement":[{"@type":"ListItem","position":1,"name":"Home","item":"https:\/\/maestroiptv.org\/"},{"@type":"ListItem","position":2,"name":"Plex IPTV | Comment installer et Configurer votre IPTV sur Plex Player (2023)"}]},{"@type":"WebSite","@id":"https:\/\/maestroiptv.org\/#website","url":"https:\/\/maestroiptv.org\/","name":"maestrotv","description":"","publisher":{"@id":"https:\/\/maestroiptv.org\/#organization"},"potentialAction":[{"@type":"SearchAction","target":{"@type":"EntryPoint","urlTemplate":"https:\/\/maestroiptv.org\/?s={search_term_string}"},"query-input":{"@type":"PropertyValueSpecification","valueRequired":true,"valueName":"search_term_string"}}],"inLanguage":"fr-FR"},{"@type":"Organization","@id":"https:\/\/maestroiptv.org\/#organization","name":"maestrotv","url":"https:\/\/maestroiptv.org\/","logo":{"@type":"ImageObject","inLanguage":"fr-FR","@id":"https:\/\/maestroiptv.org\/#\/schema\/logo\/image\/","url":"https:\/\/maestroiptv.org\/wp-content\/uploads\/2023\/07\/Logo.png","contentUrl":"https:\/\/maestroiptv.org\/wp-content\/uploads\/2023\/07\/Logo.png","width":114,"height":114,"caption":"maestrotv"},"image":{"@id":"https:\/\/maestroiptv.org\/#\/schema\/logo\/image\/"}}]}},"_links":{"self":[{"href":"https:\/\/maestroiptv.org\/index.php\/wp-json\/wp\/v2\/pages\/1577","targetHints":{"allow":["GET"]}}],"collection":[{"href":"https:\/\/maestroiptv.org\/index.php\/wp-json\/wp\/v2\/pages"}],"about":[{"href":"https:\/\/maestroiptv.org\/index.php\/wp-json\/wp\/v2\/types\/page"}],"author":[{"embeddable":true,"href":"https:\/\/maestroiptv.org\/index.php\/wp-json\/wp\/v2\/users\/1"}],"replies":[{"embeddable":true,"href":"https:\/\/maestroiptv.org\/index.php\/wp-json\/wp\/v2\/comments?post=1577"}],"version-history":[{"count":2,"href":"https:\/\/maestroiptv.org\/index.php\/wp-json\/wp\/v2\/pages\/1577\/revisions"}],"predecessor-version":[{"id":1609,"href":"https:\/\/maestroiptv.org\/index.php\/wp-json\/wp\/v2\/pages\/1577\/revisions\/1609"}],"wp:attachment":[{"href":"https:\/\/maestroiptv.org\/index.php\/wp-json\/wp\/v2\/media?parent=1577"}],"curies":[{"name":"wp","href":"https:\/\/api.w.org\/{rel}","templated":true}]}}