{"id":1581,"date":"2023-08-30T01:09:15","date_gmt":"2023-08-29T23:09:15","guid":{"rendered":"https:\/\/maestroiptv.org\/?page_id=1581"},"modified":"2023-08-30T01:09:15","modified_gmt":"2023-08-29T23:09:15","slug":"abonnement-net-iptv-et-configuration","status":"publish","type":"page","link":"https:\/\/maestroiptv.org\/index.php\/abonnement-net-iptv-et-configuration\/","title":{"rendered":"Abonnement NET IPTV et Configuration"},"content":{"rendered":"\n<figure class=\"wp-block-image\"><img decoding=\"async\" src=\"https:\/\/abonnement-iptv4u.b-cdn.net\/wp-content\/uploads\/2020\/09\/Net-ipTV-1024x540.png?is-pending-load=1\" alt=\"abonnement NET IPTV\"\/><\/figure>\n\n\n\n<p>Retrouvez vos cha\u00eene pr\u00e9f\u00e9r\u00e9e sur Samsung Smart TV via l\u2019application NET IPTV. Avec un\u00a0<a href=\"https:\/\/maestroiptv.org\/index.php\/abonnement-vip-iptv\/\">abonnement NET IPTV de 12 mois<\/a>\u00a0, aucun r\u00e9cepteur n\u2019est n\u00e9cessaire. Il vous suffit de connecter votre Smart TV \u00e0 Internet.<\/p>\n\n\n\n<figure class=\"wp-block-image\"><img decoding=\"async\" src=\"https:\/\/abonnement-iptv4u.b-cdn.net\/wp-content\/uploads\/2020\/09\/to-1024x479.png\" alt=\"net iptv\" class=\"wp-image-21778\"\/><\/figure>\n\n\n\n<p>L\u2019abonnement NET IPTV est sp\u00e9cialement con\u00e7u pour les t\u00e9l\u00e9viseurs intelligents \u00abSamsung\u00bb. Il a \u00e9t\u00e9 optimis\u00e9 en termes de qualit\u00e9 d\u2019image et de qualit\u00e9 de diffusion pour s\u2019adapter \u00e0 votre t\u00e9l\u00e9viseur intelligent. Quelle que soit sa taille, il n\u2019a pas besoin de passer par le r\u00e9cepteur ou d\u2019autres produits similaires en HD -La qualit\u00e9 graphique ULTRA HD ET 4K apporte une exp\u00e9rience unique.<\/p>\n\n\n\n<p><strong>Disponible \u00e9galement sur Android<\/strong>.<\/p>\n\n\n\n<p>Pour trouver l\u2019adresse MAC de votre Smart TV il suffit d\u2019acc\u00e9der \u00e0 l\u2019application sur votre Smart TV Samsung&nbsp; ou n\u2019importe quelle Smart TV ou Box Android dot\u00e9e d\u2019un syst\u00e8me Android, sur l\u2019\u00e9cran principal de l\u2019application vous allez voir appara\u00eetre votre adresse MAC.<\/p>\n\n\n\n<p><mark>Merci de&nbsp;renseigner votre adresse Mac dans le panier au moment de l\u2019achat<\/mark><\/p>\n\n\n\n<h2 class=\"wp-block-heading\"><strong>Abonnement NET IPTV pour smart tv Samsung<\/strong><\/h2>\n\n\n\n<p>NET IPTV est un autre lecteur d\u2019abonnement IPTV qui permet aux utilisateurs de voir leurs informations d\u2019abonnement IPTV, de t\u00e9l\u00e9charger du contenu sur votre appareil Android pour un visionnage ult\u00e9rieur et de programmer un enregistrement t\u00e9l\u00e9vis\u00e9 en direct.<\/p>\n\n\n\n<figure class=\"wp-block-image\"><img decoding=\"async\" src=\"https:\/\/abonnement-iptv4u.b-cdn.net\/wp-content\/uploads\/2020\/09\/to2-1024x469.png?is-pending-load=1\" alt=\"abonnement net iptv\" class=\"wp-image-21789\"\/><\/figure>\n\n\n\n<p>Cette application est une nouvelle application pour la nouvelle g\u00e9n\u00e9ration de t\u00e9l\u00e9viseurs Samsung et LG.<\/p>\n","protected":false},"excerpt":{"rendered":"<p>Retrouvez vos cha\u00eene pr\u00e9f\u00e9r\u00e9e sur Samsung Smart TV via l\u2019application NET IPTV. Avec un\u00a0abonnement NET IPTV de 12 mois\u00a0, aucun r\u00e9cepteur n\u2019est n\u00e9cessaire. Il vous suffit de connecter votre Smart TV \u00e0 Internet. L\u2019abonnement NET IPTV est sp\u00e9cialement con\u00e7u pour les t\u00e9l\u00e9viseurs intelligents \u00abSamsung\u00bb. Il a \u00e9t\u00e9 optimis\u00e9 en termes de qualit\u00e9 d\u2019image et de [&hellip;]<\/p>\n","protected":false},"author":1,"featured_media":0,"parent":0,"menu_order":0,"comment_status":"closed","ping_status":"closed","template":"","meta":{"footnotes":""},"class_list":["post-1581","page","type-page","status-publish","hentry"],"blocksy_meta":[],"yoast_head":"<!-- This site is optimized with the Yoast SEO plugin v27.5 - https:\/\/yoast.com\/product\/yoast-seo-wordpress\/ -->\n<title>Abonnement NET IPTV et Configuration - maestrotv<\/title>\n<meta name=\"robots\" content=\"index, follow, max-snippet:-1, max-image-preview:large, max-video-preview:-1\" \/>\n<link rel=\"canonical\" href=\"https:\/\/maestroiptv.org\/index.php\/abonnement-net-iptv-et-configuration\/\" \/>\n<meta property=\"og:locale\" content=\"fr_FR\" \/>\n<meta property=\"og:type\" content=\"article\" \/>\n<meta property=\"og:title\" content=\"Abonnement NET IPTV et Configuration - maestrotv\" \/>\n<meta property=\"og:description\" content=\"Retrouvez vos cha\u00eene pr\u00e9f\u00e9r\u00e9e sur Samsung Smart TV via l\u2019application NET IPTV. Avec un\u00a0abonnement NET IPTV de 12 mois\u00a0, aucun r\u00e9cepteur n\u2019est n\u00e9cessaire. Il vous suffit de connecter votre Smart TV \u00e0 Internet. L\u2019abonnement NET IPTV est sp\u00e9cialement con\u00e7u pour les t\u00e9l\u00e9viseurs intelligents \u00abSamsung\u00bb. Il a \u00e9t\u00e9 optimis\u00e9 en termes de qualit\u00e9 d\u2019image et de [&hellip;]\" \/>\n<meta property=\"og:url\" content=\"https:\/\/maestroiptv.org\/index.php\/abonnement-net-iptv-et-configuration\/\" \/>\n<meta property=\"og:site_name\" content=\"maestrotv\" \/>\n<meta property=\"og:image\" content=\"https:\/\/abonnement-iptv4u.b-cdn.net\/wp-content\/uploads\/2020\/09\/Net-ipTV-1024x540.png?is-pending-load=1\" \/>\n<meta name=\"twitter:card\" content=\"summary_large_image\" \/>\n<meta name=\"twitter:label1\" content=\"Dur\u00e9e de lecture estim\u00e9e\" \/>\n\t<meta name=\"twitter:data1\" content=\"2 minutes\" \/>\n<script type=\"application\/ld+json\" class=\"yoast-schema-graph\">{\"@context\":\"https:\\\/\\\/schema.org\",\"@graph\":[{\"@type\":\"WebPage\",\"@id\":\"https:\\\/\\\/maestroiptv.org\\\/index.php\\\/abonnement-net-iptv-et-configuration\\\/\",\"url\":\"https:\\\/\\\/maestroiptv.org\\\/index.php\\\/abonnement-net-iptv-et-configuration\\\/\",\"name\":\"Abonnement NET IPTV et Configuration - maestrotv\",\"isPartOf\":{\"@id\":\"https:\\\/\\\/maestroiptv.org\\\/#website\"},\"primaryImageOfPage\":{\"@id\":\"https:\\\/\\\/maestroiptv.org\\\/index.php\\\/abonnement-net-iptv-et-configuration\\\/#primaryimage\"},\"image\":{\"@id\":\"https:\\\/\\\/maestroiptv.org\\\/index.php\\\/abonnement-net-iptv-et-configuration\\\/#primaryimage\"},\"thumbnailUrl\":\"https:\\\/\\\/abonnement-iptv4u.b-cdn.net\\\/wp-content\\\/uploads\\\/2020\\\/09\\\/Net-ipTV-1024x540.png?is-pending-load=1\",\"datePublished\":\"2023-08-29T23:09:15+00:00\",\"breadcrumb\":{\"@id\":\"https:\\\/\\\/maestroiptv.org\\\/index.php\\\/abonnement-net-iptv-et-configuration\\\/#breadcrumb\"},\"inLanguage\":\"fr-FR\",\"potentialAction\":[{\"@type\":\"ReadAction\",\"target\":[\"https:\\\/\\\/maestroiptv.org\\\/index.php\\\/abonnement-net-iptv-et-configuration\\\/\"]}]},{\"@type\":\"ImageObject\",\"inLanguage\":\"fr-FR\",\"@id\":\"https:\\\/\\\/maestroiptv.org\\\/index.php\\\/abonnement-net-iptv-et-configuration\\\/#primaryimage\",\"url\":\"https:\\\/\\\/abonnement-iptv4u.b-cdn.net\\\/wp-content\\\/uploads\\\/2020\\\/09\\\/Net-ipTV-1024x540.png?is-pending-load=1\",\"contentUrl\":\"https:\\\/\\\/abonnement-iptv4u.b-cdn.net\\\/wp-content\\\/uploads\\\/2020\\\/09\\\/Net-ipTV-1024x540.png?is-pending-load=1\"},{\"@type\":\"BreadcrumbList\",\"@id\":\"https:\\\/\\\/maestroiptv.org\\\/index.php\\\/abonnement-net-iptv-et-configuration\\\/#breadcrumb\",\"itemListElement\":[{\"@type\":\"ListItem\",\"position\":1,\"name\":\"Home\",\"item\":\"https:\\\/\\\/maestroiptv.org\\\/\"},{\"@type\":\"ListItem\",\"position\":2,\"name\":\"Abonnement NET IPTV et Configuration\"}]},{\"@type\":\"WebSite\",\"@id\":\"https:\\\/\\\/maestroiptv.org\\\/#website\",\"url\":\"https:\\\/\\\/maestroiptv.org\\\/\",\"name\":\"maestrotv\",\"description\":\"\",\"publisher\":{\"@id\":\"https:\\\/\\\/maestroiptv.org\\\/#organization\"},\"potentialAction\":[{\"@type\":\"SearchAction\",\"target\":{\"@type\":\"EntryPoint\",\"urlTemplate\":\"https:\\\/\\\/maestroiptv.org\\\/?s={search_term_string}\"},\"query-input\":{\"@type\":\"PropertyValueSpecification\",\"valueRequired\":true,\"valueName\":\"search_term_string\"}}],\"inLanguage\":\"fr-FR\"},{\"@type\":\"Organization\",\"@id\":\"https:\\\/\\\/maestroiptv.org\\\/#organization\",\"name\":\"maestrotv\",\"url\":\"https:\\\/\\\/maestroiptv.org\\\/\",\"logo\":{\"@type\":\"ImageObject\",\"inLanguage\":\"fr-FR\",\"@id\":\"https:\\\/\\\/maestroiptv.org\\\/#\\\/schema\\\/logo\\\/image\\\/\",\"url\":\"https:\\\/\\\/maestroiptv.org\\\/wp-content\\\/uploads\\\/2023\\\/07\\\/Logo.png\",\"contentUrl\":\"https:\\\/\\\/maestroiptv.org\\\/wp-content\\\/uploads\\\/2023\\\/07\\\/Logo.png\",\"width\":114,\"height\":114,\"caption\":\"maestrotv\"},\"image\":{\"@id\":\"https:\\\/\\\/maestroiptv.org\\\/#\\\/schema\\\/logo\\\/image\\\/\"}}]}<\/script>\n<!-- \/ Yoast SEO plugin. -->","yoast_head_json":{"title":"Abonnement NET IPTV et Configuration - maestrotv","robots":{"index":"index","follow":"follow","max-snippet":"max-snippet:-1","max-image-preview":"max-image-preview:large","max-video-preview":"max-video-preview:-1"},"canonical":"https:\/\/maestroiptv.org\/index.php\/abonnement-net-iptv-et-configuration\/","og_locale":"fr_FR","og_type":"article","og_title":"Abonnement NET IPTV et Configuration - maestrotv","og_description":"Retrouvez vos cha\u00eene pr\u00e9f\u00e9r\u00e9e sur Samsung Smart TV via l\u2019application NET IPTV. Avec un\u00a0abonnement NET IPTV de 12 mois\u00a0, aucun r\u00e9cepteur n\u2019est n\u00e9cessaire. Il vous suffit de connecter votre Smart TV \u00e0 Internet. L\u2019abonnement NET IPTV est sp\u00e9cialement con\u00e7u pour les t\u00e9l\u00e9viseurs intelligents \u00abSamsung\u00bb. Il a \u00e9t\u00e9 optimis\u00e9 en termes de qualit\u00e9 d\u2019image et de [&hellip;]","og_url":"https:\/\/maestroiptv.org\/index.php\/abonnement-net-iptv-et-configuration\/","og_site_name":"maestrotv","og_image":[{"url":"https:\/\/abonnement-iptv4u.b-cdn.net\/wp-content\/uploads\/2020\/09\/Net-ipTV-1024x540.png?is-pending-load=1","type":"","width":"","height":""}],"twitter_card":"summary_large_image","twitter_misc":{"Dur\u00e9e de lecture estim\u00e9e":"2 minutes"},"schema":{"@context":"https:\/\/schema.org","@graph":[{"@type":"WebPage","@id":"https:\/\/maestroiptv.org\/index.php\/abonnement-net-iptv-et-configuration\/","url":"https:\/\/maestroiptv.org\/index.php\/abonnement-net-iptv-et-configuration\/","name":"Abonnement NET IPTV et Configuration - maestrotv","isPartOf":{"@id":"https:\/\/maestroiptv.org\/#website"},"primaryImageOfPage":{"@id":"https:\/\/maestroiptv.org\/index.php\/abonnement-net-iptv-et-configuration\/#primaryimage"},"image":{"@id":"https:\/\/maestroiptv.org\/index.php\/abonnement-net-iptv-et-configuration\/#primaryimage"},"thumbnailUrl":"https:\/\/abonnement-iptv4u.b-cdn.net\/wp-content\/uploads\/2020\/09\/Net-ipTV-1024x540.png?is-pending-load=1","datePublished":"2023-08-29T23:09:15+00:00","breadcrumb":{"@id":"https:\/\/maestroiptv.org\/index.php\/abonnement-net-iptv-et-configuration\/#breadcrumb"},"inLanguage":"fr-FR","potentialAction":[{"@type":"ReadAction","target":["https:\/\/maestroiptv.org\/index.php\/abonnement-net-iptv-et-configuration\/"]}]},{"@type":"ImageObject","inLanguage":"fr-FR","@id":"https:\/\/maestroiptv.org\/index.php\/abonnement-net-iptv-et-configuration\/#primaryimage","url":"https:\/\/abonnement-iptv4u.b-cdn.net\/wp-content\/uploads\/2020\/09\/Net-ipTV-1024x540.png?is-pending-load=1","contentUrl":"https:\/\/abonnement-iptv4u.b-cdn.net\/wp-content\/uploads\/2020\/09\/Net-ipTV-1024x540.png?is-pending-load=1"},{"@type":"BreadcrumbList","@id":"https:\/\/maestroiptv.org\/index.php\/abonnement-net-iptv-et-configuration\/#breadcrumb","itemListElement":[{"@type":"ListItem","position":1,"name":"Home","item":"https:\/\/maestroiptv.org\/"},{"@type":"ListItem","position":2,"name":"Abonnement NET IPTV et Configuration"}]},{"@type":"WebSite","@id":"https:\/\/maestroiptv.org\/#website","url":"https:\/\/maestroiptv.org\/","name":"maestrotv","description":"","publisher":{"@id":"https:\/\/maestroiptv.org\/#organization"},"potentialAction":[{"@type":"SearchAction","target":{"@type":"EntryPoint","urlTemplate":"https:\/\/maestroiptv.org\/?s={search_term_string}"},"query-input":{"@type":"PropertyValueSpecification","valueRequired":true,"valueName":"search_term_string"}}],"inLanguage":"fr-FR"},{"@type":"Organization","@id":"https:\/\/maestroiptv.org\/#organization","name":"maestrotv","url":"https:\/\/maestroiptv.org\/","logo":{"@type":"ImageObject","inLanguage":"fr-FR","@id":"https:\/\/maestroiptv.org\/#\/schema\/logo\/image\/","url":"https:\/\/maestroiptv.org\/wp-content\/uploads\/2023\/07\/Logo.png","contentUrl":"https:\/\/maestroiptv.org\/wp-content\/uploads\/2023\/07\/Logo.png","width":114,"height":114,"caption":"maestrotv"},"image":{"@id":"https:\/\/maestroiptv.org\/#\/schema\/logo\/image\/"}}]}},"_links":{"self":[{"href":"https:\/\/maestroiptv.org\/index.php\/wp-json\/wp\/v2\/pages\/1581","targetHints":{"allow":["GET"]}}],"collection":[{"href":"https:\/\/maestroiptv.org\/index.php\/wp-json\/wp\/v2\/pages"}],"about":[{"href":"https:\/\/maestroiptv.org\/index.php\/wp-json\/wp\/v2\/types\/page"}],"author":[{"embeddable":true,"href":"https:\/\/maestroiptv.org\/index.php\/wp-json\/wp\/v2\/users\/1"}],"replies":[{"embeddable":true,"href":"https:\/\/maestroiptv.org\/index.php\/wp-json\/wp\/v2\/comments?post=1581"}],"version-history":[{"count":1,"href":"https:\/\/maestroiptv.org\/index.php\/wp-json\/wp\/v2\/pages\/1581\/revisions"}],"predecessor-version":[{"id":1582,"href":"https:\/\/maestroiptv.org\/index.php\/wp-json\/wp\/v2\/pages\/1581\/revisions\/1582"}],"wp:attachment":[{"href":"https:\/\/maestroiptv.org\/index.php\/wp-json\/wp\/v2\/media?parent=1581"}],"curies":[{"name":"wp","href":"https:\/\/api.w.org\/{rel}","templated":true}]}}