{"id":1583,"date":"2023-08-30T01:12:59","date_gmt":"2023-08-29T23:12:59","guid":{"rendered":"https:\/\/maestroiptv.org\/?page_id=1583"},"modified":"2023-08-30T01:12:59","modified_gmt":"2023-08-29T23:12:59","slug":"les-instructions-pour-installer-et-utiliser-tivimate-sur-firestick-fire-tv-et-android-tv-box","status":"publish","type":"page","link":"https:\/\/maestroiptv.org\/index.php\/les-instructions-pour-installer-et-utiliser-tivimate-sur-firestick-fire-tv-et-android-tv-box\/","title":{"rendered":"Les instructions pour installer et utiliser TiviMate sur Firestick, Fire TV et Android TV Box."},"content":{"rendered":"\n<figure class=\"wp-block-image\"><img decoding=\"async\" src=\"https:\/\/abonnement-iptv4u.b-cdn.net\/wp-content\/uploads\/2021\/03\/35ed29b8a-1024x576.jpg\" alt=\"TiviMate\"\/><\/figure>\n\n\n\n<p>TiviMate est une application gratuite qui vous permet d\u2019acc\u00e9der en temps r\u00e9el \u00e0 des abonnements IPTV, y compris des films ou des s\u00e9ries t\u00e9l\u00e9vis\u00e9es. Le programme d\u2019application est compatible avec plusieurs supports, tels que la bo\u00eete Android, le t\u00e9l\u00e9phone portable ou la tablette.<\/p>\n\n\n\n<p>Ce tutoriel, \u00e9tape par \u00e9tape, vous fournira des instructions pour installer et utiliser TiviMate sur Firestick, Fire TV et Android TV Box :&nbsp;<\/p>\n\n\n\n<p><video src=\"https:\/\/abonnement-iptv4u.b-cdn.net\/wp-content\/uploads\/2021\/03\/Setup-TiViMate-AppMpgun.com_.mp4\" controls=\"\"><\/video><\/p>\n\n\n\n<p>TiviMate est un lecteur IPTV tout compris populaire qui peut \u00eatre utilis\u00e9 avec les services IPTV qui fournissent des URL M3U.<\/p>\n\n\n\n<h3 class=\"wp-block-heading\">Installer TiviMate sur Firestick \/ Fire TV \/ Android Box<\/h3>\n\n\n\n<p>Une fois que vous avez ouvert et enregistr\u00e9 un compte, vous pouvez installer l\u2019application TiviMate et configurer votre service IPTV pr\u00e9f\u00e9r\u00e9.<\/p>\n\n\n\n<p><strong><a href=\"https:\/\/maestroiptv.org\/index.php\/abonnement-vip-iptv\/\">ABONNEMENT IPTV<\/a><\/strong><\/p>\n\n\n\n<p>Installez donc d\u2019abord l\u2019application TiviMate sur une cl\u00e9 USB Amazon Fire TV 4K et chargez cette application en parall\u00e8le car elle n\u2019est pas disponible dans l\u2019App Store Amazon.<\/p>\n\n\n\n<p>Si vous utilisez une Android TV Box, il est plus que probable que cette application soit disponible dans la boutique Google Play Store. Il suffit de rechercher \u00ab&nbsp;TiviMate IPTV Player&nbsp;\u00bb et de l\u2019installer.<\/p>\n\n\n\n<p>Vous pouvez \u00e9galement voir TiviMate Companion lorsque vous effectuez cette recherche. Cette application est uniquement utilis\u00e9e pour s\u2019inscrire au service de prime que je couvre ci-dessous.<\/p>\n\n\n\n<p><strong><a href=\"https:\/\/maestroiptv.org\/index.php\/abonnement-vip-iptv\/\">ABONNEMENT IPTV<\/a><\/strong><\/p>\n\n\n\n<h3 class=\"wp-block-heading\">Comment installer l\u2019IPTV dans TiviMate<\/h3>\n\n\n\n<p>Une fois l\u2019installation de l\u2019application termin\u00e9e, nous pouvons ouvrir l\u2019application et permettre l\u2019utilisation d\u2019un service IPTV.<\/p>\n\n\n\n<p><strong>NOTE :<\/strong>&nbsp;L\u2019initialisation d\u2019un service IPTV dans TiviMate n\u00e9cessite une URL M3U. Celle-ci se trouve g\u00e9n\u00e9ralement dans l\u2019e-mail de bienvenue de votre service IPTV ou en contactant le service client\u00e8le.<\/p>\n\n\n\n<p><a href=\"https:\/\/maestroiptv.org\/index.php\/abonnement-vip-iptv\/\"><strong>ABONNEMENT IPTV<\/strong><\/a><\/p>\n\n\n\n<p><strong>NOTE IMPORTANTE :<\/strong>&nbsp;Nous avons constat\u00e9 que la configuration dans TiviMate ne fonctionnera pas si votre VPN est activ\u00e9. Assurez-vous d\u2019\u00e9teindre votre VPN avant d\u2019int\u00e9grer votre service IPTV dans cette application.<\/p>\n\n\n\n<p><strong><a href=\"https:\/\/maestroiptv.org\/index.php\/abonnement-vip-iptv\/\">ABONNEMENT IPTV<\/a><\/strong><\/p>\n\n\n\n<p>Une fois l\u2019installation termin\u00e9e, n\u2019h\u00e9sitez pas \u00e0 vous connecter \u00e0 votre VPN pour garantir la s\u00e9curit\u00e9 de la diffusion en continu.<\/p>\n\n\n\n<p>Suivez les \u00e9tapes ci-dessous pour int\u00e9grer le service IPTV dans TiviMate :<\/p>\n\n\n\n<h3 class=\"wp-block-heading\">1. Ouvrez l\u2019application TiviMate et cliquez sur Add Playlist<\/h3>\n\n\n\n<figure class=\"wp-block-image\"><img decoding=\"async\" src=\"https:\/\/abonnement-iptv4u.b-cdn.net\/wp-content\/uploads\/2021\/03\/tivimate1-1024x576.jpg?is-pending-load=1\" alt=\"TiviMate\" class=\"wp-image-232933\"\/><\/figure>\n\n\n\n<h3 class=\"wp-block-heading\">2. Cliquez sur la connexion Xtream Codes<\/h3>\n\n\n\n<figure class=\"wp-block-image\"><img decoding=\"async\" src=\"https:\/\/abonnement-iptv4u.b-cdn.net\/wp-content\/uploads\/2021\/03\/tivimate2-1024x576.jpg?is-pending-load=1\" alt=\"\" class=\"wp-image-232964\"\/><\/figure>\n\n\n\n<h3 class=\"wp-block-heading\">3. Saisissez les informations qui vous sont fournies pour le test gratuit de 24 heures ou pour votre abonnement :<\/h3>\n\n\n\n<p><a href=\"https:\/\/maestroiptv.org\/index.php\/abonnement-vip-iptv\/\">ABONNEMENT IPTV<\/a><\/p>\n\n\n\n<ul class=\"wp-block-list\">\n<li>Server address<\/li>\n\n\n\n<li>Username<\/li>\n\n\n\n<li>The Password<\/li>\n<\/ul>\n\n\n\n<figure class=\"wp-block-image\"><img decoding=\"async\" src=\"https:\/\/abonnement-iptv4u.b-cdn.net\/wp-content\/uploads\/2021\/03\/tivimate3-1024x576.jpg?is-pending-load=1\" alt=\"\" class=\"wp-image-232985\"\/><\/figure>\n\n\n\n<h3 class=\"wp-block-heading\">4. Enregistrez les informations et donnez un nom \u00e0 votre liste de lecture, puis cliquez sur Termin\u00e9. Vous \u00eates maintenant connect\u00e9 \u00e0 votre service IPTV.<\/h3>\n\n\n\n<figure class=\"wp-block-image\"><img decoding=\"async\" src=\"https:\/\/abonnement-iptv4u.b-cdn.net\/wp-content\/uploads\/2021\/03\/tivimate4-1024x576.jpg\" alt=\"\" class=\"wp-image-233030\"\/><\/figure>\n\n\n\n<p><strong>Note:<\/strong>&nbsp;pour un meilleur fonctionnement du service IPTV, utilisez toujours une connexion filaire avec l\u2019internet pour \u00e9viter les pertes, jamais en Wifi.<\/p>\n\n\n\n<h3 class=\"wp-block-heading\"><a href=\"https:\/\/play.google.com\/store\/apps\/details?id=ar.tvplayer.tv&amp;hl=fr&amp;gl=US\" rel=\"noreferrer noopener\" target=\"_blank\">\u00ab&nbsp;TiviMate&nbsp;\u00bb&nbsp;\u00bb<\/a><\/h3>\n\n\n\n<blockquote class=\"wp-block-quote is-layout-flow wp-block-quote-is-layout-flow\">\n<p>C\u2019est le moment donc d\u2019acheter un abonnement iptv pour le TiviMate, commandez par ici :<a href=\"https:\/\/maestroiptv.org\/index.php\/abonnement-vip-iptv\/\"><strong><span style=\"color: var(--theme-palette-color-3, #ff1a1a);\" class=\"stk-highlight\">ABONNEMENT TiviMate<\/span><\/strong><\/a><\/p>\n<\/blockquote>\n\n\n\n<h3 class=\"wp-block-heading\">Plus de photo : Tivimate<\/h3>\n\n\n\n<figure class=\"wp-block-image\"><img decoding=\"async\" src=\"https:\/\/abonnement-iptv4u.b-cdn.net\/wp-content\/uploads\/2021\/03\/8e656082e-1024x576.jpg?is-pending-load=1\" alt=\"\" class=\"wp-image-233070\"\/><\/figure>\n","protected":false},"excerpt":{"rendered":"<p>TiviMate est une application gratuite qui vous permet d\u2019acc\u00e9der en temps r\u00e9el \u00e0 des abonnements IPTV, y compris des films ou des s\u00e9ries t\u00e9l\u00e9vis\u00e9es. Le programme d\u2019application est compatible avec plusieurs supports, tels que la bo\u00eete Android, le t\u00e9l\u00e9phone portable ou la tablette. Ce tutoriel, \u00e9tape par \u00e9tape, vous fournira des instructions pour installer et [&hellip;]<\/p>\n","protected":false},"author":1,"featured_media":0,"parent":0,"menu_order":0,"comment_status":"closed","ping_status":"closed","template":"","meta":{"footnotes":""},"class_list":["post-1583","page","type-page","status-publish","hentry"],"blocksy_meta":[],"yoast_head":"<!-- This site is optimized with the Yoast SEO plugin v27.5 - https:\/\/yoast.com\/product\/yoast-seo-wordpress\/ -->\n<title>Les instructions pour installer et utiliser TiviMate sur Firestick, Fire TV et Android TV Box. - maestrotv<\/title>\n<meta name=\"robots\" content=\"index, follow, max-snippet:-1, max-image-preview:large, max-video-preview:-1\" \/>\n<link rel=\"canonical\" href=\"https:\/\/maestroiptv.org\/index.php\/les-instructions-pour-installer-et-utiliser-tivimate-sur-firestick-fire-tv-et-android-tv-box\/\" \/>\n<meta property=\"og:locale\" content=\"fr_FR\" \/>\n<meta property=\"og:type\" content=\"article\" \/>\n<meta property=\"og:title\" content=\"Les instructions pour installer et utiliser TiviMate sur Firestick, Fire TV et Android TV Box. - maestrotv\" \/>\n<meta property=\"og:description\" content=\"TiviMate est une application gratuite qui vous permet d\u2019acc\u00e9der en temps r\u00e9el \u00e0 des abonnements IPTV, y compris des films ou des s\u00e9ries t\u00e9l\u00e9vis\u00e9es. Le programme d\u2019application est compatible avec plusieurs supports, tels que la bo\u00eete Android, le t\u00e9l\u00e9phone portable ou la tablette. Ce tutoriel, \u00e9tape par \u00e9tape, vous fournira des instructions pour installer et [&hellip;]\" \/>\n<meta property=\"og:url\" content=\"https:\/\/maestroiptv.org\/index.php\/les-instructions-pour-installer-et-utiliser-tivimate-sur-firestick-fire-tv-et-android-tv-box\/\" \/>\n<meta property=\"og:site_name\" content=\"maestrotv\" \/>\n<meta property=\"og:image\" content=\"https:\/\/abonnement-iptv4u.b-cdn.net\/wp-content\/uploads\/2021\/03\/35ed29b8a-1024x576.jpg\" \/>\n<meta name=\"twitter:card\" content=\"summary_large_image\" \/>\n<meta name=\"twitter:label1\" content=\"Dur\u00e9e de lecture estim\u00e9e\" \/>\n\t<meta name=\"twitter:data1\" content=\"4 minutes\" \/>\n<script type=\"application\/ld+json\" class=\"yoast-schema-graph\">{\"@context\":\"https:\\\/\\\/schema.org\",\"@graph\":[{\"@type\":\"WebPage\",\"@id\":\"https:\\\/\\\/maestroiptv.org\\\/index.php\\\/les-instructions-pour-installer-et-utiliser-tivimate-sur-firestick-fire-tv-et-android-tv-box\\\/\",\"url\":\"https:\\\/\\\/maestroiptv.org\\\/index.php\\\/les-instructions-pour-installer-et-utiliser-tivimate-sur-firestick-fire-tv-et-android-tv-box\\\/\",\"name\":\"Les instructions pour installer et utiliser TiviMate sur Firestick, Fire TV et Android TV Box. - maestrotv\",\"isPartOf\":{\"@id\":\"https:\\\/\\\/maestroiptv.org\\\/#website\"},\"primaryImageOfPage\":{\"@id\":\"https:\\\/\\\/maestroiptv.org\\\/index.php\\\/les-instructions-pour-installer-et-utiliser-tivimate-sur-firestick-fire-tv-et-android-tv-box\\\/#primaryimage\"},\"image\":{\"@id\":\"https:\\\/\\\/maestroiptv.org\\\/index.php\\\/les-instructions-pour-installer-et-utiliser-tivimate-sur-firestick-fire-tv-et-android-tv-box\\\/#primaryimage\"},\"thumbnailUrl\":\"https:\\\/\\\/abonnement-iptv4u.b-cdn.net\\\/wp-content\\\/uploads\\\/2021\\\/03\\\/35ed29b8a-1024x576.jpg\",\"datePublished\":\"2023-08-29T23:12:59+00:00\",\"breadcrumb\":{\"@id\":\"https:\\\/\\\/maestroiptv.org\\\/index.php\\\/les-instructions-pour-installer-et-utiliser-tivimate-sur-firestick-fire-tv-et-android-tv-box\\\/#breadcrumb\"},\"inLanguage\":\"fr-FR\",\"potentialAction\":[{\"@type\":\"ReadAction\",\"target\":[\"https:\\\/\\\/maestroiptv.org\\\/index.php\\\/les-instructions-pour-installer-et-utiliser-tivimate-sur-firestick-fire-tv-et-android-tv-box\\\/\"]}]},{\"@type\":\"ImageObject\",\"inLanguage\":\"fr-FR\",\"@id\":\"https:\\\/\\\/maestroiptv.org\\\/index.php\\\/les-instructions-pour-installer-et-utiliser-tivimate-sur-firestick-fire-tv-et-android-tv-box\\\/#primaryimage\",\"url\":\"https:\\\/\\\/abonnement-iptv4u.b-cdn.net\\\/wp-content\\\/uploads\\\/2021\\\/03\\\/35ed29b8a-1024x576.jpg\",\"contentUrl\":\"https:\\\/\\\/abonnement-iptv4u.b-cdn.net\\\/wp-content\\\/uploads\\\/2021\\\/03\\\/35ed29b8a-1024x576.jpg\"},{\"@type\":\"BreadcrumbList\",\"@id\":\"https:\\\/\\\/maestroiptv.org\\\/index.php\\\/les-instructions-pour-installer-et-utiliser-tivimate-sur-firestick-fire-tv-et-android-tv-box\\\/#breadcrumb\",\"itemListElement\":[{\"@type\":\"ListItem\",\"position\":1,\"name\":\"Home\",\"item\":\"https:\\\/\\\/maestroiptv.org\\\/\"},{\"@type\":\"ListItem\",\"position\":2,\"name\":\"Les instructions pour installer et utiliser TiviMate sur Firestick, Fire TV et Android TV Box.\"}]},{\"@type\":\"WebSite\",\"@id\":\"https:\\\/\\\/maestroiptv.org\\\/#website\",\"url\":\"https:\\\/\\\/maestroiptv.org\\\/\",\"name\":\"maestrotv\",\"description\":\"\",\"publisher\":{\"@id\":\"https:\\\/\\\/maestroiptv.org\\\/#organization\"},\"potentialAction\":[{\"@type\":\"SearchAction\",\"target\":{\"@type\":\"EntryPoint\",\"urlTemplate\":\"https:\\\/\\\/maestroiptv.org\\\/?s={search_term_string}\"},\"query-input\":{\"@type\":\"PropertyValueSpecification\",\"valueRequired\":true,\"valueName\":\"search_term_string\"}}],\"inLanguage\":\"fr-FR\"},{\"@type\":\"Organization\",\"@id\":\"https:\\\/\\\/maestroiptv.org\\\/#organization\",\"name\":\"maestrotv\",\"url\":\"https:\\\/\\\/maestroiptv.org\\\/\",\"logo\":{\"@type\":\"ImageObject\",\"inLanguage\":\"fr-FR\",\"@id\":\"https:\\\/\\\/maestroiptv.org\\\/#\\\/schema\\\/logo\\\/image\\\/\",\"url\":\"https:\\\/\\\/maestroiptv.org\\\/wp-content\\\/uploads\\\/2023\\\/07\\\/Logo.png\",\"contentUrl\":\"https:\\\/\\\/maestroiptv.org\\\/wp-content\\\/uploads\\\/2023\\\/07\\\/Logo.png\",\"width\":114,\"height\":114,\"caption\":\"maestrotv\"},\"image\":{\"@id\":\"https:\\\/\\\/maestroiptv.org\\\/#\\\/schema\\\/logo\\\/image\\\/\"}}]}<\/script>\n<!-- \/ Yoast SEO plugin. -->","yoast_head_json":{"title":"Les instructions pour installer et utiliser TiviMate sur Firestick, Fire TV et Android TV Box. - maestrotv","robots":{"index":"index","follow":"follow","max-snippet":"max-snippet:-1","max-image-preview":"max-image-preview:large","max-video-preview":"max-video-preview:-1"},"canonical":"https:\/\/maestroiptv.org\/index.php\/les-instructions-pour-installer-et-utiliser-tivimate-sur-firestick-fire-tv-et-android-tv-box\/","og_locale":"fr_FR","og_type":"article","og_title":"Les instructions pour installer et utiliser TiviMate sur Firestick, Fire TV et Android TV Box. - maestrotv","og_description":"TiviMate est une application gratuite qui vous permet d\u2019acc\u00e9der en temps r\u00e9el \u00e0 des abonnements IPTV, y compris des films ou des s\u00e9ries t\u00e9l\u00e9vis\u00e9es. Le programme d\u2019application est compatible avec plusieurs supports, tels que la bo\u00eete Android, le t\u00e9l\u00e9phone portable ou la tablette. Ce tutoriel, \u00e9tape par \u00e9tape, vous fournira des instructions pour installer et [&hellip;]","og_url":"https:\/\/maestroiptv.org\/index.php\/les-instructions-pour-installer-et-utiliser-tivimate-sur-firestick-fire-tv-et-android-tv-box\/","og_site_name":"maestrotv","og_image":[{"url":"https:\/\/abonnement-iptv4u.b-cdn.net\/wp-content\/uploads\/2021\/03\/35ed29b8a-1024x576.jpg","type":"","width":"","height":""}],"twitter_card":"summary_large_image","twitter_misc":{"Dur\u00e9e de lecture estim\u00e9e":"4 minutes"},"schema":{"@context":"https:\/\/schema.org","@graph":[{"@type":"WebPage","@id":"https:\/\/maestroiptv.org\/index.php\/les-instructions-pour-installer-et-utiliser-tivimate-sur-firestick-fire-tv-et-android-tv-box\/","url":"https:\/\/maestroiptv.org\/index.php\/les-instructions-pour-installer-et-utiliser-tivimate-sur-firestick-fire-tv-et-android-tv-box\/","name":"Les instructions pour installer et utiliser TiviMate sur Firestick, Fire TV et Android TV Box. - maestrotv","isPartOf":{"@id":"https:\/\/maestroiptv.org\/#website"},"primaryImageOfPage":{"@id":"https:\/\/maestroiptv.org\/index.php\/les-instructions-pour-installer-et-utiliser-tivimate-sur-firestick-fire-tv-et-android-tv-box\/#primaryimage"},"image":{"@id":"https:\/\/maestroiptv.org\/index.php\/les-instructions-pour-installer-et-utiliser-tivimate-sur-firestick-fire-tv-et-android-tv-box\/#primaryimage"},"thumbnailUrl":"https:\/\/abonnement-iptv4u.b-cdn.net\/wp-content\/uploads\/2021\/03\/35ed29b8a-1024x576.jpg","datePublished":"2023-08-29T23:12:59+00:00","breadcrumb":{"@id":"https:\/\/maestroiptv.org\/index.php\/les-instructions-pour-installer-et-utiliser-tivimate-sur-firestick-fire-tv-et-android-tv-box\/#breadcrumb"},"inLanguage":"fr-FR","potentialAction":[{"@type":"ReadAction","target":["https:\/\/maestroiptv.org\/index.php\/les-instructions-pour-installer-et-utiliser-tivimate-sur-firestick-fire-tv-et-android-tv-box\/"]}]},{"@type":"ImageObject","inLanguage":"fr-FR","@id":"https:\/\/maestroiptv.org\/index.php\/les-instructions-pour-installer-et-utiliser-tivimate-sur-firestick-fire-tv-et-android-tv-box\/#primaryimage","url":"https:\/\/abonnement-iptv4u.b-cdn.net\/wp-content\/uploads\/2021\/03\/35ed29b8a-1024x576.jpg","contentUrl":"https:\/\/abonnement-iptv4u.b-cdn.net\/wp-content\/uploads\/2021\/03\/35ed29b8a-1024x576.jpg"},{"@type":"BreadcrumbList","@id":"https:\/\/maestroiptv.org\/index.php\/les-instructions-pour-installer-et-utiliser-tivimate-sur-firestick-fire-tv-et-android-tv-box\/#breadcrumb","itemListElement":[{"@type":"ListItem","position":1,"name":"Home","item":"https:\/\/maestroiptv.org\/"},{"@type":"ListItem","position":2,"name":"Les instructions pour installer et utiliser TiviMate sur Firestick, Fire TV et Android TV Box."}]},{"@type":"WebSite","@id":"https:\/\/maestroiptv.org\/#website","url":"https:\/\/maestroiptv.org\/","name":"maestrotv","description":"","publisher":{"@id":"https:\/\/maestroiptv.org\/#organization"},"potentialAction":[{"@type":"SearchAction","target":{"@type":"EntryPoint","urlTemplate":"https:\/\/maestroiptv.org\/?s={search_term_string}"},"query-input":{"@type":"PropertyValueSpecification","valueRequired":true,"valueName":"search_term_string"}}],"inLanguage":"fr-FR"},{"@type":"Organization","@id":"https:\/\/maestroiptv.org\/#organization","name":"maestrotv","url":"https:\/\/maestroiptv.org\/","logo":{"@type":"ImageObject","inLanguage":"fr-FR","@id":"https:\/\/maestroiptv.org\/#\/schema\/logo\/image\/","url":"https:\/\/maestroiptv.org\/wp-content\/uploads\/2023\/07\/Logo.png","contentUrl":"https:\/\/maestroiptv.org\/wp-content\/uploads\/2023\/07\/Logo.png","width":114,"height":114,"caption":"maestrotv"},"image":{"@id":"https:\/\/maestroiptv.org\/#\/schema\/logo\/image\/"}}]}},"_links":{"self":[{"href":"https:\/\/maestroiptv.org\/index.php\/wp-json\/wp\/v2\/pages\/1583","targetHints":{"allow":["GET"]}}],"collection":[{"href":"https:\/\/maestroiptv.org\/index.php\/wp-json\/wp\/v2\/pages"}],"about":[{"href":"https:\/\/maestroiptv.org\/index.php\/wp-json\/wp\/v2\/types\/page"}],"author":[{"embeddable":true,"href":"https:\/\/maestroiptv.org\/index.php\/wp-json\/wp\/v2\/users\/1"}],"replies":[{"embeddable":true,"href":"https:\/\/maestroiptv.org\/index.php\/wp-json\/wp\/v2\/comments?post=1583"}],"version-history":[{"count":1,"href":"https:\/\/maestroiptv.org\/index.php\/wp-json\/wp\/v2\/pages\/1583\/revisions"}],"predecessor-version":[{"id":1584,"href":"https:\/\/maestroiptv.org\/index.php\/wp-json\/wp\/v2\/pages\/1583\/revisions\/1584"}],"wp:attachment":[{"href":"https:\/\/maestroiptv.org\/index.php\/wp-json\/wp\/v2\/media?parent=1583"}],"curies":[{"name":"wp","href":"https:\/\/api.w.org\/{rel}","templated":true}]}}