{"id":1587,"date":"2023-08-30T01:20:25","date_gmt":"2023-08-29T23:20:25","guid":{"rendered":"https:\/\/maestroiptv.org\/?page_id=1587"},"modified":"2023-08-30T01:20:26","modified_gmt":"2023-08-29T23:20:26","slug":"comment-installer-et-configurer-labonnement-iptv-sur-set-iptv-2023","status":"publish","type":"page","link":"https:\/\/maestroiptv.org\/index.php\/comment-installer-et-configurer-labonnement-iptv-sur-set-iptv-2023\/","title":{"rendered":"Comment installer et configurer l\u2019abonnement iPTV sur SET IPTV 2023"},"content":{"rendered":"\n<figure class=\"wp-block-image\"><img decoding=\"async\" src=\"https:\/\/abonnement-iptv4u.b-cdn.net\/wp-content\/uploads\/2021\/03\/Screenshot_20201201-151934_Setiptv.jpg?is-pending-load=1\" alt=\"SET IPTV\"\/><\/figure>\n\n\n\n<p>SET IPTV offre un essai&nbsp;<strong>gratuit de 7 jours&nbsp;<\/strong>au d\u00e9but de la premi\u00e8re installation. Ensuite, le client doit payer 15.3 euros pour l\u2019activer pour<strong>&nbsp;toujours<\/strong>. L\u2019activation de SET IPTV sera trait\u00e9e dans le portail des d\u00e9veloppeurs d\u2019applications:&nbsp;<a href=\"https:\/\/setsysteme.com\/act.app\" target=\"_blank\" rel=\"noreferrer noopener\">voir plus<\/a><\/p>\n\n\n\n<p>Dans ce tutoriel, on va vous montrer Comment installer et configurer l\u2019abonnement iPTV sur SET IPTV ,Il vous suffit de suivre les \u00e9tapes ci-dessous :<\/p>\n\n\n\n<p><video src=\"https:\/\/abonnement-iptv4u.b-cdn.net\/wp-content\/uploads\/2023\/06\/SET-IPTV-Configuration23.mp4#t=16\" controls=\"\"><\/video><\/p>\n\n\n\n<h3 class=\"wp-block-heading\">Allumez votre Smart TV.<\/h3>\n\n\n\n<p>N\u2019oubliez pas que votre t\u00e9l\u00e9vision doit \u00eatre connect\u00e9e \u00e0 internet, si vous voulez t\u00e9l\u00e9charger des applications<\/p>\n\n\n\n<p><strong><a href=\"https:\/\/maestroiptv.org\/index.php\/abonnement-vip-iptv\/\">ABONNEMENT IPTV<\/a><\/strong><\/p>\n\n\n\n<h3 class=\"wp-block-heading\">Trouvez l\u2019application&nbsp;<a href=\"https:\/\/setsysteme.com\/act.app\" rel=\"noreferrer noopener\" target=\"_blank\">SET IPTV<\/a>&nbsp;:<\/h3>\n\n\n\n<p>Dans la cat\u00e9gorie \u00ab Plus aim\u00e9es \u00bb, s\u00e9lectionnez l\u2019application \u00ab SET IPTV \u00bb. La page de l\u2019application s\u2019ouvre.<\/p>\n\n\n\n<h3 class=\"wp-block-heading\">Appuyez sur Installation.<\/h3>\n\n\n\n<p>Une fois sur la page de l\u2019application, cliquez sur T\u00e9l\u00e9charger, puis sur Installation et enfin sur Ex\u00e9cuter. Voil\u00e0, vous avez r\u00e9cup\u00e9r\u00e9 l\u2019application SET IPTV sur votre t\u00e9l\u00e9vision Samsung.<\/p>\n\n\n\n<p><strong><a href=\"https:\/\/maestroiptv.org\/index.php\/abonnement-vip-iptv\/\">ABONNEMENT IPTV<\/a><\/strong><\/p>\n\n\n\n<ul class=\"wp-block-list\">\n<li>Sachez que l\u2019application est payante, elle vous offre n\u00e9anmoins une p\u00e9riode d\u2019essai de 7 jours<\/li>\n\n\n\n<li>Le prix sera de l\u2019application \u00ab SET IPTV \u00bb est 14.99\u20ac \u00e0 payer une seule fois sur le site du d\u00e9veloppeur :&nbsp;<a href=\"https:\/\/cms.manage-setiptv.com\/set.app\" target=\"_blank\" rel=\"noreferrer noopener\">\ud83d\udc49<\/a><\/li>\n\n\n\n<li>Une fois le processus termin\u00e9, vous arrivez directement sur la page de l\u2019application SET IPTV et vous pourrez commencer \u00e0 l\u2019utiliser.<\/li>\n<\/ul>\n\n\n\n<h3 class=\"wp-block-heading\">Si vous voulez configurer votre abonnement IPTV tout seul voici les etapes :<\/h3>\n\n\n\n<p>Allez sur le site&nbsp;<a href=\"https:\/\/cms.manage-setiptv.com\/set.app\" target=\"_blank\" rel=\"noreferrer noopener\">SET IPTV<\/a><\/p>\n\n\n\n<figure class=\"wp-block-image\"><img decoding=\"async\" src=\"https:\/\/abonnement-iptv4u.b-cdn.net\/wp-content\/uploads\/2021\/03\/manage-setiptv-1024x556.jpg?is-pending-load=1\" alt=\"SET IPTV\" class=\"wp-image-238989\"\/><\/figure>\n\n\n\n<ul class=\"wp-block-list\">\n<li><strong>TV MAC * :<\/strong>&nbsp;Vous mettez votre adresse mac ici<\/li>\n\n\n\n<li><strong>M3u URL * :<\/strong>&nbsp;Vous mettez le lien m3u fourni par notre support<\/li>\n\n\n\n<li>cliquez sur&nbsp;<strong>SEND<\/strong>&nbsp;pour uploader votre playlist<\/li>\n\n\n\n<li>Relancer votre application maintenant pour Profitez des cha\u00eenes en direct! \ud83d\ude0a<\/li>\n<\/ul>\n\n\n\n<blockquote class=\"wp-block-quote is-layout-flow wp-block-quote-is-layout-flow\">\n<p>C\u2019est le moment donc d\u2019acheter un abonnement iptv pour le SET IPTV, commandez par ici :<a href=\"https:\/\/maestroiptv.org\/index.php\/abonnement-vip-iptv\/\"><strong>ABONNEMENT SET IPTV<\/strong><\/a><\/p>\n<\/blockquote>\n","protected":false},"excerpt":{"rendered":"<p>SET IPTV offre un essai&nbsp;gratuit de 7 jours&nbsp;au d\u00e9but de la premi\u00e8re installation. Ensuite, le client doit payer 15.3 euros pour l\u2019activer pour&nbsp;toujours. L\u2019activation de SET IPTV sera trait\u00e9e dans le portail des d\u00e9veloppeurs d\u2019applications:&nbsp;voir plus Dans ce tutoriel, on va vous montrer Comment installer et configurer l\u2019abonnement iPTV sur SET IPTV ,Il vous suffit [&hellip;]<\/p>\n","protected":false},"author":1,"featured_media":0,"parent":0,"menu_order":0,"comment_status":"closed","ping_status":"closed","template":"","meta":{"footnotes":""},"class_list":["post-1587","page","type-page","status-publish","hentry"],"blocksy_meta":[],"yoast_head":"<!-- This site is optimized with the Yoast SEO plugin v27.5 - https:\/\/yoast.com\/product\/yoast-seo-wordpress\/ -->\n<title>Comment installer et configurer l\u2019abonnement iPTV sur SET IPTV 2023 - maestrotv<\/title>\n<meta name=\"robots\" content=\"index, follow, max-snippet:-1, max-image-preview:large, max-video-preview:-1\" \/>\n<link rel=\"canonical\" href=\"https:\/\/maestroiptv.org\/index.php\/comment-installer-et-configurer-labonnement-iptv-sur-set-iptv-2023\/\" \/>\n<meta property=\"og:locale\" content=\"fr_FR\" \/>\n<meta property=\"og:type\" content=\"article\" \/>\n<meta property=\"og:title\" content=\"Comment installer et configurer l\u2019abonnement iPTV sur SET IPTV 2023 - maestrotv\" \/>\n<meta property=\"og:description\" content=\"SET IPTV offre un essai&nbsp;gratuit de 7 jours&nbsp;au d\u00e9but de la premi\u00e8re installation. Ensuite, le client doit payer 15.3 euros pour l\u2019activer pour&nbsp;toujours. L\u2019activation de SET IPTV sera trait\u00e9e dans le portail des d\u00e9veloppeurs d\u2019applications:&nbsp;voir plus Dans ce tutoriel, on va vous montrer Comment installer et configurer l\u2019abonnement iPTV sur SET IPTV ,Il vous suffit [&hellip;]\" \/>\n<meta property=\"og:url\" content=\"https:\/\/maestroiptv.org\/index.php\/comment-installer-et-configurer-labonnement-iptv-sur-set-iptv-2023\/\" \/>\n<meta property=\"og:site_name\" content=\"maestrotv\" \/>\n<meta property=\"article:modified_time\" content=\"2023-08-29T23:20:26+00:00\" \/>\n<meta property=\"og:image\" content=\"https:\/\/abonnement-iptv4u.b-cdn.net\/wp-content\/uploads\/2021\/03\/Screenshot_20201201-151934_Setiptv.jpg?is-pending-load=1\" \/>\n<meta name=\"twitter:card\" content=\"summary_large_image\" \/>\n<meta name=\"twitter:label1\" content=\"Dur\u00e9e de lecture estim\u00e9e\" \/>\n\t<meta name=\"twitter:data1\" content=\"2 minutes\" \/>\n<script type=\"application\/ld+json\" class=\"yoast-schema-graph\">{\"@context\":\"https:\\\/\\\/schema.org\",\"@graph\":[{\"@type\":\"WebPage\",\"@id\":\"https:\\\/\\\/maestroiptv.org\\\/index.php\\\/comment-installer-et-configurer-labonnement-iptv-sur-set-iptv-2023\\\/\",\"url\":\"https:\\\/\\\/maestroiptv.org\\\/index.php\\\/comment-installer-et-configurer-labonnement-iptv-sur-set-iptv-2023\\\/\",\"name\":\"Comment installer et configurer l\u2019abonnement iPTV sur SET IPTV 2023 - maestrotv\",\"isPartOf\":{\"@id\":\"https:\\\/\\\/maestroiptv.org\\\/#website\"},\"primaryImageOfPage\":{\"@id\":\"https:\\\/\\\/maestroiptv.org\\\/index.php\\\/comment-installer-et-configurer-labonnement-iptv-sur-set-iptv-2023\\\/#primaryimage\"},\"image\":{\"@id\":\"https:\\\/\\\/maestroiptv.org\\\/index.php\\\/comment-installer-et-configurer-labonnement-iptv-sur-set-iptv-2023\\\/#primaryimage\"},\"thumbnailUrl\":\"https:\\\/\\\/abonnement-iptv4u.b-cdn.net\\\/wp-content\\\/uploads\\\/2021\\\/03\\\/Screenshot_20201201-151934_Setiptv.jpg?is-pending-load=1\",\"datePublished\":\"2023-08-29T23:20:25+00:00\",\"dateModified\":\"2023-08-29T23:20:26+00:00\",\"breadcrumb\":{\"@id\":\"https:\\\/\\\/maestroiptv.org\\\/index.php\\\/comment-installer-et-configurer-labonnement-iptv-sur-set-iptv-2023\\\/#breadcrumb\"},\"inLanguage\":\"fr-FR\",\"potentialAction\":[{\"@type\":\"ReadAction\",\"target\":[\"https:\\\/\\\/maestroiptv.org\\\/index.php\\\/comment-installer-et-configurer-labonnement-iptv-sur-set-iptv-2023\\\/\"]}]},{\"@type\":\"ImageObject\",\"inLanguage\":\"fr-FR\",\"@id\":\"https:\\\/\\\/maestroiptv.org\\\/index.php\\\/comment-installer-et-configurer-labonnement-iptv-sur-set-iptv-2023\\\/#primaryimage\",\"url\":\"https:\\\/\\\/abonnement-iptv4u.b-cdn.net\\\/wp-content\\\/uploads\\\/2021\\\/03\\\/Screenshot_20201201-151934_Setiptv.jpg?is-pending-load=1\",\"contentUrl\":\"https:\\\/\\\/abonnement-iptv4u.b-cdn.net\\\/wp-content\\\/uploads\\\/2021\\\/03\\\/Screenshot_20201201-151934_Setiptv.jpg?is-pending-load=1\"},{\"@type\":\"BreadcrumbList\",\"@id\":\"https:\\\/\\\/maestroiptv.org\\\/index.php\\\/comment-installer-et-configurer-labonnement-iptv-sur-set-iptv-2023\\\/#breadcrumb\",\"itemListElement\":[{\"@type\":\"ListItem\",\"position\":1,\"name\":\"Home\",\"item\":\"https:\\\/\\\/maestroiptv.org\\\/\"},{\"@type\":\"ListItem\",\"position\":2,\"name\":\"Comment installer et configurer l\u2019abonnement iPTV sur SET IPTV 2023\"}]},{\"@type\":\"WebSite\",\"@id\":\"https:\\\/\\\/maestroiptv.org\\\/#website\",\"url\":\"https:\\\/\\\/maestroiptv.org\\\/\",\"name\":\"maestrotv\",\"description\":\"\",\"publisher\":{\"@id\":\"https:\\\/\\\/maestroiptv.org\\\/#organization\"},\"potentialAction\":[{\"@type\":\"SearchAction\",\"target\":{\"@type\":\"EntryPoint\",\"urlTemplate\":\"https:\\\/\\\/maestroiptv.org\\\/?s={search_term_string}\"},\"query-input\":{\"@type\":\"PropertyValueSpecification\",\"valueRequired\":true,\"valueName\":\"search_term_string\"}}],\"inLanguage\":\"fr-FR\"},{\"@type\":\"Organization\",\"@id\":\"https:\\\/\\\/maestroiptv.org\\\/#organization\",\"name\":\"maestrotv\",\"url\":\"https:\\\/\\\/maestroiptv.org\\\/\",\"logo\":{\"@type\":\"ImageObject\",\"inLanguage\":\"fr-FR\",\"@id\":\"https:\\\/\\\/maestroiptv.org\\\/#\\\/schema\\\/logo\\\/image\\\/\",\"url\":\"https:\\\/\\\/maestroiptv.org\\\/wp-content\\\/uploads\\\/2023\\\/07\\\/Logo.png\",\"contentUrl\":\"https:\\\/\\\/maestroiptv.org\\\/wp-content\\\/uploads\\\/2023\\\/07\\\/Logo.png\",\"width\":114,\"height\":114,\"caption\":\"maestrotv\"},\"image\":{\"@id\":\"https:\\\/\\\/maestroiptv.org\\\/#\\\/schema\\\/logo\\\/image\\\/\"}}]}<\/script>\n<!-- \/ Yoast SEO plugin. -->","yoast_head_json":{"title":"Comment installer et configurer l\u2019abonnement iPTV sur SET IPTV 2023 - maestrotv","robots":{"index":"index","follow":"follow","max-snippet":"max-snippet:-1","max-image-preview":"max-image-preview:large","max-video-preview":"max-video-preview:-1"},"canonical":"https:\/\/maestroiptv.org\/index.php\/comment-installer-et-configurer-labonnement-iptv-sur-set-iptv-2023\/","og_locale":"fr_FR","og_type":"article","og_title":"Comment installer et configurer l\u2019abonnement iPTV sur SET IPTV 2023 - maestrotv","og_description":"SET IPTV offre un essai&nbsp;gratuit de 7 jours&nbsp;au d\u00e9but de la premi\u00e8re installation. Ensuite, le client doit payer 15.3 euros pour l\u2019activer pour&nbsp;toujours. L\u2019activation de SET IPTV sera trait\u00e9e dans le portail des d\u00e9veloppeurs d\u2019applications:&nbsp;voir plus Dans ce tutoriel, on va vous montrer Comment installer et configurer l\u2019abonnement iPTV sur SET IPTV ,Il vous suffit [&hellip;]","og_url":"https:\/\/maestroiptv.org\/index.php\/comment-installer-et-configurer-labonnement-iptv-sur-set-iptv-2023\/","og_site_name":"maestrotv","article_modified_time":"2023-08-29T23:20:26+00:00","og_image":[{"url":"https:\/\/abonnement-iptv4u.b-cdn.net\/wp-content\/uploads\/2021\/03\/Screenshot_20201201-151934_Setiptv.jpg?is-pending-load=1","type":"","width":"","height":""}],"twitter_card":"summary_large_image","twitter_misc":{"Dur\u00e9e de lecture estim\u00e9e":"2 minutes"},"schema":{"@context":"https:\/\/schema.org","@graph":[{"@type":"WebPage","@id":"https:\/\/maestroiptv.org\/index.php\/comment-installer-et-configurer-labonnement-iptv-sur-set-iptv-2023\/","url":"https:\/\/maestroiptv.org\/index.php\/comment-installer-et-configurer-labonnement-iptv-sur-set-iptv-2023\/","name":"Comment installer et configurer l\u2019abonnement iPTV sur SET IPTV 2023 - maestrotv","isPartOf":{"@id":"https:\/\/maestroiptv.org\/#website"},"primaryImageOfPage":{"@id":"https:\/\/maestroiptv.org\/index.php\/comment-installer-et-configurer-labonnement-iptv-sur-set-iptv-2023\/#primaryimage"},"image":{"@id":"https:\/\/maestroiptv.org\/index.php\/comment-installer-et-configurer-labonnement-iptv-sur-set-iptv-2023\/#primaryimage"},"thumbnailUrl":"https:\/\/abonnement-iptv4u.b-cdn.net\/wp-content\/uploads\/2021\/03\/Screenshot_20201201-151934_Setiptv.jpg?is-pending-load=1","datePublished":"2023-08-29T23:20:25+00:00","dateModified":"2023-08-29T23:20:26+00:00","breadcrumb":{"@id":"https:\/\/maestroiptv.org\/index.php\/comment-installer-et-configurer-labonnement-iptv-sur-set-iptv-2023\/#breadcrumb"},"inLanguage":"fr-FR","potentialAction":[{"@type":"ReadAction","target":["https:\/\/maestroiptv.org\/index.php\/comment-installer-et-configurer-labonnement-iptv-sur-set-iptv-2023\/"]}]},{"@type":"ImageObject","inLanguage":"fr-FR","@id":"https:\/\/maestroiptv.org\/index.php\/comment-installer-et-configurer-labonnement-iptv-sur-set-iptv-2023\/#primaryimage","url":"https:\/\/abonnement-iptv4u.b-cdn.net\/wp-content\/uploads\/2021\/03\/Screenshot_20201201-151934_Setiptv.jpg?is-pending-load=1","contentUrl":"https:\/\/abonnement-iptv4u.b-cdn.net\/wp-content\/uploads\/2021\/03\/Screenshot_20201201-151934_Setiptv.jpg?is-pending-load=1"},{"@type":"BreadcrumbList","@id":"https:\/\/maestroiptv.org\/index.php\/comment-installer-et-configurer-labonnement-iptv-sur-set-iptv-2023\/#breadcrumb","itemListElement":[{"@type":"ListItem","position":1,"name":"Home","item":"https:\/\/maestroiptv.org\/"},{"@type":"ListItem","position":2,"name":"Comment installer et configurer l\u2019abonnement iPTV sur SET IPTV 2023"}]},{"@type":"WebSite","@id":"https:\/\/maestroiptv.org\/#website","url":"https:\/\/maestroiptv.org\/","name":"maestrotv","description":"","publisher":{"@id":"https:\/\/maestroiptv.org\/#organization"},"potentialAction":[{"@type":"SearchAction","target":{"@type":"EntryPoint","urlTemplate":"https:\/\/maestroiptv.org\/?s={search_term_string}"},"query-input":{"@type":"PropertyValueSpecification","valueRequired":true,"valueName":"search_term_string"}}],"inLanguage":"fr-FR"},{"@type":"Organization","@id":"https:\/\/maestroiptv.org\/#organization","name":"maestrotv","url":"https:\/\/maestroiptv.org\/","logo":{"@type":"ImageObject","inLanguage":"fr-FR","@id":"https:\/\/maestroiptv.org\/#\/schema\/logo\/image\/","url":"https:\/\/maestroiptv.org\/wp-content\/uploads\/2023\/07\/Logo.png","contentUrl":"https:\/\/maestroiptv.org\/wp-content\/uploads\/2023\/07\/Logo.png","width":114,"height":114,"caption":"maestrotv"},"image":{"@id":"https:\/\/maestroiptv.org\/#\/schema\/logo\/image\/"}}]}},"_links":{"self":[{"href":"https:\/\/maestroiptv.org\/index.php\/wp-json\/wp\/v2\/pages\/1587","targetHints":{"allow":["GET"]}}],"collection":[{"href":"https:\/\/maestroiptv.org\/index.php\/wp-json\/wp\/v2\/pages"}],"about":[{"href":"https:\/\/maestroiptv.org\/index.php\/wp-json\/wp\/v2\/types\/page"}],"author":[{"embeddable":true,"href":"https:\/\/maestroiptv.org\/index.php\/wp-json\/wp\/v2\/users\/1"}],"replies":[{"embeddable":true,"href":"https:\/\/maestroiptv.org\/index.php\/wp-json\/wp\/v2\/comments?post=1587"}],"version-history":[{"count":1,"href":"https:\/\/maestroiptv.org\/index.php\/wp-json\/wp\/v2\/pages\/1587\/revisions"}],"predecessor-version":[{"id":1588,"href":"https:\/\/maestroiptv.org\/index.php\/wp-json\/wp\/v2\/pages\/1587\/revisions\/1588"}],"wp:attachment":[{"href":"https:\/\/maestroiptv.org\/index.php\/wp-json\/wp\/v2\/media?parent=1587"}],"curies":[{"name":"wp","href":"https:\/\/api.w.org\/{rel}","templated":true}]}}