{"id":1589,"date":"2023-08-30T01:22:30","date_gmt":"2023-08-29T23:22:30","guid":{"rendered":"https:\/\/maestroiptv.org\/?page_id=1589"},"modified":"2023-08-30T01:22:30","modified_gmt":"2023-08-29T23:22:30","slug":"gse-smart-iptv-configuration-et-installation-de-lapplication-gse-smart-iptv","status":"publish","type":"page","link":"https:\/\/maestroiptv.org\/index.php\/gse-smart-iptv-configuration-et-installation-de-lapplication-gse-smart-iptv\/","title":{"rendered":"GSE SMART IPTV : Configuration et Installation de l\u2019application GSE SMART IPTV"},"content":{"rendered":"\n<figure class=\"wp-block-image\"><img decoding=\"async\" src=\"https:\/\/abonnement-iptv4u.b-cdn.net\/wp-content\/uploads\/2021\/10\/How-to-Setup-GSE-IPTV-Player-iPad-and-Apple-TV-1024x570-1.jpg\" alt=\"GSE SMART IPTV\"\/><\/figure>\n\n\n\n<p>Vous savez qu\u2019il existe d\u00e9sormais sur le march\u00e9 des applications permettant d\u2019activer les services IPTV sur Apple TV comme gse smart iptv<\/p>\n\n\n\n<p>Oui, vous pouvez diffuser des cha\u00eenes sur Apple TV comme n\u2019importe quel autre t\u00e9l\u00e9viseur intelligent. Pr\u00e9parez-vous \u00e0 en savoir plus sur cette application et \u00e0 l\u2019utiliser pour configurer l\u2019IPTV sur Apple TV. Aujourd\u2019hui, nous allons vous montrer comment installer IPTV sur Apple TV \u00e0 l\u2019aide de l\u2019application IPTV appropri\u00e9e install\u00e9e depuis l\u2019App Store.<\/p>\n\n\n\n<p><a href=\"https:\/\/maestroiptv.org\/index.php\/abonnement-vip-iptv\/\">ACHETER MAINTENANT<\/a><\/p>\n\n\n\n<p>IPTV fonctionne presque comme une personne navigue sur Internet et regarde des vid\u00e9os en fonction de ses int\u00e9r\u00eats.<\/p>\n\n\n\n<p>IPTV est un service de t\u00e9l\u00e9vision par abonnement, pour lequel le m\u00e9canisme du protocole Internet est utilis\u00e9. Par cons\u00e9quent, il est moins cher que tout autre service de t\u00e9l\u00e9vision traditionnel. IPTV est l\u2019un des services de t\u00e9l\u00e9vision les plus populaires avec de nombreuses fonctionnalit\u00e9s avanc\u00e9es. Apr\u00e8s avoir activ\u00e9 l\u2019IPTV, vous pouvez facilement regarder toutes les cha\u00eenes de t\u00e9l\u00e9vision populaires et la vid\u00e9o \u00e0 la demande (VOD).<\/p>\n\n\n\n<p><a href=\"https:\/\/maestroiptv.org\/index.php\/abonnement-vip-iptv\/\">ACHETER MAINTENANT<\/a><\/p>\n\n\n\n<p>Aucune connexion filaire compliqu\u00e9e n\u2019est requise lors de la configuration de l\u2019IPTV. Vous pouvez \u00e9galement demander des films d\u2019int\u00e9r\u00eat aupr\u00e8s du service IPTV. Le streaming IPTV peut \u00eatre utilis\u00e9 sur iOS, Android, Apple TV, Mac, Windows et plus de plates-formes. Plus important encore, plusieurs utilisateurs peuvent acc\u00e9der \u00e0 un abonnement.<\/p>\n\n\n\n<h2 class=\"wp-block-heading\">Comment installer IPTV sur Apple TV (GSE SMART IPTV)<\/h2>\n\n\n\n<p>Maintenant, vous savez tout sur l\u2019IPTV et pourquoi vous en avez besoin au lieu des syst\u00e8mes de c\u00e2bles traditionnels. Donc, apr\u00e8s tout cela, vous devez savoir comment installer&nbsp;<strong>IPTV sur Apple TV<\/strong>&nbsp;\u00e0 l\u2019aide de<a href=\"https:\/\/www.frandroid.com\/telecharger\/apps\/gse-smart-iptv\" rel=\"noreferrer noopener\" target=\"_blank\">&nbsp;<\/a><a href=\"https:\/\/tonguideiptv.com\/gse-smart-iptv-pour-windows-pc-et-mac\/\" rel=\"noreferrer noopener\" target=\"_blank\">GSE SMART IPTV<\/a>, qui est l\u2019une des applications les plus t\u00e9l\u00e9charg\u00e9es \u00e0 cet effet. Pour cela, vous devez t\u00e9l\u00e9charger cette application et suivre certaines proc\u00e9dures de base. Je vous propose donc ce guide \u00e9tape par \u00e9tape ci-dessous:<\/p>\n\n\n\n<figure class=\"wp-block-image\"><img decoding=\"async\" src=\"https:\/\/abonnement-iptv4u.b-cdn.net\/wp-content\/uploads\/2021\/03\/Gse-Smart-IPTV-IPTV-sur-Apple-TV-1.jpg?is-pending-load=1\" alt=\"\" class=\"wp-image-211287\"\/><\/figure>\n\n\n\n<ul class=\"wp-block-list\">\n<li>Commencez par&nbsp;<strong>allumer<\/strong>&nbsp;votre Apple TV et assurez une connexion wifi s\u00e9curis\u00e9e pour les proc\u00e9dures ult\u00e9rieures.<\/li>\n\n\n\n<li>Maintenant, allez dans la section&nbsp;<a href=\"https:\/\/www.apple.com\/fr\/ios\/app-store\/\" rel=\"noreferrer noopener\" target=\"_blank\"><strong>App Store<\/strong>&nbsp;<\/a>\u00e0 l\u2019aide de la t\u00e9l\u00e9commande de votre t\u00e9l\u00e9viseur.<\/li>\n\n\n\n<li>Ici, entrez&nbsp;<strong>IPTV<\/strong>&nbsp;dans la barre de recherche et s\u00e9lectionnez&nbsp;<strong>GSE SMART IPTV<\/strong>&nbsp;pour l\u2019installer sur votre Apple TV<\/li>\n<\/ul>\n\n\n\n<p><a href=\"https:\/\/maestroiptv.org\/index.php\/abonnement-vip-iptv\/\">ACHETER MAINTENANT<\/a><\/p>\n\n\n\n<ul class=\"wp-block-list\">\n<li>Maintenant, une fois le processus d\u2019installation termin\u00e9,&nbsp;<strong>ouvrez<\/strong>&nbsp;l\u2019application t\u00e9l\u00e9charg\u00e9e.<\/li>\n\n\n\n<li>Maintenant, s\u00e9lectionnez l\u2019option&nbsp;<strong>Ajouter une liste de lecture<\/strong><\/li>\n\n\n\n<li>Ouvrez maintenant le&nbsp;<strong>fichier de<\/strong>&nbsp;<strong>liste de lecture \u00e0 distance<\/strong>&nbsp;et une nouvelle page appara\u00eetra<\/li>\n<\/ul>\n\n\n\n<figure class=\"wp-block-image\"><img decoding=\"async\" src=\"https:\/\/abonnement-iptv4u.b-cdn.net\/wp-content\/uploads\/2021\/03\/installer-IPTV-sur-Apple-TV-1.jpg?is-pending-load=1\" alt=\"GSE SMART IPTV \" class=\"wp-image-211328\"\/><\/figure>\n\n\n\n<ul class=\"wp-block-list\">\n<li>Sur cette page, entrez le nom de la liste de lecture, l\u2019<a href=\"https:\/\/www.abonnement-iptv4u.com\/#pricing\"><strong>URL de la liste de lecture M3U<\/strong>&nbsp;<\/a>et l\u2019URL EPG qui vous seront fournies par le fournisseur IPTV<\/li>\n\n\n\n<li><strong>S\u00e9lectionnez<\/strong>&nbsp;les jours selon votre convenance pour Actualisation des canaux et Actualisation EPG. \u00c0 la fin, appuyez sur&nbsp;<strong>Enregistrer<\/strong><\/li>\n\n\n\n<li>Apr\u00e8s avoir effectu\u00e9 toutes ces \u00e9tapes,&nbsp;<strong>red\u00e9marrez le t\u00e9l\u00e9viseur<\/strong>&nbsp;et attendez un certain temps pour charger toutes les cha\u00eenes. Maintenant, lancez&nbsp;<strong>GSE SMART IPTV sur Apple TV<\/strong>&nbsp;et profitez de la diffusion en continu de vos cha\u00eenes pr\u00e9f\u00e9r\u00e9es.<\/li>\n<\/ul>\n","protected":false},"excerpt":{"rendered":"<p>Vous savez qu\u2019il existe d\u00e9sormais sur le march\u00e9 des applications permettant d\u2019activer les services IPTV sur Apple TV comme gse smart iptv Oui, vous pouvez diffuser des cha\u00eenes sur Apple TV comme n\u2019importe quel autre t\u00e9l\u00e9viseur intelligent. Pr\u00e9parez-vous \u00e0 en savoir plus sur cette application et \u00e0 l\u2019utiliser pour configurer l\u2019IPTV sur Apple TV. Aujourd\u2019hui, [&hellip;]<\/p>\n","protected":false},"author":1,"featured_media":0,"parent":0,"menu_order":0,"comment_status":"closed","ping_status":"closed","template":"","meta":{"footnotes":""},"class_list":["post-1589","page","type-page","status-publish","hentry"],"blocksy_meta":[],"yoast_head":"<!-- This site is optimized with the Yoast SEO plugin v27.5 - https:\/\/yoast.com\/product\/yoast-seo-wordpress\/ -->\n<title>GSE SMART IPTV : Configuration et Installation de l\u2019application GSE SMART IPTV - maestrotv<\/title>\n<meta name=\"robots\" content=\"index, follow, max-snippet:-1, max-image-preview:large, max-video-preview:-1\" \/>\n<link rel=\"canonical\" href=\"https:\/\/maestroiptv.org\/index.php\/gse-smart-iptv-configuration-et-installation-de-lapplication-gse-smart-iptv\/\" \/>\n<meta property=\"og:locale\" content=\"fr_FR\" \/>\n<meta property=\"og:type\" content=\"article\" \/>\n<meta property=\"og:title\" content=\"GSE SMART IPTV : Configuration et Installation de l\u2019application GSE SMART IPTV - maestrotv\" \/>\n<meta property=\"og:description\" content=\"Vous savez qu\u2019il existe d\u00e9sormais sur le march\u00e9 des applications permettant d\u2019activer les services IPTV sur Apple TV comme gse smart iptv Oui, vous pouvez diffuser des cha\u00eenes sur Apple TV comme n\u2019importe quel autre t\u00e9l\u00e9viseur intelligent. Pr\u00e9parez-vous \u00e0 en savoir plus sur cette application et \u00e0 l\u2019utiliser pour configurer l\u2019IPTV sur Apple TV. Aujourd\u2019hui, [&hellip;]\" \/>\n<meta property=\"og:url\" content=\"https:\/\/maestroiptv.org\/index.php\/gse-smart-iptv-configuration-et-installation-de-lapplication-gse-smart-iptv\/\" \/>\n<meta property=\"og:site_name\" content=\"maestrotv\" \/>\n<meta property=\"og:image\" content=\"https:\/\/abonnement-iptv4u.b-cdn.net\/wp-content\/uploads\/2021\/10\/How-to-Setup-GSE-IPTV-Player-iPad-and-Apple-TV-1024x570-1.jpg\" \/>\n<meta name=\"twitter:card\" content=\"summary_large_image\" \/>\n<meta name=\"twitter:label1\" content=\"Dur\u00e9e de lecture estim\u00e9e\" \/>\n\t<meta name=\"twitter:data1\" content=\"3 minutes\" \/>\n<script type=\"application\/ld+json\" class=\"yoast-schema-graph\">{\"@context\":\"https:\\\/\\\/schema.org\",\"@graph\":[{\"@type\":\"WebPage\",\"@id\":\"https:\\\/\\\/maestroiptv.org\\\/index.php\\\/gse-smart-iptv-configuration-et-installation-de-lapplication-gse-smart-iptv\\\/\",\"url\":\"https:\\\/\\\/maestroiptv.org\\\/index.php\\\/gse-smart-iptv-configuration-et-installation-de-lapplication-gse-smart-iptv\\\/\",\"name\":\"GSE SMART IPTV : Configuration et Installation de l\u2019application GSE SMART IPTV - maestrotv\",\"isPartOf\":{\"@id\":\"https:\\\/\\\/maestroiptv.org\\\/#website\"},\"primaryImageOfPage\":{\"@id\":\"https:\\\/\\\/maestroiptv.org\\\/index.php\\\/gse-smart-iptv-configuration-et-installation-de-lapplication-gse-smart-iptv\\\/#primaryimage\"},\"image\":{\"@id\":\"https:\\\/\\\/maestroiptv.org\\\/index.php\\\/gse-smart-iptv-configuration-et-installation-de-lapplication-gse-smart-iptv\\\/#primaryimage\"},\"thumbnailUrl\":\"https:\\\/\\\/abonnement-iptv4u.b-cdn.net\\\/wp-content\\\/uploads\\\/2021\\\/10\\\/How-to-Setup-GSE-IPTV-Player-iPad-and-Apple-TV-1024x570-1.jpg\",\"datePublished\":\"2023-08-29T23:22:30+00:00\",\"breadcrumb\":{\"@id\":\"https:\\\/\\\/maestroiptv.org\\\/index.php\\\/gse-smart-iptv-configuration-et-installation-de-lapplication-gse-smart-iptv\\\/#breadcrumb\"},\"inLanguage\":\"fr-FR\",\"potentialAction\":[{\"@type\":\"ReadAction\",\"target\":[\"https:\\\/\\\/maestroiptv.org\\\/index.php\\\/gse-smart-iptv-configuration-et-installation-de-lapplication-gse-smart-iptv\\\/\"]}]},{\"@type\":\"ImageObject\",\"inLanguage\":\"fr-FR\",\"@id\":\"https:\\\/\\\/maestroiptv.org\\\/index.php\\\/gse-smart-iptv-configuration-et-installation-de-lapplication-gse-smart-iptv\\\/#primaryimage\",\"url\":\"https:\\\/\\\/abonnement-iptv4u.b-cdn.net\\\/wp-content\\\/uploads\\\/2021\\\/10\\\/How-to-Setup-GSE-IPTV-Player-iPad-and-Apple-TV-1024x570-1.jpg\",\"contentUrl\":\"https:\\\/\\\/abonnement-iptv4u.b-cdn.net\\\/wp-content\\\/uploads\\\/2021\\\/10\\\/How-to-Setup-GSE-IPTV-Player-iPad-and-Apple-TV-1024x570-1.jpg\"},{\"@type\":\"BreadcrumbList\",\"@id\":\"https:\\\/\\\/maestroiptv.org\\\/index.php\\\/gse-smart-iptv-configuration-et-installation-de-lapplication-gse-smart-iptv\\\/#breadcrumb\",\"itemListElement\":[{\"@type\":\"ListItem\",\"position\":1,\"name\":\"Home\",\"item\":\"https:\\\/\\\/maestroiptv.org\\\/\"},{\"@type\":\"ListItem\",\"position\":2,\"name\":\"GSE SMART IPTV : Configuration et Installation de l\u2019application GSE SMART IPTV\"}]},{\"@type\":\"WebSite\",\"@id\":\"https:\\\/\\\/maestroiptv.org\\\/#website\",\"url\":\"https:\\\/\\\/maestroiptv.org\\\/\",\"name\":\"maestrotv\",\"description\":\"\",\"publisher\":{\"@id\":\"https:\\\/\\\/maestroiptv.org\\\/#organization\"},\"potentialAction\":[{\"@type\":\"SearchAction\",\"target\":{\"@type\":\"EntryPoint\",\"urlTemplate\":\"https:\\\/\\\/maestroiptv.org\\\/?s={search_term_string}\"},\"query-input\":{\"@type\":\"PropertyValueSpecification\",\"valueRequired\":true,\"valueName\":\"search_term_string\"}}],\"inLanguage\":\"fr-FR\"},{\"@type\":\"Organization\",\"@id\":\"https:\\\/\\\/maestroiptv.org\\\/#organization\",\"name\":\"maestrotv\",\"url\":\"https:\\\/\\\/maestroiptv.org\\\/\",\"logo\":{\"@type\":\"ImageObject\",\"inLanguage\":\"fr-FR\",\"@id\":\"https:\\\/\\\/maestroiptv.org\\\/#\\\/schema\\\/logo\\\/image\\\/\",\"url\":\"https:\\\/\\\/maestroiptv.org\\\/wp-content\\\/uploads\\\/2023\\\/07\\\/Logo.png\",\"contentUrl\":\"https:\\\/\\\/maestroiptv.org\\\/wp-content\\\/uploads\\\/2023\\\/07\\\/Logo.png\",\"width\":114,\"height\":114,\"caption\":\"maestrotv\"},\"image\":{\"@id\":\"https:\\\/\\\/maestroiptv.org\\\/#\\\/schema\\\/logo\\\/image\\\/\"}}]}<\/script>\n<!-- \/ Yoast SEO plugin. -->","yoast_head_json":{"title":"GSE SMART IPTV : Configuration et Installation de l\u2019application GSE SMART IPTV - maestrotv","robots":{"index":"index","follow":"follow","max-snippet":"max-snippet:-1","max-image-preview":"max-image-preview:large","max-video-preview":"max-video-preview:-1"},"canonical":"https:\/\/maestroiptv.org\/index.php\/gse-smart-iptv-configuration-et-installation-de-lapplication-gse-smart-iptv\/","og_locale":"fr_FR","og_type":"article","og_title":"GSE SMART IPTV : Configuration et Installation de l\u2019application GSE SMART IPTV - maestrotv","og_description":"Vous savez qu\u2019il existe d\u00e9sormais sur le march\u00e9 des applications permettant d\u2019activer les services IPTV sur Apple TV comme gse smart iptv Oui, vous pouvez diffuser des cha\u00eenes sur Apple TV comme n\u2019importe quel autre t\u00e9l\u00e9viseur intelligent. Pr\u00e9parez-vous \u00e0 en savoir plus sur cette application et \u00e0 l\u2019utiliser pour configurer l\u2019IPTV sur Apple TV. Aujourd\u2019hui, [&hellip;]","og_url":"https:\/\/maestroiptv.org\/index.php\/gse-smart-iptv-configuration-et-installation-de-lapplication-gse-smart-iptv\/","og_site_name":"maestrotv","og_image":[{"url":"https:\/\/abonnement-iptv4u.b-cdn.net\/wp-content\/uploads\/2021\/10\/How-to-Setup-GSE-IPTV-Player-iPad-and-Apple-TV-1024x570-1.jpg","type":"","width":"","height":""}],"twitter_card":"summary_large_image","twitter_misc":{"Dur\u00e9e de lecture estim\u00e9e":"3 minutes"},"schema":{"@context":"https:\/\/schema.org","@graph":[{"@type":"WebPage","@id":"https:\/\/maestroiptv.org\/index.php\/gse-smart-iptv-configuration-et-installation-de-lapplication-gse-smart-iptv\/","url":"https:\/\/maestroiptv.org\/index.php\/gse-smart-iptv-configuration-et-installation-de-lapplication-gse-smart-iptv\/","name":"GSE SMART IPTV : Configuration et Installation de l\u2019application GSE SMART IPTV - maestrotv","isPartOf":{"@id":"https:\/\/maestroiptv.org\/#website"},"primaryImageOfPage":{"@id":"https:\/\/maestroiptv.org\/index.php\/gse-smart-iptv-configuration-et-installation-de-lapplication-gse-smart-iptv\/#primaryimage"},"image":{"@id":"https:\/\/maestroiptv.org\/index.php\/gse-smart-iptv-configuration-et-installation-de-lapplication-gse-smart-iptv\/#primaryimage"},"thumbnailUrl":"https:\/\/abonnement-iptv4u.b-cdn.net\/wp-content\/uploads\/2021\/10\/How-to-Setup-GSE-IPTV-Player-iPad-and-Apple-TV-1024x570-1.jpg","datePublished":"2023-08-29T23:22:30+00:00","breadcrumb":{"@id":"https:\/\/maestroiptv.org\/index.php\/gse-smart-iptv-configuration-et-installation-de-lapplication-gse-smart-iptv\/#breadcrumb"},"inLanguage":"fr-FR","potentialAction":[{"@type":"ReadAction","target":["https:\/\/maestroiptv.org\/index.php\/gse-smart-iptv-configuration-et-installation-de-lapplication-gse-smart-iptv\/"]}]},{"@type":"ImageObject","inLanguage":"fr-FR","@id":"https:\/\/maestroiptv.org\/index.php\/gse-smart-iptv-configuration-et-installation-de-lapplication-gse-smart-iptv\/#primaryimage","url":"https:\/\/abonnement-iptv4u.b-cdn.net\/wp-content\/uploads\/2021\/10\/How-to-Setup-GSE-IPTV-Player-iPad-and-Apple-TV-1024x570-1.jpg","contentUrl":"https:\/\/abonnement-iptv4u.b-cdn.net\/wp-content\/uploads\/2021\/10\/How-to-Setup-GSE-IPTV-Player-iPad-and-Apple-TV-1024x570-1.jpg"},{"@type":"BreadcrumbList","@id":"https:\/\/maestroiptv.org\/index.php\/gse-smart-iptv-configuration-et-installation-de-lapplication-gse-smart-iptv\/#breadcrumb","itemListElement":[{"@type":"ListItem","position":1,"name":"Home","item":"https:\/\/maestroiptv.org\/"},{"@type":"ListItem","position":2,"name":"GSE SMART IPTV : Configuration et Installation de l\u2019application GSE SMART IPTV"}]},{"@type":"WebSite","@id":"https:\/\/maestroiptv.org\/#website","url":"https:\/\/maestroiptv.org\/","name":"maestrotv","description":"","publisher":{"@id":"https:\/\/maestroiptv.org\/#organization"},"potentialAction":[{"@type":"SearchAction","target":{"@type":"EntryPoint","urlTemplate":"https:\/\/maestroiptv.org\/?s={search_term_string}"},"query-input":{"@type":"PropertyValueSpecification","valueRequired":true,"valueName":"search_term_string"}}],"inLanguage":"fr-FR"},{"@type":"Organization","@id":"https:\/\/maestroiptv.org\/#organization","name":"maestrotv","url":"https:\/\/maestroiptv.org\/","logo":{"@type":"ImageObject","inLanguage":"fr-FR","@id":"https:\/\/maestroiptv.org\/#\/schema\/logo\/image\/","url":"https:\/\/maestroiptv.org\/wp-content\/uploads\/2023\/07\/Logo.png","contentUrl":"https:\/\/maestroiptv.org\/wp-content\/uploads\/2023\/07\/Logo.png","width":114,"height":114,"caption":"maestrotv"},"image":{"@id":"https:\/\/maestroiptv.org\/#\/schema\/logo\/image\/"}}]}},"_links":{"self":[{"href":"https:\/\/maestroiptv.org\/index.php\/wp-json\/wp\/v2\/pages\/1589","targetHints":{"allow":["GET"]}}],"collection":[{"href":"https:\/\/maestroiptv.org\/index.php\/wp-json\/wp\/v2\/pages"}],"about":[{"href":"https:\/\/maestroiptv.org\/index.php\/wp-json\/wp\/v2\/types\/page"}],"author":[{"embeddable":true,"href":"https:\/\/maestroiptv.org\/index.php\/wp-json\/wp\/v2\/users\/1"}],"replies":[{"embeddable":true,"href":"https:\/\/maestroiptv.org\/index.php\/wp-json\/wp\/v2\/comments?post=1589"}],"version-history":[{"count":1,"href":"https:\/\/maestroiptv.org\/index.php\/wp-json\/wp\/v2\/pages\/1589\/revisions"}],"predecessor-version":[{"id":1590,"href":"https:\/\/maestroiptv.org\/index.php\/wp-json\/wp\/v2\/pages\/1589\/revisions\/1590"}],"wp:attachment":[{"href":"https:\/\/maestroiptv.org\/index.php\/wp-json\/wp\/v2\/media?parent=1589"}],"curies":[{"name":"wp","href":"https:\/\/api.w.org\/{rel}","templated":true}]}}