{"id":1591,"date":"2023-08-30T01:24:42","date_gmt":"2023-08-29T23:24:42","guid":{"rendered":"https:\/\/maestroiptv.org\/?page_id=1591"},"modified":"2023-08-30T01:24:42","modified_gmt":"2023-08-29T23:24:42","slug":"bayiptv-configurer-et-installer-lapplication-bayiptv-media-player","status":"publish","type":"page","link":"https:\/\/maestroiptv.org\/index.php\/bayiptv-configurer-et-installer-lapplication-bayiptv-media-player\/","title":{"rendered":"BAYIPTV : Configurer et installer l\u2019application BAYIPTV Media Player"},"content":{"rendered":"\n<figure class=\"wp-block-image\"><img decoding=\"async\" src=\"https:\/\/abonnement-iptv4u.b-cdn.net\/wp-content\/uploads\/2021\/10\/bay-iptv-1-1.jpg\" alt=\"BAYIPTV\"\/><\/figure>\n\n\n\n<h3 class=\"wp-block-heading\">L\u2019application BAY IPTV Media Player<\/h3>\n\n\n\n<p>L\u2019application BAYIPTV Media Player est une nouvelle application qui vient de sortir en 2021 et peut \u00eatre utilis\u00e9e sur Samsung Smart TV et LG Smart TV Store, ainsi que sur les bo\u00eetiers Android ex\u00e9cutant les t\u00e9l\u00e9viseurs Android et Sony.<\/p>\n\n\n\n<p>L\u2019application BAYIPTV Media Player est livr\u00e9e sans aucun contenu. Pour commander\u00a0<a href=\"https:\/\/maestroiptv.org\/index.php\/abonnement-vip-iptv\/\">un abonnement iptv Cliquez ICI\u00a0<\/a>.<\/p>\n\n\n\n<p>L\u2019information affich\u00e9e au d\u00e9but comprend l\u2019adresse MAC ainsi que le&nbsp;<a href=\"https:\/\/cms.bayip.tv\/packages\" target=\"_blank\" rel=\"noreferrer noopener\">site web officiel<\/a>&nbsp;de L\u2019application BAYIPTV Media Player afin que les clients puissent activer l\u2019application une fois pour toute(environs (10 \u20ac) pour une duration de : 36500 days).<\/p>\n\n\n\n<p>L\u2019application BAYIPTV Media Player offre une p\u00e9riode d\u2019essai gratuite de 7 jours apr\u00e8s avoir \u00e9t\u00e9 install\u00e9e sur votre t\u00e9l\u00e9viseur intelligent pour tester les fonctionnalit\u00e9s de l\u2019application. L\u2019adresse MAC et l\u2019URL sont indispensables au bon fonctionnement de l\u2019application.<\/p>\n\n\n\n<p>L\u2019application BAYIPTV Media Player ou ses ayants droit ne peuvent \u00eatre tenus pour responsables de la qualit\u00e9 ou des interruptions du contenu utilis\u00e9 sur BAYIPTV MediaPlayer,<\/p>\n\n\n\n<h2 class=\"wp-block-heading\">Comment installer BAY TV et comment configurer un\u00a0<a href=\"https:\/\/maestroiptv.org\/index.php\/abonnement-vip-iptv\/\">abonnement IPTV<\/a>.<\/h2>\n\n\n\n<figure class=\"wp-block-image\"><img decoding=\"async\" src=\"https:\/\/abonnement-iptv4u.b-cdn.net\/wp-content\/uploads\/2021\/10\/bay-iptv-2-800x352-1.jpg?is-pending-load=1\" alt=\"BAYIPTV \" class=\"wp-image-2249947\"\/><\/figure>\n\n\n\n<h3 class=\"wp-block-heading\">Installation de l\u2019Application BAY TV Media Player.<\/h3>\n\n\n\n<p>1- Tout d\u2019abord, votre SMART TV doit \u00eatre connect\u00e9 \u00e0 internet afin de t\u00e9l\u00e9charger les applications.<\/p>\n\n\n\n<p>2- Allez sur le Store de votre t\u00e9l\u00e9vision, puis chercher l\u2019application BAY TV, apr\u00e8s appuyez sur installation.<\/p>\n\n\n\n<p>3- Une fois votre application BAY TV est install\u00e9e sur votre TV, appuyez sur \u201cOuvrir\u201c<\/p>\n\n\n\n<p>4- Voil\u00e0 votre application est bien install\u00e9e. On passe \u00e0 la configuration.<\/p>\n\n\n\n<h3 class=\"wp-block-heading\">Configuration de l\u2019application BAY TV Media Player.<\/h3>\n\n\n\n<p>1- Apr\u00e8s l\u2019ouverture de l\u2019application, recopier l\u2019adresse MAC qui s\u2019affiche dessus.<\/p>\n\n\n\n<figure class=\"wp-block-image\"><img decoding=\"async\" src=\"https:\/\/abonnement-iptv4u.b-cdn.net\/wp-content\/uploads\/2021\/10\/bay-iptv-2-800x352-1.jpg?is-pending-load=1\" alt=\"\" class=\"wp-image-2249947\"\/><\/figure>\n\n\n\n<p>2- Ouvrez le site de l\u2019application \u201d https:\/\/bayip.tv \u201d<\/p>\n\n\n\n<p>3- Appuyez sur \u201c UPLOAD \u201d qui s\u2019affiche sur le menu du site.<\/p>\n\n\n\n<figure class=\"wp-block-image\"><img decoding=\"async\" src=\"https:\/\/abonnement-iptv4u.b-cdn.net\/wp-content\/uploads\/2021\/10\/bay-iptv-3.jpg?is-pending-load=1\" alt=\"\" class=\"wp-image-2249954\"\/><\/figure>\n\n\n\n<p>4- Vous aurez trois cases \u00e0 remplir:<\/p>\n\n\n\n<p>4-1: Tapez votre adresse mac que vous avez recopi\u00e9e sur votre t\u00e9l\u00e9.<\/p>\n\n\n\n<p>4-2: Mettez un nom de votre choix.<\/p>\n\n\n\n<p>4-3: Mettez le lien de votre playlist ( M3U).<\/p>\n\n\n\n<p>N.B: le lien m3u est\u00a0<a href=\"https:\/\/maestroiptv.org\/index.php\/abonnement-vip-iptv\/\">l\u2019abonnement IPTV<\/a>\u00a0que vous devez acheter pour le mettre sur votre application, vous pouvez le commander depuis notre site \u201d IPTV4U\u201d<\/p>\n\n\n\n<p>5- Ensuite cliquez sur \u201c Je ne suis pas un robot \u201d et appuyez sur \u201d Envoyer\u201c<\/p>\n\n\n\n<figure class=\"wp-block-image\"><img decoding=\"async\" src=\"https:\/\/abonnement-iptv4u.b-cdn.net\/wp-content\/uploads\/2021\/10\/bay-iptv-4-595x400-1.jpg?is-pending-load=1\" alt=\"\" class=\"wp-image-2250054\"\/><\/figure>\n\n\n\n<p>6- Finalement Red\u00e9marer, L\u2019application BAY TV r et vous devez avoir le nom de votre Playlist ( IPTV4U ) et c\u2019est le moment pour profiter pleinement de votre abonnement iptv.<\/p>\n","protected":false},"excerpt":{"rendered":"<p>L\u2019application BAY IPTV Media Player L\u2019application BAYIPTV Media Player est une nouvelle application qui vient de sortir en 2021 et peut \u00eatre utilis\u00e9e sur Samsung Smart TV et LG Smart TV Store, ainsi que sur les bo\u00eetiers Android ex\u00e9cutant les t\u00e9l\u00e9viseurs Android et Sony. L\u2019application BAYIPTV Media Player est livr\u00e9e sans aucun contenu. Pour commander\u00a0un [&hellip;]<\/p>\n","protected":false},"author":1,"featured_media":0,"parent":0,"menu_order":0,"comment_status":"closed","ping_status":"closed","template":"","meta":{"footnotes":""},"class_list":["post-1591","page","type-page","status-publish","hentry"],"blocksy_meta":[],"yoast_head":"<!-- This site is optimized with the Yoast SEO plugin v27.5 - https:\/\/yoast.com\/product\/yoast-seo-wordpress\/ -->\n<title>BAYIPTV : Configurer et installer l\u2019application BAYIPTV Media Player - maestrotv<\/title>\n<meta name=\"robots\" content=\"index, follow, max-snippet:-1, max-image-preview:large, max-video-preview:-1\" \/>\n<link rel=\"canonical\" href=\"https:\/\/maestroiptv.org\/index.php\/bayiptv-configurer-et-installer-lapplication-bayiptv-media-player\/\" \/>\n<meta property=\"og:locale\" content=\"fr_FR\" \/>\n<meta property=\"og:type\" content=\"article\" \/>\n<meta property=\"og:title\" content=\"BAYIPTV : Configurer et installer l\u2019application BAYIPTV Media Player - maestrotv\" \/>\n<meta property=\"og:description\" content=\"L\u2019application BAY IPTV Media Player L\u2019application BAYIPTV Media Player est une nouvelle application qui vient de sortir en 2021 et peut \u00eatre utilis\u00e9e sur Samsung Smart TV et LG Smart TV Store, ainsi que sur les bo\u00eetiers Android ex\u00e9cutant les t\u00e9l\u00e9viseurs Android et Sony. L\u2019application BAYIPTV Media Player est livr\u00e9e sans aucun contenu. Pour commander\u00a0un [&hellip;]\" \/>\n<meta property=\"og:url\" content=\"https:\/\/maestroiptv.org\/index.php\/bayiptv-configurer-et-installer-lapplication-bayiptv-media-player\/\" \/>\n<meta property=\"og:site_name\" content=\"maestrotv\" \/>\n<meta property=\"og:image\" content=\"https:\/\/abonnement-iptv4u.b-cdn.net\/wp-content\/uploads\/2021\/10\/bay-iptv-1-1.jpg\" \/>\n<meta name=\"twitter:card\" content=\"summary_large_image\" \/>\n<meta name=\"twitter:label1\" content=\"Dur\u00e9e de lecture estim\u00e9e\" \/>\n\t<meta name=\"twitter:data1\" content=\"3 minutes\" \/>\n<script type=\"application\/ld+json\" class=\"yoast-schema-graph\">{\"@context\":\"https:\\\/\\\/schema.org\",\"@graph\":[{\"@type\":\"WebPage\",\"@id\":\"https:\\\/\\\/maestroiptv.org\\\/index.php\\\/bayiptv-configurer-et-installer-lapplication-bayiptv-media-player\\\/\",\"url\":\"https:\\\/\\\/maestroiptv.org\\\/index.php\\\/bayiptv-configurer-et-installer-lapplication-bayiptv-media-player\\\/\",\"name\":\"BAYIPTV : Configurer et installer l\u2019application BAYIPTV Media Player - maestrotv\",\"isPartOf\":{\"@id\":\"https:\\\/\\\/maestroiptv.org\\\/#website\"},\"primaryImageOfPage\":{\"@id\":\"https:\\\/\\\/maestroiptv.org\\\/index.php\\\/bayiptv-configurer-et-installer-lapplication-bayiptv-media-player\\\/#primaryimage\"},\"image\":{\"@id\":\"https:\\\/\\\/maestroiptv.org\\\/index.php\\\/bayiptv-configurer-et-installer-lapplication-bayiptv-media-player\\\/#primaryimage\"},\"thumbnailUrl\":\"https:\\\/\\\/abonnement-iptv4u.b-cdn.net\\\/wp-content\\\/uploads\\\/2021\\\/10\\\/bay-iptv-1-1.jpg\",\"datePublished\":\"2023-08-29T23:24:42+00:00\",\"breadcrumb\":{\"@id\":\"https:\\\/\\\/maestroiptv.org\\\/index.php\\\/bayiptv-configurer-et-installer-lapplication-bayiptv-media-player\\\/#breadcrumb\"},\"inLanguage\":\"fr-FR\",\"potentialAction\":[{\"@type\":\"ReadAction\",\"target\":[\"https:\\\/\\\/maestroiptv.org\\\/index.php\\\/bayiptv-configurer-et-installer-lapplication-bayiptv-media-player\\\/\"]}]},{\"@type\":\"ImageObject\",\"inLanguage\":\"fr-FR\",\"@id\":\"https:\\\/\\\/maestroiptv.org\\\/index.php\\\/bayiptv-configurer-et-installer-lapplication-bayiptv-media-player\\\/#primaryimage\",\"url\":\"https:\\\/\\\/abonnement-iptv4u.b-cdn.net\\\/wp-content\\\/uploads\\\/2021\\\/10\\\/bay-iptv-1-1.jpg\",\"contentUrl\":\"https:\\\/\\\/abonnement-iptv4u.b-cdn.net\\\/wp-content\\\/uploads\\\/2021\\\/10\\\/bay-iptv-1-1.jpg\"},{\"@type\":\"BreadcrumbList\",\"@id\":\"https:\\\/\\\/maestroiptv.org\\\/index.php\\\/bayiptv-configurer-et-installer-lapplication-bayiptv-media-player\\\/#breadcrumb\",\"itemListElement\":[{\"@type\":\"ListItem\",\"position\":1,\"name\":\"Home\",\"item\":\"https:\\\/\\\/maestroiptv.org\\\/\"},{\"@type\":\"ListItem\",\"position\":2,\"name\":\"BAYIPTV : Configurer et installer l\u2019application BAYIPTV Media Player\"}]},{\"@type\":\"WebSite\",\"@id\":\"https:\\\/\\\/maestroiptv.org\\\/#website\",\"url\":\"https:\\\/\\\/maestroiptv.org\\\/\",\"name\":\"maestrotv\",\"description\":\"\",\"publisher\":{\"@id\":\"https:\\\/\\\/maestroiptv.org\\\/#organization\"},\"potentialAction\":[{\"@type\":\"SearchAction\",\"target\":{\"@type\":\"EntryPoint\",\"urlTemplate\":\"https:\\\/\\\/maestroiptv.org\\\/?s={search_term_string}\"},\"query-input\":{\"@type\":\"PropertyValueSpecification\",\"valueRequired\":true,\"valueName\":\"search_term_string\"}}],\"inLanguage\":\"fr-FR\"},{\"@type\":\"Organization\",\"@id\":\"https:\\\/\\\/maestroiptv.org\\\/#organization\",\"name\":\"maestrotv\",\"url\":\"https:\\\/\\\/maestroiptv.org\\\/\",\"logo\":{\"@type\":\"ImageObject\",\"inLanguage\":\"fr-FR\",\"@id\":\"https:\\\/\\\/maestroiptv.org\\\/#\\\/schema\\\/logo\\\/image\\\/\",\"url\":\"https:\\\/\\\/maestroiptv.org\\\/wp-content\\\/uploads\\\/2023\\\/07\\\/Logo.png\",\"contentUrl\":\"https:\\\/\\\/maestroiptv.org\\\/wp-content\\\/uploads\\\/2023\\\/07\\\/Logo.png\",\"width\":114,\"height\":114,\"caption\":\"maestrotv\"},\"image\":{\"@id\":\"https:\\\/\\\/maestroiptv.org\\\/#\\\/schema\\\/logo\\\/image\\\/\"}}]}<\/script>\n<!-- \/ Yoast SEO plugin. -->","yoast_head_json":{"title":"BAYIPTV : Configurer et installer l\u2019application BAYIPTV Media Player - maestrotv","robots":{"index":"index","follow":"follow","max-snippet":"max-snippet:-1","max-image-preview":"max-image-preview:large","max-video-preview":"max-video-preview:-1"},"canonical":"https:\/\/maestroiptv.org\/index.php\/bayiptv-configurer-et-installer-lapplication-bayiptv-media-player\/","og_locale":"fr_FR","og_type":"article","og_title":"BAYIPTV : Configurer et installer l\u2019application BAYIPTV Media Player - maestrotv","og_description":"L\u2019application BAY IPTV Media Player L\u2019application BAYIPTV Media Player est une nouvelle application qui vient de sortir en 2021 et peut \u00eatre utilis\u00e9e sur Samsung Smart TV et LG Smart TV Store, ainsi que sur les bo\u00eetiers Android ex\u00e9cutant les t\u00e9l\u00e9viseurs Android et Sony. L\u2019application BAYIPTV Media Player est livr\u00e9e sans aucun contenu. Pour commander\u00a0un [&hellip;]","og_url":"https:\/\/maestroiptv.org\/index.php\/bayiptv-configurer-et-installer-lapplication-bayiptv-media-player\/","og_site_name":"maestrotv","og_image":[{"url":"https:\/\/abonnement-iptv4u.b-cdn.net\/wp-content\/uploads\/2021\/10\/bay-iptv-1-1.jpg","type":"","width":"","height":""}],"twitter_card":"summary_large_image","twitter_misc":{"Dur\u00e9e de lecture estim\u00e9e":"3 minutes"},"schema":{"@context":"https:\/\/schema.org","@graph":[{"@type":"WebPage","@id":"https:\/\/maestroiptv.org\/index.php\/bayiptv-configurer-et-installer-lapplication-bayiptv-media-player\/","url":"https:\/\/maestroiptv.org\/index.php\/bayiptv-configurer-et-installer-lapplication-bayiptv-media-player\/","name":"BAYIPTV : Configurer et installer l\u2019application BAYIPTV Media Player - maestrotv","isPartOf":{"@id":"https:\/\/maestroiptv.org\/#website"},"primaryImageOfPage":{"@id":"https:\/\/maestroiptv.org\/index.php\/bayiptv-configurer-et-installer-lapplication-bayiptv-media-player\/#primaryimage"},"image":{"@id":"https:\/\/maestroiptv.org\/index.php\/bayiptv-configurer-et-installer-lapplication-bayiptv-media-player\/#primaryimage"},"thumbnailUrl":"https:\/\/abonnement-iptv4u.b-cdn.net\/wp-content\/uploads\/2021\/10\/bay-iptv-1-1.jpg","datePublished":"2023-08-29T23:24:42+00:00","breadcrumb":{"@id":"https:\/\/maestroiptv.org\/index.php\/bayiptv-configurer-et-installer-lapplication-bayiptv-media-player\/#breadcrumb"},"inLanguage":"fr-FR","potentialAction":[{"@type":"ReadAction","target":["https:\/\/maestroiptv.org\/index.php\/bayiptv-configurer-et-installer-lapplication-bayiptv-media-player\/"]}]},{"@type":"ImageObject","inLanguage":"fr-FR","@id":"https:\/\/maestroiptv.org\/index.php\/bayiptv-configurer-et-installer-lapplication-bayiptv-media-player\/#primaryimage","url":"https:\/\/abonnement-iptv4u.b-cdn.net\/wp-content\/uploads\/2021\/10\/bay-iptv-1-1.jpg","contentUrl":"https:\/\/abonnement-iptv4u.b-cdn.net\/wp-content\/uploads\/2021\/10\/bay-iptv-1-1.jpg"},{"@type":"BreadcrumbList","@id":"https:\/\/maestroiptv.org\/index.php\/bayiptv-configurer-et-installer-lapplication-bayiptv-media-player\/#breadcrumb","itemListElement":[{"@type":"ListItem","position":1,"name":"Home","item":"https:\/\/maestroiptv.org\/"},{"@type":"ListItem","position":2,"name":"BAYIPTV : Configurer et installer l\u2019application BAYIPTV Media Player"}]},{"@type":"WebSite","@id":"https:\/\/maestroiptv.org\/#website","url":"https:\/\/maestroiptv.org\/","name":"maestrotv","description":"","publisher":{"@id":"https:\/\/maestroiptv.org\/#organization"},"potentialAction":[{"@type":"SearchAction","target":{"@type":"EntryPoint","urlTemplate":"https:\/\/maestroiptv.org\/?s={search_term_string}"},"query-input":{"@type":"PropertyValueSpecification","valueRequired":true,"valueName":"search_term_string"}}],"inLanguage":"fr-FR"},{"@type":"Organization","@id":"https:\/\/maestroiptv.org\/#organization","name":"maestrotv","url":"https:\/\/maestroiptv.org\/","logo":{"@type":"ImageObject","inLanguage":"fr-FR","@id":"https:\/\/maestroiptv.org\/#\/schema\/logo\/image\/","url":"https:\/\/maestroiptv.org\/wp-content\/uploads\/2023\/07\/Logo.png","contentUrl":"https:\/\/maestroiptv.org\/wp-content\/uploads\/2023\/07\/Logo.png","width":114,"height":114,"caption":"maestrotv"},"image":{"@id":"https:\/\/maestroiptv.org\/#\/schema\/logo\/image\/"}}]}},"_links":{"self":[{"href":"https:\/\/maestroiptv.org\/index.php\/wp-json\/wp\/v2\/pages\/1591","targetHints":{"allow":["GET"]}}],"collection":[{"href":"https:\/\/maestroiptv.org\/index.php\/wp-json\/wp\/v2\/pages"}],"about":[{"href":"https:\/\/maestroiptv.org\/index.php\/wp-json\/wp\/v2\/types\/page"}],"author":[{"embeddable":true,"href":"https:\/\/maestroiptv.org\/index.php\/wp-json\/wp\/v2\/users\/1"}],"replies":[{"embeddable":true,"href":"https:\/\/maestroiptv.org\/index.php\/wp-json\/wp\/v2\/comments?post=1591"}],"version-history":[{"count":1,"href":"https:\/\/maestroiptv.org\/index.php\/wp-json\/wp\/v2\/pages\/1591\/revisions"}],"predecessor-version":[{"id":1592,"href":"https:\/\/maestroiptv.org\/index.php\/wp-json\/wp\/v2\/pages\/1591\/revisions\/1592"}],"wp:attachment":[{"href":"https:\/\/maestroiptv.org\/index.php\/wp-json\/wp\/v2\/media?parent=1591"}],"curies":[{"name":"wp","href":"https:\/\/api.w.org\/{rel}","templated":true}]}}