{"id":1631,"date":"2023-08-30T06:36:32","date_gmt":"2023-08-30T04:36:32","guid":{"rendered":"https:\/\/maestroiptv.org\/?page_id=1631"},"modified":"2023-08-30T06:36:33","modified_gmt":"2023-08-30T04:36:33","slug":"comment-installer-iptv-lapplication-smart-iptv-sur-samsung-via-une-cle-usb","status":"publish","type":"page","link":"https:\/\/maestroiptv.org\/index.php\/comment-installer-iptv-lapplication-smart-iptv-sur-samsung-via-une-cle-usb\/","title":{"rendered":"Comment installer IPTV l\u2019application Smart IPTV sur Samsung via une cl\u00e9 USB"},"content":{"rendered":"\n<figure class=\"wp-block-image\"><img decoding=\"async\" src=\"https:\/\/abonnement-iptv4u.b-cdn.net\/wp-content\/uploads\/2021\/02\/Installer-Smart-IPTV-sur-Samsung-Smart-TV-via-USB-1-1024x576.png\" alt=\"Installer-Smart-IPTV-sur-Samsung-Smart-TV\"\/><\/figure>\n\n\n\n<p>Certainement vous avez constat\u00e9 que l\u2019application Smart IPTV n\u2019apparaissait plus dans le store de Samsung TV.<\/p>\n\n\n\n<p>Celle-ci a en r\u00e9alit\u00e9 \u00e9t\u00e9 supprim\u00e9 par les responsables de Samsung.<\/p>\n\n\n\n<p>L\u2019application SMART IPTV reste fonctionnelle et disponible rapidement et tr\u00e8s simplement gr\u00e2ce \u00e0\u00a0<a href=\"https:\/\/maestroiptv.org\/index.php\/iptv-maestro-iptv\/\">MAESTRO IPTV<\/a><\/p>\n\n\n\n<p>Voici comment installer l\u2019application Smart IPTV sur votre Samsung Smart TV.<\/p>\n\n\n\n<p>Tizen&nbsp;ou&nbsp;Non Tizen&nbsp;?<\/p>\n\n\n\n<p>Samsung Tizen (S\u00e9ries : J \/ K \/ M \/ N \/ Q \/ R):<\/p>\n\n\n\n<p>T\u00e9l\u00e9chargez le fichier&nbsp;<a href=\"https:\/\/siptv.app\/howto\/sammy\/files\/siptv_tizen.zip\" rel=\"noreferrer noopener\" target=\"_blank\">widget Tizen<\/a>&nbsp;&nbsp;puis d\u00e9compressez le contenu du fichier zip dans la racine de votre cl\u00e9 USB et ins\u00e9rez-le dans le port USB de votre Samsung smart TV.&nbsp;Assurez-vous que le r\u00e9pertoire&nbsp;userwidget&nbsp;se trouve \u00e0 la racine de votre cl\u00e9 USB.&nbsp;L\u2019application appara\u00eetra sur l\u2019\u00e9cran \u201cMes apps\u201d parmi les autres applications.<\/p>\n\n\n\n<p>Samsung non Tizen (S\u00e9ries : E \/ ES \/ F \/ H \/ HU \/ J4 \/ J52):<\/p>\n\n\n\n<p>T\u00e9l\u00e9chargez le fichier&nbsp;<a href=\"https:\/\/siptv.app\/howto\/sammy\/files\/siptv_orsay.zip\" rel=\"noreferrer noopener\" target=\"_blank\">widget Orsay<\/a>&nbsp;puis d\u00e9compressez le contenu du fichier dans la racine de votre cl\u00e9 USB et ins\u00e9rez-le dans le port USB de votre Samsung smart TV.&nbsp;Le r\u00e9pertoire&nbsp;SmartIPTV&nbsp;doit \u00eatre situ\u00e9 \u00e0 la racine de votre cl\u00e9 USB.&nbsp;L\u2019application appara\u00eetra sur un \u00e9cran \u201cSamsung Apps\u201d parmi les applications.<\/p>\n\n\n\n<p>Vous pouvez aussi utiliser l\u2019adresse IP du serveur de synchronisation&nbsp;SMART IPTV \u201d 116.202.226.250 \u201d&nbsp;\u00e0 utiliser en&nbsp;mode d\u00e9veloppeur.<\/p>\n","protected":false},"excerpt":{"rendered":"<p>Certainement vous avez constat\u00e9 que l\u2019application Smart IPTV n\u2019apparaissait plus dans le store de Samsung TV. Celle-ci a en r\u00e9alit\u00e9 \u00e9t\u00e9 supprim\u00e9 par les responsables de Samsung. L\u2019application SMART IPTV reste fonctionnelle et disponible rapidement et tr\u00e8s simplement gr\u00e2ce \u00e0\u00a0MAESTRO IPTV Voici comment installer l\u2019application Smart IPTV sur votre Samsung Smart TV. Tizen&nbsp;ou&nbsp;Non Tizen&nbsp;? Samsung [&hellip;]<\/p>\n","protected":false},"author":1,"featured_media":0,"parent":0,"menu_order":0,"comment_status":"closed","ping_status":"closed","template":"","meta":{"footnotes":""},"class_list":["post-1631","page","type-page","status-publish","hentry"],"blocksy_meta":[],"yoast_head":"<!-- This site is optimized with the Yoast SEO plugin v27.5 - https:\/\/yoast.com\/product\/yoast-seo-wordpress\/ -->\n<title>Comment installer IPTV l\u2019application Smart IPTV sur Samsung via une cl\u00e9 USB - maestrotv<\/title>\n<meta name=\"robots\" content=\"index, follow, max-snippet:-1, max-image-preview:large, max-video-preview:-1\" \/>\n<link rel=\"canonical\" href=\"https:\/\/maestroiptv.org\/index.php\/comment-installer-iptv-lapplication-smart-iptv-sur-samsung-via-une-cle-usb\/\" \/>\n<meta property=\"og:locale\" content=\"fr_FR\" \/>\n<meta property=\"og:type\" content=\"article\" \/>\n<meta property=\"og:title\" content=\"Comment installer IPTV l\u2019application Smart IPTV sur Samsung via une cl\u00e9 USB - maestrotv\" \/>\n<meta property=\"og:description\" content=\"Certainement vous avez constat\u00e9 que l\u2019application Smart IPTV n\u2019apparaissait plus dans le store de Samsung TV. Celle-ci a en r\u00e9alit\u00e9 \u00e9t\u00e9 supprim\u00e9 par les responsables de Samsung. L\u2019application SMART IPTV reste fonctionnelle et disponible rapidement et tr\u00e8s simplement gr\u00e2ce \u00e0\u00a0MAESTRO IPTV Voici comment installer l\u2019application Smart IPTV sur votre Samsung Smart TV. Tizen&nbsp;ou&nbsp;Non Tizen&nbsp;? Samsung [&hellip;]\" \/>\n<meta property=\"og:url\" content=\"https:\/\/maestroiptv.org\/index.php\/comment-installer-iptv-lapplication-smart-iptv-sur-samsung-via-une-cle-usb\/\" \/>\n<meta property=\"og:site_name\" content=\"maestrotv\" \/>\n<meta property=\"article:modified_time\" content=\"2023-08-30T04:36:33+00:00\" \/>\n<meta property=\"og:image\" content=\"https:\/\/abonnement-iptv4u.b-cdn.net\/wp-content\/uploads\/2021\/02\/Installer-Smart-IPTV-sur-Samsung-Smart-TV-via-USB-1-1024x576.png\" \/>\n<meta name=\"twitter:card\" content=\"summary_large_image\" \/>\n<meta name=\"twitter:label1\" content=\"Dur\u00e9e de lecture estim\u00e9e\" \/>\n\t<meta name=\"twitter:data1\" content=\"2 minutes\" \/>\n<script type=\"application\/ld+json\" class=\"yoast-schema-graph\">{\"@context\":\"https:\\\/\\\/schema.org\",\"@graph\":[{\"@type\":\"WebPage\",\"@id\":\"https:\\\/\\\/maestroiptv.org\\\/index.php\\\/comment-installer-iptv-lapplication-smart-iptv-sur-samsung-via-une-cle-usb\\\/\",\"url\":\"https:\\\/\\\/maestroiptv.org\\\/index.php\\\/comment-installer-iptv-lapplication-smart-iptv-sur-samsung-via-une-cle-usb\\\/\",\"name\":\"Comment installer IPTV l\u2019application Smart IPTV sur Samsung via une cl\u00e9 USB - maestrotv\",\"isPartOf\":{\"@id\":\"https:\\\/\\\/maestroiptv.org\\\/#website\"},\"primaryImageOfPage\":{\"@id\":\"https:\\\/\\\/maestroiptv.org\\\/index.php\\\/comment-installer-iptv-lapplication-smart-iptv-sur-samsung-via-une-cle-usb\\\/#primaryimage\"},\"image\":{\"@id\":\"https:\\\/\\\/maestroiptv.org\\\/index.php\\\/comment-installer-iptv-lapplication-smart-iptv-sur-samsung-via-une-cle-usb\\\/#primaryimage\"},\"thumbnailUrl\":\"https:\\\/\\\/abonnement-iptv4u.b-cdn.net\\\/wp-content\\\/uploads\\\/2021\\\/02\\\/Installer-Smart-IPTV-sur-Samsung-Smart-TV-via-USB-1-1024x576.png\",\"datePublished\":\"2023-08-30T04:36:32+00:00\",\"dateModified\":\"2023-08-30T04:36:33+00:00\",\"breadcrumb\":{\"@id\":\"https:\\\/\\\/maestroiptv.org\\\/index.php\\\/comment-installer-iptv-lapplication-smart-iptv-sur-samsung-via-une-cle-usb\\\/#breadcrumb\"},\"inLanguage\":\"fr-FR\",\"potentialAction\":[{\"@type\":\"ReadAction\",\"target\":[\"https:\\\/\\\/maestroiptv.org\\\/index.php\\\/comment-installer-iptv-lapplication-smart-iptv-sur-samsung-via-une-cle-usb\\\/\"]}]},{\"@type\":\"ImageObject\",\"inLanguage\":\"fr-FR\",\"@id\":\"https:\\\/\\\/maestroiptv.org\\\/index.php\\\/comment-installer-iptv-lapplication-smart-iptv-sur-samsung-via-une-cle-usb\\\/#primaryimage\",\"url\":\"https:\\\/\\\/abonnement-iptv4u.b-cdn.net\\\/wp-content\\\/uploads\\\/2021\\\/02\\\/Installer-Smart-IPTV-sur-Samsung-Smart-TV-via-USB-1-1024x576.png\",\"contentUrl\":\"https:\\\/\\\/abonnement-iptv4u.b-cdn.net\\\/wp-content\\\/uploads\\\/2021\\\/02\\\/Installer-Smart-IPTV-sur-Samsung-Smart-TV-via-USB-1-1024x576.png\"},{\"@type\":\"BreadcrumbList\",\"@id\":\"https:\\\/\\\/maestroiptv.org\\\/index.php\\\/comment-installer-iptv-lapplication-smart-iptv-sur-samsung-via-une-cle-usb\\\/#breadcrumb\",\"itemListElement\":[{\"@type\":\"ListItem\",\"position\":1,\"name\":\"Home\",\"item\":\"https:\\\/\\\/maestroiptv.org\\\/\"},{\"@type\":\"ListItem\",\"position\":2,\"name\":\"Comment installer IPTV l\u2019application Smart IPTV sur Samsung via une cl\u00e9 USB\"}]},{\"@type\":\"WebSite\",\"@id\":\"https:\\\/\\\/maestroiptv.org\\\/#website\",\"url\":\"https:\\\/\\\/maestroiptv.org\\\/\",\"name\":\"maestrotv\",\"description\":\"\",\"publisher\":{\"@id\":\"https:\\\/\\\/maestroiptv.org\\\/#organization\"},\"potentialAction\":[{\"@type\":\"SearchAction\",\"target\":{\"@type\":\"EntryPoint\",\"urlTemplate\":\"https:\\\/\\\/maestroiptv.org\\\/?s={search_term_string}\"},\"query-input\":{\"@type\":\"PropertyValueSpecification\",\"valueRequired\":true,\"valueName\":\"search_term_string\"}}],\"inLanguage\":\"fr-FR\"},{\"@type\":\"Organization\",\"@id\":\"https:\\\/\\\/maestroiptv.org\\\/#organization\",\"name\":\"maestrotv\",\"url\":\"https:\\\/\\\/maestroiptv.org\\\/\",\"logo\":{\"@type\":\"ImageObject\",\"inLanguage\":\"fr-FR\",\"@id\":\"https:\\\/\\\/maestroiptv.org\\\/#\\\/schema\\\/logo\\\/image\\\/\",\"url\":\"https:\\\/\\\/maestroiptv.org\\\/wp-content\\\/uploads\\\/2023\\\/07\\\/Logo.png\",\"contentUrl\":\"https:\\\/\\\/maestroiptv.org\\\/wp-content\\\/uploads\\\/2023\\\/07\\\/Logo.png\",\"width\":114,\"height\":114,\"caption\":\"maestrotv\"},\"image\":{\"@id\":\"https:\\\/\\\/maestroiptv.org\\\/#\\\/schema\\\/logo\\\/image\\\/\"}}]}<\/script>\n<!-- \/ Yoast SEO plugin. -->","yoast_head_json":{"title":"Comment installer IPTV l\u2019application Smart IPTV sur Samsung via une cl\u00e9 USB - maestrotv","robots":{"index":"index","follow":"follow","max-snippet":"max-snippet:-1","max-image-preview":"max-image-preview:large","max-video-preview":"max-video-preview:-1"},"canonical":"https:\/\/maestroiptv.org\/index.php\/comment-installer-iptv-lapplication-smart-iptv-sur-samsung-via-une-cle-usb\/","og_locale":"fr_FR","og_type":"article","og_title":"Comment installer IPTV l\u2019application Smart IPTV sur Samsung via une cl\u00e9 USB - maestrotv","og_description":"Certainement vous avez constat\u00e9 que l\u2019application Smart IPTV n\u2019apparaissait plus dans le store de Samsung TV. Celle-ci a en r\u00e9alit\u00e9 \u00e9t\u00e9 supprim\u00e9 par les responsables de Samsung. L\u2019application SMART IPTV reste fonctionnelle et disponible rapidement et tr\u00e8s simplement gr\u00e2ce \u00e0\u00a0MAESTRO IPTV Voici comment installer l\u2019application Smart IPTV sur votre Samsung Smart TV. Tizen&nbsp;ou&nbsp;Non Tizen&nbsp;? Samsung [&hellip;]","og_url":"https:\/\/maestroiptv.org\/index.php\/comment-installer-iptv-lapplication-smart-iptv-sur-samsung-via-une-cle-usb\/","og_site_name":"maestrotv","article_modified_time":"2023-08-30T04:36:33+00:00","og_image":[{"url":"https:\/\/abonnement-iptv4u.b-cdn.net\/wp-content\/uploads\/2021\/02\/Installer-Smart-IPTV-sur-Samsung-Smart-TV-via-USB-1-1024x576.png","type":"","width":"","height":""}],"twitter_card":"summary_large_image","twitter_misc":{"Dur\u00e9e de lecture estim\u00e9e":"2 minutes"},"schema":{"@context":"https:\/\/schema.org","@graph":[{"@type":"WebPage","@id":"https:\/\/maestroiptv.org\/index.php\/comment-installer-iptv-lapplication-smart-iptv-sur-samsung-via-une-cle-usb\/","url":"https:\/\/maestroiptv.org\/index.php\/comment-installer-iptv-lapplication-smart-iptv-sur-samsung-via-une-cle-usb\/","name":"Comment installer IPTV l\u2019application Smart IPTV sur Samsung via une cl\u00e9 USB - maestrotv","isPartOf":{"@id":"https:\/\/maestroiptv.org\/#website"},"primaryImageOfPage":{"@id":"https:\/\/maestroiptv.org\/index.php\/comment-installer-iptv-lapplication-smart-iptv-sur-samsung-via-une-cle-usb\/#primaryimage"},"image":{"@id":"https:\/\/maestroiptv.org\/index.php\/comment-installer-iptv-lapplication-smart-iptv-sur-samsung-via-une-cle-usb\/#primaryimage"},"thumbnailUrl":"https:\/\/abonnement-iptv4u.b-cdn.net\/wp-content\/uploads\/2021\/02\/Installer-Smart-IPTV-sur-Samsung-Smart-TV-via-USB-1-1024x576.png","datePublished":"2023-08-30T04:36:32+00:00","dateModified":"2023-08-30T04:36:33+00:00","breadcrumb":{"@id":"https:\/\/maestroiptv.org\/index.php\/comment-installer-iptv-lapplication-smart-iptv-sur-samsung-via-une-cle-usb\/#breadcrumb"},"inLanguage":"fr-FR","potentialAction":[{"@type":"ReadAction","target":["https:\/\/maestroiptv.org\/index.php\/comment-installer-iptv-lapplication-smart-iptv-sur-samsung-via-une-cle-usb\/"]}]},{"@type":"ImageObject","inLanguage":"fr-FR","@id":"https:\/\/maestroiptv.org\/index.php\/comment-installer-iptv-lapplication-smart-iptv-sur-samsung-via-une-cle-usb\/#primaryimage","url":"https:\/\/abonnement-iptv4u.b-cdn.net\/wp-content\/uploads\/2021\/02\/Installer-Smart-IPTV-sur-Samsung-Smart-TV-via-USB-1-1024x576.png","contentUrl":"https:\/\/abonnement-iptv4u.b-cdn.net\/wp-content\/uploads\/2021\/02\/Installer-Smart-IPTV-sur-Samsung-Smart-TV-via-USB-1-1024x576.png"},{"@type":"BreadcrumbList","@id":"https:\/\/maestroiptv.org\/index.php\/comment-installer-iptv-lapplication-smart-iptv-sur-samsung-via-une-cle-usb\/#breadcrumb","itemListElement":[{"@type":"ListItem","position":1,"name":"Home","item":"https:\/\/maestroiptv.org\/"},{"@type":"ListItem","position":2,"name":"Comment installer IPTV l\u2019application Smart IPTV sur Samsung via une cl\u00e9 USB"}]},{"@type":"WebSite","@id":"https:\/\/maestroiptv.org\/#website","url":"https:\/\/maestroiptv.org\/","name":"maestrotv","description":"","publisher":{"@id":"https:\/\/maestroiptv.org\/#organization"},"potentialAction":[{"@type":"SearchAction","target":{"@type":"EntryPoint","urlTemplate":"https:\/\/maestroiptv.org\/?s={search_term_string}"},"query-input":{"@type":"PropertyValueSpecification","valueRequired":true,"valueName":"search_term_string"}}],"inLanguage":"fr-FR"},{"@type":"Organization","@id":"https:\/\/maestroiptv.org\/#organization","name":"maestrotv","url":"https:\/\/maestroiptv.org\/","logo":{"@type":"ImageObject","inLanguage":"fr-FR","@id":"https:\/\/maestroiptv.org\/#\/schema\/logo\/image\/","url":"https:\/\/maestroiptv.org\/wp-content\/uploads\/2023\/07\/Logo.png","contentUrl":"https:\/\/maestroiptv.org\/wp-content\/uploads\/2023\/07\/Logo.png","width":114,"height":114,"caption":"maestrotv"},"image":{"@id":"https:\/\/maestroiptv.org\/#\/schema\/logo\/image\/"}}]}},"_links":{"self":[{"href":"https:\/\/maestroiptv.org\/index.php\/wp-json\/wp\/v2\/pages\/1631","targetHints":{"allow":["GET"]}}],"collection":[{"href":"https:\/\/maestroiptv.org\/index.php\/wp-json\/wp\/v2\/pages"}],"about":[{"href":"https:\/\/maestroiptv.org\/index.php\/wp-json\/wp\/v2\/types\/page"}],"author":[{"embeddable":true,"href":"https:\/\/maestroiptv.org\/index.php\/wp-json\/wp\/v2\/users\/1"}],"replies":[{"embeddable":true,"href":"https:\/\/maestroiptv.org\/index.php\/wp-json\/wp\/v2\/comments?post=1631"}],"version-history":[{"count":1,"href":"https:\/\/maestroiptv.org\/index.php\/wp-json\/wp\/v2\/pages\/1631\/revisions"}],"predecessor-version":[{"id":1632,"href":"https:\/\/maestroiptv.org\/index.php\/wp-json\/wp\/v2\/pages\/1631\/revisions\/1632"}],"wp:attachment":[{"href":"https:\/\/maestroiptv.org\/index.php\/wp-json\/wp\/v2\/media?parent=1631"}],"curies":[{"name":"wp","href":"https:\/\/api.w.org\/{rel}","templated":true}]}}