{"id":1647,"date":"2023-09-02T00:12:38","date_gmt":"2023-09-01T22:12:38","guid":{"rendered":"https:\/\/maestroiptv.org\/?page_id=1647"},"modified":"2023-09-02T00:12:38","modified_gmt":"2023-09-01T22:12:38","slug":"comment-afficher-un-ecran-mac-ou-macbook-sur-amazon-firestick","status":"publish","type":"page","link":"https:\/\/maestroiptv.org\/index.php\/comment-afficher-un-ecran-mac-ou-macbook-sur-amazon-firestick\/","title":{"rendered":"Comment Afficher Un \u00c9cran Mac Ou Macbook Sur Amazon Firestick"},"content":{"rendered":"\n<figure class=\"wp-block-image\"><img decoding=\"async\" src=\"https:\/\/abonnement-iptv4u.b-cdn.net\/wp-content\/uploads\/2021\/03\/643x0w-min-DzTechs.jpg\" alt=\"Amazon Firestick\"\/><\/figure>\n\n\n\n<p>Comment utiliser Fire TV pour afficher l\u2019\u00e9cran du Mac? Si vous poss\u00e9dez un Amazon Firestick, vous pouvez facilement transformer l\u2019\u00e9cran de votre ordinateur portable en t\u00e9l\u00e9viseur.<\/p>\n\n\n\n<p><a href=\"https:\/\/maestroiptv.org\/index.php\/abonnement-vip-iptv\/\">ABONNEMENT IPTV<\/a><\/p>\n\n\n\n<p>Bien que Firestick fournisse une option de mise en miroir d\u2019\u00e9cran localement, il ne prend toujours pas en charge les appareils IOS et Mac. Vous pouvez utiliser une solution claire pour afficher l\u2019\u00e9cran du syst\u00e8me Mac sur Firestick. Laissez-nous v\u00e9rifier.<\/p>\n\n\n\n<p>Vous avez \u00e9galement cr\u00e9\u00e9 une s\u00e9rie de m\u00e9thodes pour afficher l\u2019\u00e9cran de l\u2019iPhone sur Firestick et partager facilement du contenu sur grand \u00e9cran. L\u2019application suivante simule le serveur AirPlay Firestick et re\u00e7oit le contenu de l\u2019ordinateur et le diffuse sur le t\u00e9l\u00e9viseur.<\/p>\n\n\n\n<p><a href=\"https:\/\/maestroiptv.org\/index.php\/abonnement-vip-iptv\/\">ABONNEMENT IPTV<\/a><\/p>\n\n\n\n<h3 class=\"wp-block-heading\">1. AirScreen \/ FireStick<\/h3>\n\n\n\n<p>AirScreen est l\u2019une des applications les plus populaires pour inverser les \u00e9crans Android et iOS sur Firestick. L\u2019installation unique est tr\u00e8s simple, veuillez obtenir l\u2019application sur Amazon Store (lien ci-dessous). Ouvrez l\u2019application et ex\u00e9cutez le serveur sur FireStick. Cette option appara\u00eetra sur le Mac. Contrairement au streaming depuis l\u2019iPhone, vous pouvez utiliser FireStick comme deuxi\u00e8me \u00e9cran pour lire certaines vid\u00e9os tout en travaillant sur votre ordinateur.<\/p>\n\n\n\n<figure class=\"wp-block-image\"><img decoding=\"async\" src=\"https:\/\/abonnement-iptv4u.b-cdn.net\/wp-content\/uploads\/2021\/03\/AirScr.jpg?is-pending-load=1\" alt=\"\" class=\"wp-image-217782\"\/><\/figure>\n\n\n\n<h3 class=\"wp-block-heading\">Les avantages<\/h3>\n\n\n\n<ol class=\"wp-block-list\">\n<li>L\u2019interface utilisateur est facile \u00e0 utiliser<\/li>\n\n\n\n<li>Connexion rapide<\/li>\n\n\n\n<li>Transfert rapide de vue<\/li>\n<\/ol>\n\n\n\n<h3 class=\"wp-block-heading\">Les n\u00e9gatifs<\/h3>\n\n\n\n<ol class=\"wp-block-list\">\n<li>Connexion non autoris\u00e9e \u00e0 FireStick 4K (\u00e9ventuellement un probl\u00e8me de programme)<\/li>\n<\/ol>\n\n\n\n<p>Installer AirScreen\u00a0<\/p>\n\n\n\n<h3 class=\"wp-block-heading\">2. AirPin Pro<\/h3>\n\n\n\n<p>Tout comme AirScreen, AirPin Pro vous permet \u00e9galement de partager votre \u00e9cran via AirPlay. Il cr\u00e9e et ex\u00e9cute le r\u00e9cepteur AirPlay en arri\u00e8re-plan, vous n\u2019avez donc pas \u00e0 ex\u00e9cuter le serveur \u00e0 chaque fois que vous d\u00e9marrez FireStick. Il est bon de pouvoir afficher un \u00e9cran d\u2019ordinateur ou d\u2019utiliser l\u2019outil Firestick comme affichage \u00e9tendu. Cependant, vous pouvez uniquement lire de la musique sans afficher l\u2019\u00e9cran. Vous devez payer pour l\u2019application, le prix est de 4,99 $, mais vous pouvez essayer la version gratuite pour voir si l\u2019application vous convient.<\/p>\n\n\n\n<figure class=\"wp-block-image\"><img decoding=\"async\" src=\"https:\/\/abonnement-iptv4u.b-cdn.net\/wp-content\/uploads\/2021\/03\/airplay-receiv.jpg?is-pending-load=1\" alt=\"\" class=\"wp-image-217811\"\/><\/figure>\n\n\n\n<h3 class=\"wp-block-heading\">Les avantages<\/h3>\n\n\n\n<ol class=\"wp-block-list\">\n<li>Utilisez une connexion locale pour le transport<\/li>\n\n\n\n<li>Diff\u00e9rents modes de AirPlay pour la vid\u00e9o et l\u2019audio<\/li>\n<\/ol>\n\n\n\n<h3 class=\"wp-block-heading\">Les n\u00e9gatifs<\/h3>\n\n\n\n<ol class=\"wp-block-list\">\n<li>L\u2019interface utilisateur est d\u00e9routante pour la premi\u00e8re fois<\/li>\n<\/ol>\n\n\n\n<p>Installez AirPin Pro<\/p>\n\n\n\n<p><a href=\"https:\/\/maestroiptv.org\/index.php\/abonnement-vip-iptv\/\">ABONNEMENT IPTV<\/a><\/p>\n\n\n\n<h2 class=\"wp-block-heading\">3. Miroir pour Fire TV<\/h2>\n\n\n\n<p>AirPlay n\u2019est pas le seul moyen de diffuser un \u00e9cran Mac sur Firestick. Mirror for Fire TV est un autre miroir qui vous permet d\u2019envoyer votre \u00e9cran \u00e0 votre t\u00e9l\u00e9viseur sans effort. Vous pouvez uniquement installer l\u2019application Firestick Receiver via le lien suivant et installer une autre application sur votre Mac. Firestick d\u00e9tecte automatiquement sur le m\u00eame r\u00e9seau et diffuse le m\u00e9trage en douceur. Contrairement \u00e0 AirScreen et AirPin Pro, vous pouvez lychier des fichiers vid\u00e9o \u00e0 partir de votre Mac et les ex\u00e9cuter sur Firestick sans plus tarder. Cependant, il vient \u00e0 $ 9.99 et vous pouvez l\u2019essayer pendant 3 minutes avant d\u2019acheter la version payante.<\/p>\n\n\n\n<figure class=\"wp-block-image\"><img decoding=\"async\" src=\"https:\/\/abonnement-iptv4u.b-cdn.net\/wp-content\/uploads\/2021\/03\/Cast-to-Fire-Stick-from-PC-F-min-DzTechs.jpg?is-pending-load=1\" alt=\"\" class=\"wp-image-217861\"\/><\/figure>\n\n\n\n<h3 class=\"wp-block-heading\">Les avantages<\/h3>\n\n\n\n<ol class=\"wp-block-list\">\n<li>Connexion haut d\u00e9bit locale<\/li>\n\n\n\n<li>Un canal d\u00e9di\u00e9 \u00e0 la lecture de vid\u00e9os<\/li>\n<\/ol>\n\n\n\n<h3 class=\"wp-block-heading\">Les n\u00e9gatifs<\/h3>\n\n\n\n<ol class=\"wp-block-list\">\n<li>L\u2019application n\u00e9cessite une installation sur les deux ordinateurs<\/li>\n<\/ol>\n","protected":false},"excerpt":{"rendered":"<p>Comment utiliser Fire TV pour afficher l\u2019\u00e9cran du Mac? Si vous poss\u00e9dez un Amazon Firestick, vous pouvez facilement transformer l\u2019\u00e9cran de votre ordinateur portable en t\u00e9l\u00e9viseur. ABONNEMENT IPTV Bien que Firestick fournisse une option de mise en miroir d\u2019\u00e9cran localement, il ne prend toujours pas en charge les appareils IOS et Mac. Vous pouvez utiliser [&hellip;]<\/p>\n","protected":false},"author":1,"featured_media":0,"parent":0,"menu_order":0,"comment_status":"closed","ping_status":"closed","template":"","meta":{"footnotes":""},"class_list":["post-1647","page","type-page","status-publish","hentry"],"blocksy_meta":[],"yoast_head":"<!-- This site is optimized with the Yoast SEO plugin v27.3 - https:\/\/yoast.com\/product\/yoast-seo-wordpress\/ -->\n<title>Comment Afficher Un \u00c9cran Mac Ou Macbook Sur Amazon Firestick - maestrotv<\/title>\n<meta name=\"robots\" content=\"index, follow, max-snippet:-1, max-image-preview:large, max-video-preview:-1\" \/>\n<link rel=\"canonical\" href=\"https:\/\/maestroiptv.org\/index.php\/comment-afficher-un-ecran-mac-ou-macbook-sur-amazon-firestick\/\" \/>\n<meta property=\"og:locale\" content=\"fr_FR\" \/>\n<meta property=\"og:type\" content=\"article\" \/>\n<meta property=\"og:title\" content=\"Comment Afficher Un \u00c9cran Mac Ou Macbook Sur Amazon Firestick - maestrotv\" \/>\n<meta property=\"og:description\" content=\"Comment utiliser Fire TV pour afficher l\u2019\u00e9cran du Mac? Si vous poss\u00e9dez un Amazon Firestick, vous pouvez facilement transformer l\u2019\u00e9cran de votre ordinateur portable en t\u00e9l\u00e9viseur. ABONNEMENT IPTV Bien que Firestick fournisse une option de mise en miroir d\u2019\u00e9cran localement, il ne prend toujours pas en charge les appareils IOS et Mac. Vous pouvez utiliser [&hellip;]\" \/>\n<meta property=\"og:url\" content=\"https:\/\/maestroiptv.org\/index.php\/comment-afficher-un-ecran-mac-ou-macbook-sur-amazon-firestick\/\" \/>\n<meta property=\"og:site_name\" content=\"maestrotv\" \/>\n<meta property=\"og:image\" content=\"https:\/\/abonnement-iptv4u.b-cdn.net\/wp-content\/uploads\/2021\/03\/643x0w-min-DzTechs.jpg\" \/>\n<meta name=\"twitter:card\" content=\"summary_large_image\" \/>\n<meta name=\"twitter:label1\" content=\"Dur\u00e9e de lecture estim\u00e9e\" \/>\n\t<meta name=\"twitter:data1\" content=\"4 minutes\" \/>\n<script type=\"application\/ld+json\" class=\"yoast-schema-graph\">{\"@context\":\"https:\\\/\\\/schema.org\",\"@graph\":[{\"@type\":\"WebPage\",\"@id\":\"https:\\\/\\\/maestroiptv.org\\\/index.php\\\/comment-afficher-un-ecran-mac-ou-macbook-sur-amazon-firestick\\\/\",\"url\":\"https:\\\/\\\/maestroiptv.org\\\/index.php\\\/comment-afficher-un-ecran-mac-ou-macbook-sur-amazon-firestick\\\/\",\"name\":\"Comment Afficher Un \u00c9cran Mac Ou Macbook Sur Amazon Firestick - maestrotv\",\"isPartOf\":{\"@id\":\"https:\\\/\\\/maestroiptv.org\\\/#website\"},\"primaryImageOfPage\":{\"@id\":\"https:\\\/\\\/maestroiptv.org\\\/index.php\\\/comment-afficher-un-ecran-mac-ou-macbook-sur-amazon-firestick\\\/#primaryimage\"},\"image\":{\"@id\":\"https:\\\/\\\/maestroiptv.org\\\/index.php\\\/comment-afficher-un-ecran-mac-ou-macbook-sur-amazon-firestick\\\/#primaryimage\"},\"thumbnailUrl\":\"https:\\\/\\\/abonnement-iptv4u.b-cdn.net\\\/wp-content\\\/uploads\\\/2021\\\/03\\\/643x0w-min-DzTechs.jpg\",\"datePublished\":\"2023-09-01T22:12:38+00:00\",\"breadcrumb\":{\"@id\":\"https:\\\/\\\/maestroiptv.org\\\/index.php\\\/comment-afficher-un-ecran-mac-ou-macbook-sur-amazon-firestick\\\/#breadcrumb\"},\"inLanguage\":\"fr-FR\",\"potentialAction\":[{\"@type\":\"ReadAction\",\"target\":[\"https:\\\/\\\/maestroiptv.org\\\/index.php\\\/comment-afficher-un-ecran-mac-ou-macbook-sur-amazon-firestick\\\/\"]}]},{\"@type\":\"ImageObject\",\"inLanguage\":\"fr-FR\",\"@id\":\"https:\\\/\\\/maestroiptv.org\\\/index.php\\\/comment-afficher-un-ecran-mac-ou-macbook-sur-amazon-firestick\\\/#primaryimage\",\"url\":\"https:\\\/\\\/abonnement-iptv4u.b-cdn.net\\\/wp-content\\\/uploads\\\/2021\\\/03\\\/643x0w-min-DzTechs.jpg\",\"contentUrl\":\"https:\\\/\\\/abonnement-iptv4u.b-cdn.net\\\/wp-content\\\/uploads\\\/2021\\\/03\\\/643x0w-min-DzTechs.jpg\"},{\"@type\":\"BreadcrumbList\",\"@id\":\"https:\\\/\\\/maestroiptv.org\\\/index.php\\\/comment-afficher-un-ecran-mac-ou-macbook-sur-amazon-firestick\\\/#breadcrumb\",\"itemListElement\":[{\"@type\":\"ListItem\",\"position\":1,\"name\":\"Home\",\"item\":\"https:\\\/\\\/maestroiptv.org\\\/\"},{\"@type\":\"ListItem\",\"position\":2,\"name\":\"Comment Afficher Un \u00c9cran Mac Ou Macbook Sur Amazon Firestick\"}]},{\"@type\":\"WebSite\",\"@id\":\"https:\\\/\\\/maestroiptv.org\\\/#website\",\"url\":\"https:\\\/\\\/maestroiptv.org\\\/\",\"name\":\"maestrotv\",\"description\":\"\",\"publisher\":{\"@id\":\"https:\\\/\\\/maestroiptv.org\\\/#organization\"},\"potentialAction\":[{\"@type\":\"SearchAction\",\"target\":{\"@type\":\"EntryPoint\",\"urlTemplate\":\"https:\\\/\\\/maestroiptv.org\\\/?s={search_term_string}\"},\"query-input\":{\"@type\":\"PropertyValueSpecification\",\"valueRequired\":true,\"valueName\":\"search_term_string\"}}],\"inLanguage\":\"fr-FR\"},{\"@type\":\"Organization\",\"@id\":\"https:\\\/\\\/maestroiptv.org\\\/#organization\",\"name\":\"maestrotv\",\"url\":\"https:\\\/\\\/maestroiptv.org\\\/\",\"logo\":{\"@type\":\"ImageObject\",\"inLanguage\":\"fr-FR\",\"@id\":\"https:\\\/\\\/maestroiptv.org\\\/#\\\/schema\\\/logo\\\/image\\\/\",\"url\":\"https:\\\/\\\/maestroiptv.org\\\/wp-content\\\/uploads\\\/2023\\\/07\\\/Logo.png\",\"contentUrl\":\"https:\\\/\\\/maestroiptv.org\\\/wp-content\\\/uploads\\\/2023\\\/07\\\/Logo.png\",\"width\":114,\"height\":114,\"caption\":\"maestrotv\"},\"image\":{\"@id\":\"https:\\\/\\\/maestroiptv.org\\\/#\\\/schema\\\/logo\\\/image\\\/\"}}]}<\/script>\n<!-- \/ Yoast SEO plugin. -->","yoast_head_json":{"title":"Comment Afficher Un \u00c9cran Mac Ou Macbook Sur Amazon Firestick - maestrotv","robots":{"index":"index","follow":"follow","max-snippet":"max-snippet:-1","max-image-preview":"max-image-preview:large","max-video-preview":"max-video-preview:-1"},"canonical":"https:\/\/maestroiptv.org\/index.php\/comment-afficher-un-ecran-mac-ou-macbook-sur-amazon-firestick\/","og_locale":"fr_FR","og_type":"article","og_title":"Comment Afficher Un \u00c9cran Mac Ou Macbook Sur Amazon Firestick - maestrotv","og_description":"Comment utiliser Fire TV pour afficher l\u2019\u00e9cran du Mac? Si vous poss\u00e9dez un Amazon Firestick, vous pouvez facilement transformer l\u2019\u00e9cran de votre ordinateur portable en t\u00e9l\u00e9viseur. ABONNEMENT IPTV Bien que Firestick fournisse une option de mise en miroir d\u2019\u00e9cran localement, il ne prend toujours pas en charge les appareils IOS et Mac. Vous pouvez utiliser [&hellip;]","og_url":"https:\/\/maestroiptv.org\/index.php\/comment-afficher-un-ecran-mac-ou-macbook-sur-amazon-firestick\/","og_site_name":"maestrotv","og_image":[{"url":"https:\/\/abonnement-iptv4u.b-cdn.net\/wp-content\/uploads\/2021\/03\/643x0w-min-DzTechs.jpg","type":"","width":"","height":""}],"twitter_card":"summary_large_image","twitter_misc":{"Dur\u00e9e de lecture estim\u00e9e":"4 minutes"},"schema":{"@context":"https:\/\/schema.org","@graph":[{"@type":"WebPage","@id":"https:\/\/maestroiptv.org\/index.php\/comment-afficher-un-ecran-mac-ou-macbook-sur-amazon-firestick\/","url":"https:\/\/maestroiptv.org\/index.php\/comment-afficher-un-ecran-mac-ou-macbook-sur-amazon-firestick\/","name":"Comment Afficher Un \u00c9cran Mac Ou Macbook Sur Amazon Firestick - maestrotv","isPartOf":{"@id":"https:\/\/maestroiptv.org\/#website"},"primaryImageOfPage":{"@id":"https:\/\/maestroiptv.org\/index.php\/comment-afficher-un-ecran-mac-ou-macbook-sur-amazon-firestick\/#primaryimage"},"image":{"@id":"https:\/\/maestroiptv.org\/index.php\/comment-afficher-un-ecran-mac-ou-macbook-sur-amazon-firestick\/#primaryimage"},"thumbnailUrl":"https:\/\/abonnement-iptv4u.b-cdn.net\/wp-content\/uploads\/2021\/03\/643x0w-min-DzTechs.jpg","datePublished":"2023-09-01T22:12:38+00:00","breadcrumb":{"@id":"https:\/\/maestroiptv.org\/index.php\/comment-afficher-un-ecran-mac-ou-macbook-sur-amazon-firestick\/#breadcrumb"},"inLanguage":"fr-FR","potentialAction":[{"@type":"ReadAction","target":["https:\/\/maestroiptv.org\/index.php\/comment-afficher-un-ecran-mac-ou-macbook-sur-amazon-firestick\/"]}]},{"@type":"ImageObject","inLanguage":"fr-FR","@id":"https:\/\/maestroiptv.org\/index.php\/comment-afficher-un-ecran-mac-ou-macbook-sur-amazon-firestick\/#primaryimage","url":"https:\/\/abonnement-iptv4u.b-cdn.net\/wp-content\/uploads\/2021\/03\/643x0w-min-DzTechs.jpg","contentUrl":"https:\/\/abonnement-iptv4u.b-cdn.net\/wp-content\/uploads\/2021\/03\/643x0w-min-DzTechs.jpg"},{"@type":"BreadcrumbList","@id":"https:\/\/maestroiptv.org\/index.php\/comment-afficher-un-ecran-mac-ou-macbook-sur-amazon-firestick\/#breadcrumb","itemListElement":[{"@type":"ListItem","position":1,"name":"Home","item":"https:\/\/maestroiptv.org\/"},{"@type":"ListItem","position":2,"name":"Comment Afficher Un \u00c9cran Mac Ou Macbook Sur Amazon Firestick"}]},{"@type":"WebSite","@id":"https:\/\/maestroiptv.org\/#website","url":"https:\/\/maestroiptv.org\/","name":"maestrotv","description":"","publisher":{"@id":"https:\/\/maestroiptv.org\/#organization"},"potentialAction":[{"@type":"SearchAction","target":{"@type":"EntryPoint","urlTemplate":"https:\/\/maestroiptv.org\/?s={search_term_string}"},"query-input":{"@type":"PropertyValueSpecification","valueRequired":true,"valueName":"search_term_string"}}],"inLanguage":"fr-FR"},{"@type":"Organization","@id":"https:\/\/maestroiptv.org\/#organization","name":"maestrotv","url":"https:\/\/maestroiptv.org\/","logo":{"@type":"ImageObject","inLanguage":"fr-FR","@id":"https:\/\/maestroiptv.org\/#\/schema\/logo\/image\/","url":"https:\/\/maestroiptv.org\/wp-content\/uploads\/2023\/07\/Logo.png","contentUrl":"https:\/\/maestroiptv.org\/wp-content\/uploads\/2023\/07\/Logo.png","width":114,"height":114,"caption":"maestrotv"},"image":{"@id":"https:\/\/maestroiptv.org\/#\/schema\/logo\/image\/"}}]}},"_links":{"self":[{"href":"https:\/\/maestroiptv.org\/index.php\/wp-json\/wp\/v2\/pages\/1647","targetHints":{"allow":["GET"]}}],"collection":[{"href":"https:\/\/maestroiptv.org\/index.php\/wp-json\/wp\/v2\/pages"}],"about":[{"href":"https:\/\/maestroiptv.org\/index.php\/wp-json\/wp\/v2\/types\/page"}],"author":[{"embeddable":true,"href":"https:\/\/maestroiptv.org\/index.php\/wp-json\/wp\/v2\/users\/1"}],"replies":[{"embeddable":true,"href":"https:\/\/maestroiptv.org\/index.php\/wp-json\/wp\/v2\/comments?post=1647"}],"version-history":[{"count":1,"href":"https:\/\/maestroiptv.org\/index.php\/wp-json\/wp\/v2\/pages\/1647\/revisions"}],"predecessor-version":[{"id":1649,"href":"https:\/\/maestroiptv.org\/index.php\/wp-json\/wp\/v2\/pages\/1647\/revisions\/1649"}],"wp:attachment":[{"href":"https:\/\/maestroiptv.org\/index.php\/wp-json\/wp\/v2\/media?parent=1647"}],"curies":[{"name":"wp","href":"https:\/\/api.w.org\/{rel}","templated":true}]}}