{"id":1650,"date":"2023-09-02T00:15:22","date_gmt":"2023-09-01T22:15:22","guid":{"rendered":"https:\/\/maestroiptv.org\/?page_id=1650"},"modified":"2023-09-02T00:15:23","modified_gmt":"2023-09-01T22:15:23","slug":"comment-installer-des-applications-sur-amazon-firestick-de-differentes-manieres","status":"publish","type":"page","link":"https:\/\/maestroiptv.org\/index.php\/comment-installer-des-applications-sur-amazon-firestick-de-differentes-manieres\/","title":{"rendered":"Comment Installer Des Applications Sur Amazon FireStick De Diff\u00e9rentes Mani\u00e8res"},"content":{"rendered":"\n<figure class=\"wp-block-image\"><img decoding=\"async\" src=\"https:\/\/abonnement-iptv4u.b-cdn.net\/wp-content\/uploads\/2021\/03\/sideload-apps-amazon-f.jpg\" alt=\"Amazon FireStick\"\/><\/figure>\n\n\n\n<p>Amazon FireStick est bas\u00e9 sur Android, mais c\u2019est une exp\u00e9rience compl\u00e8tement diff\u00e9rente. La prise en charge d\u2019Alexa est int\u00e9gr\u00e9e \u00e0 la bo\u00eete, ce qui fonctionne bien avec d\u2019autres appareils Alexa, offrant une meilleure interface utilisateur et g\u00e9rant les applications Android comme Android TV. Si vous ne savez pas comment installer Firestick Apps, ne vous inqui\u00e9tez pas. J\u2019ai fait une liste de toutes les fa\u00e7ons d\u2019installer une application sur le Fire TV Stick. commen\u00e7ons.<\/p>\n\n\n\n<p><a href=\"https:\/\/maestroiptv.org\/index.php\/abonnement-vip-iptv\/\">ABONNEMENT IPTV<\/a><\/p>\n\n\n\n<h3 class=\"wp-block-heading\">Comment installer des applications sur\u00a0Amazon<a href=\"https:\/\/www.amazon.com\/\" target=\"_blank\" rel=\"noreferrer noopener\">\u00a0<\/a>FireStick<\/h3>\n\n\n\n<h3 class=\"wp-block-heading\">1. Demandez \u00e0&nbsp;<a href=\"https:\/\/www.amazon.com\/\" rel=\"noreferrer noopener\" target=\"_blank\">Alexa<\/a><\/h3>\n\n\n\n<p>Le moyen le plus simple d\u2019installer des applications sur Fire Stick est de demander correctement \u00e0 Alexa. Bien s\u00fbr, vous pouvez installer manuellement l\u2019application \u00e0 l\u2019aide du clavier \u00e0 l\u2019\u00e9cran, s\u00e9lectionner la loupe (\u00e0 l\u2019extr\u00eame droite de la liste) et entrer le nom de l\u2019application que vous souhaitez installer.<\/p>\n\n\n\n<p>Mais parler \u00e0 Alexa est beaucoup plus facile. Appuyez simplement sur le bouton Alexa de la t\u00e9l\u00e9commande Firestick et maintenez-le enfonc\u00e9 pour passer un appel. Par exemple, vous pouvez dire \u00abAlexa, recherchez l\u2019application [nom de l\u2019application]\u00bb et Alexa affiche un ensemble de r\u00e9sultats, cliquez sur le bouton \u00abObtenir\u00bb \u00e0 c\u00f4t\u00e9 du r\u00e9sultat de la recherche pour installer l\u2019application. La seule chose \u00e0 noter est qu\u2019Alexa ne fournit que les r\u00e9sultats de l\u2019Amazon App Store, qui comprend des applications populaires telles que Netflix, Hulu, HBO, Spotify, etc.<\/p>\n\n\n\n<p><a href=\"https:\/\/maestroiptv.org\/index.php\/abonnement-vip-iptv\/\">ABONNEMENT IPTV<\/a><\/p>\n\n\n\n<figure class=\"wp-block-image\"><img decoding=\"async\" src=\"https:\/\/abonnement-iptv4u.b-cdn.net\/wp-content\/uploads\/2021\/03\/alexa-DzTechs.gif?is-pending-load=1\" alt=\"Amazon FireStick\" class=\"wp-image-218010\"\/><\/figure>\n\n\n\n<h3 class=\"wp-block-heading\">2. Amazon App Store<\/h3>\n\n\n\n<p>Utiliser Alexa est bon, mais si vous voulez plus de contr\u00f4le et d\u2019options, vous pouvez visiter l\u2019App Store sur Fire Stick.<\/p>\n\n\n\n<p><a href=\"https:\/\/maestroiptv.org\/index.php\/abonnement-vip-iptv\/\">ABONNEMENT IPTV<\/a><\/p>\n\n\n\n<p>Acc\u00e9dez \u00e0 l\u2019\u00e9cran d\u2019accueil du Fire TV et appuyez directement sur la t\u00e9l\u00e9commande dans la section \u00abApplications\u00bb. Vous verrez un r\u00e9seau de toutes les applications disponibles sur Firestick et Fire TV. Faites d\u00e9filer la liste, puis utilisez les touches fl\u00e9ch\u00e9es gauche et droite de la t\u00e9l\u00e9commande pour naviguer entre les applications. S\u00e9lectionnez l\u2019application que vous souhaitez installer en appuyant sur le bouton central de la t\u00e9l\u00e9commande, puis cliquez sur \u00ab&nbsp;Obtenir la s\u00e9lection&nbsp;\u00bb, puis appuyez sur le bouton au centre du panneau de direction.<\/p>\n\n\n\n<figure class=\"wp-block-image\"><img decoding=\"async\" src=\"https:\/\/abonnement-iptv4u.b-cdn.net\/wp-content\/uploads\/2021\/03\/amazon-app-st.gif?is-pending-load=1\" alt=\"\" class=\"wp-image-218032\"\/><\/figure>\n\n\n\n<h3 class=\"wp-block-heading\">3. Utilisez le site Amazon<\/h3>\n\n\n\n<p>Un autre moyen d\u2019installer des applications sur votre Firestick consiste \u00e0 utiliser un ordinateur.<\/p>\n\n\n\n<p>Assurez-vous simplement que vous \u00eates connect\u00e9 au m\u00eame compte Amazon sur l\u2019ordinateur sur lequel vous vous connectez \u00e0 Firestick.<\/p>\n\n\n\n<p><a href=\"https:\/\/maestroiptv.org\/index.php\/abonnement-vip-iptv\/\">ABONNEMENT IPTV<\/a><\/p>\n\n\n\n<p>Ensuite, \u00e0 l\u2019aide de votre ordinateur, acc\u00e9dez \u00e0 Amazon Apps Store. Le lien vous redirigera automatiquement vers l\u2019annuaire de votre pays. Vous pouvez acheter des applications directement depuis votre compte Amazon. Fire Stick installera automatiquement ces applications en quelques minutes. Une fois la page charg\u00e9e, faites d\u00e9filer vers le bas ou utilisez \u00ab&nbsp;Rechercher&nbsp;\u00bb pour trouver et cliquez sur l\u2019application que vous souhaitez installer. Cliquez sur la bo\u00eete de dialogue directement sous \u00ab&nbsp;Envoyer vers&nbsp;\u00bb, s\u00e9lectionnez votre cl\u00e9 USB et cliquez sur \u00ab&nbsp;D\u00e9marrer l\u2019installation&nbsp;\u00bb. Attendez quelques secondes et l\u2019application se t\u00e9l\u00e9chargera dans la section \u00abApplications\u00bb de Firestick.<\/p>\n\n\n\n<figure class=\"wp-block-image\"><img decoding=\"async\" src=\"https:\/\/abonnement-iptv4u.b-cdn.net\/wp-content\/uploads\/2021\/03\/Screenshot-2019-09-14-at-11.24.34-am-min-DzTechs.jpg?is-pending-load=1\" alt=\"\" class=\"wp-image-218038\"\/><\/figure>\n\n\n\n<h3 class=\"wp-block-heading\">Utilisez le site Amazon Firestick<\/h3>\n\n\n\n<h3 class=\"wp-block-heading\">4. Outils de feu faciles<\/h3>\n\n\n\n<p>Un moyen simple d\u2019installer des applications Android \u00e0 partir de votre t\u00e9l\u00e9phone sur Amazon Firestick \u00e0 l\u2019aide d\u2019une application appel\u00e9e Easy Fire Tools. Tant que votre smartphone Android et Firestick sont connect\u00e9s au m\u00eame r\u00e9seau WiFi, vous pouvez utiliser cette application pour transf\u00e9rer facilement des applications de votre t\u00e9l\u00e9phone vers Firestick via Wifi.<\/p>\n\n\n\n<p>Cependant, gardez \u00e0 l\u2019esprit que, comme la plupart des applications Android ne sont pas optimis\u00e9es pour les grands \u00e9crans, toutes les applications ne peuvent pas \u00eatre mises \u00e0 l\u2019\u00e9chelle correctement de la direction verticale du t\u00e9l\u00e9phone \u00e0 la direction horizontale du t\u00e9l\u00e9viseur.<\/p>\n\n\n\n<p><a href=\"https:\/\/maestroiptv.org\/index.php\/abonnement-vip-iptv\/\">ABONNEMENT IPTV<\/a><\/p>\n\n\n\n<p>Voici comment cela fonctionne. Tout d\u2019abord, allez dans les \u00ab&nbsp;Options du d\u00e9veloppeur&nbsp;\u00bb dans les param\u00e8tres du Fire TV Stick, puis activez le d\u00e9bogage ADB et les applications provenant de sources inconnues.<\/p>\n\n\n\n<p>Ensuite, installez l\u2019application Easy Fire Tools sur votre appareil Android et ouvrez-la. Il affichera une liste de toutes les applications install\u00e9es sur votre t\u00e9l\u00e9phone. Ensuite, cliquez sur le bouton \u00ab&nbsp;D\u00e9couvrir&nbsp;\u00bb en haut, comme indiqu\u00e9 dans l\u2019image ci-dessous. Il d\u00e9tectera automatiquement tous les p\u00e9riph\u00e9riques Fire Stick sur le r\u00e9seau, cliquez pour s\u00e9lectionner le Fire Stick souhait\u00e9.<\/p>\n\n\n\n<figure class=\"wp-block-image\"><img decoding=\"async\" src=\"https:\/\/abonnement-iptv4u.b-cdn.net\/wp-content\/uploads\/2021\/03\/easy-fire4u.jpg?is-pending-load=1\" alt=\"\" class=\"wp-image-218097\"\/><\/figure>\n\n\n\n<p>Cr\u00e9ez une connexion en cliquant sur le bouton \u00ab&nbsp;Connecter&nbsp;\u00bb en haut \u00e0 gauche. Vous obtiendrez un \u00abPatch ADB\u00bb sur le t\u00e9l\u00e9viseur. Acceptez-le et Fire Stick est pr\u00eat \u00e0 recevoir les applications de votre smartphone.<\/p>\n\n\n\n<figure class=\"wp-block-image\"><img decoding=\"async\" src=\"https:\/\/abonnement-iptv4u.b-cdn.net\/wp-content\/uploads\/2021\/03\/easy-fire-2-44.jpg?is-pending-load=1\" alt=\"\" class=\"wp-image-218105\"\/><\/figure>\n\n\n\n<p>Une fois connect\u00e9, vous pouvez d\u00e9placer les applications d\u00e9j\u00e0 install\u00e9es sur votre t\u00e9l\u00e9phone ou celles t\u00e9l\u00e9charg\u00e9es au format APK. Appuyez sur le nom du fichier ou le nom de l\u2019APK, puis cliquez sur \u00abOui\u00bb pour afficher une invite et vous verrez que l\u2019application a \u00e9t\u00e9 d\u00e9plac\u00e9e et install\u00e9e sur Fire Stick.<\/p>\n\n\n\n<figure class=\"wp-block-image\"><img decoding=\"async\" src=\"https:\/\/abonnement-iptv4u.b-cdn.net\/wp-content\/uploads\/2021\/03\/easy-fire-3-m55.jpg?is-pending-load=1\" alt=\"\" class=\"wp-image-218109\"\/><\/figure>\n\n\n\n<h3 class=\"wp-block-heading\">5.Aptoide TV<\/h3>\n\n\n\n<p>Le probl\u00e8me avec les applications secondaires est qu\u2019il n\u2019ya aucun moyen de mettre \u00e0 jour automatiquement les applications sur Fire Stick. Entrez Aptoide TV, l\u2019alternative du Play Store \u00e0 Fire Stick TV, qui vous permet d\u2019installer et de mettre \u00e0 jour toutes les applications non disponibles sur Amazon App Store.<\/p>\n\n\n\n<p>Bien que l\u2019application Aptoide TV soit enti\u00e8rement optimis\u00e9e pour Fire TV Stick \/ 4K, vous ne pouvez pas la trouver dans le Play Store ou Amazon Apps Store.<\/p>\n\n\n\n<p>Vous devez utiliser Easy Fire Tools pour l\u2019installer sur le Fire Stick. Pour ce faire, visitez le site Web Aptoide TV et t\u00e9l\u00e9chargez le fichier APK sur votre smartphone. Apr\u00e8s cela, utilisez Easy Fire Tools pour installer l\u2019application sur le Fire Stick. Vous pouvez maintenant installer toutes les autres applications \u00e0 l\u2019aide de l\u2019application Aptoide TV.<\/p>\n\n\n\n<figure class=\"wp-block-image\"><img decoding=\"async\" src=\"https:\/\/abonnement-iptv4u.b-cdn.net\/wp-content\/uploads\/2021\/03\/aptoide-tv-min-DzTechs.jpg?is-pending-load=1\" alt=\"\" class=\"wp-image-218122\"\/><\/figure>\n","protected":false},"excerpt":{"rendered":"<p>Amazon FireStick est bas\u00e9 sur Android, mais c\u2019est une exp\u00e9rience compl\u00e8tement diff\u00e9rente. La prise en charge d\u2019Alexa est int\u00e9gr\u00e9e \u00e0 la bo\u00eete, ce qui fonctionne bien avec d\u2019autres appareils Alexa, offrant une meilleure interface utilisateur et g\u00e9rant les applications Android comme Android TV. Si vous ne savez pas comment installer Firestick Apps, ne vous inqui\u00e9tez [&hellip;]<\/p>\n","protected":false},"author":1,"featured_media":0,"parent":0,"menu_order":0,"comment_status":"closed","ping_status":"closed","template":"","meta":{"footnotes":""},"class_list":["post-1650","page","type-page","status-publish","hentry"],"blocksy_meta":[],"yoast_head":"<!-- This site is optimized with the Yoast SEO plugin v27.5 - https:\/\/yoast.com\/product\/yoast-seo-wordpress\/ -->\n<title>Comment Installer Des Applications Sur Amazon FireStick De Diff\u00e9rentes Mani\u00e8res - maestrotv<\/title>\n<meta name=\"robots\" content=\"index, follow, max-snippet:-1, max-image-preview:large, max-video-preview:-1\" \/>\n<link rel=\"canonical\" href=\"https:\/\/maestroiptv.org\/index.php\/comment-installer-des-applications-sur-amazon-firestick-de-differentes-manieres\/\" \/>\n<meta property=\"og:locale\" content=\"fr_FR\" \/>\n<meta property=\"og:type\" content=\"article\" \/>\n<meta property=\"og:title\" content=\"Comment Installer Des Applications Sur Amazon FireStick De Diff\u00e9rentes Mani\u00e8res - maestrotv\" \/>\n<meta property=\"og:description\" content=\"Amazon FireStick est bas\u00e9 sur Android, mais c\u2019est une exp\u00e9rience compl\u00e8tement diff\u00e9rente. La prise en charge d\u2019Alexa est int\u00e9gr\u00e9e \u00e0 la bo\u00eete, ce qui fonctionne bien avec d\u2019autres appareils Alexa, offrant une meilleure interface utilisateur et g\u00e9rant les applications Android comme Android TV. Si vous ne savez pas comment installer Firestick Apps, ne vous inqui\u00e9tez [&hellip;]\" \/>\n<meta property=\"og:url\" content=\"https:\/\/maestroiptv.org\/index.php\/comment-installer-des-applications-sur-amazon-firestick-de-differentes-manieres\/\" \/>\n<meta property=\"og:site_name\" content=\"maestrotv\" \/>\n<meta property=\"article:modified_time\" content=\"2023-09-01T22:15:23+00:00\" \/>\n<meta property=\"og:image\" content=\"https:\/\/abonnement-iptv4u.b-cdn.net\/wp-content\/uploads\/2021\/03\/sideload-apps-amazon-f.jpg\" \/>\n<meta name=\"twitter:card\" content=\"summary_large_image\" \/>\n<meta name=\"twitter:label1\" content=\"Dur\u00e9e de lecture estim\u00e9e\" \/>\n\t<meta name=\"twitter:data1\" content=\"7 minutes\" \/>\n<script type=\"application\/ld+json\" class=\"yoast-schema-graph\">{\"@context\":\"https:\\\/\\\/schema.org\",\"@graph\":[{\"@type\":\"WebPage\",\"@id\":\"https:\\\/\\\/maestroiptv.org\\\/index.php\\\/comment-installer-des-applications-sur-amazon-firestick-de-differentes-manieres\\\/\",\"url\":\"https:\\\/\\\/maestroiptv.org\\\/index.php\\\/comment-installer-des-applications-sur-amazon-firestick-de-differentes-manieres\\\/\",\"name\":\"Comment Installer Des Applications Sur Amazon FireStick De Diff\u00e9rentes Mani\u00e8res - maestrotv\",\"isPartOf\":{\"@id\":\"https:\\\/\\\/maestroiptv.org\\\/#website\"},\"primaryImageOfPage\":{\"@id\":\"https:\\\/\\\/maestroiptv.org\\\/index.php\\\/comment-installer-des-applications-sur-amazon-firestick-de-differentes-manieres\\\/#primaryimage\"},\"image\":{\"@id\":\"https:\\\/\\\/maestroiptv.org\\\/index.php\\\/comment-installer-des-applications-sur-amazon-firestick-de-differentes-manieres\\\/#primaryimage\"},\"thumbnailUrl\":\"https:\\\/\\\/abonnement-iptv4u.b-cdn.net\\\/wp-content\\\/uploads\\\/2021\\\/03\\\/sideload-apps-amazon-f.jpg\",\"datePublished\":\"2023-09-01T22:15:22+00:00\",\"dateModified\":\"2023-09-01T22:15:23+00:00\",\"breadcrumb\":{\"@id\":\"https:\\\/\\\/maestroiptv.org\\\/index.php\\\/comment-installer-des-applications-sur-amazon-firestick-de-differentes-manieres\\\/#breadcrumb\"},\"inLanguage\":\"fr-FR\",\"potentialAction\":[{\"@type\":\"ReadAction\",\"target\":[\"https:\\\/\\\/maestroiptv.org\\\/index.php\\\/comment-installer-des-applications-sur-amazon-firestick-de-differentes-manieres\\\/\"]}]},{\"@type\":\"ImageObject\",\"inLanguage\":\"fr-FR\",\"@id\":\"https:\\\/\\\/maestroiptv.org\\\/index.php\\\/comment-installer-des-applications-sur-amazon-firestick-de-differentes-manieres\\\/#primaryimage\",\"url\":\"https:\\\/\\\/abonnement-iptv4u.b-cdn.net\\\/wp-content\\\/uploads\\\/2021\\\/03\\\/sideload-apps-amazon-f.jpg\",\"contentUrl\":\"https:\\\/\\\/abonnement-iptv4u.b-cdn.net\\\/wp-content\\\/uploads\\\/2021\\\/03\\\/sideload-apps-amazon-f.jpg\"},{\"@type\":\"BreadcrumbList\",\"@id\":\"https:\\\/\\\/maestroiptv.org\\\/index.php\\\/comment-installer-des-applications-sur-amazon-firestick-de-differentes-manieres\\\/#breadcrumb\",\"itemListElement\":[{\"@type\":\"ListItem\",\"position\":1,\"name\":\"Home\",\"item\":\"https:\\\/\\\/maestroiptv.org\\\/\"},{\"@type\":\"ListItem\",\"position\":2,\"name\":\"Comment Installer Des Applications Sur Amazon FireStick De Diff\u00e9rentes Mani\u00e8res\"}]},{\"@type\":\"WebSite\",\"@id\":\"https:\\\/\\\/maestroiptv.org\\\/#website\",\"url\":\"https:\\\/\\\/maestroiptv.org\\\/\",\"name\":\"maestrotv\",\"description\":\"\",\"publisher\":{\"@id\":\"https:\\\/\\\/maestroiptv.org\\\/#organization\"},\"potentialAction\":[{\"@type\":\"SearchAction\",\"target\":{\"@type\":\"EntryPoint\",\"urlTemplate\":\"https:\\\/\\\/maestroiptv.org\\\/?s={search_term_string}\"},\"query-input\":{\"@type\":\"PropertyValueSpecification\",\"valueRequired\":true,\"valueName\":\"search_term_string\"}}],\"inLanguage\":\"fr-FR\"},{\"@type\":\"Organization\",\"@id\":\"https:\\\/\\\/maestroiptv.org\\\/#organization\",\"name\":\"maestrotv\",\"url\":\"https:\\\/\\\/maestroiptv.org\\\/\",\"logo\":{\"@type\":\"ImageObject\",\"inLanguage\":\"fr-FR\",\"@id\":\"https:\\\/\\\/maestroiptv.org\\\/#\\\/schema\\\/logo\\\/image\\\/\",\"url\":\"https:\\\/\\\/maestroiptv.org\\\/wp-content\\\/uploads\\\/2023\\\/07\\\/Logo.png\",\"contentUrl\":\"https:\\\/\\\/maestroiptv.org\\\/wp-content\\\/uploads\\\/2023\\\/07\\\/Logo.png\",\"width\":114,\"height\":114,\"caption\":\"maestrotv\"},\"image\":{\"@id\":\"https:\\\/\\\/maestroiptv.org\\\/#\\\/schema\\\/logo\\\/image\\\/\"}}]}<\/script>\n<!-- \/ Yoast SEO plugin. -->","yoast_head_json":{"title":"Comment Installer Des Applications Sur Amazon FireStick De Diff\u00e9rentes Mani\u00e8res - maestrotv","robots":{"index":"index","follow":"follow","max-snippet":"max-snippet:-1","max-image-preview":"max-image-preview:large","max-video-preview":"max-video-preview:-1"},"canonical":"https:\/\/maestroiptv.org\/index.php\/comment-installer-des-applications-sur-amazon-firestick-de-differentes-manieres\/","og_locale":"fr_FR","og_type":"article","og_title":"Comment Installer Des Applications Sur Amazon FireStick De Diff\u00e9rentes Mani\u00e8res - maestrotv","og_description":"Amazon FireStick est bas\u00e9 sur Android, mais c\u2019est une exp\u00e9rience compl\u00e8tement diff\u00e9rente. La prise en charge d\u2019Alexa est int\u00e9gr\u00e9e \u00e0 la bo\u00eete, ce qui fonctionne bien avec d\u2019autres appareils Alexa, offrant une meilleure interface utilisateur et g\u00e9rant les applications Android comme Android TV. Si vous ne savez pas comment installer Firestick Apps, ne vous inqui\u00e9tez [&hellip;]","og_url":"https:\/\/maestroiptv.org\/index.php\/comment-installer-des-applications-sur-amazon-firestick-de-differentes-manieres\/","og_site_name":"maestrotv","article_modified_time":"2023-09-01T22:15:23+00:00","og_image":[{"url":"https:\/\/abonnement-iptv4u.b-cdn.net\/wp-content\/uploads\/2021\/03\/sideload-apps-amazon-f.jpg","type":"","width":"","height":""}],"twitter_card":"summary_large_image","twitter_misc":{"Dur\u00e9e de lecture estim\u00e9e":"7 minutes"},"schema":{"@context":"https:\/\/schema.org","@graph":[{"@type":"WebPage","@id":"https:\/\/maestroiptv.org\/index.php\/comment-installer-des-applications-sur-amazon-firestick-de-differentes-manieres\/","url":"https:\/\/maestroiptv.org\/index.php\/comment-installer-des-applications-sur-amazon-firestick-de-differentes-manieres\/","name":"Comment Installer Des Applications Sur Amazon FireStick De Diff\u00e9rentes Mani\u00e8res - maestrotv","isPartOf":{"@id":"https:\/\/maestroiptv.org\/#website"},"primaryImageOfPage":{"@id":"https:\/\/maestroiptv.org\/index.php\/comment-installer-des-applications-sur-amazon-firestick-de-differentes-manieres\/#primaryimage"},"image":{"@id":"https:\/\/maestroiptv.org\/index.php\/comment-installer-des-applications-sur-amazon-firestick-de-differentes-manieres\/#primaryimage"},"thumbnailUrl":"https:\/\/abonnement-iptv4u.b-cdn.net\/wp-content\/uploads\/2021\/03\/sideload-apps-amazon-f.jpg","datePublished":"2023-09-01T22:15:22+00:00","dateModified":"2023-09-01T22:15:23+00:00","breadcrumb":{"@id":"https:\/\/maestroiptv.org\/index.php\/comment-installer-des-applications-sur-amazon-firestick-de-differentes-manieres\/#breadcrumb"},"inLanguage":"fr-FR","potentialAction":[{"@type":"ReadAction","target":["https:\/\/maestroiptv.org\/index.php\/comment-installer-des-applications-sur-amazon-firestick-de-differentes-manieres\/"]}]},{"@type":"ImageObject","inLanguage":"fr-FR","@id":"https:\/\/maestroiptv.org\/index.php\/comment-installer-des-applications-sur-amazon-firestick-de-differentes-manieres\/#primaryimage","url":"https:\/\/abonnement-iptv4u.b-cdn.net\/wp-content\/uploads\/2021\/03\/sideload-apps-amazon-f.jpg","contentUrl":"https:\/\/abonnement-iptv4u.b-cdn.net\/wp-content\/uploads\/2021\/03\/sideload-apps-amazon-f.jpg"},{"@type":"BreadcrumbList","@id":"https:\/\/maestroiptv.org\/index.php\/comment-installer-des-applications-sur-amazon-firestick-de-differentes-manieres\/#breadcrumb","itemListElement":[{"@type":"ListItem","position":1,"name":"Home","item":"https:\/\/maestroiptv.org\/"},{"@type":"ListItem","position":2,"name":"Comment Installer Des Applications Sur Amazon FireStick De Diff\u00e9rentes Mani\u00e8res"}]},{"@type":"WebSite","@id":"https:\/\/maestroiptv.org\/#website","url":"https:\/\/maestroiptv.org\/","name":"maestrotv","description":"","publisher":{"@id":"https:\/\/maestroiptv.org\/#organization"},"potentialAction":[{"@type":"SearchAction","target":{"@type":"EntryPoint","urlTemplate":"https:\/\/maestroiptv.org\/?s={search_term_string}"},"query-input":{"@type":"PropertyValueSpecification","valueRequired":true,"valueName":"search_term_string"}}],"inLanguage":"fr-FR"},{"@type":"Organization","@id":"https:\/\/maestroiptv.org\/#organization","name":"maestrotv","url":"https:\/\/maestroiptv.org\/","logo":{"@type":"ImageObject","inLanguage":"fr-FR","@id":"https:\/\/maestroiptv.org\/#\/schema\/logo\/image\/","url":"https:\/\/maestroiptv.org\/wp-content\/uploads\/2023\/07\/Logo.png","contentUrl":"https:\/\/maestroiptv.org\/wp-content\/uploads\/2023\/07\/Logo.png","width":114,"height":114,"caption":"maestrotv"},"image":{"@id":"https:\/\/maestroiptv.org\/#\/schema\/logo\/image\/"}}]}},"_links":{"self":[{"href":"https:\/\/maestroiptv.org\/index.php\/wp-json\/wp\/v2\/pages\/1650","targetHints":{"allow":["GET"]}}],"collection":[{"href":"https:\/\/maestroiptv.org\/index.php\/wp-json\/wp\/v2\/pages"}],"about":[{"href":"https:\/\/maestroiptv.org\/index.php\/wp-json\/wp\/v2\/types\/page"}],"author":[{"embeddable":true,"href":"https:\/\/maestroiptv.org\/index.php\/wp-json\/wp\/v2\/users\/1"}],"replies":[{"embeddable":true,"href":"https:\/\/maestroiptv.org\/index.php\/wp-json\/wp\/v2\/comments?post=1650"}],"version-history":[{"count":1,"href":"https:\/\/maestroiptv.org\/index.php\/wp-json\/wp\/v2\/pages\/1650\/revisions"}],"predecessor-version":[{"id":1651,"href":"https:\/\/maestroiptv.org\/index.php\/wp-json\/wp\/v2\/pages\/1650\/revisions\/1651"}],"wp:attachment":[{"href":"https:\/\/maestroiptv.org\/index.php\/wp-json\/wp\/v2\/media?parent=1650"}],"curies":[{"name":"wp","href":"https:\/\/api.w.org\/{rel}","templated":true}]}}