{"id":1654,"date":"2023-09-02T00:21:34","date_gmt":"2023-09-01T22:21:34","guid":{"rendered":"https:\/\/maestroiptv.org\/?page_id=1654"},"modified":"2023-09-02T00:21:34","modified_gmt":"2023-09-01T22:21:34","slug":"resoudre-les-6-erreurs-de-lapplication-smart-iptv-no-channel-name-url-nr-1-connection-timeout","status":"publish","type":"page","link":"https:\/\/maestroiptv.org\/index.php\/resoudre-les-6-erreurs-de-lapplication-smart-iptv-no-channel-name-url-nr-1-connection-timeout\/","title":{"rendered":"R\u00e9soudre les 6 erreurs de l\u2019application Smart IPTV, No channel name, URL Nr 1 connection timeout\u2026."},"content":{"rendered":"\n<figure class=\"wp-block-image\"><img decoding=\"async\" src=\"https:\/\/abonnement-iptv4u.b-cdn.net\/wp-content\/uploads\/2021\/04\/SMerr01-1024x576-1.jpeg\" alt=\"\"\/><\/figure>\n\n\n\n<p>Ici, nous discuterons des erreurs qui peuvent \u00eatre rencontr\u00e9es dans l\u2019application SMART IPTV. Dieu le sait! \ud83d\ude23Smart IPTV est une vraie plaie et si tu ne sais pas lire l\u2019anglais ca va \u00eatre difficile pour toi de r\u00e9soudre tous les probl\u00e8mes. C\u2019est bien simple, quand je bossais dans l\u2019IPTV, 75% des demandes de SAV concern\u00e9s les erreurs de Smart IPTV. Heureusement pour toi, nous allons voir ici la majorit\u00e9 des erreurs qu\u2019on peut avoir avec l\u2019application.<\/p>\n\n\n\n<p>Tout d\u2019abord, assure toi d\u2019avoir fait une installation propre de ta playlist, n\u2019h\u00e9site pas \u00e0 aller voir ma m\u00e9thode dans cette article :\u00a0<a href=\"https:\/\/maestroiptv.org\/index.php\/abonnement-vip-iptv\/\">Installer son abonnement IPTV sur Smart IPTV<\/a><\/p>\n\n\n\n<h3 class=\"wp-block-heading\">Limited time test period is over<\/h3>\n\n\n\n<figure class=\"wp-block-image\"><img decoding=\"async\" src=\"https:\/\/abonnement-iptv4u.b-cdn.net\/wp-content\/uploads\/2021\/04\/SMerr01-1024x576-1.jpeg?is-pending-load=1\" alt=\"\" class=\"wp-image-302834\"\/><\/figure>\n\n\n\n<p>On va commenc\u00e9 par la plus simple et la plus facile \u00e0 r\u00e9soudre \ud83d\ude01<\/p>\n\n\n\n<p>En fait, il ne s\u2019agit pas vraiment d\u2019une erreur, mais il est vrai que si tu ne comprend pas l\u2019anglais ca ne sera pas \u00e9vident \u00e0 r\u00e9soudre. Comme tu le sais (peut \u00eatre \ud83d\ude44) l\u2019application Smart IPTV est payante mais elle te permet de tester gratuitement sur ta TV pendant 7 jours. Au-del\u00e0 de la p\u00e9riode d\u2019essai et si tu veux continuer \u00e0 utiliser l\u2019application, tu dois payer la somme de 5,49\u20ac. Ce message d\u2019erreur de Smart IPTV t\u2019indique que la p\u00e9riode de test est effectivement termin\u00e9 et que tu dois payer pour continuer \u00e0 l\u2019utiliser.<\/p>\n\n\n\n<p>Il te suffit donc d\u2019entrer tes coordonn\u00e9es de paiement directement sur l\u2019application ou te rendre sur leur site internet ici :&nbsp;<a href=\"https:\/\/siptv.app\/activation\/\" rel=\"noreferrer noopener\" target=\"_blank\">Payer l\u2019application Smart IPTV<\/a>.<\/p>\n\n\n\n<h3 class=\"wp-block-heading\">There is no playlist uploaded for your TV<\/h3>\n\n\n\n<figure class=\"wp-block-image\"><img decoding=\"async\" src=\"https:\/\/abonnement-iptv4u.b-cdn.net\/wp-content\/uploads\/2021\/04\/SMerr02-768x432-1.jpeg?is-pending-load=1\" alt=\"\" class=\"wp-image-302843\"\/><\/figure>\n\n\n\n<p>Erreurs de Smart IPTV classique. Il arrive parfois que le fichier m3u que tu avais install\u00e9 saute de l\u2019application pour X raisons. C\u2019est d\u2019ailleurs l\u2019un des probl\u00e8mes r\u00e9currents de Smart IPTV mais il est heureusement tr\u00e8s facile d\u2019y rem\u00e9dier. Il te suffit simplement de r\u00e9installer ton abonnement IPTV dans l\u2019application.<\/p>\n\n\n\n<p>Tu peux effectuer cette installation directement sur le site de Smart IPTV ici :&nbsp;<a href=\"https:\/\/siptv.app\/mylist\/\" rel=\"noreferrer noopener\" target=\"_blank\">Configurer Smart IPTV<\/a><\/p>\n\n\n\n<h3 class=\"wp-block-heading\">MAC adress is not found<\/h3>\n\n\n\n<figure class=\"wp-block-image\"><img decoding=\"async\" src=\"https:\/\/abonnement-iptv4u.b-cdn.net\/wp-content\/uploads\/2021\/04\/original-26560-1.jpg\" alt=\"\" class=\"wp-image-302852\"\/><\/figure>\n\n\n\n<p>Rien de plus \u00e9nervant que d\u2019avoir ce message d\u2019erreur de smart IPTV en pleine installation ! Bon pas de soucis, tu as peut \u00eatre mal not\u00e9 l\u2019adresse MAC de ta TV sur le site. Retourne donc v\u00e9rifier cela et le probl\u00e8me sera r\u00e9solu ! Tu trouveras cette adresse en lan\u00e7ant l\u2019application Smart IPTV sur ta TV \ud83d\udc4d<\/p>\n\n\n\n<h3 class=\"wp-block-heading\">Check playlist URL!<\/h3>\n\n\n\n<figure class=\"wp-block-image\"><img decoding=\"async\" src=\"https:\/\/abonnement-iptv4u.b-cdn.net\/wp-content\/uploads\/2021\/04\/SMerr07-1536x864-1-1024x576.jpeg?is-pending-load=1\" alt=\"\" class=\"wp-image-302860\"\/><\/figure>\n\n\n\n<p>L\u00e0 on commence en entrer dans les probl\u00e8mes vraiment concret et s\u00e9rieux \ud83d\ude29<\/p>\n\n\n\n<p>Quand ce message d\u2019erreur de smart IPTV s\u2019affiche, cela provient d\u2019un probl\u00e8me avec ta playlist m3u. Et plus particuli\u00e8rement de l\u2019adresse URL de celle-ci.<\/p>\n\n\n\n<p>Pour cela tu dois v\u00e9rifier deux choses :<\/p>\n\n\n\n<ol class=\"wp-block-list\">\n<li>Tu as un lien direct de ton abonnement IPTV, et non une redirection. Smart IPTV n\u2019accepte pas les redirection, et utilise uniquement des liens directs pour fonctionner. Comment le v\u00e9rifier ? Votre URL doit avoir l\u2019extension du fichier m3u de mentionn\u00e9. Par exemple : http:\/\/mon-iptv:0000\/get.php?username=xx&amp;password=xx&amp;type=m3u<\/li>\n\n\n\n<li>Entre le lien dans ton navigateur web comme Chrome, firefox ou safari, et si le lien est correct, le navigateur t\u00e9l\u00e9charge alors ton abonnement IPTV sous format m3u. Si le t\u00e9l\u00e9chargement se lance c\u2019est que l\u2019adresse est correct.<\/li>\n<\/ol>\n\n\n\n<p>Si tu as valid\u00e9 ces deux points, tu peux alors effectuer une r\u00e9-installation de ton abonnement IPTV sur le site de l\u2019application Smart IPTV ici :&nbsp;<a href=\"https:\/\/siptv.app\/mylist\/\" rel=\"noreferrer noopener\" target=\"_blank\">Configurer Smart IPTV<\/a><\/p>\n\n\n\n<blockquote class=\"wp-block-quote is-layout-flow wp-block-quote-is-layout-flow\">\n<p>L\u2019astuce du chef \ud83e\udd13<\/p>\n\n\n\n<p>Lors de la nouvelle installation, pense \u00e0 supprimer les playlists install\u00e9 sur ta TV :&nbsp;<img decoding=\"async\" src=\"https:\/\/mon-iptv.fr\/wp-content\/uploads\/2020\/05\/SMerr07.png?is-pending-load=1\" alt=\"delete playlists smart iptv\"><\/p>\n<\/blockquote>\n\n\n\n<p>Sinon il ne te reste plus qu\u2019a contacter ton fournisseur pour qu\u2019il v\u00e9rifie l\u2019URL avec toi.<\/p>\n\n\n\n<h3 class=\"wp-block-heading\">URL Nr 1 connection timeout<\/h3>\n\n\n\n<figure class=\"wp-block-image\"><img decoding=\"async\" src=\"https:\/\/abonnement-iptv4u.b-cdn.net\/wp-content\/uploads\/2021\/04\/SMerr05-scaled-e1588950839316-768x494-1.jpg?is-pending-load=1\" alt=\"\" class=\"wp-image-302872\"\/><\/figure>\n\n\n\n<p>Erreur de Smart IPTV peu courante. Il ne s\u2019agit pas vraiment d\u2019un probl\u00e8me de Smart IPTV directement mais du serveur de ton abonnement IPTV ou de ta connexion \ud83d\ude2b.<\/p>\n\n\n\n<p>Pour le coup l\u2019URL de ton abonnement IPTV et plus particuli\u00e8rement de ton fichier m3u est correct mais l\u2019application a du mal \u00e0 t\u00e9l\u00e9charger les infos.<\/p>\n\n\n\n<p>Afin de r\u00e9soudre ce soucis, 2 choses \u00e0 v\u00e9rifier :<\/p>\n\n\n\n<ol class=\"wp-block-list\">\n<li>V\u00e9rifie ta connexion internet ! Il est probable que tu ais une baisse de d\u00e9bit ou un probl\u00e8me r\u00e9seau. N\u2019h\u00e9site alors pas une seconde \u00e0 red\u00e9marrer ta box internet et effectuer derri\u00e8re un test de d\u00e9bit. Tu en trouvera un \u00e0 cette adresse :&nbsp;<a href=\"https:\/\/www.speedtest.net\/\" rel=\"noreferrer noopener\" target=\"_blank\">SpeedTest de d\u00e9bit<\/a><\/li>\n\n\n\n<li>Le probl\u00e8me peut \u00e9videmment venir du serveur de ton fournisseur IPTV. Pour le v\u00e9rifier, entre l\u2019URL de ton fichier m3u dans ton navigateur internet comme Chrome, FireFox ou Safari. Si le fichier se t\u00e9l\u00e9charge, essaye de visionner une cha\u00eene en ouvrant ton fichier avec&nbsp;<a href=\"https:\/\/www.videolan.org\/vlc\/\" rel=\"noreferrer noopener\" target=\"_blank\">VLC<\/a>. Si tu n\u2019y arrive pas, c\u2019est que le probl\u00e8me est bien identifi\u00e9 chez ton fournisseur IPTV : contacte le !<\/li>\n\n\n\n<li>Essaye de t\u00e9l\u00e9charger ton fichier m3u \u00e0 partir d\u2019un autre r\u00e9seau ou d\u2019un VPN <a href=\"https:\/\/www.expressrefer.com\/refer-a-friend\/30-days-free?locale=fr&amp;referrer_id=73026218&amp;utm_campaign=referrals&amp;utm_medium=copy_link&amp;utm_source=referral_dashboard\">(Obtenir un vpn)<\/a>. Si le t\u00e9l\u00e9chargement s\u2019effectue alors tu as un soucis r\u00e9seau et probablement une restriction aupr\u00e8s de ton fournisseur internet. Si le t\u00e9l\u00e9chargement ne se fait pas, il y a de forte chance que le probl\u00e8me soit du cot\u00e9 serveur, contacte alors ton fournisseur IPTV.<\/li>\n<\/ol>\n\n\n\n<h3 class=\"wp-block-heading\">No channel name<\/h3>\n\n\n\n<figure class=\"wp-block-image\"><img decoding=\"async\" src=\"https:\/\/abonnement-iptv4u.b-cdn.net\/wp-content\/uploads\/2021\/04\/SMerr06-768x432-1.jpg?is-pending-load=1\" alt=\"\" class=\"wp-image-302880\"\/><\/figure>\n\n\n\n<p>Derni\u00e8re erreur de Smart IPTV que nous allons voir, celle du \u00ab&nbsp;No channel name&nbsp;\u00bb. \ud83d\ude24<\/p>\n\n\n\n<p>La plupart du temps cette erreur s\u2019affiche lorsque ton abonnement IPTV est mal install\u00e9 dans l\u2019application. Quand je parle de mauvaise installation, c\u2019est \u00e0 plusieurs niveaux. Soit par l\u2019une de tes manipulations, ou de ton fournisseur d\u2019IPTV, ou de l\u2019application en elle-m\u00eame.<\/p>\n\n\n\n<p>Ceci \u00e9tant, pour r\u00e9soudre ce probl\u00e8me il te suffit de r\u00e9-installer ton abonnement IPTV sur le site de Smart IPTV. Mais pas n\u2019importe comment !<\/p>\n\n\n\n<p>Tout d\u2019abord d\u00e9sinstalle toutes les playlists qui ont \u00e9t\u00e9s install\u00e9s dans ton application \u00e0 l\u2019aide de l\u2019onglet \u00ab&nbsp;Delete Playlist(s)&nbsp;\u00bb sur le site de&nbsp;<a href=\"https:\/\/siptv.app\/mylist\/\" rel=\"noreferrer noopener\" target=\"_blank\">Smart IPTV<\/a>.<\/p>\n\n\n\n<figure class=\"wp-block-image\"><img decoding=\"async\" src=\"https:\/\/mon-iptv.fr\/wp-content\/uploads\/2020\/05\/SMerr07.png?is-pending-load=1\" alt=\"delete playlists smart iptv\" class=\"wp-image-88\"\/><\/figure>\n\n\n\n<p><strong>Tr\u00e8s important : D\u00e9branche \u00e9lectriquement ta TV pendant minimum 1 minutes pour d\u00e9charger le cache.<\/strong><\/p>\n\n\n\n<p>Relance l\u2019application Smart IPTV, si ta playlist ne se charge pas au red\u00e9marrage, appui sur le bouton \u00ab&nbsp;reload&nbsp;\u00bb pour relancer le chargement de ta playlist. Et magie, ton abonnement devrait refonctionner \ud83d\udc4d<\/p>\n\n\n\n<hr class=\"wp-block-separator has-alpha-channel-opacity\"\/>\n\n\n\n<p>Nous venons de voir les 6 erreurs de Smart IPTV majeures et comment les r\u00e9soudre. N\u2019h\u00e9sites pas \u00e0 nous en partager dans les commentaires et comment tu as pu les r\u00e9soudre \ud83d\udc47<\/p>\n","protected":false},"excerpt":{"rendered":"<p>Ici, nous discuterons des erreurs qui peuvent \u00eatre rencontr\u00e9es dans l\u2019application SMART IPTV. Dieu le sait! \ud83d\ude23Smart IPTV est une vraie plaie et si tu ne sais pas lire l\u2019anglais ca va \u00eatre difficile pour toi de r\u00e9soudre tous les probl\u00e8mes. C\u2019est bien simple, quand je bossais dans l\u2019IPTV, 75% des demandes de SAV concern\u00e9s [&hellip;]<\/p>\n","protected":false},"author":1,"featured_media":0,"parent":0,"menu_order":0,"comment_status":"closed","ping_status":"closed","template":"","meta":{"footnotes":""},"class_list":["post-1654","page","type-page","status-publish","hentry"],"blocksy_meta":[],"yoast_head":"<!-- This site is optimized with the Yoast SEO plugin v27.5 - https:\/\/yoast.com\/product\/yoast-seo-wordpress\/ -->\n<title>R\u00e9soudre les 6 erreurs de l\u2019application Smart IPTV, No channel name, URL Nr 1 connection timeout\u2026. - maestrotv<\/title>\n<meta name=\"robots\" content=\"index, follow, max-snippet:-1, max-image-preview:large, max-video-preview:-1\" \/>\n<link rel=\"canonical\" href=\"https:\/\/maestroiptv.org\/index.php\/resoudre-les-6-erreurs-de-lapplication-smart-iptv-no-channel-name-url-nr-1-connection-timeout\/\" \/>\n<meta property=\"og:locale\" content=\"fr_FR\" \/>\n<meta property=\"og:type\" content=\"article\" \/>\n<meta property=\"og:title\" content=\"R\u00e9soudre les 6 erreurs de l\u2019application Smart IPTV, No channel name, URL Nr 1 connection timeout\u2026. - maestrotv\" \/>\n<meta property=\"og:description\" content=\"Ici, nous discuterons des erreurs qui peuvent \u00eatre rencontr\u00e9es dans l\u2019application SMART IPTV. Dieu le sait! \ud83d\ude23Smart IPTV est une vraie plaie et si tu ne sais pas lire l\u2019anglais ca va \u00eatre difficile pour toi de r\u00e9soudre tous les probl\u00e8mes. C\u2019est bien simple, quand je bossais dans l\u2019IPTV, 75% des demandes de SAV concern\u00e9s [&hellip;]\" \/>\n<meta property=\"og:url\" content=\"https:\/\/maestroiptv.org\/index.php\/resoudre-les-6-erreurs-de-lapplication-smart-iptv-no-channel-name-url-nr-1-connection-timeout\/\" \/>\n<meta property=\"og:site_name\" content=\"maestrotv\" \/>\n<meta property=\"og:image\" content=\"https:\/\/abonnement-iptv4u.b-cdn.net\/wp-content\/uploads\/2021\/04\/SMerr01-1024x576-1.jpeg\" \/>\n<meta name=\"twitter:card\" content=\"summary_large_image\" \/>\n<meta name=\"twitter:label1\" content=\"Dur\u00e9e de lecture estim\u00e9e\" \/>\n\t<meta name=\"twitter:data1\" content=\"7 minutes\" \/>\n<script type=\"application\/ld+json\" class=\"yoast-schema-graph\">{\"@context\":\"https:\\\/\\\/schema.org\",\"@graph\":[{\"@type\":\"WebPage\",\"@id\":\"https:\\\/\\\/maestroiptv.org\\\/index.php\\\/resoudre-les-6-erreurs-de-lapplication-smart-iptv-no-channel-name-url-nr-1-connection-timeout\\\/\",\"url\":\"https:\\\/\\\/maestroiptv.org\\\/index.php\\\/resoudre-les-6-erreurs-de-lapplication-smart-iptv-no-channel-name-url-nr-1-connection-timeout\\\/\",\"name\":\"R\u00e9soudre les 6 erreurs de l\u2019application Smart IPTV, No channel name, URL Nr 1 connection timeout\u2026. - maestrotv\",\"isPartOf\":{\"@id\":\"https:\\\/\\\/maestroiptv.org\\\/#website\"},\"primaryImageOfPage\":{\"@id\":\"https:\\\/\\\/maestroiptv.org\\\/index.php\\\/resoudre-les-6-erreurs-de-lapplication-smart-iptv-no-channel-name-url-nr-1-connection-timeout\\\/#primaryimage\"},\"image\":{\"@id\":\"https:\\\/\\\/maestroiptv.org\\\/index.php\\\/resoudre-les-6-erreurs-de-lapplication-smart-iptv-no-channel-name-url-nr-1-connection-timeout\\\/#primaryimage\"},\"thumbnailUrl\":\"https:\\\/\\\/abonnement-iptv4u.b-cdn.net\\\/wp-content\\\/uploads\\\/2021\\\/04\\\/SMerr01-1024x576-1.jpeg\",\"datePublished\":\"2023-09-01T22:21:34+00:00\",\"breadcrumb\":{\"@id\":\"https:\\\/\\\/maestroiptv.org\\\/index.php\\\/resoudre-les-6-erreurs-de-lapplication-smart-iptv-no-channel-name-url-nr-1-connection-timeout\\\/#breadcrumb\"},\"inLanguage\":\"fr-FR\",\"potentialAction\":[{\"@type\":\"ReadAction\",\"target\":[\"https:\\\/\\\/maestroiptv.org\\\/index.php\\\/resoudre-les-6-erreurs-de-lapplication-smart-iptv-no-channel-name-url-nr-1-connection-timeout\\\/\"]}]},{\"@type\":\"ImageObject\",\"inLanguage\":\"fr-FR\",\"@id\":\"https:\\\/\\\/maestroiptv.org\\\/index.php\\\/resoudre-les-6-erreurs-de-lapplication-smart-iptv-no-channel-name-url-nr-1-connection-timeout\\\/#primaryimage\",\"url\":\"https:\\\/\\\/abonnement-iptv4u.b-cdn.net\\\/wp-content\\\/uploads\\\/2021\\\/04\\\/SMerr01-1024x576-1.jpeg\",\"contentUrl\":\"https:\\\/\\\/abonnement-iptv4u.b-cdn.net\\\/wp-content\\\/uploads\\\/2021\\\/04\\\/SMerr01-1024x576-1.jpeg\"},{\"@type\":\"BreadcrumbList\",\"@id\":\"https:\\\/\\\/maestroiptv.org\\\/index.php\\\/resoudre-les-6-erreurs-de-lapplication-smart-iptv-no-channel-name-url-nr-1-connection-timeout\\\/#breadcrumb\",\"itemListElement\":[{\"@type\":\"ListItem\",\"position\":1,\"name\":\"Home\",\"item\":\"https:\\\/\\\/maestroiptv.org\\\/\"},{\"@type\":\"ListItem\",\"position\":2,\"name\":\"R\u00e9soudre les 6 erreurs de l\u2019application Smart IPTV, No channel name, URL Nr 1 connection timeout\u2026.\"}]},{\"@type\":\"WebSite\",\"@id\":\"https:\\\/\\\/maestroiptv.org\\\/#website\",\"url\":\"https:\\\/\\\/maestroiptv.org\\\/\",\"name\":\"maestrotv\",\"description\":\"\",\"publisher\":{\"@id\":\"https:\\\/\\\/maestroiptv.org\\\/#organization\"},\"potentialAction\":[{\"@type\":\"SearchAction\",\"target\":{\"@type\":\"EntryPoint\",\"urlTemplate\":\"https:\\\/\\\/maestroiptv.org\\\/?s={search_term_string}\"},\"query-input\":{\"@type\":\"PropertyValueSpecification\",\"valueRequired\":true,\"valueName\":\"search_term_string\"}}],\"inLanguage\":\"fr-FR\"},{\"@type\":\"Organization\",\"@id\":\"https:\\\/\\\/maestroiptv.org\\\/#organization\",\"name\":\"maestrotv\",\"url\":\"https:\\\/\\\/maestroiptv.org\\\/\",\"logo\":{\"@type\":\"ImageObject\",\"inLanguage\":\"fr-FR\",\"@id\":\"https:\\\/\\\/maestroiptv.org\\\/#\\\/schema\\\/logo\\\/image\\\/\",\"url\":\"https:\\\/\\\/maestroiptv.org\\\/wp-content\\\/uploads\\\/2023\\\/07\\\/Logo.png\",\"contentUrl\":\"https:\\\/\\\/maestroiptv.org\\\/wp-content\\\/uploads\\\/2023\\\/07\\\/Logo.png\",\"width\":114,\"height\":114,\"caption\":\"maestrotv\"},\"image\":{\"@id\":\"https:\\\/\\\/maestroiptv.org\\\/#\\\/schema\\\/logo\\\/image\\\/\"}}]}<\/script>\n<!-- \/ Yoast SEO plugin. -->","yoast_head_json":{"title":"R\u00e9soudre les 6 erreurs de l\u2019application Smart IPTV, No channel name, URL Nr 1 connection timeout\u2026. - maestrotv","robots":{"index":"index","follow":"follow","max-snippet":"max-snippet:-1","max-image-preview":"max-image-preview:large","max-video-preview":"max-video-preview:-1"},"canonical":"https:\/\/maestroiptv.org\/index.php\/resoudre-les-6-erreurs-de-lapplication-smart-iptv-no-channel-name-url-nr-1-connection-timeout\/","og_locale":"fr_FR","og_type":"article","og_title":"R\u00e9soudre les 6 erreurs de l\u2019application Smart IPTV, No channel name, URL Nr 1 connection timeout\u2026. - maestrotv","og_description":"Ici, nous discuterons des erreurs qui peuvent \u00eatre rencontr\u00e9es dans l\u2019application SMART IPTV. Dieu le sait! \ud83d\ude23Smart IPTV est une vraie plaie et si tu ne sais pas lire l\u2019anglais ca va \u00eatre difficile pour toi de r\u00e9soudre tous les probl\u00e8mes. C\u2019est bien simple, quand je bossais dans l\u2019IPTV, 75% des demandes de SAV concern\u00e9s [&hellip;]","og_url":"https:\/\/maestroiptv.org\/index.php\/resoudre-les-6-erreurs-de-lapplication-smart-iptv-no-channel-name-url-nr-1-connection-timeout\/","og_site_name":"maestrotv","og_image":[{"url":"https:\/\/abonnement-iptv4u.b-cdn.net\/wp-content\/uploads\/2021\/04\/SMerr01-1024x576-1.jpeg","type":"","width":"","height":""}],"twitter_card":"summary_large_image","twitter_misc":{"Dur\u00e9e de lecture estim\u00e9e":"7 minutes"},"schema":{"@context":"https:\/\/schema.org","@graph":[{"@type":"WebPage","@id":"https:\/\/maestroiptv.org\/index.php\/resoudre-les-6-erreurs-de-lapplication-smart-iptv-no-channel-name-url-nr-1-connection-timeout\/","url":"https:\/\/maestroiptv.org\/index.php\/resoudre-les-6-erreurs-de-lapplication-smart-iptv-no-channel-name-url-nr-1-connection-timeout\/","name":"R\u00e9soudre les 6 erreurs de l\u2019application Smart IPTV, No channel name, URL Nr 1 connection timeout\u2026. - maestrotv","isPartOf":{"@id":"https:\/\/maestroiptv.org\/#website"},"primaryImageOfPage":{"@id":"https:\/\/maestroiptv.org\/index.php\/resoudre-les-6-erreurs-de-lapplication-smart-iptv-no-channel-name-url-nr-1-connection-timeout\/#primaryimage"},"image":{"@id":"https:\/\/maestroiptv.org\/index.php\/resoudre-les-6-erreurs-de-lapplication-smart-iptv-no-channel-name-url-nr-1-connection-timeout\/#primaryimage"},"thumbnailUrl":"https:\/\/abonnement-iptv4u.b-cdn.net\/wp-content\/uploads\/2021\/04\/SMerr01-1024x576-1.jpeg","datePublished":"2023-09-01T22:21:34+00:00","breadcrumb":{"@id":"https:\/\/maestroiptv.org\/index.php\/resoudre-les-6-erreurs-de-lapplication-smart-iptv-no-channel-name-url-nr-1-connection-timeout\/#breadcrumb"},"inLanguage":"fr-FR","potentialAction":[{"@type":"ReadAction","target":["https:\/\/maestroiptv.org\/index.php\/resoudre-les-6-erreurs-de-lapplication-smart-iptv-no-channel-name-url-nr-1-connection-timeout\/"]}]},{"@type":"ImageObject","inLanguage":"fr-FR","@id":"https:\/\/maestroiptv.org\/index.php\/resoudre-les-6-erreurs-de-lapplication-smart-iptv-no-channel-name-url-nr-1-connection-timeout\/#primaryimage","url":"https:\/\/abonnement-iptv4u.b-cdn.net\/wp-content\/uploads\/2021\/04\/SMerr01-1024x576-1.jpeg","contentUrl":"https:\/\/abonnement-iptv4u.b-cdn.net\/wp-content\/uploads\/2021\/04\/SMerr01-1024x576-1.jpeg"},{"@type":"BreadcrumbList","@id":"https:\/\/maestroiptv.org\/index.php\/resoudre-les-6-erreurs-de-lapplication-smart-iptv-no-channel-name-url-nr-1-connection-timeout\/#breadcrumb","itemListElement":[{"@type":"ListItem","position":1,"name":"Home","item":"https:\/\/maestroiptv.org\/"},{"@type":"ListItem","position":2,"name":"R\u00e9soudre les 6 erreurs de l\u2019application Smart IPTV, No channel name, URL Nr 1 connection timeout\u2026."}]},{"@type":"WebSite","@id":"https:\/\/maestroiptv.org\/#website","url":"https:\/\/maestroiptv.org\/","name":"maestrotv","description":"","publisher":{"@id":"https:\/\/maestroiptv.org\/#organization"},"potentialAction":[{"@type":"SearchAction","target":{"@type":"EntryPoint","urlTemplate":"https:\/\/maestroiptv.org\/?s={search_term_string}"},"query-input":{"@type":"PropertyValueSpecification","valueRequired":true,"valueName":"search_term_string"}}],"inLanguage":"fr-FR"},{"@type":"Organization","@id":"https:\/\/maestroiptv.org\/#organization","name":"maestrotv","url":"https:\/\/maestroiptv.org\/","logo":{"@type":"ImageObject","inLanguage":"fr-FR","@id":"https:\/\/maestroiptv.org\/#\/schema\/logo\/image\/","url":"https:\/\/maestroiptv.org\/wp-content\/uploads\/2023\/07\/Logo.png","contentUrl":"https:\/\/maestroiptv.org\/wp-content\/uploads\/2023\/07\/Logo.png","width":114,"height":114,"caption":"maestrotv"},"image":{"@id":"https:\/\/maestroiptv.org\/#\/schema\/logo\/image\/"}}]}},"_links":{"self":[{"href":"https:\/\/maestroiptv.org\/index.php\/wp-json\/wp\/v2\/pages\/1654","targetHints":{"allow":["GET"]}}],"collection":[{"href":"https:\/\/maestroiptv.org\/index.php\/wp-json\/wp\/v2\/pages"}],"about":[{"href":"https:\/\/maestroiptv.org\/index.php\/wp-json\/wp\/v2\/types\/page"}],"author":[{"embeddable":true,"href":"https:\/\/maestroiptv.org\/index.php\/wp-json\/wp\/v2\/users\/1"}],"replies":[{"embeddable":true,"href":"https:\/\/maestroiptv.org\/index.php\/wp-json\/wp\/v2\/comments?post=1654"}],"version-history":[{"count":1,"href":"https:\/\/maestroiptv.org\/index.php\/wp-json\/wp\/v2\/pages\/1654\/revisions"}],"predecessor-version":[{"id":1655,"href":"https:\/\/maestroiptv.org\/index.php\/wp-json\/wp\/v2\/pages\/1654\/revisions\/1655"}],"wp:attachment":[{"href":"https:\/\/maestroiptv.org\/index.php\/wp-json\/wp\/v2\/media?parent=1654"}],"curies":[{"name":"wp","href":"https:\/\/api.w.org\/{rel}","templated":true}]}}