{"id":4023,"date":"2025-04-14T14:19:19","date_gmt":"2025-04-14T12:19:19","guid":{"rendered":"https:\/\/maestroiptv.org\/?page_id=4023"},"modified":"2025-04-14T14:19:19","modified_gmt":"2025-04-14T12:19:19","slug":"comment-changer-les-serveurs-dns-sur-votre-routeur","status":"publish","type":"page","link":"https:\/\/maestroiptv.org\/index.php\/comment-changer-les-serveurs-dns-sur-votre-routeur\/","title":{"rendered":"Comment changer les serveurs DNS sur votre routeur"},"content":{"rendered":"\n<p>Si vous avez des probl\u00e8mes de connexion IPTV, votre fournisseur d\u2019acc\u00e8s Internet (FAI) peut avoir bloqu\u00e9 l\u2019acc\u00e8s \u00e0 votre service. Une solution simple consiste \u00e0 modifier les DNS pour contourner ces restrictions.<\/p>\n\n\n\n<h4 class=\"wp-block-heading\">\u2705 M\u00e9thode 1 : Changer les DNS Manuellement<\/h4>\n\n\n\n<p>Si vous avez des probl\u00e8mes de connexion IPTV, votre fournisseur d\u2019acc\u00e8s Internet (FAI) peut avoir bloqu\u00e9 l\u2019acc\u00e8s \u00e0 votre service. Une solution simple consiste \u00e0 modifier les DNS pour contourner ces restrictions.<\/p>\n\n\n\n<p>\ud83d\udccc Voici une vid\u00e9o explicatif sur YouTube :&nbsp;<a href=\"https:\/\/www.youtube.com\/watch?v=wVzcGxF-xB0\">https:\/\/www.youtube.com\/watch?v=wVzcGxF-xB0<\/a><\/p>\n\n\n\n<h6 class=\"wp-block-heading\">\ud83d\udee0 \u00c9tape 1 : Acc\u00e9der aux param\u00e8tres r\u00e9seau<\/h6>\n\n\n\n<ol class=\"wp-block-list\">\n<li>Allumez votre\u00a0<strong>bo\u00eetier Android TV<\/strong>\u00a0ou\u00a0<strong>Formuler<\/strong>.<\/li>\n\n\n\n<li>Ouvrez les\u00a0<strong>Param\u00e8tres<\/strong>\u00a0(\u2699\ufe0f) en allant dans le menu principal.<\/li>\n\n\n\n<li>S\u00e9lectionnez\u00a0<strong>R\u00e9seau et Internet<\/strong>.<\/li>\n\n\n\n<li>Choisissez votre type de connexion :\n<ul class=\"wp-block-list\">\n<li><strong>Si vous \u00eates en Wi-Fi<\/strong>, s\u00e9lectionnez votre r\u00e9seau Wi-Fi actuel.<\/li>\n\n\n\n<li><strong>Si vous utilisez un c\u00e2ble Ethernet<\/strong>, s\u00e9lectionnez votre connexion filaire.<\/li>\n<\/ul>\n<\/li>\n<\/ol>\n\n\n\n<figure class=\"wp-block-image\"><img decoding=\"async\" src=\"https:\/\/ott-premium.com\/fr\/wp-content\/uploads\/sites\/2\/2025\/03\/Android-TV-Box-Smart-DNS-Setup-Tutorial-1-300x138.jpg\" alt=\"\"\/><\/figure>\n\n\n\n<figure class=\"wp-block-image\"><img decoding=\"async\" src=\"https:\/\/ott-premium.com\/fr\/wp-content\/uploads\/sites\/2\/2025\/03\/Android-TV-Box-Smart-DNS-Setup-Tutorial-2-300x94.png\" alt=\"\"\/><\/figure>\n\n\n\n<figure class=\"wp-block-image\"><img decoding=\"async\" src=\"https:\/\/ott-premium.com\/fr\/wp-content\/uploads\/sites\/2\/2025\/03\/Android-TV-Box-Smart-DNS-Setup-Tutorial-3-300x113.png\" alt=\"\"\/><\/figure>\n\n\n\n<h6 class=\"wp-block-heading\">\ud83d\udee0 \u00c9tape 2 : Modifier les param\u00e8tres IP et DNS<\/h6>\n\n\n\n<ol class=\"wp-block-list\">\n<li>Une fois votre r\u00e9seau s\u00e9lectionn\u00e9, cliquez sur\u00a0<strong>Avanc\u00e9<\/strong>.<\/li>\n\n\n\n<li>Allez dans\u00a0<strong>Modifier les param\u00e8tres IP<\/strong>\u00a0et s\u00e9lectionnez\u00a0<strong>Statique<\/strong>.<\/li>\n\n\n\n<li>Dans le champ\u00a0<strong>Adresse IP<\/strong>, conservez votre adresse actuelle (elle doit \u00eatre identique \u00e0 celle affich\u00e9e par d\u00e9faut).<\/li>\n\n\n\n<li>Dans le champ\u00a0<strong>Passerelle<\/strong>, conservez la valeur affich\u00e9e par d\u00e9faut.<\/li>\n\n\n\n<li><strong>Modifier les DNS :<\/strong>\n<ul class=\"wp-block-list\">\n<li><strong>DNS Primaire :<\/strong>\u00a0<code>8.8.8.8<\/code>\u00a0(Google) ou\u00a0<code>1.1.1.1<\/code>\u00a0(Cloudflare)<\/li>\n\n\n\n<li><strong>DNS Secondaire :<\/strong>\u00a0<code>8.8.4.4<\/code>\u00a0(Google) ou\u00a0<code>1.0.0.1<\/code>\u00a0(Cloudflare)<\/li>\n<\/ul>\n<\/li>\n\n\n\n<li>Cliquez sur\u00a0<strong>Enregistrer<\/strong>\u00a0ou\u00a0<strong>OK<\/strong>.<\/li>\n<\/ol>\n\n\n\n<figure class=\"wp-block-image\"><img decoding=\"async\" src=\"https:\/\/ott-premium.com\/fr\/wp-content\/uploads\/sites\/2\/2025\/03\/Android-TV-Box-Smart-DNS-Setup-Tutorial-4-1-300x86.png\" alt=\"\"\/><\/figure>\n\n\n\n<figure class=\"wp-block-image\"><img decoding=\"async\" src=\"https:\/\/ott-premium.com\/fr\/wp-content\/uploads\/sites\/2\/2025\/03\/Android-TV-Box-Smart-DNS-Setup-Tutorial-5-300x70.png\" alt=\"\"\/><\/figure>\n\n\n\n<figure class=\"wp-block-image\"><img decoding=\"async\" src=\"https:\/\/ott-premium.com\/fr\/wp-content\/uploads\/sites\/2\/2025\/03\/Android-TV-Box-Smart-DNS-Setup-Tutorial-6-300x50.png\" alt=\"\"\/><\/figure>\n\n\n\n<h6 class=\"wp-block-heading\">\ud83d\udd04 \u00c9tape 3 : Red\u00e9marrer le Bo\u00eetier<\/h6>\n\n\n\n<ol class=\"wp-block-list\">\n<li>\u00c9teignez votre bo\u00eetier Android TV \/ Formuler.<\/li>\n\n\n\n<li>D\u00e9branchez l\u2019alimentation pendant\u00a0<strong>10 secondes<\/strong>.<\/li>\n\n\n\n<li>Rebranchez et rallumez votre appareil.<\/li>\n\n\n\n<li>Testez votre IPTV ! \ud83c\udf89<\/li>\n<\/ol>\n\n\n\n<h4 class=\"wp-block-heading\">\u2705 M\u00e9thode 2 : Utiliser une Application Automatique (Lilly DNS Changer, DNS Play ou autres &#8230;.)<\/h4>\n\n\n\n<p>Si vous ne souhaitez pas configurer les DNS manuellement, vous pouvez utiliser l\u2019application&nbsp;<strong>Lilly DNS Changer<\/strong><\/p>\n\n\n\n<h6 class=\"wp-block-heading\">\ud83d\udee0 \u00c9tape 1 : Installer l\u2019Application<\/h6>\n\n\n\n<ol class=\"wp-block-list\">\n<li>Ouvrez le\u00a0<strong>Google Play Store<\/strong>\u00a0sur votre bo\u00eetier Android TV.<\/li>\n\n\n\n<li>Recherchez\u00a0<strong>Lilly DNS Changer<\/strong>.<\/li>\n\n\n\n<li>Cliquez sur\u00a0<strong>Installer<\/strong>\u00a0et attendez la fin de l\u2019installation.<\/li>\n<\/ol>\n\n\n\n<h6 class=\"wp-block-heading\">\ud83d\udee0 \u00c9tape 2 : Configurer les DNS<\/h6>\n\n\n\n<ol class=\"wp-block-list\">\n<li>Ouvrez\u00a0<strong>Lilly DNS Changer<\/strong>.<\/li>\n\n\n\n<li>S\u00e9lectionnez un serveur DNS :\n<ul class=\"wp-block-list\">\n<li><strong>Google DNS (8.8.8.8 \/ 8.8.4.4)<\/strong><\/li>\n\n\n\n<li><strong>Cloudflare DNS (1.1.1.1 \/ 1.0.0.1)<\/strong><\/li>\n<\/ul>\n<\/li>\n\n\n\n<li>Cliquez sur\u00a0<strong>Activer<\/strong>\u00a0ou\u00a0<strong>Appliquer<\/strong>.<\/li>\n\n\n\n<li>Votre bo\u00eetier utilise maintenant les nouveaux DNS ! \u2705<\/li>\n<\/ol>\n","protected":false},"excerpt":{"rendered":"<p>Si vous avez des probl\u00e8mes de connexion IPTV, votre fournisseur d\u2019acc\u00e8s Internet (FAI) peut avoir bloqu\u00e9 l\u2019acc\u00e8s \u00e0 votre service. Une solution simple consiste \u00e0 modifier les DNS pour contourner ces restrictions. \u2705 M\u00e9thode 1 : Changer les DNS Manuellement Si vous avez des probl\u00e8mes de connexion IPTV, votre fournisseur d\u2019acc\u00e8s Internet (FAI) peut avoir [&hellip;]<\/p>\n","protected":false},"author":1,"featured_media":0,"parent":0,"menu_order":0,"comment_status":"closed","ping_status":"closed","template":"","meta":{"footnotes":""},"class_list":["post-4023","page","type-page","status-publish","hentry"],"blocksy_meta":[],"yoast_head":"<!-- This site is optimized with the Yoast SEO plugin v27.3 - https:\/\/yoast.com\/product\/yoast-seo-wordpress\/ -->\n<title>Comment changer les serveurs DNS sur votre routeur - maestrotv<\/title>\n<meta name=\"robots\" content=\"index, follow, max-snippet:-1, max-image-preview:large, max-video-preview:-1\" \/>\n<link rel=\"canonical\" href=\"https:\/\/maestroiptv.org\/index.php\/comment-changer-les-serveurs-dns-sur-votre-routeur\/\" \/>\n<meta property=\"og:locale\" content=\"fr_FR\" \/>\n<meta property=\"og:type\" content=\"article\" \/>\n<meta property=\"og:title\" content=\"Comment changer les serveurs DNS sur votre routeur - maestrotv\" \/>\n<meta property=\"og:description\" content=\"Si vous avez des probl\u00e8mes de connexion IPTV, votre fournisseur d\u2019acc\u00e8s Internet (FAI) peut avoir bloqu\u00e9 l\u2019acc\u00e8s \u00e0 votre service. Une solution simple consiste \u00e0 modifier les DNS pour contourner ces restrictions. \u2705 M\u00e9thode 1 : Changer les DNS Manuellement Si vous avez des probl\u00e8mes de connexion IPTV, votre fournisseur d\u2019acc\u00e8s Internet (FAI) peut avoir [&hellip;]\" \/>\n<meta property=\"og:url\" content=\"https:\/\/maestroiptv.org\/index.php\/comment-changer-les-serveurs-dns-sur-votre-routeur\/\" \/>\n<meta property=\"og:site_name\" content=\"maestrotv\" \/>\n<meta property=\"og:image\" content=\"https:\/\/ott-premium.com\/fr\/wp-content\/uploads\/sites\/2\/2025\/03\/Android-TV-Box-Smart-DNS-Setup-Tutorial-1-300x138.jpg\" \/>\n<meta name=\"twitter:card\" content=\"summary_large_image\" \/>\n<meta name=\"twitter:label1\" content=\"Dur\u00e9e de lecture estim\u00e9e\" \/>\n\t<meta name=\"twitter:data1\" content=\"3 minutes\" \/>\n<script type=\"application\/ld+json\" class=\"yoast-schema-graph\">{\"@context\":\"https:\\\/\\\/schema.org\",\"@graph\":[{\"@type\":\"WebPage\",\"@id\":\"https:\\\/\\\/maestroiptv.org\\\/index.php\\\/comment-changer-les-serveurs-dns-sur-votre-routeur\\\/\",\"url\":\"https:\\\/\\\/maestroiptv.org\\\/index.php\\\/comment-changer-les-serveurs-dns-sur-votre-routeur\\\/\",\"name\":\"Comment changer les serveurs DNS sur votre routeur - maestrotv\",\"isPartOf\":{\"@id\":\"https:\\\/\\\/maestroiptv.org\\\/#website\"},\"primaryImageOfPage\":{\"@id\":\"https:\\\/\\\/maestroiptv.org\\\/index.php\\\/comment-changer-les-serveurs-dns-sur-votre-routeur\\\/#primaryimage\"},\"image\":{\"@id\":\"https:\\\/\\\/maestroiptv.org\\\/index.php\\\/comment-changer-les-serveurs-dns-sur-votre-routeur\\\/#primaryimage\"},\"thumbnailUrl\":\"https:\\\/\\\/ott-premium.com\\\/fr\\\/wp-content\\\/uploads\\\/sites\\\/2\\\/2025\\\/03\\\/Android-TV-Box-Smart-DNS-Setup-Tutorial-1-300x138.jpg\",\"datePublished\":\"2025-04-14T12:19:19+00:00\",\"breadcrumb\":{\"@id\":\"https:\\\/\\\/maestroiptv.org\\\/index.php\\\/comment-changer-les-serveurs-dns-sur-votre-routeur\\\/#breadcrumb\"},\"inLanguage\":\"fr-FR\",\"potentialAction\":[{\"@type\":\"ReadAction\",\"target\":[\"https:\\\/\\\/maestroiptv.org\\\/index.php\\\/comment-changer-les-serveurs-dns-sur-votre-routeur\\\/\"]}]},{\"@type\":\"ImageObject\",\"inLanguage\":\"fr-FR\",\"@id\":\"https:\\\/\\\/maestroiptv.org\\\/index.php\\\/comment-changer-les-serveurs-dns-sur-votre-routeur\\\/#primaryimage\",\"url\":\"https:\\\/\\\/ott-premium.com\\\/fr\\\/wp-content\\\/uploads\\\/sites\\\/2\\\/2025\\\/03\\\/Android-TV-Box-Smart-DNS-Setup-Tutorial-1-300x138.jpg\",\"contentUrl\":\"https:\\\/\\\/ott-premium.com\\\/fr\\\/wp-content\\\/uploads\\\/sites\\\/2\\\/2025\\\/03\\\/Android-TV-Box-Smart-DNS-Setup-Tutorial-1-300x138.jpg\"},{\"@type\":\"BreadcrumbList\",\"@id\":\"https:\\\/\\\/maestroiptv.org\\\/index.php\\\/comment-changer-les-serveurs-dns-sur-votre-routeur\\\/#breadcrumb\",\"itemListElement\":[{\"@type\":\"ListItem\",\"position\":1,\"name\":\"Home\",\"item\":\"https:\\\/\\\/maestroiptv.org\\\/\"},{\"@type\":\"ListItem\",\"position\":2,\"name\":\"Comment changer les serveurs DNS sur votre routeur\"}]},{\"@type\":\"WebSite\",\"@id\":\"https:\\\/\\\/maestroiptv.org\\\/#website\",\"url\":\"https:\\\/\\\/maestroiptv.org\\\/\",\"name\":\"maestrotv\",\"description\":\"\",\"publisher\":{\"@id\":\"https:\\\/\\\/maestroiptv.org\\\/#organization\"},\"potentialAction\":[{\"@type\":\"SearchAction\",\"target\":{\"@type\":\"EntryPoint\",\"urlTemplate\":\"https:\\\/\\\/maestroiptv.org\\\/?s={search_term_string}\"},\"query-input\":{\"@type\":\"PropertyValueSpecification\",\"valueRequired\":true,\"valueName\":\"search_term_string\"}}],\"inLanguage\":\"fr-FR\"},{\"@type\":\"Organization\",\"@id\":\"https:\\\/\\\/maestroiptv.org\\\/#organization\",\"name\":\"maestrotv\",\"url\":\"https:\\\/\\\/maestroiptv.org\\\/\",\"logo\":{\"@type\":\"ImageObject\",\"inLanguage\":\"fr-FR\",\"@id\":\"https:\\\/\\\/maestroiptv.org\\\/#\\\/schema\\\/logo\\\/image\\\/\",\"url\":\"https:\\\/\\\/maestroiptv.org\\\/wp-content\\\/uploads\\\/2023\\\/07\\\/Logo.png\",\"contentUrl\":\"https:\\\/\\\/maestroiptv.org\\\/wp-content\\\/uploads\\\/2023\\\/07\\\/Logo.png\",\"width\":114,\"height\":114,\"caption\":\"maestrotv\"},\"image\":{\"@id\":\"https:\\\/\\\/maestroiptv.org\\\/#\\\/schema\\\/logo\\\/image\\\/\"}}]}<\/script>\n<!-- \/ Yoast SEO plugin. -->","yoast_head_json":{"title":"Comment changer les serveurs DNS sur votre routeur - maestrotv","robots":{"index":"index","follow":"follow","max-snippet":"max-snippet:-1","max-image-preview":"max-image-preview:large","max-video-preview":"max-video-preview:-1"},"canonical":"https:\/\/maestroiptv.org\/index.php\/comment-changer-les-serveurs-dns-sur-votre-routeur\/","og_locale":"fr_FR","og_type":"article","og_title":"Comment changer les serveurs DNS sur votre routeur - maestrotv","og_description":"Si vous avez des probl\u00e8mes de connexion IPTV, votre fournisseur d\u2019acc\u00e8s Internet (FAI) peut avoir bloqu\u00e9 l\u2019acc\u00e8s \u00e0 votre service. Une solution simple consiste \u00e0 modifier les DNS pour contourner ces restrictions. \u2705 M\u00e9thode 1 : Changer les DNS Manuellement Si vous avez des probl\u00e8mes de connexion IPTV, votre fournisseur d\u2019acc\u00e8s Internet (FAI) peut avoir [&hellip;]","og_url":"https:\/\/maestroiptv.org\/index.php\/comment-changer-les-serveurs-dns-sur-votre-routeur\/","og_site_name":"maestrotv","og_image":[{"url":"https:\/\/ott-premium.com\/fr\/wp-content\/uploads\/sites\/2\/2025\/03\/Android-TV-Box-Smart-DNS-Setup-Tutorial-1-300x138.jpg","type":"","width":"","height":""}],"twitter_card":"summary_large_image","twitter_misc":{"Dur\u00e9e de lecture estim\u00e9e":"3 minutes"},"schema":{"@context":"https:\/\/schema.org","@graph":[{"@type":"WebPage","@id":"https:\/\/maestroiptv.org\/index.php\/comment-changer-les-serveurs-dns-sur-votre-routeur\/","url":"https:\/\/maestroiptv.org\/index.php\/comment-changer-les-serveurs-dns-sur-votre-routeur\/","name":"Comment changer les serveurs DNS sur votre routeur - maestrotv","isPartOf":{"@id":"https:\/\/maestroiptv.org\/#website"},"primaryImageOfPage":{"@id":"https:\/\/maestroiptv.org\/index.php\/comment-changer-les-serveurs-dns-sur-votre-routeur\/#primaryimage"},"image":{"@id":"https:\/\/maestroiptv.org\/index.php\/comment-changer-les-serveurs-dns-sur-votre-routeur\/#primaryimage"},"thumbnailUrl":"https:\/\/ott-premium.com\/fr\/wp-content\/uploads\/sites\/2\/2025\/03\/Android-TV-Box-Smart-DNS-Setup-Tutorial-1-300x138.jpg","datePublished":"2025-04-14T12:19:19+00:00","breadcrumb":{"@id":"https:\/\/maestroiptv.org\/index.php\/comment-changer-les-serveurs-dns-sur-votre-routeur\/#breadcrumb"},"inLanguage":"fr-FR","potentialAction":[{"@type":"ReadAction","target":["https:\/\/maestroiptv.org\/index.php\/comment-changer-les-serveurs-dns-sur-votre-routeur\/"]}]},{"@type":"ImageObject","inLanguage":"fr-FR","@id":"https:\/\/maestroiptv.org\/index.php\/comment-changer-les-serveurs-dns-sur-votre-routeur\/#primaryimage","url":"https:\/\/ott-premium.com\/fr\/wp-content\/uploads\/sites\/2\/2025\/03\/Android-TV-Box-Smart-DNS-Setup-Tutorial-1-300x138.jpg","contentUrl":"https:\/\/ott-premium.com\/fr\/wp-content\/uploads\/sites\/2\/2025\/03\/Android-TV-Box-Smart-DNS-Setup-Tutorial-1-300x138.jpg"},{"@type":"BreadcrumbList","@id":"https:\/\/maestroiptv.org\/index.php\/comment-changer-les-serveurs-dns-sur-votre-routeur\/#breadcrumb","itemListElement":[{"@type":"ListItem","position":1,"name":"Home","item":"https:\/\/maestroiptv.org\/"},{"@type":"ListItem","position":2,"name":"Comment changer les serveurs DNS sur votre routeur"}]},{"@type":"WebSite","@id":"https:\/\/maestroiptv.org\/#website","url":"https:\/\/maestroiptv.org\/","name":"maestrotv","description":"","publisher":{"@id":"https:\/\/maestroiptv.org\/#organization"},"potentialAction":[{"@type":"SearchAction","target":{"@type":"EntryPoint","urlTemplate":"https:\/\/maestroiptv.org\/?s={search_term_string}"},"query-input":{"@type":"PropertyValueSpecification","valueRequired":true,"valueName":"search_term_string"}}],"inLanguage":"fr-FR"},{"@type":"Organization","@id":"https:\/\/maestroiptv.org\/#organization","name":"maestrotv","url":"https:\/\/maestroiptv.org\/","logo":{"@type":"ImageObject","inLanguage":"fr-FR","@id":"https:\/\/maestroiptv.org\/#\/schema\/logo\/image\/","url":"https:\/\/maestroiptv.org\/wp-content\/uploads\/2023\/07\/Logo.png","contentUrl":"https:\/\/maestroiptv.org\/wp-content\/uploads\/2023\/07\/Logo.png","width":114,"height":114,"caption":"maestrotv"},"image":{"@id":"https:\/\/maestroiptv.org\/#\/schema\/logo\/image\/"}}]}},"_links":{"self":[{"href":"https:\/\/maestroiptv.org\/index.php\/wp-json\/wp\/v2\/pages\/4023","targetHints":{"allow":["GET"]}}],"collection":[{"href":"https:\/\/maestroiptv.org\/index.php\/wp-json\/wp\/v2\/pages"}],"about":[{"href":"https:\/\/maestroiptv.org\/index.php\/wp-json\/wp\/v2\/types\/page"}],"author":[{"embeddable":true,"href":"https:\/\/maestroiptv.org\/index.php\/wp-json\/wp\/v2\/users\/1"}],"replies":[{"embeddable":true,"href":"https:\/\/maestroiptv.org\/index.php\/wp-json\/wp\/v2\/comments?post=4023"}],"version-history":[{"count":1,"href":"https:\/\/maestroiptv.org\/index.php\/wp-json\/wp\/v2\/pages\/4023\/revisions"}],"predecessor-version":[{"id":4024,"href":"https:\/\/maestroiptv.org\/index.php\/wp-json\/wp\/v2\/pages\/4023\/revisions\/4024"}],"wp:attachment":[{"href":"https:\/\/maestroiptv.org\/index.php\/wp-json\/wp\/v2\/media?parent=4023"}],"curies":[{"name":"wp","href":"https:\/\/api.w.org\/{rel}","templated":true}]}}